{"id":10275,"date":"2021-04-30T00:00:00","date_gmt":"2021-04-29T23:00:00","guid":{"rendered":"http:\/\/bm.baier-michels.local\/branchen\/haushalts-und-gartengeraete\/waschmaschinen-trockner\/"},"modified":"2024-10-16T08:43:08","modified_gmt":"2024-10-16T07:43:08","slug":"waschmaschinen-trockner","status":"publish","type":"page","link":"https:\/\/www.baier-michels.com\/de\/branchen\/haushalts-und-gartengeraete\/waschmaschinen-trockner\/","title":{"rendered":"Waschmaschinen und Trockner"},"content":{"rendered":"<p>T\u00e4glich sammelt sich in einem Haushalt schmutzige W\u00e4sche an. Dank moderner Waschmaschinen ist das kein Problem mehr. Durch die Kombination mit einem Trockner l\u00e4sst die W\u00e4sche sich auch ohne gro\u00dfen Aufwand schnell erledigen. <\/p>\n<p>Gerade im Innenleben der Ger\u00e4te kommt eine Vielzahl unterschiedlichster Schrauben zum Einsatz. Entscheidend ist dabei, dass die Verbindungselemente nicht nur den vor Jahren definierten Normen entsprechen. Sie sollten auch den gestiegenen Anforderungen gen\u00fcgen, die technologische Verbesserungen und Neuheiten mit sich bringen. Nur so gelingt es, Waschmaschinen und Trockner von morgen sp\u00fcrbar effizienter und leistungsst\u00e4rker zu machen &#8211; sei es im privaten oder gewerblichen Gebrauch.<\/p>\n<p>Sie suchen nach einer innovativen Verbindungsl\u00f6sung f\u00fcr Ihre Applikation?<br \/>\nWir haben das passende Verbindungselement f\u00fcr Sie.<\/p>\n","protected":false},"excerpt":{"rendered":"<p>T\u00e4glich sammelt sich in einem Haushalt schmutzige W\u00e4sche an. Dank moderner Waschmaschinen ist das kein Problem mehr. Durch die Kombination mit einem Trockner l\u00e4sst die W\u00e4sche sich auch ohne gro\u00dfen Aufwand schnell erledigen. Gerade im Innenleben der Ger\u00e4te kommt eine Vielzahl unterschiedlichster Schrauben zum Einsatz. Entscheidend ist dabei, dass die Verbindungselemente nicht nur den vor [&hellip;]<\/p>\n","protected":false},"author":1,"featured_media":0,"parent":9767,"menu_order":3,"comment_status":"closed","ping_status":"closed","template":"template_page_e3.php","meta":{"_acf_changed":false,"footnotes":""},"categories":[121,120],"class_list":["post-10275","page","type-page","status-publish","hentry","category-direktverschraubung-in-kunststoffe","category-direktverschraubung-in-metalle"],"acf":[],"yoast_head":"<!-- This site is optimized with the Yoast SEO plugin v27.3 - https:\/\/yoast.com\/product\/yoast-seo-wordpress\/ -->\n<title>Waschmaschinen und Trockner - b&amp;m Homepage<\/title>\n<meta name=\"robots\" content=\"index, follow, max-snippet:-1, max-image-preview:large, max-video-preview:-1\" \/>\n<link rel=\"canonical\" href=\"https:\/\/www.baier-michels.com\/de\/branchen\/haushalts-und-gartengeraete\/waschmaschinen-trockner\/\" \/>\n<meta property=\"og:locale\" content=\"de_DE\" \/>\n<meta property=\"og:type\" content=\"article\" \/>\n<meta property=\"og:title\" content=\"Waschmaschinen und Trockner - b&amp;m Homepage\" \/>\n<meta property=\"og:description\" content=\"T\u00e4glich sammelt sich in einem Haushalt schmutzige W\u00e4sche an. Dank moderner Waschmaschinen ist das kein Problem mehr. Durch die Kombination mit einem Trockner l\u00e4sst die W\u00e4sche sich auch ohne gro\u00dfen Aufwand schnell erledigen. Gerade im Innenleben der Ger\u00e4te kommt eine Vielzahl unterschiedlichster Schrauben zum Einsatz. Entscheidend ist dabei, dass die Verbindungselemente nicht nur den vor [&hellip;]\" \/>\n<meta property=\"og:url\" content=\"https:\/\/www.baier-michels.com\/de\/branchen\/haushalts-und-gartengeraete\/waschmaschinen-trockner\/\" \/>\n<meta property=\"og:site_name\" content=\"b&amp;m Homepage\" \/>\n<meta property=\"article:modified_time\" content=\"2024-10-16T07:43:08+00:00\" \/>\n<meta name=\"twitter:card\" content=\"summary_large_image\" \/>\n<meta name=\"twitter:label1\" content=\"Gesch\u00e4tzte Lesezeit\" \/>\n\t<meta name=\"twitter:data1\" content=\"1\u00a0Minute\" \/>\n<script type=\"application\/ld+json\" class=\"yoast-schema-graph\">{\"@context\":\"https:\\\/\\\/schema.org\",\"@graph\":[{\"@type\":\"WebPage\",\"@id\":\"https:\\\/\\\/www.baier-michels.com\\\/de\\\/branchen\\\/haushalts-und-gartengeraete\\\/waschmaschinen-trockner\\\/\",\"url\":\"https:\\\/\\\/www.baier-michels.com\\\/de\\\/branchen\\\/haushalts-und-gartengeraete\\\/waschmaschinen-trockner\\\/\",\"name\":\"Waschmaschinen und Trockner - b&amp;m Homepage\",\"isPartOf\":{\"@id\":\"https:\\\/\\\/www.baier-michels.com\\\/de\\\/#website\"},\"datePublished\":\"2021-04-29T23:00:00+00:00\",\"dateModified\":\"2024-10-16T07:43:08+00:00\",\"breadcrumb\":{\"@id\":\"https:\\\/\\\/www.baier-michels.com\\\/de\\\/branchen\\\/haushalts-und-gartengeraete\\\/waschmaschinen-trockner\\\/#breadcrumb\"},\"inLanguage\":\"de\",\"potentialAction\":[{\"@type\":\"ReadAction\",\"target\":[\"https:\\\/\\\/www.baier-michels.com\\\/de\\\/branchen\\\/haushalts-und-gartengeraete\\\/waschmaschinen-trockner\\\/\"]}]},{\"@type\":\"BreadcrumbList\",\"@id\":\"https:\\\/\\\/www.baier-michels.com\\\/de\\\/branchen\\\/haushalts-und-gartengeraete\\\/waschmaschinen-trockner\\\/#breadcrumb\",\"itemListElement\":[{\"@type\":\"ListItem\",\"position\":1,\"name\":\"Startseite\",\"item\":\"https:\\\/\\\/www.baier-michels.com\\\/de\\\/\"},{\"@type\":\"ListItem\",\"position\":2,\"name\":\"Branchen\",\"item\":\"https:\\\/\\\/www.baier-michels.com\\\/de\\\/branchen\\\/\"},{\"@type\":\"ListItem\",\"position\":3,\"name\":\"Haushalts- und Gartenger\u00e4te\",\"item\":\"https:\\\/\\\/www.baier-michels.com\\\/de\\\/market-sectors\\\/household-and-garden-appliances\\\/\"},{\"@type\":\"ListItem\",\"position\":4,\"name\":\"Waschmaschinen und Trockner\"}]},{\"@type\":\"WebSite\",\"@id\":\"https:\\\/\\\/www.baier-michels.com\\\/de\\\/#website\",\"url\":\"https:\\\/\\\/www.baier-michels.com\\\/de\\\/\",\"name\":\"b&m\",\"description\":\"baier&amp;michels Gmbh &amp; Co KG\",\"publisher\":{\"@id\":\"https:\\\/\\\/www.baier-michels.com\\\/de\\\/#organization\"},\"potentialAction\":[{\"@type\":\"SearchAction\",\"target\":{\"@type\":\"EntryPoint\",\"urlTemplate\":\"https:\\\/\\\/www.baier-michels.com\\\/de\\\/?s={search_term_string}\"},\"query-input\":{\"@type\":\"PropertyValueSpecification\",\"valueRequired\":true,\"valueName\":\"search_term_string\"}}],\"inLanguage\":\"de\"},{\"@type\":\"Organization\",\"@id\":\"https:\\\/\\\/www.baier-michels.com\\\/de\\\/#organization\",\"name\":\"baier & michels GmbH & Co KG\",\"url\":\"https:\\\/\\\/www.baier-michels.com\\\/de\\\/\",\"logo\":{\"@type\":\"ImageObject\",\"inLanguage\":\"de\",\"@id\":\"https:\\\/\\\/www.baier-michels.com\\\/de\\\/#\\\/schema\\\/logo\\\/image\\\/\",\"url\":\"\",\"contentUrl\":\"\",\"caption\":\"baier & michels GmbH & Co KG\"},\"image\":{\"@id\":\"https:\\\/\\\/www.baier-michels.com\\\/de\\\/#\\\/schema\\\/logo\\\/image\\\/\"},\"sameAs\":[\"https:\\\/\\\/www.linkedin.com\\\/company\\\/baier-michels\\\/?viewAsMember=true\",\"https:\\\/\\\/www.youtube.com\\\/channel\\\/UCdBWm_HCAtCjxiFZWloFYGw?view_as=subscriber\"]}]}<\/script>\n<!-- \/ Yoast SEO plugin. -->","yoast_head_json":{"title":"Waschmaschinen und Trockner - b&amp;m Homepage","robots":{"index":"index","follow":"follow","max-snippet":"max-snippet:-1","max-image-preview":"max-image-preview:large","max-video-preview":"max-video-preview:-1"},"canonical":"https:\/\/www.baier-michels.com\/de\/branchen\/haushalts-und-gartengeraete\/waschmaschinen-trockner\/","og_locale":"de_DE","og_type":"article","og_title":"Waschmaschinen und Trockner - b&amp;m Homepage","og_description":"T\u00e4glich sammelt sich in einem Haushalt schmutzige W\u00e4sche an. Dank moderner Waschmaschinen ist das kein Problem mehr. Durch die Kombination mit einem Trockner l\u00e4sst die W\u00e4sche sich auch ohne gro\u00dfen Aufwand schnell erledigen. Gerade im Innenleben der Ger\u00e4te kommt eine Vielzahl unterschiedlichster Schrauben zum Einsatz. Entscheidend ist dabei, dass die Verbindungselemente nicht nur den vor [&hellip;]","og_url":"https:\/\/www.baier-michels.com\/de\/branchen\/haushalts-und-gartengeraete\/waschmaschinen-trockner\/","og_site_name":"b&amp;m Homepage","article_modified_time":"2024-10-16T07:43:08+00:00","twitter_card":"summary_large_image","twitter_misc":{"Gesch\u00e4tzte Lesezeit":"1\u00a0Minute"},"schema":{"@context":"https:\/\/schema.org","@graph":[{"@type":"WebPage","@id":"https:\/\/www.baier-michels.com\/de\/branchen\/haushalts-und-gartengeraete\/waschmaschinen-trockner\/","url":"https:\/\/www.baier-michels.com\/de\/branchen\/haushalts-und-gartengeraete\/waschmaschinen-trockner\/","name":"Waschmaschinen und Trockner - b&amp;m Homepage","isPartOf":{"@id":"https:\/\/www.baier-michels.com\/de\/#website"},"datePublished":"2021-04-29T23:00:00+00:00","dateModified":"2024-10-16T07:43:08+00:00","breadcrumb":{"@id":"https:\/\/www.baier-michels.com\/de\/branchen\/haushalts-und-gartengeraete\/waschmaschinen-trockner\/#breadcrumb"},"inLanguage":"de","potentialAction":[{"@type":"ReadAction","target":["https:\/\/www.baier-michels.com\/de\/branchen\/haushalts-und-gartengeraete\/waschmaschinen-trockner\/"]}]},{"@type":"BreadcrumbList","@id":"https:\/\/www.baier-michels.com\/de\/branchen\/haushalts-und-gartengeraete\/waschmaschinen-trockner\/#breadcrumb","itemListElement":[{"@type":"ListItem","position":1,"name":"Startseite","item":"https:\/\/www.baier-michels.com\/de\/"},{"@type":"ListItem","position":2,"name":"Branchen","item":"https:\/\/www.baier-michels.com\/de\/branchen\/"},{"@type":"ListItem","position":3,"name":"Haushalts- und Gartenger\u00e4te","item":"https:\/\/www.baier-michels.com\/de\/market-sectors\/household-and-garden-appliances\/"},{"@type":"ListItem","position":4,"name":"Waschmaschinen und Trockner"}]},{"@type":"WebSite","@id":"https:\/\/www.baier-michels.com\/de\/#website","url":"https:\/\/www.baier-michels.com\/de\/","name":"b&m","description":"baier&amp;michels Gmbh &amp; Co KG","publisher":{"@id":"https:\/\/www.baier-michels.com\/de\/#organization"},"potentialAction":[{"@type":"SearchAction","target":{"@type":"EntryPoint","urlTemplate":"https:\/\/www.baier-michels.com\/de\/?s={search_term_string}"},"query-input":{"@type":"PropertyValueSpecification","valueRequired":true,"valueName":"search_term_string"}}],"inLanguage":"de"},{"@type":"Organization","@id":"https:\/\/www.baier-michels.com\/de\/#organization","name":"baier & michels GmbH & Co KG","url":"https:\/\/www.baier-michels.com\/de\/","logo":{"@type":"ImageObject","inLanguage":"de","@id":"https:\/\/www.baier-michels.com\/de\/#\/schema\/logo\/image\/","url":"","contentUrl":"","caption":"baier & michels GmbH & Co KG"},"image":{"@id":"https:\/\/www.baier-michels.com\/de\/#\/schema\/logo\/image\/"},"sameAs":["https:\/\/www.linkedin.com\/company\/baier-michels\/?viewAsMember=true","https:\/\/www.youtube.com\/channel\/UCdBWm_HCAtCjxiFZWloFYGw?view_as=subscriber"]}]}},"_links":{"self":[{"href":"https:\/\/www.baier-michels.com\/de\/wp-json\/wp\/v2\/pages\/10275","targetHints":{"allow":["GET"]}}],"collection":[{"href":"https:\/\/www.baier-michels.com\/de\/wp-json\/wp\/v2\/pages"}],"about":[{"href":"https:\/\/www.baier-michels.com\/de\/wp-json\/wp\/v2\/types\/page"}],"author":[{"embeddable":true,"href":"https:\/\/www.baier-michels.com\/de\/wp-json\/wp\/v2\/users\/1"}],"replies":[{"embeddable":true,"href":"https:\/\/www.baier-michels.com\/de\/wp-json\/wp\/v2\/comments?post=10275"}],"version-history":[{"count":0,"href":"https:\/\/www.baier-michels.com\/de\/wp-json\/wp\/v2\/pages\/10275\/revisions"}],"up":[{"embeddable":true,"href":"https:\/\/www.baier-michels.com\/de\/wp-json\/wp\/v2\/pages\/9767"}],"wp:attachment":[{"href":"https:\/\/www.baier-michels.com\/de\/wp-json\/wp\/v2\/media?parent=10275"}],"wp:term":[{"taxonomy":"category","embeddable":true,"href":"https:\/\/www.baier-michels.com\/de\/wp-json\/wp\/v2\/categories?post=10275"}],"curies":[{"name":"wp","href":"https:\/\/api.w.org\/{rel}","templated":true}]}}