{"id":10319,"date":"2023-07-25T00:00:00","date_gmt":"2023-07-24T23:00:00","guid":{"rendered":"http:\/\/bm.baier-michels.local\/teilnahmebedingungen\/"},"modified":"2024-11-18T16:09:16","modified_gmt":"2024-11-18T15:09:16","slug":"teilnahmebedingungen","status":"publish","type":"page","link":"https:\/\/www.baier-michels.com\/de\/teilnahmebedingungen\/","title":{"rendered":"Teilnahmebedingungen"},"content":{"rendered":"<p>1. VERANSTALTER<br \/>\n\u201eb&amp;m Adventskalender\u201c ist eine Aktion der baier &amp; michels GmbH. &amp; Co. KG (nachfolgend b&amp;m genannt).<\/p>\n<p>2. TEILNAHMEBERECHTIGUNG<\/p>\n<p>Teilnahmeberechtigt sind nat\u00fcrliche Personen, die Ihren Wohnsitz in Deutschland und das 18. Lebensjahr vollendet haben. Die Teilnahme ist nicht auf Kunden von b&amp;m beschr\u00e4nkt und nicht vom Erwerb einer Ware oder Dienstleistung abh\u00e4ngig.<\/p>\n<p>Nicht teilnahmeberechtigt am Gewinnspiel sind alle an der Konzeption und Umsetzung des Gewinnspiels beteiligte Personen und Mitarbeiter des Veranstalters sowie ihre Familienmitglieder. Zudem beh\u00e4lt sich der Veranstalter vor, nach eigenem Ermessen Personen von der Teilnahme auszuschlie\u00dfen und auch den Gewinn zur\u00fcckzufordern, wenn berechtigte Gr\u00fcnde vorliegen, beispielsweise:<\/p>\n<p>bei Manipulationen im Zusammenhang mit Zugang zum oder Durchf\u00fchrung des Gewinnspiels, bei Verst\u00f6\u00dfen gegen diese Teilnahmebedingungen, bei unlauterem Handeln oder bei falschen oder irref\u00fchrenden Angaben im Zusammenhang mit der Teilnahme an dem Gewinnspiel.<\/p>\n<p>Pro Teilnehmer nimmt nur eine \u00fcbermittelte Anmeldung am Gewinnspiel teil. Es ist strengstens untersagt, mehrere Anmeldungen zur Erh\u00f6hung der Gewinnchancen zu verwenden.<\/p>\n<p>3. INHALT DES GEWINNSPIELS, GEWINN, BENACHRICHTIGUNG UND \u00dcBERMITTLUNG DES GEWINNS<\/p>\n<p>Die Teilnahme am Gewinnspiel erfolgt durch die Abgabe eines vollst\u00e4ndig ausgef\u00fcllten Teilnahmeformulars auf der b&amp;m-Internetseite. 3 Teilnehmer erhalten einen exklusiven b&amp;m Adventskalender zugesendet. Pro Gewinner wird nur ein b&amp;m Adventskalender vergeben. Es k\u00f6nnen nur Teilnehmer ber\u00fccksichtigt werden, die das Teilnahmeformular vollst\u00e4ndig und sinngem\u00e4\u00df ausgef\u00fcllt haben.<\/p>\n<p>Durch die Teilnahme stimmen Sie den Teilnahmebedingungen zu. Die Teilnahme ist nur innerhalb des Teilnahmezeitraums m\u00f6glich. Nach Teilnahmeschluss eingehende Einsendungen werden bei der Auslosung nicht ber\u00fccksichtigt.<br \/>\nDie Teilnahme am Gewinnspiel ist kostenlos.<\/p>\n<p>Das Gewinnspiel umfasst den exklusiven b&amp;m Adventskalender. Die Aush\u00e4ndigung des Gewinns erfolgt per Paketversand auf Kosten des Veranstalters ausschlie\u00dflich an den Gewinner. Ein Umtausch, eine Selbstabholung sowie eine Auszahlung des Gewinns in bar oder die \u00dcbertragung auf andere Personen ist nicht m\u00f6glich. Die mit der Inanspruchnahme des Gewinns in Zusammenhang stehende Kosten (Anreise etc.) gehen zu Lasten des Gewinners.<\/p>\n<p>4. DATENSCHUTZ<\/p>\n<p>F\u00fcr die Teilnahme am Gewinnspiel ist die Angabe von pers\u00f6nlichen Daten notwendig. Der Teilnehmer versichert, dass die von ihm gemachten Angaben zur Person, insbesondere Vor-, Nachname, Anschrift und E-Mail-Adresse wahrheitsgem\u00e4\u00df und richtig sind.<\/p>\n<p>Der Veranstalter weist darauf hin, dass s\u00e4mtliche personenbezogenen Daten des Teilnehmers weder an Dritte weitergegeben noch diesen zur Nutzung \u00fcberlassen werden.<\/p>\n<p>Datenschutzinformationen: Der Veranstalter verarbeitet personenbezogene Daten nur f\u00fcr Zwecke dieses Gewinnspiels auf Basis der Einwilligung jeder Teilnehmerin und jedes Teilnehmers gem\u00e4\u00df Art. 6 Absatz 1a EU-DSGVO. Weitere Datenschutzinformationen k\u00f6nnen jederzeit auf unserer Website einsehen (https:\/\/www.baier-michels.com\/datenschutzerklaerung).<\/p>\n<p>Es steht dem Teilnehmer jederzeit frei, per Widerruf unter contact@baier-michels.com die L\u00f6schung seiner Registrierungsdaten zu bewirken und somit von der Teilnahme zur\u00fcckzutreten.<\/p>\n<p>5. TEILNAHMEFRIST<\/p>\n<p>Das Gewinnspiel beginnt am 19.11.2024. Die Teilnahmefrist endet sobald alle verf\u00fcgbaren Adventskalender vergeben wurden und sp\u00e4testens am 26.11.2024 um 10:00 Uhr. Innerhalb dieses Zeitraums erhalten Nutzer online die M\u00f6glichkeit, am Gewinnspiel teilzunehmen.<\/p>\n<p>6. HAFTUNGSAUSSCHLUSS \/ \u00c4NDERUNG UND VORZEITIGE BEENDIGUNG DES GEWINNSPIELS<\/p>\n<p>Der Veranstalter haftet nicht f\u00fcr die Verf\u00fcgbarkeit der LinkedIn- oder Instagram-Internetseite sowie seiner eigenen Internetseite. Der Veranstalter haftet auch nicht f\u00fcr etwaige \u00dcbertragungsfehler. Der Veranstalter beh\u00e4lt sich vor, das Gewinnspiel jederzeit, auch ohne Einhaltung von Fristen, ganz oder teilweise vorzeitig zu beenden oder in seinem Verlauf abzu\u00e4ndern, sofern es aus technischen (z.B. Computervirus, Manipulation von oder Fehler in Software und Hardware) oder rechtlichen Gr\u00fcnden nicht m\u00f6glich ist, das Gewinnspieles ordnungsgem\u00e4\u00df durchzuf\u00fchren. Sofern eine derartige Beendigung durch das Verhalten eines Teilnehmers verursacht wird, kann der Veranstalter von dieser Person den entstandenen Schaden zur\u00fcckverlangen.<\/p>\n<p>7. FREISTELLUNG VON LINKEDIN &amp; INSTAGRAM<\/p>\n<p>Dieses Gewinnspiel steht in keiner Verbindung zu LinkedIn oder Instagram und wird in keiner Weise von LinkedIn oder Instagram gesponsert, unterst\u00fctzt oder organisiert. Der Empf\u00e4nger der vom Teilnehmer bereitgestellten Daten ist nicht LinkedIn oder Instagram, sondern der Veranstalter. Die Teilnehmer stellen LinkedIn und Instagram von jeglicher Haftung, welche aus Anspr\u00fcchen im Zusammenhang mit der Durchf\u00fchrung des Gewinnspiels (insbesondere dessen Publikation und Organisation) resultieren, frei. S\u00e4mtliche Fragen, Kommentare oder Beschwerden zum Gewinnspiel sind direkt an den Veranstalter und nicht an LinkedIn oder Instagram zu richten.<\/p>\n<p>8. SCHLUSSBESTIMMUNGEN<\/p>\n<p>Das Gewinnspiel wird von der baier &amp; michels GmbH &amp; Co. KG durchgef\u00fchrt. Bei R\u00fcckfragen oder Beanstandungen wenden Sie sich an contact@baier-michels.com oder +49 (0) 6154 6960 0.<br \/>\nDas Gewinnspiel des Veranstalters unterliegt ausschlie\u00dflich dem Recht der Bundesrepublik Deutschland. Der Rechtsweg ist ausgeschlossen.<\/p>\n<p>9. SALVATORISCHE KLAUSEL<\/p>\n<p>Sollte eine Bestimmung dieser Teilnahmebedingungen ganz oder teilweise unwirksam sein oder werden, so wird dadurch die G\u00fcltigkeit dieser Teilnahmebedingungen im \u00dcbrigen nicht ber\u00fchrt.<\/p>\n","protected":false},"excerpt":{"rendered":"<p>1. VERANSTALTER \u201eb&amp;m Adventskalender\u201c ist eine Aktion der baier &amp; michels GmbH. &amp; Co. KG (nachfolgend b&amp;m genannt). 2. TEILNAHMEBERECHTIGUNG Teilnahmeberechtigt sind nat\u00fcrliche Personen, die Ihren Wohnsitz in Deutschland und das 18. Lebensjahr vollendet haben. Die Teilnahme ist nicht auf Kunden von b&amp;m beschr\u00e4nkt und nicht vom Erwerb einer Ware oder Dienstleistung abh\u00e4ngig. Nicht teilnahmeberechtigt [&hellip;]<\/p>\n","protected":false},"author":1,"featured_media":0,"parent":0,"menu_order":0,"comment_status":"closed","ping_status":"closed","template":"template_blanko.php","meta":{"_acf_changed":false,"footnotes":""},"categories":[],"class_list":["post-10319","page","type-page","status-publish","hentry"],"acf":[],"yoast_head":"<!-- This site is optimized with the Yoast SEO plugin v27.4 - https:\/\/yoast.com\/product\/yoast-seo-wordpress\/ -->\n<title>Teilnahmebedingungen - b&amp;m Homepage<\/title>\n<meta name=\"robots\" content=\"index, follow, max-snippet:-1, max-image-preview:large, max-video-preview:-1\" \/>\n<link rel=\"canonical\" href=\"https:\/\/www.baier-michels.com\/de\/teilnahmebedingungen\/\" \/>\n<meta property=\"og:locale\" content=\"de_DE\" \/>\n<meta property=\"og:type\" content=\"article\" \/>\n<meta property=\"og:title\" content=\"Teilnahmebedingungen - b&amp;m Homepage\" \/>\n<meta property=\"og:description\" content=\"1. VERANSTALTER \u201eb&amp;m Adventskalender\u201c ist eine Aktion der baier &amp; michels GmbH. &amp; Co. KG (nachfolgend b&amp;m genannt). 2. TEILNAHMEBERECHTIGUNG Teilnahmeberechtigt sind nat\u00fcrliche Personen, die Ihren Wohnsitz in Deutschland und das 18. Lebensjahr vollendet haben. Die Teilnahme ist nicht auf Kunden von b&amp;m beschr\u00e4nkt und nicht vom Erwerb einer Ware oder Dienstleistung abh\u00e4ngig. Nicht teilnahmeberechtigt [&hellip;]\" \/>\n<meta property=\"og:url\" content=\"https:\/\/www.baier-michels.com\/de\/teilnahmebedingungen\/\" \/>\n<meta property=\"og:site_name\" content=\"b&amp;m Homepage\" \/>\n<meta property=\"article:modified_time\" content=\"2024-11-18T15:09:16+00:00\" \/>\n<meta name=\"twitter:card\" content=\"summary_large_image\" \/>\n<meta name=\"twitter:label1\" content=\"Gesch\u00e4tzte Lesezeit\" \/>\n\t<meta name=\"twitter:data1\" content=\"4\u00a0Minuten\" \/>\n<script type=\"application\/ld+json\" class=\"yoast-schema-graph\">{\"@context\":\"https:\\\/\\\/schema.org\",\"@graph\":[{\"@type\":\"WebPage\",\"@id\":\"https:\\\/\\\/www.baier-michels.com\\\/de\\\/teilnahmebedingungen\\\/\",\"url\":\"https:\\\/\\\/www.baier-michels.com\\\/de\\\/teilnahmebedingungen\\\/\",\"name\":\"Teilnahmebedingungen - b&amp;m Homepage\",\"isPartOf\":{\"@id\":\"https:\\\/\\\/www.baier-michels.com\\\/de\\\/#website\"},\"datePublished\":\"2023-07-24T23:00:00+00:00\",\"dateModified\":\"2024-11-18T15:09:16+00:00\",\"breadcrumb\":{\"@id\":\"https:\\\/\\\/www.baier-michels.com\\\/de\\\/teilnahmebedingungen\\\/#breadcrumb\"},\"inLanguage\":\"de\",\"potentialAction\":[{\"@type\":\"ReadAction\",\"target\":[\"https:\\\/\\\/www.baier-michels.com\\\/de\\\/teilnahmebedingungen\\\/\"]}]},{\"@type\":\"BreadcrumbList\",\"@id\":\"https:\\\/\\\/www.baier-michels.com\\\/de\\\/teilnahmebedingungen\\\/#breadcrumb\",\"itemListElement\":[{\"@type\":\"ListItem\",\"position\":1,\"name\":\"Startseite\",\"item\":\"https:\\\/\\\/www.baier-michels.com\\\/de\\\/\"},{\"@type\":\"ListItem\",\"position\":2,\"name\":\"Teilnahmebedingungen\"}]},{\"@type\":\"WebSite\",\"@id\":\"https:\\\/\\\/www.baier-michels.com\\\/de\\\/#website\",\"url\":\"https:\\\/\\\/www.baier-michels.com\\\/de\\\/\",\"name\":\"b&m\",\"description\":\"baier&amp;michels Gmbh &amp; Co KG\",\"publisher\":{\"@id\":\"https:\\\/\\\/www.baier-michels.com\\\/de\\\/#organization\"},\"potentialAction\":[{\"@type\":\"SearchAction\",\"target\":{\"@type\":\"EntryPoint\",\"urlTemplate\":\"https:\\\/\\\/www.baier-michels.com\\\/de\\\/?s={search_term_string}\"},\"query-input\":{\"@type\":\"PropertyValueSpecification\",\"valueRequired\":true,\"valueName\":\"search_term_string\"}}],\"inLanguage\":\"de\"},{\"@type\":\"Organization\",\"@id\":\"https:\\\/\\\/www.baier-michels.com\\\/de\\\/#organization\",\"name\":\"baier & michels GmbH & Co KG\",\"url\":\"https:\\\/\\\/www.baier-michels.com\\\/de\\\/\",\"logo\":{\"@type\":\"ImageObject\",\"inLanguage\":\"de\",\"@id\":\"https:\\\/\\\/www.baier-michels.com\\\/de\\\/#\\\/schema\\\/logo\\\/image\\\/\",\"url\":\"\",\"contentUrl\":\"\",\"caption\":\"baier & michels GmbH & Co KG\"},\"image\":{\"@id\":\"https:\\\/\\\/www.baier-michels.com\\\/de\\\/#\\\/schema\\\/logo\\\/image\\\/\"},\"sameAs\":[\"https:\\\/\\\/www.linkedin.com\\\/company\\\/baier-michels\\\/?viewAsMember=true\",\"https:\\\/\\\/www.youtube.com\\\/channel\\\/UCdBWm_HCAtCjxiFZWloFYGw?view_as=subscriber\"]}]}<\/script>\n<!-- \/ Yoast SEO plugin. -->","yoast_head_json":{"title":"Teilnahmebedingungen - b&amp;m Homepage","robots":{"index":"index","follow":"follow","max-snippet":"max-snippet:-1","max-image-preview":"max-image-preview:large","max-video-preview":"max-video-preview:-1"},"canonical":"https:\/\/www.baier-michels.com\/de\/teilnahmebedingungen\/","og_locale":"de_DE","og_type":"article","og_title":"Teilnahmebedingungen - b&amp;m Homepage","og_description":"1. VERANSTALTER \u201eb&amp;m Adventskalender\u201c ist eine Aktion der baier &amp; michels GmbH. &amp; Co. KG (nachfolgend b&amp;m genannt). 2. TEILNAHMEBERECHTIGUNG Teilnahmeberechtigt sind nat\u00fcrliche Personen, die Ihren Wohnsitz in Deutschland und das 18. Lebensjahr vollendet haben. Die Teilnahme ist nicht auf Kunden von b&amp;m beschr\u00e4nkt und nicht vom Erwerb einer Ware oder Dienstleistung abh\u00e4ngig. Nicht teilnahmeberechtigt [&hellip;]","og_url":"https:\/\/www.baier-michels.com\/de\/teilnahmebedingungen\/","og_site_name":"b&amp;m Homepage","article_modified_time":"2024-11-18T15:09:16+00:00","twitter_card":"summary_large_image","twitter_misc":{"Gesch\u00e4tzte Lesezeit":"4\u00a0Minuten"},"schema":{"@context":"https:\/\/schema.org","@graph":[{"@type":"WebPage","@id":"https:\/\/www.baier-michels.com\/de\/teilnahmebedingungen\/","url":"https:\/\/www.baier-michels.com\/de\/teilnahmebedingungen\/","name":"Teilnahmebedingungen - b&amp;m Homepage","isPartOf":{"@id":"https:\/\/www.baier-michels.com\/de\/#website"},"datePublished":"2023-07-24T23:00:00+00:00","dateModified":"2024-11-18T15:09:16+00:00","breadcrumb":{"@id":"https:\/\/www.baier-michels.com\/de\/teilnahmebedingungen\/#breadcrumb"},"inLanguage":"de","potentialAction":[{"@type":"ReadAction","target":["https:\/\/www.baier-michels.com\/de\/teilnahmebedingungen\/"]}]},{"@type":"BreadcrumbList","@id":"https:\/\/www.baier-michels.com\/de\/teilnahmebedingungen\/#breadcrumb","itemListElement":[{"@type":"ListItem","position":1,"name":"Startseite","item":"https:\/\/www.baier-michels.com\/de\/"},{"@type":"ListItem","position":2,"name":"Teilnahmebedingungen"}]},{"@type":"WebSite","@id":"https:\/\/www.baier-michels.com\/de\/#website","url":"https:\/\/www.baier-michels.com\/de\/","name":"b&m","description":"baier&amp;michels Gmbh &amp; Co KG","publisher":{"@id":"https:\/\/www.baier-michels.com\/de\/#organization"},"potentialAction":[{"@type":"SearchAction","target":{"@type":"EntryPoint","urlTemplate":"https:\/\/www.baier-michels.com\/de\/?s={search_term_string}"},"query-input":{"@type":"PropertyValueSpecification","valueRequired":true,"valueName":"search_term_string"}}],"inLanguage":"de"},{"@type":"Organization","@id":"https:\/\/www.baier-michels.com\/de\/#organization","name":"baier & michels GmbH & Co KG","url":"https:\/\/www.baier-michels.com\/de\/","logo":{"@type":"ImageObject","inLanguage":"de","@id":"https:\/\/www.baier-michels.com\/de\/#\/schema\/logo\/image\/","url":"","contentUrl":"","caption":"baier & michels GmbH & Co KG"},"image":{"@id":"https:\/\/www.baier-michels.com\/de\/#\/schema\/logo\/image\/"},"sameAs":["https:\/\/www.linkedin.com\/company\/baier-michels\/?viewAsMember=true","https:\/\/www.youtube.com\/channel\/UCdBWm_HCAtCjxiFZWloFYGw?view_as=subscriber"]}]}},"_links":{"self":[{"href":"https:\/\/www.baier-michels.com\/de\/wp-json\/wp\/v2\/pages\/10319","targetHints":{"allow":["GET"]}}],"collection":[{"href":"https:\/\/www.baier-michels.com\/de\/wp-json\/wp\/v2\/pages"}],"about":[{"href":"https:\/\/www.baier-michels.com\/de\/wp-json\/wp\/v2\/types\/page"}],"author":[{"embeddable":true,"href":"https:\/\/www.baier-michels.com\/de\/wp-json\/wp\/v2\/users\/1"}],"replies":[{"embeddable":true,"href":"https:\/\/www.baier-michels.com\/de\/wp-json\/wp\/v2\/comments?post=10319"}],"version-history":[{"count":1,"href":"https:\/\/www.baier-michels.com\/de\/wp-json\/wp\/v2\/pages\/10319\/revisions"}],"predecessor-version":[{"id":14705,"href":"https:\/\/www.baier-michels.com\/de\/wp-json\/wp\/v2\/pages\/10319\/revisions\/14705"}],"wp:attachment":[{"href":"https:\/\/www.baier-michels.com\/de\/wp-json\/wp\/v2\/media?parent=10319"}],"wp:term":[{"taxonomy":"category","embeddable":true,"href":"https:\/\/www.baier-michels.com\/de\/wp-json\/wp\/v2\/categories?post=10319"}],"curies":[{"name":"wp","href":"https:\/\/api.w.org\/{rel}","templated":true}]}}