{"id":10519,"date":"2020-12-31T00:00:00","date_gmt":"2020-12-30T23:00:00","guid":{"rendered":"http:\/\/bm.baier-michels.local\/produkte\/verbindungsteile-mit-funktionsintegration\/bm-trimscrew\/"},"modified":"2025-07-17T10:22:45","modified_gmt":"2025-07-17T09:22:45","slug":"bm-trimscrew","status":"publish","type":"page","link":"https:\/\/www.baier-michels.com\/de\/produkte\/verbindungsteile-mit-funktionsintegration\/bm-trimscrew\/","title":{"rendered":"b&amp;m-TRIMSCREW<sup>\u00ae<\/sup>"},"content":{"rendered":"<p>Entwickelt um Beschichtungsr\u00fcckst\u00e4nde in Muttergewinden zu entfernen, bietet die b&amp;m-TRIMSCREW<sup class=\"copyright\">\u00ae<\/sup> eine hervorragende Alternative zu Schrauben mit Schabenut. Sie weist drei Vertiefungen auf, die Lackr\u00fcckst\u00e4nde im Gewinde entfernen und somit St\u00f6rungen beim Einschrauben verhindern. Zus\u00e4tzlich unterst\u00fctzt die Zapfengeometrie die Lochfindung bei der Montage.<\/p>\n","protected":false},"excerpt":{"rendered":"<p>Entwickelt um Beschichtungsr\u00fcckst\u00e4nde in Muttergewinden zu entfernen, bietet die b&amp;m-TRIMSCREW\u00ae eine hervorragende Alternative zu Schrauben mit Schabenut. Sie weist drei Vertiefungen auf, die Lackr\u00fcckst\u00e4nde im Gewinde entfernen und somit St\u00f6rungen beim Einschrauben verhindern. Zus\u00e4tzlich unterst\u00fctzt die Zapfengeometrie die Lochfindung bei der Montage.<\/p>\n","protected":false},"author":1,"featured_media":0,"parent":9603,"menu_order":2,"comment_status":"closed","ping_status":"closed","template":"template_brands_new.php","meta":{"_acf_changed":false,"footnotes":""},"categories":[],"class_list":["post-10519","page","type-page","status-publish","hentry"],"acf":[],"yoast_head":"<!-- This site is optimized with the Yoast SEO plugin v27.3 - https:\/\/yoast.com\/product\/yoast-seo-wordpress\/ -->\n<title>b&amp;m-TRIMSCREW\u00ae - b&amp;m Homepage<\/title>\n<meta name=\"robots\" content=\"index, follow, max-snippet:-1, max-image-preview:large, max-video-preview:-1\" \/>\n<link rel=\"canonical\" href=\"https:\/\/www.baier-michels.com\/de\/produkte\/verbindungsteile-mit-funktionsintegration\/bm-trimscrew\/\" \/>\n<meta property=\"og:locale\" content=\"de_DE\" \/>\n<meta property=\"og:type\" content=\"article\" \/>\n<meta property=\"og:title\" content=\"b&amp;m-TRIMSCREW\u00ae - b&amp;m Homepage\" \/>\n<meta property=\"og:description\" content=\"Entwickelt um Beschichtungsr\u00fcckst\u00e4nde in Muttergewinden zu entfernen, bietet die b&amp;m-TRIMSCREW\u00ae eine hervorragende Alternative zu Schrauben mit Schabenut. Sie weist drei Vertiefungen auf, die Lackr\u00fcckst\u00e4nde im Gewinde entfernen und somit St\u00f6rungen beim Einschrauben verhindern. Zus\u00e4tzlich unterst\u00fctzt die Zapfengeometrie die Lochfindung bei der Montage.\" \/>\n<meta property=\"og:url\" content=\"https:\/\/www.baier-michels.com\/de\/produkte\/verbindungsteile-mit-funktionsintegration\/bm-trimscrew\/\" \/>\n<meta property=\"og:site_name\" content=\"b&amp;m Homepage\" \/>\n<meta property=\"article:modified_time\" content=\"2025-07-17T09:22:45+00:00\" \/>\n<meta name=\"twitter:card\" content=\"summary_large_image\" \/>\n<meta name=\"twitter:label1\" content=\"Gesch\u00e4tzte Lesezeit\" \/>\n\t<meta name=\"twitter:data1\" content=\"1\u00a0Minute\" \/>\n<script type=\"application\/ld+json\" class=\"yoast-schema-graph\">{\"@context\":\"https:\\\/\\\/schema.org\",\"@graph\":[{\"@type\":\"WebPage\",\"@id\":\"https:\\\/\\\/www.baier-michels.com\\\/de\\\/produkte\\\/verbindungsteile-mit-funktionsintegration\\\/bm-trimscrew\\\/\",\"url\":\"https:\\\/\\\/www.baier-michels.com\\\/de\\\/produkte\\\/verbindungsteile-mit-funktionsintegration\\\/bm-trimscrew\\\/\",\"name\":\"b&amp;m-TRIMSCREW\u00ae - b&amp;m Homepage\",\"isPartOf\":{\"@id\":\"https:\\\/\\\/www.baier-michels.com\\\/de\\\/#website\"},\"datePublished\":\"2020-12-30T23:00:00+00:00\",\"dateModified\":\"2025-07-17T09:22:45+00:00\",\"breadcrumb\":{\"@id\":\"https:\\\/\\\/www.baier-michels.com\\\/de\\\/produkte\\\/verbindungsteile-mit-funktionsintegration\\\/bm-trimscrew\\\/#breadcrumb\"},\"inLanguage\":\"de\",\"potentialAction\":[{\"@type\":\"ReadAction\",\"target\":[\"https:\\\/\\\/www.baier-michels.com\\\/de\\\/produkte\\\/verbindungsteile-mit-funktionsintegration\\\/bm-trimscrew\\\/\"]}]},{\"@type\":\"BreadcrumbList\",\"@id\":\"https:\\\/\\\/www.baier-michels.com\\\/de\\\/produkte\\\/verbindungsteile-mit-funktionsintegration\\\/bm-trimscrew\\\/#breadcrumb\",\"itemListElement\":[{\"@type\":\"ListItem\",\"position\":1,\"name\":\"Startseite\",\"item\":\"https:\\\/\\\/www.baier-michels.com\\\/de\\\/\"},{\"@type\":\"ListItem\",\"position\":2,\"name\":\"Produkte\",\"item\":\"https:\\\/\\\/www.baier-michels.com\\\/de\\\/produkte\\\/\"},{\"@type\":\"ListItem\",\"position\":3,\"name\":\"Verbindungsteile mit Funktionsintegration\",\"item\":\"https:\\\/\\\/www.baier-michels.com\\\/de\\\/produkte\\\/verbindungsteile-mit-funktionsintegration\\\/\"},{\"@type\":\"ListItem\",\"position\":4,\"name\":\"b&amp;m-TRIMSCREW\u00ae\"}]},{\"@type\":\"WebSite\",\"@id\":\"https:\\\/\\\/www.baier-michels.com\\\/de\\\/#website\",\"url\":\"https:\\\/\\\/www.baier-michels.com\\\/de\\\/\",\"name\":\"b&m\",\"description\":\"baier&amp;michels Gmbh &amp; Co KG\",\"publisher\":{\"@id\":\"https:\\\/\\\/www.baier-michels.com\\\/de\\\/#organization\"},\"potentialAction\":[{\"@type\":\"SearchAction\",\"target\":{\"@type\":\"EntryPoint\",\"urlTemplate\":\"https:\\\/\\\/www.baier-michels.com\\\/de\\\/?s={search_term_string}\"},\"query-input\":{\"@type\":\"PropertyValueSpecification\",\"valueRequired\":true,\"valueName\":\"search_term_string\"}}],\"inLanguage\":\"de\"},{\"@type\":\"Organization\",\"@id\":\"https:\\\/\\\/www.baier-michels.com\\\/de\\\/#organization\",\"name\":\"baier & michels GmbH & Co KG\",\"url\":\"https:\\\/\\\/www.baier-michels.com\\\/de\\\/\",\"logo\":{\"@type\":\"ImageObject\",\"inLanguage\":\"de\",\"@id\":\"https:\\\/\\\/www.baier-michels.com\\\/de\\\/#\\\/schema\\\/logo\\\/image\\\/\",\"url\":\"\",\"contentUrl\":\"\",\"caption\":\"baier & michels GmbH & Co KG\"},\"image\":{\"@id\":\"https:\\\/\\\/www.baier-michels.com\\\/de\\\/#\\\/schema\\\/logo\\\/image\\\/\"},\"sameAs\":[\"https:\\\/\\\/www.linkedin.com\\\/company\\\/baier-michels\\\/?viewAsMember=true\",\"https:\\\/\\\/www.youtube.com\\\/channel\\\/UCdBWm_HCAtCjxiFZWloFYGw?view_as=subscriber\"]}]}<\/script>\n<!-- \/ Yoast SEO plugin. -->","yoast_head_json":{"title":"b&amp;m-TRIMSCREW\u00ae - b&amp;m Homepage","robots":{"index":"index","follow":"follow","max-snippet":"max-snippet:-1","max-image-preview":"max-image-preview:large","max-video-preview":"max-video-preview:-1"},"canonical":"https:\/\/www.baier-michels.com\/de\/produkte\/verbindungsteile-mit-funktionsintegration\/bm-trimscrew\/","og_locale":"de_DE","og_type":"article","og_title":"b&amp;m-TRIMSCREW\u00ae - b&amp;m Homepage","og_description":"Entwickelt um Beschichtungsr\u00fcckst\u00e4nde in Muttergewinden zu entfernen, bietet die b&amp;m-TRIMSCREW\u00ae eine hervorragende Alternative zu Schrauben mit Schabenut. Sie weist drei Vertiefungen auf, die Lackr\u00fcckst\u00e4nde im Gewinde entfernen und somit St\u00f6rungen beim Einschrauben verhindern. Zus\u00e4tzlich unterst\u00fctzt die Zapfengeometrie die Lochfindung bei der Montage.","og_url":"https:\/\/www.baier-michels.com\/de\/produkte\/verbindungsteile-mit-funktionsintegration\/bm-trimscrew\/","og_site_name":"b&amp;m Homepage","article_modified_time":"2025-07-17T09:22:45+00:00","twitter_card":"summary_large_image","twitter_misc":{"Gesch\u00e4tzte Lesezeit":"1\u00a0Minute"},"schema":{"@context":"https:\/\/schema.org","@graph":[{"@type":"WebPage","@id":"https:\/\/www.baier-michels.com\/de\/produkte\/verbindungsteile-mit-funktionsintegration\/bm-trimscrew\/","url":"https:\/\/www.baier-michels.com\/de\/produkte\/verbindungsteile-mit-funktionsintegration\/bm-trimscrew\/","name":"b&amp;m-TRIMSCREW\u00ae - b&amp;m Homepage","isPartOf":{"@id":"https:\/\/www.baier-michels.com\/de\/#website"},"datePublished":"2020-12-30T23:00:00+00:00","dateModified":"2025-07-17T09:22:45+00:00","breadcrumb":{"@id":"https:\/\/www.baier-michels.com\/de\/produkte\/verbindungsteile-mit-funktionsintegration\/bm-trimscrew\/#breadcrumb"},"inLanguage":"de","potentialAction":[{"@type":"ReadAction","target":["https:\/\/www.baier-michels.com\/de\/produkte\/verbindungsteile-mit-funktionsintegration\/bm-trimscrew\/"]}]},{"@type":"BreadcrumbList","@id":"https:\/\/www.baier-michels.com\/de\/produkte\/verbindungsteile-mit-funktionsintegration\/bm-trimscrew\/#breadcrumb","itemListElement":[{"@type":"ListItem","position":1,"name":"Startseite","item":"https:\/\/www.baier-michels.com\/de\/"},{"@type":"ListItem","position":2,"name":"Produkte","item":"https:\/\/www.baier-michels.com\/de\/produkte\/"},{"@type":"ListItem","position":3,"name":"Verbindungsteile mit Funktionsintegration","item":"https:\/\/www.baier-michels.com\/de\/produkte\/verbindungsteile-mit-funktionsintegration\/"},{"@type":"ListItem","position":4,"name":"b&amp;m-TRIMSCREW\u00ae"}]},{"@type":"WebSite","@id":"https:\/\/www.baier-michels.com\/de\/#website","url":"https:\/\/www.baier-michels.com\/de\/","name":"b&m","description":"baier&amp;michels Gmbh &amp; Co KG","publisher":{"@id":"https:\/\/www.baier-michels.com\/de\/#organization"},"potentialAction":[{"@type":"SearchAction","target":{"@type":"EntryPoint","urlTemplate":"https:\/\/www.baier-michels.com\/de\/?s={search_term_string}"},"query-input":{"@type":"PropertyValueSpecification","valueRequired":true,"valueName":"search_term_string"}}],"inLanguage":"de"},{"@type":"Organization","@id":"https:\/\/www.baier-michels.com\/de\/#organization","name":"baier & michels GmbH & Co KG","url":"https:\/\/www.baier-michels.com\/de\/","logo":{"@type":"ImageObject","inLanguage":"de","@id":"https:\/\/www.baier-michels.com\/de\/#\/schema\/logo\/image\/","url":"","contentUrl":"","caption":"baier & michels GmbH & Co KG"},"image":{"@id":"https:\/\/www.baier-michels.com\/de\/#\/schema\/logo\/image\/"},"sameAs":["https:\/\/www.linkedin.com\/company\/baier-michels\/?viewAsMember=true","https:\/\/www.youtube.com\/channel\/UCdBWm_HCAtCjxiFZWloFYGw?view_as=subscriber"]}]}},"_links":{"self":[{"href":"https:\/\/www.baier-michels.com\/de\/wp-json\/wp\/v2\/pages\/10519","targetHints":{"allow":["GET"]}}],"collection":[{"href":"https:\/\/www.baier-michels.com\/de\/wp-json\/wp\/v2\/pages"}],"about":[{"href":"https:\/\/www.baier-michels.com\/de\/wp-json\/wp\/v2\/types\/page"}],"author":[{"embeddable":true,"href":"https:\/\/www.baier-michels.com\/de\/wp-json\/wp\/v2\/users\/1"}],"replies":[{"embeddable":true,"href":"https:\/\/www.baier-michels.com\/de\/wp-json\/wp\/v2\/comments?post=10519"}],"version-history":[{"count":7,"href":"https:\/\/www.baier-michels.com\/de\/wp-json\/wp\/v2\/pages\/10519\/revisions"}],"predecessor-version":[{"id":17275,"href":"https:\/\/www.baier-michels.com\/de\/wp-json\/wp\/v2\/pages\/10519\/revisions\/17275"}],"up":[{"embeddable":true,"href":"https:\/\/www.baier-michels.com\/de\/wp-json\/wp\/v2\/pages\/9603"}],"wp:attachment":[{"href":"https:\/\/www.baier-michels.com\/de\/wp-json\/wp\/v2\/media?parent=10519"}],"wp:term":[{"taxonomy":"category","embeddable":true,"href":"https:\/\/www.baier-michels.com\/de\/wp-json\/wp\/v2\/categories?post=10519"}],"curies":[{"name":"wp","href":"https:\/\/api.w.org\/{rel}","templated":true}]}}