{"id":10601,"date":"2023-08-01T00:00:00","date_gmt":"2023-07-31T23:00:00","guid":{"rendered":"http:\/\/bm.baier-michels.local\/compliance-2\/"},"modified":"2025-11-11T14:50:10","modified_gmt":"2025-11-11T13:50:10","slug":"compliance","status":"publish","type":"page","link":"https:\/\/www.baier-michels.com\/de\/compliance\/","title":{"rendered":"Compliance"},"content":{"rendered":"\n<p>Der unternehmerische Erfolg von b&amp;m fu\u00dft auf verantwortungsvollem Handeln. Dazu geh\u00f6rt nicht nur, Gesetze und ethische Grunds\u00e4tze wie Respekt, Aufrichtigkeit und Verl\u00e4sslichkeit zu beachten. Wesentlich f\u00fcr unser Verst\u00e4ndnis von \u201eCompliance\u201c ist auch, das pers\u00f6nliche Auftreten an gemeinsamen Werten auszurichten. Als Kompass f\u00fcr ein regelkonformes Miteinander dient Besch\u00e4ftigten und Gesch\u00e4ftspartnern der <a href=\"https:\/\/www.baier-michels.com\/wp-content\/uploads\/Code_of_Conduct_DE_bm_GROUP.pdf\" target=\"_blank\" rel=\"noreferrer noopener\">Code of Conduct<\/a> \u2013 definiert durch unseren Mutterkonzern, die W\u00fcrth-Gruppe.<\/p>\n\n\n\n<p>Compliance geht jeden etwas an! Und deshalb gilt: Schwerwiegendes Fehlverhalten gegen\u00fcber Mitmenschen und Umwelt innerhalb unserer Organisation muss schnell erkannt und unterbunden werden. Die Plattform <a href=\"https:\/\/www.bkms-system.net\/bkwebanon\/report\/clientInfo?cin=07WUE13&amp;c=-1&amp;language=ger\" target=\"_blank\" rel=\"noreferrer noopener\">SpeakUp<\/a> steht zur Verf\u00fcgung, um Hinweise auf kriminelles Verhalten oder Verst\u00f6\u00dfe gegen unseren Code of Conduct zu kommunizieren.<\/p>\n","protected":false},"excerpt":{"rendered":"<p>Der unternehmerische Erfolg von b&amp;m fu\u00dft auf verantwortungsvollem Handeln. Dazu geh\u00f6rt nicht nur, Gesetze und ethische Grunds\u00e4tze wie Respekt, Aufrichtigkeit und Verl\u00e4sslichkeit zu beachten. Wesentlich f\u00fcr unser Verst\u00e4ndnis von \u201eCompliance\u201c ist auch, das pers\u00f6nliche Auftreten an gemeinsamen Werten auszurichten. Als Kompass f\u00fcr ein regelkonformes Miteinander dient Besch\u00e4ftigten und Gesch\u00e4ftspartnern der Code of Conduct \u2013 definiert [&hellip;]<\/p>\n","protected":false},"author":2,"featured_media":0,"parent":0,"menu_order":0,"comment_status":"closed","ping_status":"closed","template":"template_page_e2.php","meta":{"_acf_changed":false,"footnotes":""},"categories":[],"class_list":["post-10601","page","type-page","status-publish","hentry"],"acf":[],"yoast_head":"<!-- This site is optimized with the Yoast SEO plugin v27.4 - https:\/\/yoast.com\/product\/yoast-seo-wordpress\/ -->\n<title>Compliance - b&amp;m Homepage<\/title>\n<meta name=\"robots\" content=\"index, follow, max-snippet:-1, max-image-preview:large, max-video-preview:-1\" \/>\n<link rel=\"canonical\" href=\"https:\/\/www.baier-michels.com\/de\/compliance\/\" \/>\n<meta property=\"og:locale\" content=\"de_DE\" \/>\n<meta property=\"og:type\" content=\"article\" \/>\n<meta property=\"og:title\" content=\"Compliance - b&amp;m Homepage\" \/>\n<meta property=\"og:description\" content=\"Der unternehmerische Erfolg von b&amp;m fu\u00dft auf verantwortungsvollem Handeln. Dazu geh\u00f6rt nicht nur, Gesetze und ethische Grunds\u00e4tze wie Respekt, Aufrichtigkeit und Verl\u00e4sslichkeit zu beachten. Wesentlich f\u00fcr unser Verst\u00e4ndnis von \u201eCompliance\u201c ist auch, das pers\u00f6nliche Auftreten an gemeinsamen Werten auszurichten. Als Kompass f\u00fcr ein regelkonformes Miteinander dient Besch\u00e4ftigten und Gesch\u00e4ftspartnern der Code of Conduct \u2013 definiert [&hellip;]\" \/>\n<meta property=\"og:url\" content=\"https:\/\/www.baier-michels.com\/de\/compliance\/\" \/>\n<meta property=\"og:site_name\" content=\"b&amp;m Homepage\" \/>\n<meta property=\"article:modified_time\" content=\"2025-11-11T13:50:10+00:00\" \/>\n<meta name=\"twitter:card\" content=\"summary_large_image\" \/>\n<meta name=\"twitter:label1\" content=\"Gesch\u00e4tzte Lesezeit\" \/>\n\t<meta name=\"twitter:data1\" content=\"1\u00a0Minute\" \/>\n<script type=\"application\/ld+json\" class=\"yoast-schema-graph\">{\"@context\":\"https:\\\/\\\/schema.org\",\"@graph\":[{\"@type\":\"WebPage\",\"@id\":\"https:\\\/\\\/www.baier-michels.com\\\/de\\\/compliance\\\/\",\"url\":\"https:\\\/\\\/www.baier-michels.com\\\/de\\\/compliance\\\/\",\"name\":\"Compliance - b&amp;m Homepage\",\"isPartOf\":{\"@id\":\"https:\\\/\\\/www.baier-michels.com\\\/de\\\/#website\"},\"datePublished\":\"2023-07-31T23:00:00+00:00\",\"dateModified\":\"2025-11-11T13:50:10+00:00\",\"breadcrumb\":{\"@id\":\"https:\\\/\\\/www.baier-michels.com\\\/de\\\/compliance\\\/#breadcrumb\"},\"inLanguage\":\"de\",\"potentialAction\":[{\"@type\":\"ReadAction\",\"target\":[\"https:\\\/\\\/www.baier-michels.com\\\/de\\\/compliance\\\/\"]}]},{\"@type\":\"BreadcrumbList\",\"@id\":\"https:\\\/\\\/www.baier-michels.com\\\/de\\\/compliance\\\/#breadcrumb\",\"itemListElement\":[{\"@type\":\"ListItem\",\"position\":1,\"name\":\"Startseite\",\"item\":\"https:\\\/\\\/www.baier-michels.com\\\/de\\\/\"},{\"@type\":\"ListItem\",\"position\":2,\"name\":\"Compliance\"}]},{\"@type\":\"WebSite\",\"@id\":\"https:\\\/\\\/www.baier-michels.com\\\/de\\\/#website\",\"url\":\"https:\\\/\\\/www.baier-michels.com\\\/de\\\/\",\"name\":\"b&m\",\"description\":\"baier&amp;michels Gmbh &amp; Co KG\",\"publisher\":{\"@id\":\"https:\\\/\\\/www.baier-michels.com\\\/de\\\/#organization\"},\"potentialAction\":[{\"@type\":\"SearchAction\",\"target\":{\"@type\":\"EntryPoint\",\"urlTemplate\":\"https:\\\/\\\/www.baier-michels.com\\\/de\\\/?s={search_term_string}\"},\"query-input\":{\"@type\":\"PropertyValueSpecification\",\"valueRequired\":true,\"valueName\":\"search_term_string\"}}],\"inLanguage\":\"de\"},{\"@type\":\"Organization\",\"@id\":\"https:\\\/\\\/www.baier-michels.com\\\/de\\\/#organization\",\"name\":\"baier & michels GmbH & Co KG\",\"url\":\"https:\\\/\\\/www.baier-michels.com\\\/de\\\/\",\"logo\":{\"@type\":\"ImageObject\",\"inLanguage\":\"de\",\"@id\":\"https:\\\/\\\/www.baier-michels.com\\\/de\\\/#\\\/schema\\\/logo\\\/image\\\/\",\"url\":\"\",\"contentUrl\":\"\",\"caption\":\"baier & michels GmbH & Co KG\"},\"image\":{\"@id\":\"https:\\\/\\\/www.baier-michels.com\\\/de\\\/#\\\/schema\\\/logo\\\/image\\\/\"},\"sameAs\":[\"https:\\\/\\\/www.linkedin.com\\\/company\\\/baier-michels\\\/?viewAsMember=true\",\"https:\\\/\\\/www.youtube.com\\\/channel\\\/UCdBWm_HCAtCjxiFZWloFYGw?view_as=subscriber\"]}]}<\/script>\n<!-- \/ Yoast SEO plugin. -->","yoast_head_json":{"title":"Compliance - b&amp;m Homepage","robots":{"index":"index","follow":"follow","max-snippet":"max-snippet:-1","max-image-preview":"max-image-preview:large","max-video-preview":"max-video-preview:-1"},"canonical":"https:\/\/www.baier-michels.com\/de\/compliance\/","og_locale":"de_DE","og_type":"article","og_title":"Compliance - b&amp;m Homepage","og_description":"Der unternehmerische Erfolg von b&amp;m fu\u00dft auf verantwortungsvollem Handeln. Dazu geh\u00f6rt nicht nur, Gesetze und ethische Grunds\u00e4tze wie Respekt, Aufrichtigkeit und Verl\u00e4sslichkeit zu beachten. Wesentlich f\u00fcr unser Verst\u00e4ndnis von \u201eCompliance\u201c ist auch, das pers\u00f6nliche Auftreten an gemeinsamen Werten auszurichten. Als Kompass f\u00fcr ein regelkonformes Miteinander dient Besch\u00e4ftigten und Gesch\u00e4ftspartnern der Code of Conduct \u2013 definiert [&hellip;]","og_url":"https:\/\/www.baier-michels.com\/de\/compliance\/","og_site_name":"b&amp;m Homepage","article_modified_time":"2025-11-11T13:50:10+00:00","twitter_card":"summary_large_image","twitter_misc":{"Gesch\u00e4tzte Lesezeit":"1\u00a0Minute"},"schema":{"@context":"https:\/\/schema.org","@graph":[{"@type":"WebPage","@id":"https:\/\/www.baier-michels.com\/de\/compliance\/","url":"https:\/\/www.baier-michels.com\/de\/compliance\/","name":"Compliance - b&amp;m Homepage","isPartOf":{"@id":"https:\/\/www.baier-michels.com\/de\/#website"},"datePublished":"2023-07-31T23:00:00+00:00","dateModified":"2025-11-11T13:50:10+00:00","breadcrumb":{"@id":"https:\/\/www.baier-michels.com\/de\/compliance\/#breadcrumb"},"inLanguage":"de","potentialAction":[{"@type":"ReadAction","target":["https:\/\/www.baier-michels.com\/de\/compliance\/"]}]},{"@type":"BreadcrumbList","@id":"https:\/\/www.baier-michels.com\/de\/compliance\/#breadcrumb","itemListElement":[{"@type":"ListItem","position":1,"name":"Startseite","item":"https:\/\/www.baier-michels.com\/de\/"},{"@type":"ListItem","position":2,"name":"Compliance"}]},{"@type":"WebSite","@id":"https:\/\/www.baier-michels.com\/de\/#website","url":"https:\/\/www.baier-michels.com\/de\/","name":"b&m","description":"baier&amp;michels Gmbh &amp; Co KG","publisher":{"@id":"https:\/\/www.baier-michels.com\/de\/#organization"},"potentialAction":[{"@type":"SearchAction","target":{"@type":"EntryPoint","urlTemplate":"https:\/\/www.baier-michels.com\/de\/?s={search_term_string}"},"query-input":{"@type":"PropertyValueSpecification","valueRequired":true,"valueName":"search_term_string"}}],"inLanguage":"de"},{"@type":"Organization","@id":"https:\/\/www.baier-michels.com\/de\/#organization","name":"baier & michels GmbH & Co KG","url":"https:\/\/www.baier-michels.com\/de\/","logo":{"@type":"ImageObject","inLanguage":"de","@id":"https:\/\/www.baier-michels.com\/de\/#\/schema\/logo\/image\/","url":"","contentUrl":"","caption":"baier & michels GmbH & Co KG"},"image":{"@id":"https:\/\/www.baier-michels.com\/de\/#\/schema\/logo\/image\/"},"sameAs":["https:\/\/www.linkedin.com\/company\/baier-michels\/?viewAsMember=true","https:\/\/www.youtube.com\/channel\/UCdBWm_HCAtCjxiFZWloFYGw?view_as=subscriber"]}]}},"_links":{"self":[{"href":"https:\/\/www.baier-michels.com\/de\/wp-json\/wp\/v2\/pages\/10601","targetHints":{"allow":["GET"]}}],"collection":[{"href":"https:\/\/www.baier-michels.com\/de\/wp-json\/wp\/v2\/pages"}],"about":[{"href":"https:\/\/www.baier-michels.com\/de\/wp-json\/wp\/v2\/types\/page"}],"author":[{"embeddable":true,"href":"https:\/\/www.baier-michels.com\/de\/wp-json\/wp\/v2\/users\/2"}],"replies":[{"embeddable":true,"href":"https:\/\/www.baier-michels.com\/de\/wp-json\/wp\/v2\/comments?post=10601"}],"version-history":[{"count":1,"href":"https:\/\/www.baier-michels.com\/de\/wp-json\/wp\/v2\/pages\/10601\/revisions"}],"predecessor-version":[{"id":17876,"href":"https:\/\/www.baier-michels.com\/de\/wp-json\/wp\/v2\/pages\/10601\/revisions\/17876"}],"wp:attachment":[{"href":"https:\/\/www.baier-michels.com\/de\/wp-json\/wp\/v2\/media?parent=10601"}],"wp:term":[{"taxonomy":"category","embeddable":true,"href":"https:\/\/www.baier-michels.com\/de\/wp-json\/wp\/v2\/categories?post=10601"}],"curies":[{"name":"wp","href":"https:\/\/api.w.org\/{rel}","templated":true}]}}