{"id":15858,"date":"2025-02-17T13:49:45","date_gmt":"2025-02-17T12:49:45","guid":{"rendered":"https:\/\/www.baier-michels.com\/?page_id=15858"},"modified":"2025-02-19T09:33:30","modified_gmt":"2025-02-19T08:33:30","slug":"kaltumformung","status":"publish","type":"page","link":"https:\/\/www.baier-michels.com\/de\/bm-fertigungstechnologien\/kaltumformung\/","title":{"rendered":"Kaltumformung"},"content":{"rendered":"\n<p>Das Konzept erm\u00f6glicht die Herstellung hochpr\u00e4ziser und belastbarer Verbindungselemente. Zu den Vorteilen z\u00e4hlen neben der Materialeffizienz vor allem H\u00f6chstwerte in Sachen Festigkeit, Ma\u00dfgenauigkeit und Oberfl\u00e4chenqualit\u00e4t. Entdecken Sie hier unsere innovativen Direktverschraubungsl\u00f6sungen und Verbindungsteile mit integrierten Zusatzfunktionen. Die Kaltflie\u00dfpressteile sind \u201eMade in Germany\u201c \u2013 wir entwickeln und fertigen am b&amp;m-Standort in Ober-Ramstadt. Unsere Produkte punkten als individuell erarbeitete L\u00f6sungen f\u00fcr Herausforderungen, die sich mit markt\u00fcblichen Technologien nicht bew\u00e4ltigen lassen.\u00a0<\/p>\n\n\n\n<p><\/p>\n","protected":false},"excerpt":{"rendered":"<p>Das Konzept erm\u00f6glicht die Herstellung hochpr\u00e4ziser und belastbarer Verbindungselemente. Zu den Vorteilen z\u00e4hlen neben der Materialeffizienz vor allem H\u00f6chstwerte in Sachen Festigkeit, Ma\u00dfgenauigkeit und Oberfl\u00e4chenqualit\u00e4t. Entdecken Sie hier unsere innovativen Direktverschraubungsl\u00f6sungen und Verbindungsteile mit integrierten Zusatzfunktionen. Die Kaltflie\u00dfpressteile sind \u201eMade in Germany\u201c \u2013 wir entwickeln und fertigen am b&amp;m-Standort in Ober-Ramstadt. Unsere Produkte punkten als [&hellip;]<\/p>\n","protected":false},"author":1,"featured_media":0,"parent":9749,"menu_order":1,"comment_status":"closed","ping_status":"closed","template":"template_page_e3.php","meta":{"_acf_changed":false,"footnotes":""},"categories":[298,121,120,122,125],"class_list":["post-15858","page","type-page","status-publish","hentry","category-direktverschraubung-fuer-cfk","category-direktverschraubung-in-kunststoffe","category-direktverschraubung-in-metalle","category-direktverschraubung-in-unterschiedliche-werkstoffe","category-verbindungsteile-mit-funktionsintegration"],"acf":[],"yoast_head":"<!-- This site is optimized with the Yoast SEO plugin v27.4 - https:\/\/yoast.com\/product\/yoast-seo-wordpress\/ -->\n<title>Kaltumformung - b&amp;m Homepage<\/title>\n<meta name=\"robots\" content=\"index, follow, max-snippet:-1, max-image-preview:large, max-video-preview:-1\" \/>\n<link rel=\"canonical\" href=\"https:\/\/www.baier-michels.com\/de\/bm-fertigungstechnologien\/kaltumformung\/\" \/>\n<meta property=\"og:locale\" content=\"de_DE\" \/>\n<meta property=\"og:type\" content=\"article\" \/>\n<meta property=\"og:title\" content=\"Kaltumformung - b&amp;m Homepage\" \/>\n<meta property=\"og:description\" content=\"Das Konzept erm\u00f6glicht die Herstellung hochpr\u00e4ziser und belastbarer Verbindungselemente. Zu den Vorteilen z\u00e4hlen neben der Materialeffizienz vor allem H\u00f6chstwerte in Sachen Festigkeit, Ma\u00dfgenauigkeit und Oberfl\u00e4chenqualit\u00e4t. Entdecken Sie hier unsere innovativen Direktverschraubungsl\u00f6sungen und Verbindungsteile mit integrierten Zusatzfunktionen. Die Kaltflie\u00dfpressteile sind \u201eMade in Germany\u201c \u2013 wir entwickeln und fertigen am b&amp;m-Standort in Ober-Ramstadt. Unsere Produkte punkten als [&hellip;]\" \/>\n<meta property=\"og:url\" content=\"https:\/\/www.baier-michels.com\/de\/bm-fertigungstechnologien\/kaltumformung\/\" \/>\n<meta property=\"og:site_name\" content=\"b&amp;m Homepage\" \/>\n<meta property=\"article:modified_time\" content=\"2025-02-19T08:33:30+00:00\" \/>\n<meta name=\"twitter:card\" content=\"summary_large_image\" \/>\n<meta name=\"twitter:label1\" content=\"Gesch\u00e4tzte Lesezeit\" \/>\n\t<meta name=\"twitter:data1\" content=\"1\u00a0Minute\" \/>\n<script type=\"application\/ld+json\" class=\"yoast-schema-graph\">{\"@context\":\"https:\\\/\\\/schema.org\",\"@graph\":[{\"@type\":\"WebPage\",\"@id\":\"https:\\\/\\\/www.baier-michels.com\\\/de\\\/bm-fertigungstechnologien\\\/kaltumformung\\\/\",\"url\":\"https:\\\/\\\/www.baier-michels.com\\\/de\\\/bm-fertigungstechnologien\\\/kaltumformung\\\/\",\"name\":\"Kaltumformung - b&amp;m Homepage\",\"isPartOf\":{\"@id\":\"https:\\\/\\\/www.baier-michels.com\\\/de\\\/#website\"},\"datePublished\":\"2025-02-17T12:49:45+00:00\",\"dateModified\":\"2025-02-19T08:33:30+00:00\",\"breadcrumb\":{\"@id\":\"https:\\\/\\\/www.baier-michels.com\\\/de\\\/bm-fertigungstechnologien\\\/kaltumformung\\\/#breadcrumb\"},\"inLanguage\":\"de\",\"potentialAction\":[{\"@type\":\"ReadAction\",\"target\":[\"https:\\\/\\\/www.baier-michels.com\\\/de\\\/bm-fertigungstechnologien\\\/kaltumformung\\\/\"]}]},{\"@type\":\"BreadcrumbList\",\"@id\":\"https:\\\/\\\/www.baier-michels.com\\\/de\\\/bm-fertigungstechnologien\\\/kaltumformung\\\/#breadcrumb\",\"itemListElement\":[{\"@type\":\"ListItem\",\"position\":1,\"name\":\"Startseite\",\"item\":\"https:\\\/\\\/www.baier-michels.com\\\/de\\\/\"},{\"@type\":\"ListItem\",\"position\":2,\"name\":\"b&amp;m-Fertigungstechnologien\",\"item\":\"https:\\\/\\\/www.baier-michels.com\\\/de\\\/bm-fertigungstechnologien\\\/\"},{\"@type\":\"ListItem\",\"position\":3,\"name\":\"Kaltumformung\"}]},{\"@type\":\"WebSite\",\"@id\":\"https:\\\/\\\/www.baier-michels.com\\\/de\\\/#website\",\"url\":\"https:\\\/\\\/www.baier-michels.com\\\/de\\\/\",\"name\":\"b&m\",\"description\":\"baier&amp;michels Gmbh &amp; Co KG\",\"publisher\":{\"@id\":\"https:\\\/\\\/www.baier-michels.com\\\/de\\\/#organization\"},\"potentialAction\":[{\"@type\":\"SearchAction\",\"target\":{\"@type\":\"EntryPoint\",\"urlTemplate\":\"https:\\\/\\\/www.baier-michels.com\\\/de\\\/?s={search_term_string}\"},\"query-input\":{\"@type\":\"PropertyValueSpecification\",\"valueRequired\":true,\"valueName\":\"search_term_string\"}}],\"inLanguage\":\"de\"},{\"@type\":\"Organization\",\"@id\":\"https:\\\/\\\/www.baier-michels.com\\\/de\\\/#organization\",\"name\":\"baier & michels GmbH & Co KG\",\"url\":\"https:\\\/\\\/www.baier-michels.com\\\/de\\\/\",\"logo\":{\"@type\":\"ImageObject\",\"inLanguage\":\"de\",\"@id\":\"https:\\\/\\\/www.baier-michels.com\\\/de\\\/#\\\/schema\\\/logo\\\/image\\\/\",\"url\":\"\",\"contentUrl\":\"\",\"caption\":\"baier & michels GmbH & Co KG\"},\"image\":{\"@id\":\"https:\\\/\\\/www.baier-michels.com\\\/de\\\/#\\\/schema\\\/logo\\\/image\\\/\"},\"sameAs\":[\"https:\\\/\\\/www.linkedin.com\\\/company\\\/baier-michels\\\/?viewAsMember=true\",\"https:\\\/\\\/www.youtube.com\\\/channel\\\/UCdBWm_HCAtCjxiFZWloFYGw?view_as=subscriber\"]}]}<\/script>\n<!-- \/ Yoast SEO plugin. -->","yoast_head_json":{"title":"Kaltumformung - b&amp;m Homepage","robots":{"index":"index","follow":"follow","max-snippet":"max-snippet:-1","max-image-preview":"max-image-preview:large","max-video-preview":"max-video-preview:-1"},"canonical":"https:\/\/www.baier-michels.com\/de\/bm-fertigungstechnologien\/kaltumformung\/","og_locale":"de_DE","og_type":"article","og_title":"Kaltumformung - b&amp;m Homepage","og_description":"Das Konzept erm\u00f6glicht die Herstellung hochpr\u00e4ziser und belastbarer Verbindungselemente. Zu den Vorteilen z\u00e4hlen neben der Materialeffizienz vor allem H\u00f6chstwerte in Sachen Festigkeit, Ma\u00dfgenauigkeit und Oberfl\u00e4chenqualit\u00e4t. Entdecken Sie hier unsere innovativen Direktverschraubungsl\u00f6sungen und Verbindungsteile mit integrierten Zusatzfunktionen. Die Kaltflie\u00dfpressteile sind \u201eMade in Germany\u201c \u2013 wir entwickeln und fertigen am b&amp;m-Standort in Ober-Ramstadt. Unsere Produkte punkten als [&hellip;]","og_url":"https:\/\/www.baier-michels.com\/de\/bm-fertigungstechnologien\/kaltumformung\/","og_site_name":"b&amp;m Homepage","article_modified_time":"2025-02-19T08:33:30+00:00","twitter_card":"summary_large_image","twitter_misc":{"Gesch\u00e4tzte Lesezeit":"1\u00a0Minute"},"schema":{"@context":"https:\/\/schema.org","@graph":[{"@type":"WebPage","@id":"https:\/\/www.baier-michels.com\/de\/bm-fertigungstechnologien\/kaltumformung\/","url":"https:\/\/www.baier-michels.com\/de\/bm-fertigungstechnologien\/kaltumformung\/","name":"Kaltumformung - b&amp;m Homepage","isPartOf":{"@id":"https:\/\/www.baier-michels.com\/de\/#website"},"datePublished":"2025-02-17T12:49:45+00:00","dateModified":"2025-02-19T08:33:30+00:00","breadcrumb":{"@id":"https:\/\/www.baier-michels.com\/de\/bm-fertigungstechnologien\/kaltumformung\/#breadcrumb"},"inLanguage":"de","potentialAction":[{"@type":"ReadAction","target":["https:\/\/www.baier-michels.com\/de\/bm-fertigungstechnologien\/kaltumformung\/"]}]},{"@type":"BreadcrumbList","@id":"https:\/\/www.baier-michels.com\/de\/bm-fertigungstechnologien\/kaltumformung\/#breadcrumb","itemListElement":[{"@type":"ListItem","position":1,"name":"Startseite","item":"https:\/\/www.baier-michels.com\/de\/"},{"@type":"ListItem","position":2,"name":"b&amp;m-Fertigungstechnologien","item":"https:\/\/www.baier-michels.com\/de\/bm-fertigungstechnologien\/"},{"@type":"ListItem","position":3,"name":"Kaltumformung"}]},{"@type":"WebSite","@id":"https:\/\/www.baier-michels.com\/de\/#website","url":"https:\/\/www.baier-michels.com\/de\/","name":"b&m","description":"baier&amp;michels Gmbh &amp; Co KG","publisher":{"@id":"https:\/\/www.baier-michels.com\/de\/#organization"},"potentialAction":[{"@type":"SearchAction","target":{"@type":"EntryPoint","urlTemplate":"https:\/\/www.baier-michels.com\/de\/?s={search_term_string}"},"query-input":{"@type":"PropertyValueSpecification","valueRequired":true,"valueName":"search_term_string"}}],"inLanguage":"de"},{"@type":"Organization","@id":"https:\/\/www.baier-michels.com\/de\/#organization","name":"baier & michels GmbH & Co KG","url":"https:\/\/www.baier-michels.com\/de\/","logo":{"@type":"ImageObject","inLanguage":"de","@id":"https:\/\/www.baier-michels.com\/de\/#\/schema\/logo\/image\/","url":"","contentUrl":"","caption":"baier & michels GmbH & Co KG"},"image":{"@id":"https:\/\/www.baier-michels.com\/de\/#\/schema\/logo\/image\/"},"sameAs":["https:\/\/www.linkedin.com\/company\/baier-michels\/?viewAsMember=true","https:\/\/www.youtube.com\/channel\/UCdBWm_HCAtCjxiFZWloFYGw?view_as=subscriber"]}]}},"_links":{"self":[{"href":"https:\/\/www.baier-michels.com\/de\/wp-json\/wp\/v2\/pages\/15858","targetHints":{"allow":["GET"]}}],"collection":[{"href":"https:\/\/www.baier-michels.com\/de\/wp-json\/wp\/v2\/pages"}],"about":[{"href":"https:\/\/www.baier-michels.com\/de\/wp-json\/wp\/v2\/types\/page"}],"author":[{"embeddable":true,"href":"https:\/\/www.baier-michels.com\/de\/wp-json\/wp\/v2\/users\/1"}],"replies":[{"embeddable":true,"href":"https:\/\/www.baier-michels.com\/de\/wp-json\/wp\/v2\/comments?post=15858"}],"version-history":[{"count":4,"href":"https:\/\/www.baier-michels.com\/de\/wp-json\/wp\/v2\/pages\/15858\/revisions"}],"predecessor-version":[{"id":15944,"href":"https:\/\/www.baier-michels.com\/de\/wp-json\/wp\/v2\/pages\/15858\/revisions\/15944"}],"up":[{"embeddable":true,"href":"https:\/\/www.baier-michels.com\/de\/wp-json\/wp\/v2\/pages\/9749"}],"wp:attachment":[{"href":"https:\/\/www.baier-michels.com\/de\/wp-json\/wp\/v2\/media?parent=15858"}],"wp:term":[{"taxonomy":"category","embeddable":true,"href":"https:\/\/www.baier-michels.com\/de\/wp-json\/wp\/v2\/categories?post=15858"}],"curies":[{"name":"wp","href":"https:\/\/api.w.org\/{rel}","templated":true}]}}