{"id":16535,"date":"2025-05-26T14:43:31","date_gmt":"2025-05-26T13:43:31","guid":{"rendered":"https:\/\/www.baier-michels.com\/?page_id=16535"},"modified":"2025-06-12T14:30:09","modified_gmt":"2025-06-12T13:30:09","slug":"zerspanungstechnik","status":"publish","type":"page","link":"https:\/\/www.baier-michels.com\/de\/bm-fertigungstechnologien\/zerspanungstechnik\/","title":{"rendered":"Zerspanungstechnik"},"content":{"rendered":"\n<p>Durch die Kombination mehrerer Fertigungsverfahren in einer Anlage k\u00f6nnen verschiedenste Geometrien auch nicht-rotationssymmetrisch abgebildet werden.<\/p>\n\n\n\n<p>Die komplette Fertigstellung des Bauteils auf einer Maschine \u2013 und zwar ohne nachgelagerte Produktionsschritte wie Schleifen oder R\u00e4umen \u2013, ist zum einen kosteneffizient. Zum anderen erm\u00f6glicht dieser Weg die Einhaltung sehr enger Toleranzen und hoher Oberfl\u00e4cheng\u00fcten.<\/p>\n\n\n\n<p>Die personaloptimierte Art der Fertigung spart Zeit und verhindert Fehler beim Handling. Durch unsere selbtsentwickelte 360\u00b0-Kamerapr\u00fcfung sind wir in der Lage, die produzierten Bauteile zus\u00e4tzlich auf das Merkmal \u201eSpanfreiheit\u201c (insbesondere Komma-Span) sortieren. So werden z.B. in fluidf\u00fchrenden Systemen Undichtigkeiten und Folgesch\u00e4den vermieden.<\/p>\n","protected":false},"excerpt":{"rendered":"<p>Durch die Kombination mehrerer Fertigungsverfahren in einer Anlage k\u00f6nnen verschiedenste Geometrien auch nicht-rotationssymmetrisch abgebildet werden. Die komplette Fertigstellung des Bauteils auf einer Maschine \u2013 und zwar ohne nachgelagerte Produktionsschritte wie Schleifen oder R\u00e4umen \u2013, ist zum einen kosteneffizient. Zum anderen erm\u00f6glicht dieser Weg die Einhaltung sehr enger Toleranzen und hoher Oberfl\u00e4cheng\u00fcten. Die personaloptimierte Art der [&hellip;]<\/p>\n","protected":false},"author":1,"featured_media":0,"parent":9749,"menu_order":3,"comment_status":"closed","ping_status":"closed","template":"template-mafertigungstechnologien.php","meta":{"_acf_changed":false,"footnotes":""},"categories":[],"class_list":["post-16535","page","type-page","status-publish","hentry"],"acf":[],"yoast_head":"<!-- This site is optimized with the Yoast SEO plugin v27.3 - https:\/\/yoast.com\/product\/yoast-seo-wordpress\/ -->\n<title>Zerspanungstechnik - b&amp;m Homepage<\/title>\n<meta name=\"robots\" content=\"index, follow, max-snippet:-1, max-image-preview:large, max-video-preview:-1\" \/>\n<link rel=\"canonical\" href=\"https:\/\/www.baier-michels.com\/de\/bm-fertigungstechnologien\/zerspanungstechnik\/\" \/>\n<meta property=\"og:locale\" content=\"de_DE\" \/>\n<meta property=\"og:type\" content=\"article\" \/>\n<meta property=\"og:title\" content=\"Zerspanungstechnik - b&amp;m Homepage\" \/>\n<meta property=\"og:description\" content=\"Durch die Kombination mehrerer Fertigungsverfahren in einer Anlage k\u00f6nnen verschiedenste Geometrien auch nicht-rotationssymmetrisch abgebildet werden. Die komplette Fertigstellung des Bauteils auf einer Maschine \u2013 und zwar ohne nachgelagerte Produktionsschritte wie Schleifen oder R\u00e4umen \u2013, ist zum einen kosteneffizient. Zum anderen erm\u00f6glicht dieser Weg die Einhaltung sehr enger Toleranzen und hoher Oberfl\u00e4cheng\u00fcten. Die personaloptimierte Art der [&hellip;]\" \/>\n<meta property=\"og:url\" content=\"https:\/\/www.baier-michels.com\/de\/bm-fertigungstechnologien\/zerspanungstechnik\/\" \/>\n<meta property=\"og:site_name\" content=\"b&amp;m Homepage\" \/>\n<meta property=\"article:modified_time\" content=\"2025-06-12T13:30:09+00:00\" \/>\n<meta name=\"twitter:card\" content=\"summary_large_image\" \/>\n<meta name=\"twitter:label1\" content=\"Gesch\u00e4tzte Lesezeit\" \/>\n\t<meta name=\"twitter:data1\" content=\"1\u00a0Minute\" \/>\n<script type=\"application\/ld+json\" class=\"yoast-schema-graph\">{\"@context\":\"https:\\\/\\\/schema.org\",\"@graph\":[{\"@type\":\"WebPage\",\"@id\":\"https:\\\/\\\/www.baier-michels.com\\\/de\\\/bm-fertigungstechnologien\\\/zerspanungstechnik\\\/\",\"url\":\"https:\\\/\\\/www.baier-michels.com\\\/de\\\/bm-fertigungstechnologien\\\/zerspanungstechnik\\\/\",\"name\":\"Zerspanungstechnik - b&amp;m Homepage\",\"isPartOf\":{\"@id\":\"https:\\\/\\\/www.baier-michels.com\\\/de\\\/#website\"},\"datePublished\":\"2025-05-26T13:43:31+00:00\",\"dateModified\":\"2025-06-12T13:30:09+00:00\",\"breadcrumb\":{\"@id\":\"https:\\\/\\\/www.baier-michels.com\\\/de\\\/bm-fertigungstechnologien\\\/zerspanungstechnik\\\/#breadcrumb\"},\"inLanguage\":\"de\",\"potentialAction\":[{\"@type\":\"ReadAction\",\"target\":[\"https:\\\/\\\/www.baier-michels.com\\\/de\\\/bm-fertigungstechnologien\\\/zerspanungstechnik\\\/\"]}]},{\"@type\":\"BreadcrumbList\",\"@id\":\"https:\\\/\\\/www.baier-michels.com\\\/de\\\/bm-fertigungstechnologien\\\/zerspanungstechnik\\\/#breadcrumb\",\"itemListElement\":[{\"@type\":\"ListItem\",\"position\":1,\"name\":\"Startseite\",\"item\":\"https:\\\/\\\/www.baier-michels.com\\\/de\\\/\"},{\"@type\":\"ListItem\",\"position\":2,\"name\":\"b&amp;m-Fertigungstechnologien\",\"item\":\"https:\\\/\\\/www.baier-michels.com\\\/de\\\/bm-fertigungstechnologien\\\/\"},{\"@type\":\"ListItem\",\"position\":3,\"name\":\"Zerspanungstechnik\"}]},{\"@type\":\"WebSite\",\"@id\":\"https:\\\/\\\/www.baier-michels.com\\\/de\\\/#website\",\"url\":\"https:\\\/\\\/www.baier-michels.com\\\/de\\\/\",\"name\":\"b&m\",\"description\":\"baier&amp;michels Gmbh &amp; Co KG\",\"publisher\":{\"@id\":\"https:\\\/\\\/www.baier-michels.com\\\/de\\\/#organization\"},\"potentialAction\":[{\"@type\":\"SearchAction\",\"target\":{\"@type\":\"EntryPoint\",\"urlTemplate\":\"https:\\\/\\\/www.baier-michels.com\\\/de\\\/?s={search_term_string}\"},\"query-input\":{\"@type\":\"PropertyValueSpecification\",\"valueRequired\":true,\"valueName\":\"search_term_string\"}}],\"inLanguage\":\"de\"},{\"@type\":\"Organization\",\"@id\":\"https:\\\/\\\/www.baier-michels.com\\\/de\\\/#organization\",\"name\":\"baier & michels GmbH & Co KG\",\"url\":\"https:\\\/\\\/www.baier-michels.com\\\/de\\\/\",\"logo\":{\"@type\":\"ImageObject\",\"inLanguage\":\"de\",\"@id\":\"https:\\\/\\\/www.baier-michels.com\\\/de\\\/#\\\/schema\\\/logo\\\/image\\\/\",\"url\":\"\",\"contentUrl\":\"\",\"caption\":\"baier & michels GmbH & Co KG\"},\"image\":{\"@id\":\"https:\\\/\\\/www.baier-michels.com\\\/de\\\/#\\\/schema\\\/logo\\\/image\\\/\"},\"sameAs\":[\"https:\\\/\\\/www.linkedin.com\\\/company\\\/baier-michels\\\/?viewAsMember=true\",\"https:\\\/\\\/www.youtube.com\\\/channel\\\/UCdBWm_HCAtCjxiFZWloFYGw?view_as=subscriber\"]}]}<\/script>\n<!-- \/ Yoast SEO plugin. -->","yoast_head_json":{"title":"Zerspanungstechnik - b&amp;m Homepage","robots":{"index":"index","follow":"follow","max-snippet":"max-snippet:-1","max-image-preview":"max-image-preview:large","max-video-preview":"max-video-preview:-1"},"canonical":"https:\/\/www.baier-michels.com\/de\/bm-fertigungstechnologien\/zerspanungstechnik\/","og_locale":"de_DE","og_type":"article","og_title":"Zerspanungstechnik - b&amp;m Homepage","og_description":"Durch die Kombination mehrerer Fertigungsverfahren in einer Anlage k\u00f6nnen verschiedenste Geometrien auch nicht-rotationssymmetrisch abgebildet werden. Die komplette Fertigstellung des Bauteils auf einer Maschine \u2013 und zwar ohne nachgelagerte Produktionsschritte wie Schleifen oder R\u00e4umen \u2013, ist zum einen kosteneffizient. Zum anderen erm\u00f6glicht dieser Weg die Einhaltung sehr enger Toleranzen und hoher Oberfl\u00e4cheng\u00fcten. Die personaloptimierte Art der [&hellip;]","og_url":"https:\/\/www.baier-michels.com\/de\/bm-fertigungstechnologien\/zerspanungstechnik\/","og_site_name":"b&amp;m Homepage","article_modified_time":"2025-06-12T13:30:09+00:00","twitter_card":"summary_large_image","twitter_misc":{"Gesch\u00e4tzte Lesezeit":"1\u00a0Minute"},"schema":{"@context":"https:\/\/schema.org","@graph":[{"@type":"WebPage","@id":"https:\/\/www.baier-michels.com\/de\/bm-fertigungstechnologien\/zerspanungstechnik\/","url":"https:\/\/www.baier-michels.com\/de\/bm-fertigungstechnologien\/zerspanungstechnik\/","name":"Zerspanungstechnik - b&amp;m Homepage","isPartOf":{"@id":"https:\/\/www.baier-michels.com\/de\/#website"},"datePublished":"2025-05-26T13:43:31+00:00","dateModified":"2025-06-12T13:30:09+00:00","breadcrumb":{"@id":"https:\/\/www.baier-michels.com\/de\/bm-fertigungstechnologien\/zerspanungstechnik\/#breadcrumb"},"inLanguage":"de","potentialAction":[{"@type":"ReadAction","target":["https:\/\/www.baier-michels.com\/de\/bm-fertigungstechnologien\/zerspanungstechnik\/"]}]},{"@type":"BreadcrumbList","@id":"https:\/\/www.baier-michels.com\/de\/bm-fertigungstechnologien\/zerspanungstechnik\/#breadcrumb","itemListElement":[{"@type":"ListItem","position":1,"name":"Startseite","item":"https:\/\/www.baier-michels.com\/de\/"},{"@type":"ListItem","position":2,"name":"b&amp;m-Fertigungstechnologien","item":"https:\/\/www.baier-michels.com\/de\/bm-fertigungstechnologien\/"},{"@type":"ListItem","position":3,"name":"Zerspanungstechnik"}]},{"@type":"WebSite","@id":"https:\/\/www.baier-michels.com\/de\/#website","url":"https:\/\/www.baier-michels.com\/de\/","name":"b&m","description":"baier&amp;michels Gmbh &amp; Co KG","publisher":{"@id":"https:\/\/www.baier-michels.com\/de\/#organization"},"potentialAction":[{"@type":"SearchAction","target":{"@type":"EntryPoint","urlTemplate":"https:\/\/www.baier-michels.com\/de\/?s={search_term_string}"},"query-input":{"@type":"PropertyValueSpecification","valueRequired":true,"valueName":"search_term_string"}}],"inLanguage":"de"},{"@type":"Organization","@id":"https:\/\/www.baier-michels.com\/de\/#organization","name":"baier & michels GmbH & Co KG","url":"https:\/\/www.baier-michels.com\/de\/","logo":{"@type":"ImageObject","inLanguage":"de","@id":"https:\/\/www.baier-michels.com\/de\/#\/schema\/logo\/image\/","url":"","contentUrl":"","caption":"baier & michels GmbH & Co KG"},"image":{"@id":"https:\/\/www.baier-michels.com\/de\/#\/schema\/logo\/image\/"},"sameAs":["https:\/\/www.linkedin.com\/company\/baier-michels\/?viewAsMember=true","https:\/\/www.youtube.com\/channel\/UCdBWm_HCAtCjxiFZWloFYGw?view_as=subscriber"]}]}},"_links":{"self":[{"href":"https:\/\/www.baier-michels.com\/de\/wp-json\/wp\/v2\/pages\/16535","targetHints":{"allow":["GET"]}}],"collection":[{"href":"https:\/\/www.baier-michels.com\/de\/wp-json\/wp\/v2\/pages"}],"about":[{"href":"https:\/\/www.baier-michels.com\/de\/wp-json\/wp\/v2\/types\/page"}],"author":[{"embeddable":true,"href":"https:\/\/www.baier-michels.com\/de\/wp-json\/wp\/v2\/users\/1"}],"replies":[{"embeddable":true,"href":"https:\/\/www.baier-michels.com\/de\/wp-json\/wp\/v2\/comments?post=16535"}],"version-history":[{"count":5,"href":"https:\/\/www.baier-michels.com\/de\/wp-json\/wp\/v2\/pages\/16535\/revisions"}],"predecessor-version":[{"id":16766,"href":"https:\/\/www.baier-michels.com\/de\/wp-json\/wp\/v2\/pages\/16535\/revisions\/16766"}],"up":[{"embeddable":true,"href":"https:\/\/www.baier-michels.com\/de\/wp-json\/wp\/v2\/pages\/9749"}],"wp:attachment":[{"href":"https:\/\/www.baier-michels.com\/de\/wp-json\/wp\/v2\/media?parent=16535"}],"wp:term":[{"taxonomy":"category","embeddable":true,"href":"https:\/\/www.baier-michels.com\/de\/wp-json\/wp\/v2\/categories?post=16535"}],"curies":[{"name":"wp","href":"https:\/\/api.w.org\/{rel}","templated":true}]}}