{"id":9585,"date":"2023-07-25T00:00:00","date_gmt":"2023-07-24T23:00:00","guid":{"rendered":"http:\/\/bm.baier-michels.local\/ueber-uns-2\/die-bm-gruppe\/"},"modified":"2024-10-16T08:43:38","modified_gmt":"2024-10-16T07:43:38","slug":"die-bm-gruppe","status":"publish","type":"page","link":"https:\/\/www.baier-michels.com\/de\/ueber-uns\/die-bm-gruppe\/","title":{"rendered":"\u00dcberblick"},"content":{"rendered":"<p>Die global ausgerichtete b&amp;m-Gruppe mit Hauptsitz im s\u00fcdhessischen Ober-Ramstadt hat sich eine starke Position als innovativer Partner der produzierenden Industrie im Bereich der Kaltumformung aufgebaut. Die Basis dazu bilden hochwertige Verbindungselemente sowie Verschluss- und Dichtsysteme aus eigener Entwicklung und Fertigung. Zu unseren Kunden geh\u00f6ren OEMs und Zulieferer aus den Branchen Automotive, Elektro- und Medizintechnik.<\/p>\n<p>Ihnen steht baier &amp; michels nicht nur als Produzent, sondern auch als Probleml\u00f6ser verl\u00e4sslich zur Seite: neben anwendungstechnischer Beratung und Verbindungspr\u00fcfungen in unseren Laboren bieten wir Fachschulungen und ein einzigartiges Standardisierungstool, mit dem Industrieunternehmen ihre C-Teile-Vielfalt massiv reduzieren k\u00f6nnen. Dabei sind unsere aktuell rund 500 Mitarbeitenden unser h\u00f6chstes Gut. Mit ihrem Know-how und ihrer Erfahrung sind wir stets in der Lage, die h\u00f6chsten Anspr\u00fcche unserer Kunden zu erf\u00fcllen. Darauf k\u00f6nnen Sie bauen!<\/p>\n","protected":false},"excerpt":{"rendered":"<p>Die global ausgerichtete b&amp;m-Gruppe mit Hauptsitz im s\u00fcdhessischen Ober-Ramstadt hat sich eine starke Position als innovativer Partner der produzierenden Industrie im Bereich der Kaltumformung aufgebaut. Die Basis dazu bilden hochwertige Verbindungselemente sowie Verschluss- und Dichtsysteme aus eigener Entwicklung und Fertigung. Zu unseren Kunden geh\u00f6ren OEMs und Zulieferer aus den Branchen Automotive, Elektro- und Medizintechnik. Ihnen [&hellip;]<\/p>\n","protected":false},"author":1,"featured_media":0,"parent":9751,"menu_order":1,"comment_status":"closed","ping_status":"closed","template":"template_page_e2.php","meta":{"_acf_changed":false,"footnotes":""},"categories":[],"class_list":["post-9585","page","type-page","status-publish","hentry"],"acf":[],"yoast_head":"<!-- This site is optimized with the Yoast SEO plugin v27.3 - https:\/\/yoast.com\/product\/yoast-seo-wordpress\/ -->\n<title>\u00dcberblick - b&amp;m Homepage<\/title>\n<meta name=\"description\" content=\"Die global ausgerichtete b&amp;m-Gruppe mit Hauptsitz im s\u00fcdhessischen Ober-Ramstadt hat sich eine starke Position als innovativer Partner der produzierenden Industrie im Bereich der Kaltumformung aufgebaut.\" \/>\n<meta name=\"robots\" content=\"index, follow, max-snippet:-1, max-image-preview:large, max-video-preview:-1\" \/>\n<link rel=\"canonical\" href=\"https:\/\/www.baier-michels.com\/de\/ueber-uns\/die-bm-gruppe\/\" \/>\n<meta property=\"og:locale\" content=\"de_DE\" \/>\n<meta property=\"og:type\" content=\"article\" \/>\n<meta property=\"og:title\" content=\"\u00dcberblick - b&amp;m Homepage\" \/>\n<meta property=\"og:description\" content=\"Die global ausgerichtete b&amp;m-Gruppe mit Hauptsitz im s\u00fcdhessischen Ober-Ramstadt hat sich eine starke Position als innovativer Partner der produzierenden Industrie im Bereich der Kaltumformung aufgebaut.\" \/>\n<meta property=\"og:url\" content=\"https:\/\/www.baier-michels.com\/de\/ueber-uns\/die-bm-gruppe\/\" \/>\n<meta property=\"og:site_name\" content=\"b&amp;m Homepage\" \/>\n<meta property=\"article:modified_time\" content=\"2024-10-16T07:43:38+00:00\" \/>\n<meta name=\"twitter:card\" content=\"summary_large_image\" \/>\n<meta name=\"twitter:label1\" content=\"Gesch\u00e4tzte Lesezeit\" \/>\n\t<meta name=\"twitter:data1\" content=\"1\u00a0Minute\" \/>\n<script type=\"application\/ld+json\" class=\"yoast-schema-graph\">{\"@context\":\"https:\\\/\\\/schema.org\",\"@graph\":[{\"@type\":\"WebPage\",\"@id\":\"https:\\\/\\\/www.baier-michels.com\\\/de\\\/ueber-uns\\\/die-bm-gruppe\\\/\",\"url\":\"https:\\\/\\\/www.baier-michels.com\\\/de\\\/ueber-uns\\\/die-bm-gruppe\\\/\",\"name\":\"\u00dcberblick - b&amp;m Homepage\",\"isPartOf\":{\"@id\":\"https:\\\/\\\/www.baier-michels.com\\\/de\\\/#website\"},\"datePublished\":\"2023-07-24T23:00:00+00:00\",\"dateModified\":\"2024-10-16T07:43:38+00:00\",\"description\":\"Die global ausgerichtete b&m-Gruppe mit Hauptsitz im s\u00fcdhessischen Ober-Ramstadt hat sich eine starke Position als innovativer Partner der produzierenden Industrie im Bereich der Kaltumformung aufgebaut.\",\"breadcrumb\":{\"@id\":\"https:\\\/\\\/www.baier-michels.com\\\/de\\\/ueber-uns\\\/die-bm-gruppe\\\/#breadcrumb\"},\"inLanguage\":\"de\",\"potentialAction\":[{\"@type\":\"ReadAction\",\"target\":[\"https:\\\/\\\/www.baier-michels.com\\\/de\\\/ueber-uns\\\/die-bm-gruppe\\\/\"]}]},{\"@type\":\"BreadcrumbList\",\"@id\":\"https:\\\/\\\/www.baier-michels.com\\\/de\\\/ueber-uns\\\/die-bm-gruppe\\\/#breadcrumb\",\"itemListElement\":[{\"@type\":\"ListItem\",\"position\":1,\"name\":\"Startseite\",\"item\":\"https:\\\/\\\/www.baier-michels.com\\\/de\\\/\"},{\"@type\":\"ListItem\",\"position\":2,\"name\":\"\u00dcber uns\",\"item\":\"https:\\\/\\\/www.baier-michels.com\\\/de\\\/ueber-uns\\\/\"},{\"@type\":\"ListItem\",\"position\":3,\"name\":\"\u00dcberblick\"}]},{\"@type\":\"WebSite\",\"@id\":\"https:\\\/\\\/www.baier-michels.com\\\/de\\\/#website\",\"url\":\"https:\\\/\\\/www.baier-michels.com\\\/de\\\/\",\"name\":\"b&m\",\"description\":\"baier&amp;michels Gmbh &amp; Co KG\",\"publisher\":{\"@id\":\"https:\\\/\\\/www.baier-michels.com\\\/de\\\/#organization\"},\"potentialAction\":[{\"@type\":\"SearchAction\",\"target\":{\"@type\":\"EntryPoint\",\"urlTemplate\":\"https:\\\/\\\/www.baier-michels.com\\\/de\\\/?s={search_term_string}\"},\"query-input\":{\"@type\":\"PropertyValueSpecification\",\"valueRequired\":true,\"valueName\":\"search_term_string\"}}],\"inLanguage\":\"de\"},{\"@type\":\"Organization\",\"@id\":\"https:\\\/\\\/www.baier-michels.com\\\/de\\\/#organization\",\"name\":\"baier & michels GmbH & Co KG\",\"url\":\"https:\\\/\\\/www.baier-michels.com\\\/de\\\/\",\"logo\":{\"@type\":\"ImageObject\",\"inLanguage\":\"de\",\"@id\":\"https:\\\/\\\/www.baier-michels.com\\\/de\\\/#\\\/schema\\\/logo\\\/image\\\/\",\"url\":\"\",\"contentUrl\":\"\",\"caption\":\"baier & michels GmbH & Co KG\"},\"image\":{\"@id\":\"https:\\\/\\\/www.baier-michels.com\\\/de\\\/#\\\/schema\\\/logo\\\/image\\\/\"},\"sameAs\":[\"https:\\\/\\\/www.linkedin.com\\\/company\\\/baier-michels\\\/?viewAsMember=true\",\"https:\\\/\\\/www.youtube.com\\\/channel\\\/UCdBWm_HCAtCjxiFZWloFYGw?view_as=subscriber\"]}]}<\/script>\n<!-- \/ Yoast SEO plugin. -->","yoast_head_json":{"title":"\u00dcberblick - b&amp;m Homepage","description":"Die global ausgerichtete b&m-Gruppe mit Hauptsitz im s\u00fcdhessischen Ober-Ramstadt hat sich eine starke Position als innovativer Partner der produzierenden Industrie im Bereich der Kaltumformung aufgebaut.","robots":{"index":"index","follow":"follow","max-snippet":"max-snippet:-1","max-image-preview":"max-image-preview:large","max-video-preview":"max-video-preview:-1"},"canonical":"https:\/\/www.baier-michels.com\/de\/ueber-uns\/die-bm-gruppe\/","og_locale":"de_DE","og_type":"article","og_title":"\u00dcberblick - b&amp;m Homepage","og_description":"Die global ausgerichtete b&m-Gruppe mit Hauptsitz im s\u00fcdhessischen Ober-Ramstadt hat sich eine starke Position als innovativer Partner der produzierenden Industrie im Bereich der Kaltumformung aufgebaut.","og_url":"https:\/\/www.baier-michels.com\/de\/ueber-uns\/die-bm-gruppe\/","og_site_name":"b&amp;m Homepage","article_modified_time":"2024-10-16T07:43:38+00:00","twitter_card":"summary_large_image","twitter_misc":{"Gesch\u00e4tzte Lesezeit":"1\u00a0Minute"},"schema":{"@context":"https:\/\/schema.org","@graph":[{"@type":"WebPage","@id":"https:\/\/www.baier-michels.com\/de\/ueber-uns\/die-bm-gruppe\/","url":"https:\/\/www.baier-michels.com\/de\/ueber-uns\/die-bm-gruppe\/","name":"\u00dcberblick - b&amp;m Homepage","isPartOf":{"@id":"https:\/\/www.baier-michels.com\/de\/#website"},"datePublished":"2023-07-24T23:00:00+00:00","dateModified":"2024-10-16T07:43:38+00:00","description":"Die global ausgerichtete b&m-Gruppe mit Hauptsitz im s\u00fcdhessischen Ober-Ramstadt hat sich eine starke Position als innovativer Partner der produzierenden Industrie im Bereich der Kaltumformung aufgebaut.","breadcrumb":{"@id":"https:\/\/www.baier-michels.com\/de\/ueber-uns\/die-bm-gruppe\/#breadcrumb"},"inLanguage":"de","potentialAction":[{"@type":"ReadAction","target":["https:\/\/www.baier-michels.com\/de\/ueber-uns\/die-bm-gruppe\/"]}]},{"@type":"BreadcrumbList","@id":"https:\/\/www.baier-michels.com\/de\/ueber-uns\/die-bm-gruppe\/#breadcrumb","itemListElement":[{"@type":"ListItem","position":1,"name":"Startseite","item":"https:\/\/www.baier-michels.com\/de\/"},{"@type":"ListItem","position":2,"name":"\u00dcber uns","item":"https:\/\/www.baier-michels.com\/de\/ueber-uns\/"},{"@type":"ListItem","position":3,"name":"\u00dcberblick"}]},{"@type":"WebSite","@id":"https:\/\/www.baier-michels.com\/de\/#website","url":"https:\/\/www.baier-michels.com\/de\/","name":"b&m","description":"baier&amp;michels Gmbh &amp; Co KG","publisher":{"@id":"https:\/\/www.baier-michels.com\/de\/#organization"},"potentialAction":[{"@type":"SearchAction","target":{"@type":"EntryPoint","urlTemplate":"https:\/\/www.baier-michels.com\/de\/?s={search_term_string}"},"query-input":{"@type":"PropertyValueSpecification","valueRequired":true,"valueName":"search_term_string"}}],"inLanguage":"de"},{"@type":"Organization","@id":"https:\/\/www.baier-michels.com\/de\/#organization","name":"baier & michels GmbH & Co KG","url":"https:\/\/www.baier-michels.com\/de\/","logo":{"@type":"ImageObject","inLanguage":"de","@id":"https:\/\/www.baier-michels.com\/de\/#\/schema\/logo\/image\/","url":"","contentUrl":"","caption":"baier & michels GmbH & Co KG"},"image":{"@id":"https:\/\/www.baier-michels.com\/de\/#\/schema\/logo\/image\/"},"sameAs":["https:\/\/www.linkedin.com\/company\/baier-michels\/?viewAsMember=true","https:\/\/www.youtube.com\/channel\/UCdBWm_HCAtCjxiFZWloFYGw?view_as=subscriber"]}]}},"_links":{"self":[{"href":"https:\/\/www.baier-michels.com\/de\/wp-json\/wp\/v2\/pages\/9585","targetHints":{"allow":["GET"]}}],"collection":[{"href":"https:\/\/www.baier-michels.com\/de\/wp-json\/wp\/v2\/pages"}],"about":[{"href":"https:\/\/www.baier-michels.com\/de\/wp-json\/wp\/v2\/types\/page"}],"author":[{"embeddable":true,"href":"https:\/\/www.baier-michels.com\/de\/wp-json\/wp\/v2\/users\/1"}],"replies":[{"embeddable":true,"href":"https:\/\/www.baier-michels.com\/de\/wp-json\/wp\/v2\/comments?post=9585"}],"version-history":[{"count":0,"href":"https:\/\/www.baier-michels.com\/de\/wp-json\/wp\/v2\/pages\/9585\/revisions"}],"up":[{"embeddable":true,"href":"https:\/\/www.baier-michels.com\/de\/wp-json\/wp\/v2\/pages\/9751"}],"wp:attachment":[{"href":"https:\/\/www.baier-michels.com\/de\/wp-json\/wp\/v2\/media?parent=9585"}],"wp:term":[{"taxonomy":"category","embeddable":true,"href":"https:\/\/www.baier-michels.com\/de\/wp-json\/wp\/v2\/categories?post=9585"}],"curies":[{"name":"wp","href":"https:\/\/api.w.org\/{rel}","templated":true}]}}