{"id":9588,"date":"2023-07-25T00:00:00","date_gmt":"2023-07-24T23:00:00","guid":{"rendered":"http:\/\/bm.baier-michels.local\/bm-academy\/schulungsinstitut-bm-academy\/"},"modified":"2024-10-16T08:43:07","modified_gmt":"2024-10-16T07:43:07","slug":"schulungsinstitut-bm-academy","status":"publish","type":"page","link":"https:\/\/www.baier-michels.com\/de\/bm-academy\/schulungsinstitut-bm-academy\/","title":{"rendered":"Was ist b&#038;m Academy?"},"content":{"rendered":"<p>Die b&#038;m Academy ist ein von baier &#038; michels gegr\u00fcndetes Schulungsinstitut, dessen Aufgabe es ist, interessierte Anwender \u00fcber Grundlangen und Innovationen in den Bereichen Technik, Logistik und Qualit\u00e4t zu informieren und Ihnen ein Forum f\u00fcr praxisnahe Diskussionen zu bieten.<\/p>\n<p>Durch unsere globale Vernetzung k\u00f6nnen wir Schulungen weltweit bei Ihnen vor Ort oder im Hause b&#038;m durchf\u00fchren. In unserem modernen Technology Center am Standort Ober-Ramstadt k\u00f6nnen wir durch eine direkte Anbindung an unser Logistik-Zentrum und unsere Produktionslinie besonders gut praxisnahe Workshops durchf\u00fchren.<\/p>\n<p>Die b&#038;m Academy f\u00fchrt au\u00dferdem gezielte Fort- und Weiterbildungen f\u00fcr interessierte Mitarbeiter durch, wodurch wir hohe Wissensstandards innerhalb der b&#038;m-Gruppe erreichen.<\/p>\n","protected":false},"excerpt":{"rendered":"<p>Die b&#038;m Academy ist ein von baier &#038; michels gegr\u00fcndetes Schulungsinstitut, dessen Aufgabe es ist, interessierte Anwender \u00fcber Grundlangen und Innovationen in den Bereichen Technik, Logistik und Qualit\u00e4t zu informieren und Ihnen ein Forum f\u00fcr praxisnahe Diskussionen zu bieten. Durch unsere globale Vernetzung k\u00f6nnen wir Schulungen weltweit bei Ihnen vor Ort oder im Hause b&#038;m [&hellip;]<\/p>\n","protected":false},"author":1,"featured_media":0,"parent":9748,"menu_order":1,"comment_status":"closed","ping_status":"closed","template":"template_page_e2_nolink.php","meta":{"_acf_changed":false,"footnotes":""},"categories":[143,142,141,140],"class_list":["post-9588","page","type-page","status-publish","hentry","category-invest-in-yourself-de","category-logistics-4-0-de","category-qualitaet","category-technik"],"acf":[],"yoast_head":"<!-- This site is optimized with the Yoast SEO plugin v27.3 - https:\/\/yoast.com\/product\/yoast-seo-wordpress\/ -->\n<title>Was ist b&amp;m Academy? - b&amp;m Homepage<\/title>\n<meta name=\"description\" content=\"b&amp;m Academy ist Ihr Partner in Sachen Weiterbildung. Wir bieten Schulungen in den Bereichen Technik, Qualit\u00e4t, Logistik und pers\u00f6nliche Weiterbildung.\" \/>\n<meta name=\"robots\" content=\"index, follow, max-snippet:-1, max-image-preview:large, max-video-preview:-1\" \/>\n<link rel=\"canonical\" href=\"https:\/\/www.baier-michels.com\/de\/bm-academy\/schulungsinstitut-bm-academy\/\" \/>\n<meta property=\"og:locale\" content=\"de_DE\" \/>\n<meta property=\"og:type\" content=\"article\" \/>\n<meta property=\"og:title\" content=\"Was ist b&amp;m Academy? - b&amp;m Homepage\" \/>\n<meta property=\"og:description\" content=\"b&amp;m Academy ist Ihr Partner in Sachen Weiterbildung. Wir bieten Schulungen in den Bereichen Technik, Qualit\u00e4t, Logistik und pers\u00f6nliche Weiterbildung.\" \/>\n<meta property=\"og:url\" content=\"https:\/\/www.baier-michels.com\/de\/bm-academy\/schulungsinstitut-bm-academy\/\" \/>\n<meta property=\"og:site_name\" content=\"b&amp;m Homepage\" \/>\n<meta property=\"article:modified_time\" content=\"2024-10-16T07:43:07+00:00\" \/>\n<meta name=\"twitter:card\" content=\"summary_large_image\" \/>\n<meta name=\"twitter:label1\" content=\"Gesch\u00e4tzte Lesezeit\" \/>\n\t<meta name=\"twitter:data1\" content=\"1\u00a0Minute\" \/>\n<script type=\"application\/ld+json\" class=\"yoast-schema-graph\">{\"@context\":\"https:\\\/\\\/schema.org\",\"@graph\":[{\"@type\":\"WebPage\",\"@id\":\"https:\\\/\\\/www.baier-michels.com\\\/de\\\/bm-academy\\\/schulungsinstitut-bm-academy\\\/\",\"url\":\"https:\\\/\\\/www.baier-michels.com\\\/de\\\/bm-academy\\\/schulungsinstitut-bm-academy\\\/\",\"name\":\"Was ist b&m Academy? - b&amp;m Homepage\",\"isPartOf\":{\"@id\":\"https:\\\/\\\/www.baier-michels.com\\\/de\\\/#website\"},\"datePublished\":\"2023-07-24T23:00:00+00:00\",\"dateModified\":\"2024-10-16T07:43:07+00:00\",\"description\":\"b&m Academy ist Ihr Partner in Sachen Weiterbildung. Wir bieten Schulungen in den Bereichen Technik, Qualit\u00e4t, Logistik und pers\u00f6nliche Weiterbildung.\",\"breadcrumb\":{\"@id\":\"https:\\\/\\\/www.baier-michels.com\\\/de\\\/bm-academy\\\/schulungsinstitut-bm-academy\\\/#breadcrumb\"},\"inLanguage\":\"de\",\"potentialAction\":[{\"@type\":\"ReadAction\",\"target\":[\"https:\\\/\\\/www.baier-michels.com\\\/de\\\/bm-academy\\\/schulungsinstitut-bm-academy\\\/\"]}]},{\"@type\":\"BreadcrumbList\",\"@id\":\"https:\\\/\\\/www.baier-michels.com\\\/de\\\/bm-academy\\\/schulungsinstitut-bm-academy\\\/#breadcrumb\",\"itemListElement\":[{\"@type\":\"ListItem\",\"position\":1,\"name\":\"Startseite\",\"item\":\"https:\\\/\\\/www.baier-michels.com\\\/de\\\/\"},{\"@type\":\"ListItem\",\"position\":2,\"name\":\"b&#038;m Academy\",\"item\":\"https:\\\/\\\/www.baier-michels.com\\\/de\\\/bm-academy\\\/\"},{\"@type\":\"ListItem\",\"position\":3,\"name\":\"Was ist b&#038;m Academy?\"}]},{\"@type\":\"WebSite\",\"@id\":\"https:\\\/\\\/www.baier-michels.com\\\/de\\\/#website\",\"url\":\"https:\\\/\\\/www.baier-michels.com\\\/de\\\/\",\"name\":\"b&m\",\"description\":\"baier&amp;michels Gmbh &amp; Co KG\",\"publisher\":{\"@id\":\"https:\\\/\\\/www.baier-michels.com\\\/de\\\/#organization\"},\"potentialAction\":[{\"@type\":\"SearchAction\",\"target\":{\"@type\":\"EntryPoint\",\"urlTemplate\":\"https:\\\/\\\/www.baier-michels.com\\\/de\\\/?s={search_term_string}\"},\"query-input\":{\"@type\":\"PropertyValueSpecification\",\"valueRequired\":true,\"valueName\":\"search_term_string\"}}],\"inLanguage\":\"de\"},{\"@type\":\"Organization\",\"@id\":\"https:\\\/\\\/www.baier-michels.com\\\/de\\\/#organization\",\"name\":\"baier & michels GmbH & Co KG\",\"url\":\"https:\\\/\\\/www.baier-michels.com\\\/de\\\/\",\"logo\":{\"@type\":\"ImageObject\",\"inLanguage\":\"de\",\"@id\":\"https:\\\/\\\/www.baier-michels.com\\\/de\\\/#\\\/schema\\\/logo\\\/image\\\/\",\"url\":\"\",\"contentUrl\":\"\",\"caption\":\"baier & michels GmbH & Co KG\"},\"image\":{\"@id\":\"https:\\\/\\\/www.baier-michels.com\\\/de\\\/#\\\/schema\\\/logo\\\/image\\\/\"},\"sameAs\":[\"https:\\\/\\\/www.linkedin.com\\\/company\\\/baier-michels\\\/?viewAsMember=true\",\"https:\\\/\\\/www.youtube.com\\\/channel\\\/UCdBWm_HCAtCjxiFZWloFYGw?view_as=subscriber\"]}]}<\/script>\n<!-- \/ Yoast SEO plugin. -->","yoast_head_json":{"title":"Was ist b&m Academy? - b&amp;m Homepage","description":"b&m Academy ist Ihr Partner in Sachen Weiterbildung. Wir bieten Schulungen in den Bereichen Technik, Qualit\u00e4t, Logistik und pers\u00f6nliche Weiterbildung.","robots":{"index":"index","follow":"follow","max-snippet":"max-snippet:-1","max-image-preview":"max-image-preview:large","max-video-preview":"max-video-preview:-1"},"canonical":"https:\/\/www.baier-michels.com\/de\/bm-academy\/schulungsinstitut-bm-academy\/","og_locale":"de_DE","og_type":"article","og_title":"Was ist b&m Academy? - b&amp;m Homepage","og_description":"b&m Academy ist Ihr Partner in Sachen Weiterbildung. Wir bieten Schulungen in den Bereichen Technik, Qualit\u00e4t, Logistik und pers\u00f6nliche Weiterbildung.","og_url":"https:\/\/www.baier-michels.com\/de\/bm-academy\/schulungsinstitut-bm-academy\/","og_site_name":"b&amp;m Homepage","article_modified_time":"2024-10-16T07:43:07+00:00","twitter_card":"summary_large_image","twitter_misc":{"Gesch\u00e4tzte Lesezeit":"1\u00a0Minute"},"schema":{"@context":"https:\/\/schema.org","@graph":[{"@type":"WebPage","@id":"https:\/\/www.baier-michels.com\/de\/bm-academy\/schulungsinstitut-bm-academy\/","url":"https:\/\/www.baier-michels.com\/de\/bm-academy\/schulungsinstitut-bm-academy\/","name":"Was ist b&m Academy? - b&amp;m Homepage","isPartOf":{"@id":"https:\/\/www.baier-michels.com\/de\/#website"},"datePublished":"2023-07-24T23:00:00+00:00","dateModified":"2024-10-16T07:43:07+00:00","description":"b&m Academy ist Ihr Partner in Sachen Weiterbildung. Wir bieten Schulungen in den Bereichen Technik, Qualit\u00e4t, Logistik und pers\u00f6nliche Weiterbildung.","breadcrumb":{"@id":"https:\/\/www.baier-michels.com\/de\/bm-academy\/schulungsinstitut-bm-academy\/#breadcrumb"},"inLanguage":"de","potentialAction":[{"@type":"ReadAction","target":["https:\/\/www.baier-michels.com\/de\/bm-academy\/schulungsinstitut-bm-academy\/"]}]},{"@type":"BreadcrumbList","@id":"https:\/\/www.baier-michels.com\/de\/bm-academy\/schulungsinstitut-bm-academy\/#breadcrumb","itemListElement":[{"@type":"ListItem","position":1,"name":"Startseite","item":"https:\/\/www.baier-michels.com\/de\/"},{"@type":"ListItem","position":2,"name":"b&#038;m Academy","item":"https:\/\/www.baier-michels.com\/de\/bm-academy\/"},{"@type":"ListItem","position":3,"name":"Was ist b&#038;m Academy?"}]},{"@type":"WebSite","@id":"https:\/\/www.baier-michels.com\/de\/#website","url":"https:\/\/www.baier-michels.com\/de\/","name":"b&m","description":"baier&amp;michels Gmbh &amp; Co KG","publisher":{"@id":"https:\/\/www.baier-michels.com\/de\/#organization"},"potentialAction":[{"@type":"SearchAction","target":{"@type":"EntryPoint","urlTemplate":"https:\/\/www.baier-michels.com\/de\/?s={search_term_string}"},"query-input":{"@type":"PropertyValueSpecification","valueRequired":true,"valueName":"search_term_string"}}],"inLanguage":"de"},{"@type":"Organization","@id":"https:\/\/www.baier-michels.com\/de\/#organization","name":"baier & michels GmbH & Co KG","url":"https:\/\/www.baier-michels.com\/de\/","logo":{"@type":"ImageObject","inLanguage":"de","@id":"https:\/\/www.baier-michels.com\/de\/#\/schema\/logo\/image\/","url":"","contentUrl":"","caption":"baier & michels GmbH & Co KG"},"image":{"@id":"https:\/\/www.baier-michels.com\/de\/#\/schema\/logo\/image\/"},"sameAs":["https:\/\/www.linkedin.com\/company\/baier-michels\/?viewAsMember=true","https:\/\/www.youtube.com\/channel\/UCdBWm_HCAtCjxiFZWloFYGw?view_as=subscriber"]}]}},"_links":{"self":[{"href":"https:\/\/www.baier-michels.com\/de\/wp-json\/wp\/v2\/pages\/9588","targetHints":{"allow":["GET"]}}],"collection":[{"href":"https:\/\/www.baier-michels.com\/de\/wp-json\/wp\/v2\/pages"}],"about":[{"href":"https:\/\/www.baier-michels.com\/de\/wp-json\/wp\/v2\/types\/page"}],"author":[{"embeddable":true,"href":"https:\/\/www.baier-michels.com\/de\/wp-json\/wp\/v2\/users\/1"}],"replies":[{"embeddable":true,"href":"https:\/\/www.baier-michels.com\/de\/wp-json\/wp\/v2\/comments?post=9588"}],"version-history":[{"count":0,"href":"https:\/\/www.baier-michels.com\/de\/wp-json\/wp\/v2\/pages\/9588\/revisions"}],"up":[{"embeddable":true,"href":"https:\/\/www.baier-michels.com\/de\/wp-json\/wp\/v2\/pages\/9748"}],"wp:attachment":[{"href":"https:\/\/www.baier-michels.com\/de\/wp-json\/wp\/v2\/media?parent=9588"}],"wp:term":[{"taxonomy":"category","embeddable":true,"href":"https:\/\/www.baier-michels.com\/de\/wp-json\/wp\/v2\/categories?post=9588"}],"curies":[{"name":"wp","href":"https:\/\/api.w.org\/{rel}","templated":true}]}}