{"id":9591,"date":"2023-07-25T00:00:00","date_gmt":"2023-07-24T23:00:00","guid":{"rendered":"http:\/\/bm.baier-michels.local\/karriere\/werden-sie-teil-des-teams\/"},"modified":"2025-04-15T09:07:15","modified_gmt":"2025-04-15T08:07:15","slug":"werden-sie-teil-des-teams","status":"publish","type":"page","link":"https:\/\/www.baier-michels.com\/de\/karriere\/werden-sie-teil-des-teams\/","title":{"rendered":"Werden Sie Teil des Teams"},"content":{"rendered":"<p>Die baier &amp; michels-Gruppe mit Sitz in Ober-Ramstadt wurde 1932 gegr\u00fcndet und hat sich seit dieser Zeit als innovatives Unternehmen im Bereich Verbindungstechnik am Markt etabliert. Mit \u00fcber 500 Mitarbeitern an 9 Standorten weltweit sind wir global vernetzt und bieten Ihnen individuelle Perspektiven in einem absoluten Zukunftsmarkt.<\/p>\n<p>Wir bieten Ihnen einen modernen, top ausgestatteten und sicheren Arbeitsplatz mit vielf\u00e4ltigen M\u00f6glichkeiten zur Weiterentwicklung. Dabei finden Sie sich in einem hoch motivierten Team wieder, das Spa\u00df an der Arbeit hat.<\/p>\n\n\n <p>Einen \u00dcberblick \u00fcber die aktuelle Ausschreibungen erhalten sie im Bereich <a href=\"https:\/\/career.baier-michels.com\/jobportal\/#!\/portal\">Offene Stellen <i class=\"ai-external-link\"><\/i><\/a><\/p>\n","protected":false},"excerpt":{"rendered":"<p>Die baier &amp; michels-Gruppe mit Sitz in Ober-Ramstadt wurde 1932 gegr\u00fcndet und hat sich seit dieser Zeit als innovatives Unternehmen im Bereich Verbindungstechnik am Markt etabliert. Mit \u00fcber 500 Mitarbeitern an 9 Standorten weltweit sind wir global vernetzt und bieten Ihnen individuelle Perspektiven in einem absoluten Zukunftsmarkt. Wir bieten Ihnen einen modernen, top ausgestatteten und [&hellip;]<\/p>\n","protected":false},"author":1,"featured_media":0,"parent":9750,"menu_order":1,"comment_status":"closed","ping_status":"closed","template":"template_page_e2_nolink.php","meta":{"_acf_changed":false,"footnotes":""},"categories":[],"class_list":["post-9591","page","type-page","status-publish","hentry"],"acf":[],"yoast_head":"<!-- This site is optimized with the Yoast SEO plugin v27.3 - https:\/\/yoast.com\/product\/yoast-seo-wordpress\/ -->\n<title>Werden Sie Teil des Teams - b&amp;m Homepage<\/title>\n<meta name=\"robots\" content=\"index, follow, max-snippet:-1, max-image-preview:large, max-video-preview:-1\" \/>\n<link rel=\"canonical\" href=\"https:\/\/www.baier-michels.com\/de\/karriere\/werden-sie-teil-des-teams\/\" \/>\n<meta property=\"og:locale\" content=\"de_DE\" \/>\n<meta property=\"og:type\" content=\"article\" \/>\n<meta property=\"og:title\" content=\"Werden Sie Teil des Teams - b&amp;m Homepage\" \/>\n<meta property=\"og:description\" content=\"Die baier &amp; michels-Gruppe mit Sitz in Ober-Ramstadt wurde 1932 gegr\u00fcndet und hat sich seit dieser Zeit als innovatives Unternehmen im Bereich Verbindungstechnik am Markt etabliert. Mit \u00fcber 500 Mitarbeitern an 9 Standorten weltweit sind wir global vernetzt und bieten Ihnen individuelle Perspektiven in einem absoluten Zukunftsmarkt. Wir bieten Ihnen einen modernen, top ausgestatteten und [&hellip;]\" \/>\n<meta property=\"og:url\" content=\"https:\/\/www.baier-michels.com\/de\/karriere\/werden-sie-teil-des-teams\/\" \/>\n<meta property=\"og:site_name\" content=\"b&amp;m Homepage\" \/>\n<meta property=\"article:modified_time\" content=\"2025-04-15T08:07:15+00:00\" \/>\n<meta name=\"twitter:card\" content=\"summary_large_image\" \/>\n<meta name=\"twitter:label1\" content=\"Gesch\u00e4tzte Lesezeit\" \/>\n\t<meta name=\"twitter:data1\" content=\"1\u00a0Minute\" \/>\n<script type=\"application\/ld+json\" class=\"yoast-schema-graph\">{\"@context\":\"https:\\\/\\\/schema.org\",\"@graph\":[{\"@type\":\"WebPage\",\"@id\":\"https:\\\/\\\/www.baier-michels.com\\\/de\\\/karriere\\\/werden-sie-teil-des-teams\\\/\",\"url\":\"https:\\\/\\\/www.baier-michels.com\\\/de\\\/karriere\\\/werden-sie-teil-des-teams\\\/\",\"name\":\"Werden Sie Teil des Teams - b&amp;m Homepage\",\"isPartOf\":{\"@id\":\"https:\\\/\\\/www.baier-michels.com\\\/de\\\/#website\"},\"datePublished\":\"2023-07-24T23:00:00+00:00\",\"dateModified\":\"2025-04-15T08:07:15+00:00\",\"breadcrumb\":{\"@id\":\"https:\\\/\\\/www.baier-michels.com\\\/de\\\/karriere\\\/werden-sie-teil-des-teams\\\/#breadcrumb\"},\"inLanguage\":\"de\",\"potentialAction\":[{\"@type\":\"ReadAction\",\"target\":[\"https:\\\/\\\/www.baier-michels.com\\\/de\\\/karriere\\\/werden-sie-teil-des-teams\\\/\"]}]},{\"@type\":\"BreadcrumbList\",\"@id\":\"https:\\\/\\\/www.baier-michels.com\\\/de\\\/karriere\\\/werden-sie-teil-des-teams\\\/#breadcrumb\",\"itemListElement\":[{\"@type\":\"ListItem\",\"position\":1,\"name\":\"Startseite\",\"item\":\"https:\\\/\\\/www.baier-michels.com\\\/de\\\/\"},{\"@type\":\"ListItem\",\"position\":2,\"name\":\"Karriere\",\"item\":\"https:\\\/\\\/www.baier-michels.com\\\/de\\\/karriere\\\/\"},{\"@type\":\"ListItem\",\"position\":3,\"name\":\"Werden Sie Teil des Teams\"}]},{\"@type\":\"WebSite\",\"@id\":\"https:\\\/\\\/www.baier-michels.com\\\/de\\\/#website\",\"url\":\"https:\\\/\\\/www.baier-michels.com\\\/de\\\/\",\"name\":\"b&m\",\"description\":\"baier&amp;michels Gmbh &amp; Co KG\",\"publisher\":{\"@id\":\"https:\\\/\\\/www.baier-michels.com\\\/de\\\/#organization\"},\"potentialAction\":[{\"@type\":\"SearchAction\",\"target\":{\"@type\":\"EntryPoint\",\"urlTemplate\":\"https:\\\/\\\/www.baier-michels.com\\\/de\\\/?s={search_term_string}\"},\"query-input\":{\"@type\":\"PropertyValueSpecification\",\"valueRequired\":true,\"valueName\":\"search_term_string\"}}],\"inLanguage\":\"de\"},{\"@type\":\"Organization\",\"@id\":\"https:\\\/\\\/www.baier-michels.com\\\/de\\\/#organization\",\"name\":\"baier & michels GmbH & Co KG\",\"url\":\"https:\\\/\\\/www.baier-michels.com\\\/de\\\/\",\"logo\":{\"@type\":\"ImageObject\",\"inLanguage\":\"de\",\"@id\":\"https:\\\/\\\/www.baier-michels.com\\\/de\\\/#\\\/schema\\\/logo\\\/image\\\/\",\"url\":\"\",\"contentUrl\":\"\",\"caption\":\"baier & michels GmbH & Co KG\"},\"image\":{\"@id\":\"https:\\\/\\\/www.baier-michels.com\\\/de\\\/#\\\/schema\\\/logo\\\/image\\\/\"},\"sameAs\":[\"https:\\\/\\\/www.linkedin.com\\\/company\\\/baier-michels\\\/?viewAsMember=true\",\"https:\\\/\\\/www.youtube.com\\\/channel\\\/UCdBWm_HCAtCjxiFZWloFYGw?view_as=subscriber\"]}]}<\/script>\n<!-- \/ Yoast SEO plugin. -->","yoast_head_json":{"title":"Werden Sie Teil des Teams - b&amp;m Homepage","robots":{"index":"index","follow":"follow","max-snippet":"max-snippet:-1","max-image-preview":"max-image-preview:large","max-video-preview":"max-video-preview:-1"},"canonical":"https:\/\/www.baier-michels.com\/de\/karriere\/werden-sie-teil-des-teams\/","og_locale":"de_DE","og_type":"article","og_title":"Werden Sie Teil des Teams - b&amp;m Homepage","og_description":"Die baier &amp; michels-Gruppe mit Sitz in Ober-Ramstadt wurde 1932 gegr\u00fcndet und hat sich seit dieser Zeit als innovatives Unternehmen im Bereich Verbindungstechnik am Markt etabliert. Mit \u00fcber 500 Mitarbeitern an 9 Standorten weltweit sind wir global vernetzt und bieten Ihnen individuelle Perspektiven in einem absoluten Zukunftsmarkt. Wir bieten Ihnen einen modernen, top ausgestatteten und [&hellip;]","og_url":"https:\/\/www.baier-michels.com\/de\/karriere\/werden-sie-teil-des-teams\/","og_site_name":"b&amp;m Homepage","article_modified_time":"2025-04-15T08:07:15+00:00","twitter_card":"summary_large_image","twitter_misc":{"Gesch\u00e4tzte Lesezeit":"1\u00a0Minute"},"schema":{"@context":"https:\/\/schema.org","@graph":[{"@type":"WebPage","@id":"https:\/\/www.baier-michels.com\/de\/karriere\/werden-sie-teil-des-teams\/","url":"https:\/\/www.baier-michels.com\/de\/karriere\/werden-sie-teil-des-teams\/","name":"Werden Sie Teil des Teams - b&amp;m Homepage","isPartOf":{"@id":"https:\/\/www.baier-michels.com\/de\/#website"},"datePublished":"2023-07-24T23:00:00+00:00","dateModified":"2025-04-15T08:07:15+00:00","breadcrumb":{"@id":"https:\/\/www.baier-michels.com\/de\/karriere\/werden-sie-teil-des-teams\/#breadcrumb"},"inLanguage":"de","potentialAction":[{"@type":"ReadAction","target":["https:\/\/www.baier-michels.com\/de\/karriere\/werden-sie-teil-des-teams\/"]}]},{"@type":"BreadcrumbList","@id":"https:\/\/www.baier-michels.com\/de\/karriere\/werden-sie-teil-des-teams\/#breadcrumb","itemListElement":[{"@type":"ListItem","position":1,"name":"Startseite","item":"https:\/\/www.baier-michels.com\/de\/"},{"@type":"ListItem","position":2,"name":"Karriere","item":"https:\/\/www.baier-michels.com\/de\/karriere\/"},{"@type":"ListItem","position":3,"name":"Werden Sie Teil des Teams"}]},{"@type":"WebSite","@id":"https:\/\/www.baier-michels.com\/de\/#website","url":"https:\/\/www.baier-michels.com\/de\/","name":"b&m","description":"baier&amp;michels Gmbh &amp; Co KG","publisher":{"@id":"https:\/\/www.baier-michels.com\/de\/#organization"},"potentialAction":[{"@type":"SearchAction","target":{"@type":"EntryPoint","urlTemplate":"https:\/\/www.baier-michels.com\/de\/?s={search_term_string}"},"query-input":{"@type":"PropertyValueSpecification","valueRequired":true,"valueName":"search_term_string"}}],"inLanguage":"de"},{"@type":"Organization","@id":"https:\/\/www.baier-michels.com\/de\/#organization","name":"baier & michels GmbH & Co KG","url":"https:\/\/www.baier-michels.com\/de\/","logo":{"@type":"ImageObject","inLanguage":"de","@id":"https:\/\/www.baier-michels.com\/de\/#\/schema\/logo\/image\/","url":"","contentUrl":"","caption":"baier & michels GmbH & Co KG"},"image":{"@id":"https:\/\/www.baier-michels.com\/de\/#\/schema\/logo\/image\/"},"sameAs":["https:\/\/www.linkedin.com\/company\/baier-michels\/?viewAsMember=true","https:\/\/www.youtube.com\/channel\/UCdBWm_HCAtCjxiFZWloFYGw?view_as=subscriber"]}]}},"_links":{"self":[{"href":"https:\/\/www.baier-michels.com\/de\/wp-json\/wp\/v2\/pages\/9591","targetHints":{"allow":["GET"]}}],"collection":[{"href":"https:\/\/www.baier-michels.com\/de\/wp-json\/wp\/v2\/pages"}],"about":[{"href":"https:\/\/www.baier-michels.com\/de\/wp-json\/wp\/v2\/types\/page"}],"author":[{"embeddable":true,"href":"https:\/\/www.baier-michels.com\/de\/wp-json\/wp\/v2\/users\/1"}],"replies":[{"embeddable":true,"href":"https:\/\/www.baier-michels.com\/de\/wp-json\/wp\/v2\/comments?post=9591"}],"version-history":[{"count":3,"href":"https:\/\/www.baier-michels.com\/de\/wp-json\/wp\/v2\/pages\/9591\/revisions"}],"predecessor-version":[{"id":16323,"href":"https:\/\/www.baier-michels.com\/de\/wp-json\/wp\/v2\/pages\/9591\/revisions\/16323"}],"up":[{"embeddable":true,"href":"https:\/\/www.baier-michels.com\/de\/wp-json\/wp\/v2\/pages\/9750"}],"wp:attachment":[{"href":"https:\/\/www.baier-michels.com\/de\/wp-json\/wp\/v2\/media?parent=9591"}],"wp:term":[{"taxonomy":"category","embeddable":true,"href":"https:\/\/www.baier-michels.com\/de\/wp-json\/wp\/v2\/categories?post=9591"}],"curies":[{"name":"wp","href":"https:\/\/api.w.org\/{rel}","templated":true}]}}