{"id":9595,"date":"2023-07-25T00:00:00","date_gmt":"2023-07-24T23:00:00","guid":{"rendered":"http:\/\/bm.baier-michels.local\/bm-goes-green\/bm-port-erklaert\/"},"modified":"2024-10-16T08:43:38","modified_gmt":"2024-10-16T07:43:38","slug":"bm-port-erklaert","status":"publish","type":"page","link":"https:\/\/www.baier-michels.com\/de\/bm-port-erklaert\/","title":{"rendered":"b&#038;m-PORT<sup class=\"copyright\">\u00ae<\/sup>"},"content":{"rendered":"<p>Das Online-Portal bietet Ihnen eine gro\u00dfe \u00dcbersicht unserer Produktpalette und zeigt neue sowie kosteng\u00fcnstigere Alternativen auf. Weltweite automobile Standards und Innovationen, DIN- und Norm-Teile sowie Ihr eigenes Produktportfolio stehen Ihnen rund um die Uhr, weltweit zur Verf\u00fcgung. <\/p>\n<p>Zus\u00e4tzlich integriert b&#038;m-PORT<sup class=\"copyright\">\u00ae<\/sup> alle wichtigen Informationen zu Ihrem pers\u00f6nlichen Verbindungsteil. Auch Zeichnungen, 3D-Modelle und Einbauempfehlungen stehen Ihnen hier jederzeit zur Verf\u00fcgung.<\/p>\n","protected":false},"excerpt":{"rendered":"<p>Das Online-Portal bietet Ihnen eine gro\u00dfe \u00dcbersicht unserer Produktpalette und zeigt neue sowie kosteng\u00fcnstigere Alternativen auf. Weltweite automobile Standards und Innovationen, DIN- und Norm-Teile sowie Ihr eigenes Produktportfolio stehen Ihnen rund um die Uhr, weltweit zur Verf\u00fcgung. Zus\u00e4tzlich integriert b&#038;m-PORT\u00ae alle wichtigen Informationen zu Ihrem pers\u00f6nlichen Verbindungsteil. Auch Zeichnungen, 3D-Modelle und Einbauempfehlungen stehen Ihnen hier [&hellip;]<\/p>\n","protected":false},"author":1,"featured_media":0,"parent":0,"menu_order":2,"comment_status":"closed","ping_status":"closed","template":"template_page_e2.php","meta":{"_acf_changed":false,"footnotes":""},"categories":[],"class_list":["post-9595","page","type-page","status-publish","hentry"],"acf":[],"yoast_head":"<!-- This site is optimized with the Yoast SEO plugin v27.4 - https:\/\/yoast.com\/product\/yoast-seo-wordpress\/ -->\n<title>b&amp;m-PORT\u00ae - b&amp;m Homepage<\/title>\n<meta name=\"description\" content=\"Das b&amp;m-PORT\u00ae ist ein von baier &amp; michels entwickeltes Online Tool, das unsere Kunden nachhaltig bei der Standardisierung von C-Teilen und Programmen\u2026\" \/>\n<meta name=\"robots\" content=\"index, follow, max-snippet:-1, max-image-preview:large, max-video-preview:-1\" \/>\n<link rel=\"canonical\" href=\"https:\/\/www.baier-michels.com\/de\/bm-port-erklaert\/\" \/>\n<meta property=\"og:locale\" content=\"de_DE\" \/>\n<meta property=\"og:type\" content=\"article\" \/>\n<meta property=\"og:title\" content=\"b&amp;m-PORT\u00ae - b&amp;m Homepage\" \/>\n<meta property=\"og:description\" content=\"Das b&amp;m-PORT\u00ae ist ein von baier &amp; michels entwickeltes Online Tool, das unsere Kunden nachhaltig bei der Standardisierung von C-Teilen und Programmen\u2026\" \/>\n<meta property=\"og:url\" content=\"https:\/\/www.baier-michels.com\/de\/bm-port-erklaert\/\" \/>\n<meta property=\"og:site_name\" content=\"b&amp;m Homepage\" \/>\n<meta property=\"article:modified_time\" content=\"2024-10-16T07:43:38+00:00\" \/>\n<meta name=\"twitter:card\" content=\"summary_large_image\" \/>\n<script type=\"application\/ld+json\" class=\"yoast-schema-graph\">{\"@context\":\"https:\\\/\\\/schema.org\",\"@graph\":[{\"@type\":\"WebPage\",\"@id\":\"https:\\\/\\\/www.baier-michels.com\\\/de\\\/bm-port-erklaert\\\/\",\"url\":\"https:\\\/\\\/www.baier-michels.com\\\/de\\\/bm-port-erklaert\\\/\",\"name\":\"b&m-PORT\u00ae - b&amp;m Homepage\",\"isPartOf\":{\"@id\":\"https:\\\/\\\/www.baier-michels.com\\\/de\\\/#website\"},\"datePublished\":\"2023-07-24T23:00:00+00:00\",\"dateModified\":\"2024-10-16T07:43:38+00:00\",\"description\":\"Das b&m-PORT\u00ae ist ein von baier & michels entwickeltes Online Tool, das unsere Kunden nachhaltig bei der Standardisierung von C-Teilen und Programmen\u2026\",\"breadcrumb\":{\"@id\":\"https:\\\/\\\/www.baier-michels.com\\\/de\\\/bm-port-erklaert\\\/#breadcrumb\"},\"inLanguage\":\"de\",\"potentialAction\":[{\"@type\":\"ReadAction\",\"target\":[\"https:\\\/\\\/www.baier-michels.com\\\/de\\\/bm-port-erklaert\\\/\"]}]},{\"@type\":\"BreadcrumbList\",\"@id\":\"https:\\\/\\\/www.baier-michels.com\\\/de\\\/bm-port-erklaert\\\/#breadcrumb\",\"itemListElement\":[{\"@type\":\"ListItem\",\"position\":1,\"name\":\"Startseite\",\"item\":\"https:\\\/\\\/www.baier-michels.com\\\/de\\\/\"},{\"@type\":\"ListItem\",\"position\":2,\"name\":\"b&#038;m-PORT\u00ae\"}]},{\"@type\":\"WebSite\",\"@id\":\"https:\\\/\\\/www.baier-michels.com\\\/de\\\/#website\",\"url\":\"https:\\\/\\\/www.baier-michels.com\\\/de\\\/\",\"name\":\"b&m\",\"description\":\"baier&amp;michels Gmbh &amp; Co KG\",\"publisher\":{\"@id\":\"https:\\\/\\\/www.baier-michels.com\\\/de\\\/#organization\"},\"potentialAction\":[{\"@type\":\"SearchAction\",\"target\":{\"@type\":\"EntryPoint\",\"urlTemplate\":\"https:\\\/\\\/www.baier-michels.com\\\/de\\\/?s={search_term_string}\"},\"query-input\":{\"@type\":\"PropertyValueSpecification\",\"valueRequired\":true,\"valueName\":\"search_term_string\"}}],\"inLanguage\":\"de\"},{\"@type\":\"Organization\",\"@id\":\"https:\\\/\\\/www.baier-michels.com\\\/de\\\/#organization\",\"name\":\"baier & michels GmbH & Co KG\",\"url\":\"https:\\\/\\\/www.baier-michels.com\\\/de\\\/\",\"logo\":{\"@type\":\"ImageObject\",\"inLanguage\":\"de\",\"@id\":\"https:\\\/\\\/www.baier-michels.com\\\/de\\\/#\\\/schema\\\/logo\\\/image\\\/\",\"url\":\"\",\"contentUrl\":\"\",\"caption\":\"baier & michels GmbH & Co KG\"},\"image\":{\"@id\":\"https:\\\/\\\/www.baier-michels.com\\\/de\\\/#\\\/schema\\\/logo\\\/image\\\/\"},\"sameAs\":[\"https:\\\/\\\/www.linkedin.com\\\/company\\\/baier-michels\\\/?viewAsMember=true\",\"https:\\\/\\\/www.youtube.com\\\/channel\\\/UCdBWm_HCAtCjxiFZWloFYGw?view_as=subscriber\"]}]}<\/script>\n<!-- \/ Yoast SEO plugin. -->","yoast_head_json":{"title":"b&m-PORT\u00ae - b&amp;m Homepage","description":"Das b&m-PORT\u00ae ist ein von baier & michels entwickeltes Online Tool, das unsere Kunden nachhaltig bei der Standardisierung von C-Teilen und Programmen\u2026","robots":{"index":"index","follow":"follow","max-snippet":"max-snippet:-1","max-image-preview":"max-image-preview:large","max-video-preview":"max-video-preview:-1"},"canonical":"https:\/\/www.baier-michels.com\/de\/bm-port-erklaert\/","og_locale":"de_DE","og_type":"article","og_title":"b&m-PORT\u00ae - b&amp;m Homepage","og_description":"Das b&m-PORT\u00ae ist ein von baier & michels entwickeltes Online Tool, das unsere Kunden nachhaltig bei der Standardisierung von C-Teilen und Programmen\u2026","og_url":"https:\/\/www.baier-michels.com\/de\/bm-port-erklaert\/","og_site_name":"b&amp;m Homepage","article_modified_time":"2024-10-16T07:43:38+00:00","twitter_card":"summary_large_image","schema":{"@context":"https:\/\/schema.org","@graph":[{"@type":"WebPage","@id":"https:\/\/www.baier-michels.com\/de\/bm-port-erklaert\/","url":"https:\/\/www.baier-michels.com\/de\/bm-port-erklaert\/","name":"b&m-PORT\u00ae - b&amp;m Homepage","isPartOf":{"@id":"https:\/\/www.baier-michels.com\/de\/#website"},"datePublished":"2023-07-24T23:00:00+00:00","dateModified":"2024-10-16T07:43:38+00:00","description":"Das b&m-PORT\u00ae ist ein von baier & michels entwickeltes Online Tool, das unsere Kunden nachhaltig bei der Standardisierung von C-Teilen und Programmen\u2026","breadcrumb":{"@id":"https:\/\/www.baier-michels.com\/de\/bm-port-erklaert\/#breadcrumb"},"inLanguage":"de","potentialAction":[{"@type":"ReadAction","target":["https:\/\/www.baier-michels.com\/de\/bm-port-erklaert\/"]}]},{"@type":"BreadcrumbList","@id":"https:\/\/www.baier-michels.com\/de\/bm-port-erklaert\/#breadcrumb","itemListElement":[{"@type":"ListItem","position":1,"name":"Startseite","item":"https:\/\/www.baier-michels.com\/de\/"},{"@type":"ListItem","position":2,"name":"b&#038;m-PORT\u00ae"}]},{"@type":"WebSite","@id":"https:\/\/www.baier-michels.com\/de\/#website","url":"https:\/\/www.baier-michels.com\/de\/","name":"b&m","description":"baier&amp;michels Gmbh &amp; Co KG","publisher":{"@id":"https:\/\/www.baier-michels.com\/de\/#organization"},"potentialAction":[{"@type":"SearchAction","target":{"@type":"EntryPoint","urlTemplate":"https:\/\/www.baier-michels.com\/de\/?s={search_term_string}"},"query-input":{"@type":"PropertyValueSpecification","valueRequired":true,"valueName":"search_term_string"}}],"inLanguage":"de"},{"@type":"Organization","@id":"https:\/\/www.baier-michels.com\/de\/#organization","name":"baier & michels GmbH & Co KG","url":"https:\/\/www.baier-michels.com\/de\/","logo":{"@type":"ImageObject","inLanguage":"de","@id":"https:\/\/www.baier-michels.com\/de\/#\/schema\/logo\/image\/","url":"","contentUrl":"","caption":"baier & michels GmbH & Co KG"},"image":{"@id":"https:\/\/www.baier-michels.com\/de\/#\/schema\/logo\/image\/"},"sameAs":["https:\/\/www.linkedin.com\/company\/baier-michels\/?viewAsMember=true","https:\/\/www.youtube.com\/channel\/UCdBWm_HCAtCjxiFZWloFYGw?view_as=subscriber"]}]}},"_links":{"self":[{"href":"https:\/\/www.baier-michels.com\/de\/wp-json\/wp\/v2\/pages\/9595","targetHints":{"allow":["GET"]}}],"collection":[{"href":"https:\/\/www.baier-michels.com\/de\/wp-json\/wp\/v2\/pages"}],"about":[{"href":"https:\/\/www.baier-michels.com\/de\/wp-json\/wp\/v2\/types\/page"}],"author":[{"embeddable":true,"href":"https:\/\/www.baier-michels.com\/de\/wp-json\/wp\/v2\/users\/1"}],"replies":[{"embeddable":true,"href":"https:\/\/www.baier-michels.com\/de\/wp-json\/wp\/v2\/comments?post=9595"}],"version-history":[{"count":0,"href":"https:\/\/www.baier-michels.com\/de\/wp-json\/wp\/v2\/pages\/9595\/revisions"}],"wp:attachment":[{"href":"https:\/\/www.baier-michels.com\/de\/wp-json\/wp\/v2\/media?parent=9595"}],"wp:term":[{"taxonomy":"category","embeddable":true,"href":"https:\/\/www.baier-michels.com\/de\/wp-json\/wp\/v2\/categories?post=9595"}],"curies":[{"name":"wp","href":"https:\/\/api.w.org\/{rel}","templated":true}]}}