{"id":9596,"date":"2023-07-25T00:00:00","date_gmt":"2023-07-24T23:00:00","guid":{"rendered":"http:\/\/bm.baier-michels.local\/bm-goes-green\/prototyping-4-0\/"},"modified":"2024-10-16T08:43:38","modified_gmt":"2024-10-16T07:43:38","slug":"prototyping-4-0","status":"publish","type":"page","link":"https:\/\/www.baier-michels.com\/de\/prototyping-4-0\/","title":{"rendered":"Prototyping 4.0"},"content":{"rendered":"<p>Die Kombination des b&#038;m-PORT<sup class=\"copyright\">\u00ae<\/sup> und des b&#038;m-SHOWCASE erm\u00f6glicht es Ihrem Engineering Team und der R&#038;D Abteilung, die Standardisierung Ihrer C-Teile voranzutreiben.<br \/>\nMit Hilfe des b&#038;m-SHOWCASE sind unsere Produkte direkt bei Ihnen vor Ort verf\u00fcgbar. Sie k\u00f6nnen verschiedene Abmessungen und Materialvarianten testen, um festzustellen welche Ausf\u00fchrung zu Ihrer Anwendung passt.<br \/>\nWenn Sie sich f\u00fcr einen Artikel interessieren, k\u00f6nnen Sie die Artikelnummer des passenden Teils in unser b&#038;m-PORT<sup class=\"copyright\">\u00ae<\/sup> eingeben und erhalten viele n\u00fctzliche Informationen wie Zeichnungen, 3D-Daten, Konstruktions- und Verarbeitungsempfehlungen.<br \/>\nDie Kombination aus den physikalisch verf\u00fcgbaren Teilen und den online verf\u00fcgbaren Daten erleichtert Ihnen die Suche nach dem passenden Verbindungsteil.<\/p>\n","protected":false},"excerpt":{"rendered":"<p>Die Kombination des b&#038;m-PORT\u00ae und des b&#038;m-SHOWCASE erm\u00f6glicht es Ihrem Engineering Team und der R&#038;D Abteilung, die Standardisierung Ihrer C-Teile voranzutreiben. Mit Hilfe des b&#038;m-SHOWCASE sind unsere Produkte direkt bei Ihnen vor Ort verf\u00fcgbar. Sie k\u00f6nnen verschiedene Abmessungen und Materialvarianten testen, um festzustellen welche Ausf\u00fchrung zu Ihrer Anwendung passt. Wenn Sie sich f\u00fcr einen Artikel [&hellip;]<\/p>\n","protected":false},"author":1,"featured_media":0,"parent":0,"menu_order":3,"comment_status":"closed","ping_status":"closed","template":"template_page_e2.php","meta":{"_acf_changed":false,"footnotes":""},"categories":[],"class_list":["post-9596","page","type-page","status-publish","hentry"],"acf":[],"yoast_head":"<!-- This site is optimized with the Yoast SEO plugin v27.4 - https:\/\/yoast.com\/product\/yoast-seo-wordpress\/ -->\n<title>Prototyping 4.0 - b&amp;m Homepage<\/title>\n<meta name=\"description\" content=\"Die Kombination des b&amp;m-PORT\u00ae und des b&amp;m-SHOWCASE erm\u00f6glicht es Ihrem Engineering Team und der R&amp;D Abteilung, die Standardisierung Ihrer C-Teile\u2026\" \/>\n<meta name=\"robots\" content=\"index, follow, max-snippet:-1, max-image-preview:large, max-video-preview:-1\" \/>\n<link rel=\"canonical\" href=\"https:\/\/www.baier-michels.com\/de\/prototyping-4-0\/\" \/>\n<meta property=\"og:locale\" content=\"de_DE\" \/>\n<meta property=\"og:type\" content=\"article\" \/>\n<meta property=\"og:title\" content=\"Prototyping 4.0 - b&amp;m Homepage\" \/>\n<meta property=\"og:description\" content=\"Die Kombination des b&amp;m-PORT\u00ae und des b&amp;m-SHOWCASE erm\u00f6glicht es Ihrem Engineering Team und der R&amp;D Abteilung, die Standardisierung Ihrer C-Teile\u2026\" \/>\n<meta property=\"og:url\" content=\"https:\/\/www.baier-michels.com\/de\/prototyping-4-0\/\" \/>\n<meta property=\"og:site_name\" content=\"b&amp;m Homepage\" \/>\n<meta property=\"article:modified_time\" content=\"2024-10-16T07:43:38+00:00\" \/>\n<meta name=\"twitter:card\" content=\"summary_large_image\" \/>\n<meta name=\"twitter:label1\" content=\"Gesch\u00e4tzte Lesezeit\" \/>\n\t<meta name=\"twitter:data1\" content=\"1\u00a0Minute\" \/>\n<script type=\"application\/ld+json\" class=\"yoast-schema-graph\">{\"@context\":\"https:\\\/\\\/schema.org\",\"@graph\":[{\"@type\":\"WebPage\",\"@id\":\"https:\\\/\\\/www.baier-michels.com\\\/de\\\/prototyping-4-0\\\/\",\"url\":\"https:\\\/\\\/www.baier-michels.com\\\/de\\\/prototyping-4-0\\\/\",\"name\":\"Prototyping 4.0 - b&amp;m Homepage\",\"isPartOf\":{\"@id\":\"https:\\\/\\\/www.baier-michels.com\\\/de\\\/#website\"},\"datePublished\":\"2023-07-24T23:00:00+00:00\",\"dateModified\":\"2024-10-16T07:43:38+00:00\",\"description\":\"Die Kombination des b&m-PORT\u00ae und des b&m-SHOWCASE erm\u00f6glicht es Ihrem Engineering Team und der R&D Abteilung, die Standardisierung Ihrer C-Teile\u2026\",\"breadcrumb\":{\"@id\":\"https:\\\/\\\/www.baier-michels.com\\\/de\\\/prototyping-4-0\\\/#breadcrumb\"},\"inLanguage\":\"de\",\"potentialAction\":[{\"@type\":\"ReadAction\",\"target\":[\"https:\\\/\\\/www.baier-michels.com\\\/de\\\/prototyping-4-0\\\/\"]}]},{\"@type\":\"BreadcrumbList\",\"@id\":\"https:\\\/\\\/www.baier-michels.com\\\/de\\\/prototyping-4-0\\\/#breadcrumb\",\"itemListElement\":[{\"@type\":\"ListItem\",\"position\":1,\"name\":\"Startseite\",\"item\":\"https:\\\/\\\/www.baier-michels.com\\\/de\\\/\"},{\"@type\":\"ListItem\",\"position\":2,\"name\":\"Prototyping 4.0\"}]},{\"@type\":\"WebSite\",\"@id\":\"https:\\\/\\\/www.baier-michels.com\\\/de\\\/#website\",\"url\":\"https:\\\/\\\/www.baier-michels.com\\\/de\\\/\",\"name\":\"b&m\",\"description\":\"baier&amp;michels Gmbh &amp; Co KG\",\"publisher\":{\"@id\":\"https:\\\/\\\/www.baier-michels.com\\\/de\\\/#organization\"},\"potentialAction\":[{\"@type\":\"SearchAction\",\"target\":{\"@type\":\"EntryPoint\",\"urlTemplate\":\"https:\\\/\\\/www.baier-michels.com\\\/de\\\/?s={search_term_string}\"},\"query-input\":{\"@type\":\"PropertyValueSpecification\",\"valueRequired\":true,\"valueName\":\"search_term_string\"}}],\"inLanguage\":\"de\"},{\"@type\":\"Organization\",\"@id\":\"https:\\\/\\\/www.baier-michels.com\\\/de\\\/#organization\",\"name\":\"baier & michels GmbH & Co KG\",\"url\":\"https:\\\/\\\/www.baier-michels.com\\\/de\\\/\",\"logo\":{\"@type\":\"ImageObject\",\"inLanguage\":\"de\",\"@id\":\"https:\\\/\\\/www.baier-michels.com\\\/de\\\/#\\\/schema\\\/logo\\\/image\\\/\",\"url\":\"\",\"contentUrl\":\"\",\"caption\":\"baier & michels GmbH & Co KG\"},\"image\":{\"@id\":\"https:\\\/\\\/www.baier-michels.com\\\/de\\\/#\\\/schema\\\/logo\\\/image\\\/\"},\"sameAs\":[\"https:\\\/\\\/www.linkedin.com\\\/company\\\/baier-michels\\\/?viewAsMember=true\",\"https:\\\/\\\/www.youtube.com\\\/channel\\\/UCdBWm_HCAtCjxiFZWloFYGw?view_as=subscriber\"]}]}<\/script>\n<!-- \/ Yoast SEO plugin. -->","yoast_head_json":{"title":"Prototyping 4.0 - b&amp;m Homepage","description":"Die Kombination des b&m-PORT\u00ae und des b&m-SHOWCASE erm\u00f6glicht es Ihrem Engineering Team und der R&D Abteilung, die Standardisierung Ihrer C-Teile\u2026","robots":{"index":"index","follow":"follow","max-snippet":"max-snippet:-1","max-image-preview":"max-image-preview:large","max-video-preview":"max-video-preview:-1"},"canonical":"https:\/\/www.baier-michels.com\/de\/prototyping-4-0\/","og_locale":"de_DE","og_type":"article","og_title":"Prototyping 4.0 - b&amp;m Homepage","og_description":"Die Kombination des b&m-PORT\u00ae und des b&m-SHOWCASE erm\u00f6glicht es Ihrem Engineering Team und der R&D Abteilung, die Standardisierung Ihrer C-Teile\u2026","og_url":"https:\/\/www.baier-michels.com\/de\/prototyping-4-0\/","og_site_name":"b&amp;m Homepage","article_modified_time":"2024-10-16T07:43:38+00:00","twitter_card":"summary_large_image","twitter_misc":{"Gesch\u00e4tzte Lesezeit":"1\u00a0Minute"},"schema":{"@context":"https:\/\/schema.org","@graph":[{"@type":"WebPage","@id":"https:\/\/www.baier-michels.com\/de\/prototyping-4-0\/","url":"https:\/\/www.baier-michels.com\/de\/prototyping-4-0\/","name":"Prototyping 4.0 - b&amp;m Homepage","isPartOf":{"@id":"https:\/\/www.baier-michels.com\/de\/#website"},"datePublished":"2023-07-24T23:00:00+00:00","dateModified":"2024-10-16T07:43:38+00:00","description":"Die Kombination des b&m-PORT\u00ae und des b&m-SHOWCASE erm\u00f6glicht es Ihrem Engineering Team und der R&D Abteilung, die Standardisierung Ihrer C-Teile\u2026","breadcrumb":{"@id":"https:\/\/www.baier-michels.com\/de\/prototyping-4-0\/#breadcrumb"},"inLanguage":"de","potentialAction":[{"@type":"ReadAction","target":["https:\/\/www.baier-michels.com\/de\/prototyping-4-0\/"]}]},{"@type":"BreadcrumbList","@id":"https:\/\/www.baier-michels.com\/de\/prototyping-4-0\/#breadcrumb","itemListElement":[{"@type":"ListItem","position":1,"name":"Startseite","item":"https:\/\/www.baier-michels.com\/de\/"},{"@type":"ListItem","position":2,"name":"Prototyping 4.0"}]},{"@type":"WebSite","@id":"https:\/\/www.baier-michels.com\/de\/#website","url":"https:\/\/www.baier-michels.com\/de\/","name":"b&m","description":"baier&amp;michels Gmbh &amp; Co KG","publisher":{"@id":"https:\/\/www.baier-michels.com\/de\/#organization"},"potentialAction":[{"@type":"SearchAction","target":{"@type":"EntryPoint","urlTemplate":"https:\/\/www.baier-michels.com\/de\/?s={search_term_string}"},"query-input":{"@type":"PropertyValueSpecification","valueRequired":true,"valueName":"search_term_string"}}],"inLanguage":"de"},{"@type":"Organization","@id":"https:\/\/www.baier-michels.com\/de\/#organization","name":"baier & michels GmbH & Co KG","url":"https:\/\/www.baier-michels.com\/de\/","logo":{"@type":"ImageObject","inLanguage":"de","@id":"https:\/\/www.baier-michels.com\/de\/#\/schema\/logo\/image\/","url":"","contentUrl":"","caption":"baier & michels GmbH & Co KG"},"image":{"@id":"https:\/\/www.baier-michels.com\/de\/#\/schema\/logo\/image\/"},"sameAs":["https:\/\/www.linkedin.com\/company\/baier-michels\/?viewAsMember=true","https:\/\/www.youtube.com\/channel\/UCdBWm_HCAtCjxiFZWloFYGw?view_as=subscriber"]}]}},"_links":{"self":[{"href":"https:\/\/www.baier-michels.com\/de\/wp-json\/wp\/v2\/pages\/9596","targetHints":{"allow":["GET"]}}],"collection":[{"href":"https:\/\/www.baier-michels.com\/de\/wp-json\/wp\/v2\/pages"}],"about":[{"href":"https:\/\/www.baier-michels.com\/de\/wp-json\/wp\/v2\/types\/page"}],"author":[{"embeddable":true,"href":"https:\/\/www.baier-michels.com\/de\/wp-json\/wp\/v2\/users\/1"}],"replies":[{"embeddable":true,"href":"https:\/\/www.baier-michels.com\/de\/wp-json\/wp\/v2\/comments?post=9596"}],"version-history":[{"count":0,"href":"https:\/\/www.baier-michels.com\/de\/wp-json\/wp\/v2\/pages\/9596\/revisions"}],"wp:attachment":[{"href":"https:\/\/www.baier-michels.com\/de\/wp-json\/wp\/v2\/media?parent=9596"}],"wp:term":[{"taxonomy":"category","embeddable":true,"href":"https:\/\/www.baier-michels.com\/de\/wp-json\/wp\/v2\/categories?post=9596"}],"curies":[{"name":"wp","href":"https:\/\/api.w.org\/{rel}","templated":true}]}}