{"id":9597,"date":"2023-07-25T00:00:00","date_gmt":"2023-07-24T23:00:00","guid":{"rendered":"http:\/\/bm.baier-michels.local\/produkte\/verschluss-und-dichtsysteme\/"},"modified":"2024-10-16T08:43:12","modified_gmt":"2024-10-16T07:43:12","slug":"verschluss-und-dichtsysteme","status":"publish","type":"page","link":"https:\/\/www.baier-michels.com\/de\/produkte\/verschluss-und-dichtsysteme\/","title":{"rendered":"Verschluss- und Dichtsysteme"},"content":{"rendered":"<p>\u00dcblicherweise werden zum Verschlie\u00dfen von Bohrungen Verschlussschrauben (mit oder ohne Unterkopfdichtung) oder Expander-L\u00f6sungen eingesetzt. Expander lassen sich im Gegensatz zu Verschlussschrauben nicht zerst\u00f6rungsfrei demontieren. Au\u00dferdem erm\u00f6glichen diese Verschlusselemente zwar das Verschlie\u00dfen der Bohrung, setzen aber eine aufwendige Aufbereitung des Bohrlochs voraus. So ist z.B. das Bohren, Senken, Gewindeschneiden, Fr\u00e4sen der Kopfauflagefl\u00e4che und Reinigen des Gewindes bei dem Einsatz von Verschlussschrauben sehr zeit- und kostenaufwendig.<\/p>\n","protected":false},"excerpt":{"rendered":"<p>\u00dcblicherweise werden zum Verschlie\u00dfen von Bohrungen Verschlussschrauben (mit oder ohne Unterkopfdichtung) oder Expander-L\u00f6sungen eingesetzt. Expander lassen sich im Gegensatz zu Verschlussschrauben nicht zerst\u00f6rungsfrei demontieren. Au\u00dferdem erm\u00f6glichen diese Verschlusselemente zwar das Verschlie\u00dfen der Bohrung, setzen aber eine aufwendige Aufbereitung des Bohrlochs voraus. So ist z.B. das Bohren, Senken, Gewindeschneiden, Fr\u00e4sen der Kopfauflagefl\u00e4che und Reinigen des Gewindes [&hellip;]<\/p>\n","protected":false},"author":1,"featured_media":0,"parent":9746,"menu_order":2,"comment_status":"closed","ping_status":"closed","template":"template_page_e2.php","meta":{"_acf_changed":false,"footnotes":""},"categories":[],"class_list":["post-9597","page","type-page","status-publish","hentry"],"acf":[],"yoast_head":"<!-- This site is optimized with the Yoast SEO plugin v27.4 - https:\/\/yoast.com\/product\/yoast-seo-wordpress\/ -->\n<title>Verschluss- und Dichtsysteme - b&amp;m Homepage<\/title>\n<meta name=\"description\" content=\"b&amp;m-KL PLUG\u00ae, das Verschluss- und Dichtsystem f\u00fcr innendruckbeanspruchte Bohrungen...\" \/>\n<meta name=\"robots\" content=\"index, follow, max-snippet:-1, max-image-preview:large, max-video-preview:-1\" \/>\n<link rel=\"canonical\" href=\"https:\/\/www.baier-michels.com\/de\/produkte\/verschluss-und-dichtsysteme\/\" \/>\n<meta property=\"og:locale\" content=\"de_DE\" \/>\n<meta property=\"og:type\" content=\"article\" \/>\n<meta property=\"og:title\" content=\"Verschluss- und Dichtsysteme - b&amp;m Homepage\" \/>\n<meta property=\"og:description\" content=\"b&amp;m-KL PLUG\u00ae, das Verschluss- und Dichtsystem f\u00fcr innendruckbeanspruchte Bohrungen...\" \/>\n<meta property=\"og:url\" content=\"https:\/\/www.baier-michels.com\/de\/produkte\/verschluss-und-dichtsysteme\/\" \/>\n<meta property=\"og:site_name\" content=\"b&amp;m Homepage\" \/>\n<meta property=\"article:modified_time\" content=\"2024-10-16T07:43:12+00:00\" \/>\n<meta name=\"twitter:card\" content=\"summary_large_image\" \/>\n<script type=\"application\/ld+json\" class=\"yoast-schema-graph\">{\"@context\":\"https:\\\/\\\/schema.org\",\"@graph\":[{\"@type\":\"WebPage\",\"@id\":\"https:\\\/\\\/www.baier-michels.com\\\/de\\\/produkte\\\/verschluss-und-dichtsysteme\\\/\",\"url\":\"https:\\\/\\\/www.baier-michels.com\\\/de\\\/produkte\\\/verschluss-und-dichtsysteme\\\/\",\"name\":\"Verschluss- und Dichtsysteme - b&amp;m Homepage\",\"isPartOf\":{\"@id\":\"https:\\\/\\\/www.baier-michels.com\\\/de\\\/#website\"},\"datePublished\":\"2023-07-24T23:00:00+00:00\",\"dateModified\":\"2024-10-16T07:43:12+00:00\",\"description\":\"b&m-KL PLUG\u00ae, das Verschluss- und Dichtsystem f\u00fcr innendruckbeanspruchte Bohrungen...\",\"breadcrumb\":{\"@id\":\"https:\\\/\\\/www.baier-michels.com\\\/de\\\/produkte\\\/verschluss-und-dichtsysteme\\\/#breadcrumb\"},\"inLanguage\":\"de\",\"potentialAction\":[{\"@type\":\"ReadAction\",\"target\":[\"https:\\\/\\\/www.baier-michels.com\\\/de\\\/produkte\\\/verschluss-und-dichtsysteme\\\/\"]}]},{\"@type\":\"BreadcrumbList\",\"@id\":\"https:\\\/\\\/www.baier-michels.com\\\/de\\\/produkte\\\/verschluss-und-dichtsysteme\\\/#breadcrumb\",\"itemListElement\":[{\"@type\":\"ListItem\",\"position\":1,\"name\":\"Startseite\",\"item\":\"https:\\\/\\\/www.baier-michels.com\\\/de\\\/\"},{\"@type\":\"ListItem\",\"position\":2,\"name\":\"Produkte\",\"item\":\"https:\\\/\\\/www.baier-michels.com\\\/de\\\/produkte\\\/\"},{\"@type\":\"ListItem\",\"position\":3,\"name\":\"Verschluss- und Dichtsysteme\"}]},{\"@type\":\"WebSite\",\"@id\":\"https:\\\/\\\/www.baier-michels.com\\\/de\\\/#website\",\"url\":\"https:\\\/\\\/www.baier-michels.com\\\/de\\\/\",\"name\":\"b&m\",\"description\":\"baier&amp;michels Gmbh &amp; Co KG\",\"publisher\":{\"@id\":\"https:\\\/\\\/www.baier-michels.com\\\/de\\\/#organization\"},\"potentialAction\":[{\"@type\":\"SearchAction\",\"target\":{\"@type\":\"EntryPoint\",\"urlTemplate\":\"https:\\\/\\\/www.baier-michels.com\\\/de\\\/?s={search_term_string}\"},\"query-input\":{\"@type\":\"PropertyValueSpecification\",\"valueRequired\":true,\"valueName\":\"search_term_string\"}}],\"inLanguage\":\"de\"},{\"@type\":\"Organization\",\"@id\":\"https:\\\/\\\/www.baier-michels.com\\\/de\\\/#organization\",\"name\":\"baier & michels GmbH & Co KG\",\"url\":\"https:\\\/\\\/www.baier-michels.com\\\/de\\\/\",\"logo\":{\"@type\":\"ImageObject\",\"inLanguage\":\"de\",\"@id\":\"https:\\\/\\\/www.baier-michels.com\\\/de\\\/#\\\/schema\\\/logo\\\/image\\\/\",\"url\":\"\",\"contentUrl\":\"\",\"caption\":\"baier & michels GmbH & Co KG\"},\"image\":{\"@id\":\"https:\\\/\\\/www.baier-michels.com\\\/de\\\/#\\\/schema\\\/logo\\\/image\\\/\"},\"sameAs\":[\"https:\\\/\\\/www.linkedin.com\\\/company\\\/baier-michels\\\/?viewAsMember=true\",\"https:\\\/\\\/www.youtube.com\\\/channel\\\/UCdBWm_HCAtCjxiFZWloFYGw?view_as=subscriber\"]}]}<\/script>\n<!-- \/ Yoast SEO plugin. -->","yoast_head_json":{"title":"Verschluss- und Dichtsysteme - b&amp;m Homepage","description":"b&m-KL PLUG\u00ae, das Verschluss- und Dichtsystem f\u00fcr innendruckbeanspruchte Bohrungen...","robots":{"index":"index","follow":"follow","max-snippet":"max-snippet:-1","max-image-preview":"max-image-preview:large","max-video-preview":"max-video-preview:-1"},"canonical":"https:\/\/www.baier-michels.com\/de\/produkte\/verschluss-und-dichtsysteme\/","og_locale":"de_DE","og_type":"article","og_title":"Verschluss- und Dichtsysteme - b&amp;m Homepage","og_description":"b&m-KL PLUG\u00ae, das Verschluss- und Dichtsystem f\u00fcr innendruckbeanspruchte Bohrungen...","og_url":"https:\/\/www.baier-michels.com\/de\/produkte\/verschluss-und-dichtsysteme\/","og_site_name":"b&amp;m Homepage","article_modified_time":"2024-10-16T07:43:12+00:00","twitter_card":"summary_large_image","schema":{"@context":"https:\/\/schema.org","@graph":[{"@type":"WebPage","@id":"https:\/\/www.baier-michels.com\/de\/produkte\/verschluss-und-dichtsysteme\/","url":"https:\/\/www.baier-michels.com\/de\/produkte\/verschluss-und-dichtsysteme\/","name":"Verschluss- und Dichtsysteme - b&amp;m Homepage","isPartOf":{"@id":"https:\/\/www.baier-michels.com\/de\/#website"},"datePublished":"2023-07-24T23:00:00+00:00","dateModified":"2024-10-16T07:43:12+00:00","description":"b&m-KL PLUG\u00ae, das Verschluss- und Dichtsystem f\u00fcr innendruckbeanspruchte Bohrungen...","breadcrumb":{"@id":"https:\/\/www.baier-michels.com\/de\/produkte\/verschluss-und-dichtsysteme\/#breadcrumb"},"inLanguage":"de","potentialAction":[{"@type":"ReadAction","target":["https:\/\/www.baier-michels.com\/de\/produkte\/verschluss-und-dichtsysteme\/"]}]},{"@type":"BreadcrumbList","@id":"https:\/\/www.baier-michels.com\/de\/produkte\/verschluss-und-dichtsysteme\/#breadcrumb","itemListElement":[{"@type":"ListItem","position":1,"name":"Startseite","item":"https:\/\/www.baier-michels.com\/de\/"},{"@type":"ListItem","position":2,"name":"Produkte","item":"https:\/\/www.baier-michels.com\/de\/produkte\/"},{"@type":"ListItem","position":3,"name":"Verschluss- und Dichtsysteme"}]},{"@type":"WebSite","@id":"https:\/\/www.baier-michels.com\/de\/#website","url":"https:\/\/www.baier-michels.com\/de\/","name":"b&m","description":"baier&amp;michels Gmbh &amp; Co KG","publisher":{"@id":"https:\/\/www.baier-michels.com\/de\/#organization"},"potentialAction":[{"@type":"SearchAction","target":{"@type":"EntryPoint","urlTemplate":"https:\/\/www.baier-michels.com\/de\/?s={search_term_string}"},"query-input":{"@type":"PropertyValueSpecification","valueRequired":true,"valueName":"search_term_string"}}],"inLanguage":"de"},{"@type":"Organization","@id":"https:\/\/www.baier-michels.com\/de\/#organization","name":"baier & michels GmbH & Co KG","url":"https:\/\/www.baier-michels.com\/de\/","logo":{"@type":"ImageObject","inLanguage":"de","@id":"https:\/\/www.baier-michels.com\/de\/#\/schema\/logo\/image\/","url":"","contentUrl":"","caption":"baier & michels GmbH & Co KG"},"image":{"@id":"https:\/\/www.baier-michels.com\/de\/#\/schema\/logo\/image\/"},"sameAs":["https:\/\/www.linkedin.com\/company\/baier-michels\/?viewAsMember=true","https:\/\/www.youtube.com\/channel\/UCdBWm_HCAtCjxiFZWloFYGw?view_as=subscriber"]}]}},"_links":{"self":[{"href":"https:\/\/www.baier-michels.com\/de\/wp-json\/wp\/v2\/pages\/9597","targetHints":{"allow":["GET"]}}],"collection":[{"href":"https:\/\/www.baier-michels.com\/de\/wp-json\/wp\/v2\/pages"}],"about":[{"href":"https:\/\/www.baier-michels.com\/de\/wp-json\/wp\/v2\/types\/page"}],"author":[{"embeddable":true,"href":"https:\/\/www.baier-michels.com\/de\/wp-json\/wp\/v2\/users\/1"}],"replies":[{"embeddable":true,"href":"https:\/\/www.baier-michels.com\/de\/wp-json\/wp\/v2\/comments?post=9597"}],"version-history":[{"count":0,"href":"https:\/\/www.baier-michels.com\/de\/wp-json\/wp\/v2\/pages\/9597\/revisions"}],"up":[{"embeddable":true,"href":"https:\/\/www.baier-michels.com\/de\/wp-json\/wp\/v2\/pages\/9746"}],"wp:attachment":[{"href":"https:\/\/www.baier-michels.com\/de\/wp-json\/wp\/v2\/media?parent=9597"}],"wp:term":[{"taxonomy":"category","embeddable":true,"href":"https:\/\/www.baier-michels.com\/de\/wp-json\/wp\/v2\/categories?post=9597"}],"curies":[{"name":"wp","href":"https:\/\/api.w.org\/{rel}","templated":true}]}}