{"id":9598,"date":"2023-07-25T00:00:00","date_gmt":"2023-07-24T23:00:00","guid":{"rendered":"http:\/\/bm.baier-michels.local\/produkte\/gewindeeinsaetze-und-bolzen\/"},"modified":"2024-10-16T08:43:36","modified_gmt":"2024-10-16T07:43:36","slug":"gewindeeinsaetze-und-bolzen","status":"publish","type":"page","link":"https:\/\/www.baier-michels.com\/de\/produkte\/gewindeeinsaetze-und-bolzen\/","title":{"rendered":"Gewindeeins\u00e4tze und -bolzen"},"content":{"rendered":"<p>Durch Gewindeeins\u00e4tze und Gewindebolzen k\u00f6nnen Kunststoffbauteile mit einem metallischen Muttern- oder Bolzengewinde versehen werden. Dabei erzeugen die Gewindeeins\u00e4tze und Gewindebolzen eine formschl\u00fcssige Verbindung zum Kunststoffbauteil durch Umspritzen, Ultraschall- oder Warmeinbetten sowie durch Einschrauben von Eins\u00e4tzen mit Au\u00dfengewinde.<\/p>\n<p>Durch den Einsatz von Gewindeeins\u00e4tzen und Gewindebolzen kann eine prozesssichere Verbindung von Kunststoffbauteilen, auch bei Wiederholverschraubungen, gew\u00e4hrleistet werden. Die Au\u00dfengeometrie ist je nach Einbettverfahren durch R\u00e4ndel, Nuten, Sechskantkonturen oder Gewinde gepr\u00e4gt, welche f\u00fcr die Aufnahme von Zug- und Drehmomentbelastungen ausgelegt sind.<\/p>\n","protected":false},"excerpt":{"rendered":"<p>Durch Gewindeeins\u00e4tze und Gewindebolzen k\u00f6nnen Kunststoffbauteile mit einem metallischen Muttern- oder Bolzengewinde versehen werden. Dabei erzeugen die Gewindeeins\u00e4tze und Gewindebolzen eine formschl\u00fcssige Verbindung zum Kunststoffbauteil durch Umspritzen, Ultraschall- oder Warmeinbetten sowie durch Einschrauben von Eins\u00e4tzen mit Au\u00dfengewinde. Durch den Einsatz von Gewindeeins\u00e4tzen und Gewindebolzen kann eine prozesssichere Verbindung von Kunststoffbauteilen, auch bei Wiederholverschraubungen, gew\u00e4hrleistet werden. [&hellip;]<\/p>\n","protected":false},"author":1,"featured_media":0,"parent":9746,"menu_order":6,"comment_status":"closed","ping_status":"closed","template":"template_page_e2.php","meta":{"_acf_changed":false,"footnotes":""},"categories":[],"class_list":["post-9598","page","type-page","status-publish","hentry"],"acf":[],"yoast_head":"<!-- This site is optimized with the Yoast SEO plugin v27.4 - https:\/\/yoast.com\/product\/yoast-seo-wordpress\/ -->\n<title>Gewindeeins\u00e4tze und -bolzen - b&amp;m Homepage<\/title>\n<meta name=\"description\" content=\"Gewindeeins\u00e4tze und Gewindebolzen f\u00fcr Kunststoffe mit unterschiedlichen Verfahren zur Einbettung. Gewindebolzen und Gewindeeins\u00e4tze. b&amp;m-REPTO\u00ae B...\" \/>\n<meta name=\"robots\" content=\"index, follow, max-snippet:-1, max-image-preview:large, max-video-preview:-1\" \/>\n<link rel=\"canonical\" href=\"https:\/\/www.baier-michels.com\/de\/produkte\/gewindeeinsaetze-und-bolzen\/\" \/>\n<meta property=\"og:locale\" content=\"de_DE\" \/>\n<meta property=\"og:type\" content=\"article\" \/>\n<meta property=\"og:title\" content=\"Gewindeeins\u00e4tze und -bolzen - b&amp;m Homepage\" \/>\n<meta property=\"og:description\" content=\"Gewindeeins\u00e4tze und Gewindebolzen f\u00fcr Kunststoffe mit unterschiedlichen Verfahren zur Einbettung. Gewindebolzen und Gewindeeins\u00e4tze. b&amp;m-REPTO\u00ae B...\" \/>\n<meta property=\"og:url\" content=\"https:\/\/www.baier-michels.com\/de\/produkte\/gewindeeinsaetze-und-bolzen\/\" \/>\n<meta property=\"og:site_name\" content=\"b&amp;m Homepage\" \/>\n<meta property=\"article:modified_time\" content=\"2024-10-16T07:43:36+00:00\" \/>\n<meta name=\"twitter:card\" content=\"summary_large_image\" \/>\n<script type=\"application\/ld+json\" class=\"yoast-schema-graph\">{\"@context\":\"https:\\\/\\\/schema.org\",\"@graph\":[{\"@type\":\"WebPage\",\"@id\":\"https:\\\/\\\/www.baier-michels.com\\\/de\\\/produkte\\\/gewindeeinsaetze-und-bolzen\\\/\",\"url\":\"https:\\\/\\\/www.baier-michels.com\\\/de\\\/produkte\\\/gewindeeinsaetze-und-bolzen\\\/\",\"name\":\"Gewindeeins\u00e4tze und -bolzen - b&amp;m Homepage\",\"isPartOf\":{\"@id\":\"https:\\\/\\\/www.baier-michels.com\\\/de\\\/#website\"},\"datePublished\":\"2023-07-24T23:00:00+00:00\",\"dateModified\":\"2024-10-16T07:43:36+00:00\",\"description\":\"Gewindeeins\u00e4tze und Gewindebolzen f\u00fcr Kunststoffe mit unterschiedlichen Verfahren zur Einbettung. Gewindebolzen und Gewindeeins\u00e4tze. b&m-REPTO\u00ae B...\",\"breadcrumb\":{\"@id\":\"https:\\\/\\\/www.baier-michels.com\\\/de\\\/produkte\\\/gewindeeinsaetze-und-bolzen\\\/#breadcrumb\"},\"inLanguage\":\"de\",\"potentialAction\":[{\"@type\":\"ReadAction\",\"target\":[\"https:\\\/\\\/www.baier-michels.com\\\/de\\\/produkte\\\/gewindeeinsaetze-und-bolzen\\\/\"]}]},{\"@type\":\"BreadcrumbList\",\"@id\":\"https:\\\/\\\/www.baier-michels.com\\\/de\\\/produkte\\\/gewindeeinsaetze-und-bolzen\\\/#breadcrumb\",\"itemListElement\":[{\"@type\":\"ListItem\",\"position\":1,\"name\":\"Startseite\",\"item\":\"https:\\\/\\\/www.baier-michels.com\\\/de\\\/\"},{\"@type\":\"ListItem\",\"position\":2,\"name\":\"Produkte\",\"item\":\"https:\\\/\\\/www.baier-michels.com\\\/de\\\/produkte\\\/\"},{\"@type\":\"ListItem\",\"position\":3,\"name\":\"Gewindeeins\u00e4tze und -bolzen\"}]},{\"@type\":\"WebSite\",\"@id\":\"https:\\\/\\\/www.baier-michels.com\\\/de\\\/#website\",\"url\":\"https:\\\/\\\/www.baier-michels.com\\\/de\\\/\",\"name\":\"b&m\",\"description\":\"baier&amp;michels Gmbh &amp; Co KG\",\"publisher\":{\"@id\":\"https:\\\/\\\/www.baier-michels.com\\\/de\\\/#organization\"},\"potentialAction\":[{\"@type\":\"SearchAction\",\"target\":{\"@type\":\"EntryPoint\",\"urlTemplate\":\"https:\\\/\\\/www.baier-michels.com\\\/de\\\/?s={search_term_string}\"},\"query-input\":{\"@type\":\"PropertyValueSpecification\",\"valueRequired\":true,\"valueName\":\"search_term_string\"}}],\"inLanguage\":\"de\"},{\"@type\":\"Organization\",\"@id\":\"https:\\\/\\\/www.baier-michels.com\\\/de\\\/#organization\",\"name\":\"baier & michels GmbH & Co KG\",\"url\":\"https:\\\/\\\/www.baier-michels.com\\\/de\\\/\",\"logo\":{\"@type\":\"ImageObject\",\"inLanguage\":\"de\",\"@id\":\"https:\\\/\\\/www.baier-michels.com\\\/de\\\/#\\\/schema\\\/logo\\\/image\\\/\",\"url\":\"\",\"contentUrl\":\"\",\"caption\":\"baier & michels GmbH & Co KG\"},\"image\":{\"@id\":\"https:\\\/\\\/www.baier-michels.com\\\/de\\\/#\\\/schema\\\/logo\\\/image\\\/\"},\"sameAs\":[\"https:\\\/\\\/www.linkedin.com\\\/company\\\/baier-michels\\\/?viewAsMember=true\",\"https:\\\/\\\/www.youtube.com\\\/channel\\\/UCdBWm_HCAtCjxiFZWloFYGw?view_as=subscriber\"]}]}<\/script>\n<!-- \/ Yoast SEO plugin. -->","yoast_head_json":{"title":"Gewindeeins\u00e4tze und -bolzen - b&amp;m Homepage","description":"Gewindeeins\u00e4tze und Gewindebolzen f\u00fcr Kunststoffe mit unterschiedlichen Verfahren zur Einbettung. Gewindebolzen und Gewindeeins\u00e4tze. b&m-REPTO\u00ae B...","robots":{"index":"index","follow":"follow","max-snippet":"max-snippet:-1","max-image-preview":"max-image-preview:large","max-video-preview":"max-video-preview:-1"},"canonical":"https:\/\/www.baier-michels.com\/de\/produkte\/gewindeeinsaetze-und-bolzen\/","og_locale":"de_DE","og_type":"article","og_title":"Gewindeeins\u00e4tze und -bolzen - b&amp;m Homepage","og_description":"Gewindeeins\u00e4tze und Gewindebolzen f\u00fcr Kunststoffe mit unterschiedlichen Verfahren zur Einbettung. Gewindebolzen und Gewindeeins\u00e4tze. b&m-REPTO\u00ae B...","og_url":"https:\/\/www.baier-michels.com\/de\/produkte\/gewindeeinsaetze-und-bolzen\/","og_site_name":"b&amp;m Homepage","article_modified_time":"2024-10-16T07:43:36+00:00","twitter_card":"summary_large_image","schema":{"@context":"https:\/\/schema.org","@graph":[{"@type":"WebPage","@id":"https:\/\/www.baier-michels.com\/de\/produkte\/gewindeeinsaetze-und-bolzen\/","url":"https:\/\/www.baier-michels.com\/de\/produkte\/gewindeeinsaetze-und-bolzen\/","name":"Gewindeeins\u00e4tze und -bolzen - b&amp;m Homepage","isPartOf":{"@id":"https:\/\/www.baier-michels.com\/de\/#website"},"datePublished":"2023-07-24T23:00:00+00:00","dateModified":"2024-10-16T07:43:36+00:00","description":"Gewindeeins\u00e4tze und Gewindebolzen f\u00fcr Kunststoffe mit unterschiedlichen Verfahren zur Einbettung. Gewindebolzen und Gewindeeins\u00e4tze. b&m-REPTO\u00ae B...","breadcrumb":{"@id":"https:\/\/www.baier-michels.com\/de\/produkte\/gewindeeinsaetze-und-bolzen\/#breadcrumb"},"inLanguage":"de","potentialAction":[{"@type":"ReadAction","target":["https:\/\/www.baier-michels.com\/de\/produkte\/gewindeeinsaetze-und-bolzen\/"]}]},{"@type":"BreadcrumbList","@id":"https:\/\/www.baier-michels.com\/de\/produkte\/gewindeeinsaetze-und-bolzen\/#breadcrumb","itemListElement":[{"@type":"ListItem","position":1,"name":"Startseite","item":"https:\/\/www.baier-michels.com\/de\/"},{"@type":"ListItem","position":2,"name":"Produkte","item":"https:\/\/www.baier-michels.com\/de\/produkte\/"},{"@type":"ListItem","position":3,"name":"Gewindeeins\u00e4tze und -bolzen"}]},{"@type":"WebSite","@id":"https:\/\/www.baier-michels.com\/de\/#website","url":"https:\/\/www.baier-michels.com\/de\/","name":"b&m","description":"baier&amp;michels Gmbh &amp; Co KG","publisher":{"@id":"https:\/\/www.baier-michels.com\/de\/#organization"},"potentialAction":[{"@type":"SearchAction","target":{"@type":"EntryPoint","urlTemplate":"https:\/\/www.baier-michels.com\/de\/?s={search_term_string}"},"query-input":{"@type":"PropertyValueSpecification","valueRequired":true,"valueName":"search_term_string"}}],"inLanguage":"de"},{"@type":"Organization","@id":"https:\/\/www.baier-michels.com\/de\/#organization","name":"baier & michels GmbH & Co KG","url":"https:\/\/www.baier-michels.com\/de\/","logo":{"@type":"ImageObject","inLanguage":"de","@id":"https:\/\/www.baier-michels.com\/de\/#\/schema\/logo\/image\/","url":"","contentUrl":"","caption":"baier & michels GmbH & Co KG"},"image":{"@id":"https:\/\/www.baier-michels.com\/de\/#\/schema\/logo\/image\/"},"sameAs":["https:\/\/www.linkedin.com\/company\/baier-michels\/?viewAsMember=true","https:\/\/www.youtube.com\/channel\/UCdBWm_HCAtCjxiFZWloFYGw?view_as=subscriber"]}]}},"_links":{"self":[{"href":"https:\/\/www.baier-michels.com\/de\/wp-json\/wp\/v2\/pages\/9598","targetHints":{"allow":["GET"]}}],"collection":[{"href":"https:\/\/www.baier-michels.com\/de\/wp-json\/wp\/v2\/pages"}],"about":[{"href":"https:\/\/www.baier-michels.com\/de\/wp-json\/wp\/v2\/types\/page"}],"author":[{"embeddable":true,"href":"https:\/\/www.baier-michels.com\/de\/wp-json\/wp\/v2\/users\/1"}],"replies":[{"embeddable":true,"href":"https:\/\/www.baier-michels.com\/de\/wp-json\/wp\/v2\/comments?post=9598"}],"version-history":[{"count":0,"href":"https:\/\/www.baier-michels.com\/de\/wp-json\/wp\/v2\/pages\/9598\/revisions"}],"up":[{"embeddable":true,"href":"https:\/\/www.baier-michels.com\/de\/wp-json\/wp\/v2\/pages\/9746"}],"wp:attachment":[{"href":"https:\/\/www.baier-michels.com\/de\/wp-json\/wp\/v2\/media?parent=9598"}],"wp:term":[{"taxonomy":"category","embeddable":true,"href":"https:\/\/www.baier-michels.com\/de\/wp-json\/wp\/v2\/categories?post=9598"}],"curies":[{"name":"wp","href":"https:\/\/api.w.org\/{rel}","templated":true}]}}