{"id":9599,"date":"2023-07-25T00:00:00","date_gmt":"2023-07-24T23:00:00","guid":{"rendered":"http:\/\/bm.baier-michels.local\/produkte\/direktverschraubung-in-metalle\/"},"modified":"2024-10-16T08:43:35","modified_gmt":"2024-10-16T07:43:35","slug":"direktverschraubung-in-metalle","status":"publish","type":"page","link":"https:\/\/www.baier-michels.com\/de\/produkte\/direktverschraubung-in-metalle\/","title":{"rendered":"Direktverschraubung in Metalle"},"content":{"rendered":"<p>Bedingt durch einen ununterbrochenen Faserverlauf, sowie durch eine Kaltverfestigung des Werkstoffes, erzeugt das hier angewandte Prinzip der spanlosen Umformung ein Gewinde mit hoher Belastbarkeit. Zus\u00e4tzliche Schraubensicherungen (zum Beispiel nach DIN 267-27\/28) sind dadurch \u00fcberfl\u00fcssig. <\/p>\n<p>Es handelt sich bei dem erzeugten Gewinde um ein metrisches ISO-Gewinde, welches die Kompatibilit\u00e4t zu Standard-Normteilen beinhaltet. Weiterhin sind die auf diese Weise geformten Gewinde spielfrei und selbsthemmend. Gewindefurchende Schrauben sind in allen duktilen, d.h. plastisch verformbaren, Werkstoffen einsetzbar.<\/p>\n","protected":false},"excerpt":{"rendered":"<p>Bedingt durch einen ununterbrochenen Faserverlauf, sowie durch eine Kaltverfestigung des Werkstoffes, erzeugt das hier angewandte Prinzip der spanlosen Umformung ein Gewinde mit hoher Belastbarkeit. Zus\u00e4tzliche Schraubensicherungen (zum Beispiel nach DIN 267-27\/28) sind dadurch \u00fcberfl\u00fcssig. Es handelt sich bei dem erzeugten Gewinde um ein metrisches ISO-Gewinde, welches die Kompatibilit\u00e4t zu Standard-Normteilen beinhaltet. Weiterhin sind die auf [&hellip;]<\/p>\n","protected":false},"author":1,"featured_media":0,"parent":9746,"menu_order":3,"comment_status":"closed","ping_status":"closed","template":"template_page_e2.php","meta":{"_acf_changed":false,"footnotes":""},"categories":[],"class_list":["post-9599","page","type-page","status-publish","hentry"],"acf":[],"yoast_head":"<!-- This site is optimized with the Yoast SEO plugin v27.4 - https:\/\/yoast.com\/product\/yoast-seo-wordpress\/ -->\n<title>Direktverschraubung in Metalle - b&amp;m Homepage<\/title>\n<meta name=\"description\" content=\"Bei der Direktverschraubung erzeugen die Befestigungselemente spanlos ein Gewinde beim Einschrauben in Metalle. b&amp;m-FORM\u00ae Familie...\" \/>\n<meta name=\"robots\" content=\"index, follow, max-snippet:-1, max-image-preview:large, max-video-preview:-1\" \/>\n<link rel=\"canonical\" href=\"https:\/\/www.baier-michels.com\/de\/produkte\/direktverschraubung-in-metalle\/\" \/>\n<meta property=\"og:locale\" content=\"de_DE\" \/>\n<meta property=\"og:type\" content=\"article\" \/>\n<meta property=\"og:title\" content=\"Direktverschraubung in Metalle - b&amp;m Homepage\" \/>\n<meta property=\"og:description\" content=\"Bei der Direktverschraubung erzeugen die Befestigungselemente spanlos ein Gewinde beim Einschrauben in Metalle. b&amp;m-FORM\u00ae Familie...\" \/>\n<meta property=\"og:url\" content=\"https:\/\/www.baier-michels.com\/de\/produkte\/direktverschraubung-in-metalle\/\" \/>\n<meta property=\"og:site_name\" content=\"b&amp;m Homepage\" \/>\n<meta property=\"article:modified_time\" content=\"2024-10-16T07:43:35+00:00\" \/>\n<meta name=\"twitter:card\" content=\"summary_large_image\" \/>\n<script type=\"application\/ld+json\" class=\"yoast-schema-graph\">{\"@context\":\"https:\\\/\\\/schema.org\",\"@graph\":[{\"@type\":\"WebPage\",\"@id\":\"https:\\\/\\\/www.baier-michels.com\\\/de\\\/produkte\\\/direktverschraubung-in-metalle\\\/\",\"url\":\"https:\\\/\\\/www.baier-michels.com\\\/de\\\/produkte\\\/direktverschraubung-in-metalle\\\/\",\"name\":\"Direktverschraubung in Metalle - b&amp;m Homepage\",\"isPartOf\":{\"@id\":\"https:\\\/\\\/www.baier-michels.com\\\/de\\\/#website\"},\"datePublished\":\"2023-07-24T23:00:00+00:00\",\"dateModified\":\"2024-10-16T07:43:35+00:00\",\"description\":\"Bei der Direktverschraubung erzeugen die Befestigungselemente spanlos ein Gewinde beim Einschrauben in Metalle. b&m-FORM\u00ae Familie...\",\"breadcrumb\":{\"@id\":\"https:\\\/\\\/www.baier-michels.com\\\/de\\\/produkte\\\/direktverschraubung-in-metalle\\\/#breadcrumb\"},\"inLanguage\":\"de\",\"potentialAction\":[{\"@type\":\"ReadAction\",\"target\":[\"https:\\\/\\\/www.baier-michels.com\\\/de\\\/produkte\\\/direktverschraubung-in-metalle\\\/\"]}]},{\"@type\":\"BreadcrumbList\",\"@id\":\"https:\\\/\\\/www.baier-michels.com\\\/de\\\/produkte\\\/direktverschraubung-in-metalle\\\/#breadcrumb\",\"itemListElement\":[{\"@type\":\"ListItem\",\"position\":1,\"name\":\"Startseite\",\"item\":\"https:\\\/\\\/www.baier-michels.com\\\/de\\\/\"},{\"@type\":\"ListItem\",\"position\":2,\"name\":\"Produkte\",\"item\":\"https:\\\/\\\/www.baier-michels.com\\\/de\\\/produkte\\\/\"},{\"@type\":\"ListItem\",\"position\":3,\"name\":\"Direktverschraubung in Metalle\"}]},{\"@type\":\"WebSite\",\"@id\":\"https:\\\/\\\/www.baier-michels.com\\\/de\\\/#website\",\"url\":\"https:\\\/\\\/www.baier-michels.com\\\/de\\\/\",\"name\":\"b&m\",\"description\":\"baier&amp;michels Gmbh &amp; Co KG\",\"publisher\":{\"@id\":\"https:\\\/\\\/www.baier-michels.com\\\/de\\\/#organization\"},\"potentialAction\":[{\"@type\":\"SearchAction\",\"target\":{\"@type\":\"EntryPoint\",\"urlTemplate\":\"https:\\\/\\\/www.baier-michels.com\\\/de\\\/?s={search_term_string}\"},\"query-input\":{\"@type\":\"PropertyValueSpecification\",\"valueRequired\":true,\"valueName\":\"search_term_string\"}}],\"inLanguage\":\"de\"},{\"@type\":\"Organization\",\"@id\":\"https:\\\/\\\/www.baier-michels.com\\\/de\\\/#organization\",\"name\":\"baier & michels GmbH & Co KG\",\"url\":\"https:\\\/\\\/www.baier-michels.com\\\/de\\\/\",\"logo\":{\"@type\":\"ImageObject\",\"inLanguage\":\"de\",\"@id\":\"https:\\\/\\\/www.baier-michels.com\\\/de\\\/#\\\/schema\\\/logo\\\/image\\\/\",\"url\":\"\",\"contentUrl\":\"\",\"caption\":\"baier & michels GmbH & Co KG\"},\"image\":{\"@id\":\"https:\\\/\\\/www.baier-michels.com\\\/de\\\/#\\\/schema\\\/logo\\\/image\\\/\"},\"sameAs\":[\"https:\\\/\\\/www.linkedin.com\\\/company\\\/baier-michels\\\/?viewAsMember=true\",\"https:\\\/\\\/www.youtube.com\\\/channel\\\/UCdBWm_HCAtCjxiFZWloFYGw?view_as=subscriber\"]}]}<\/script>\n<!-- \/ Yoast SEO plugin. -->","yoast_head_json":{"title":"Direktverschraubung in Metalle - b&amp;m Homepage","description":"Bei der Direktverschraubung erzeugen die Befestigungselemente spanlos ein Gewinde beim Einschrauben in Metalle. b&m-FORM\u00ae Familie...","robots":{"index":"index","follow":"follow","max-snippet":"max-snippet:-1","max-image-preview":"max-image-preview:large","max-video-preview":"max-video-preview:-1"},"canonical":"https:\/\/www.baier-michels.com\/de\/produkte\/direktverschraubung-in-metalle\/","og_locale":"de_DE","og_type":"article","og_title":"Direktverschraubung in Metalle - b&amp;m Homepage","og_description":"Bei der Direktverschraubung erzeugen die Befestigungselemente spanlos ein Gewinde beim Einschrauben in Metalle. b&m-FORM\u00ae Familie...","og_url":"https:\/\/www.baier-michels.com\/de\/produkte\/direktverschraubung-in-metalle\/","og_site_name":"b&amp;m Homepage","article_modified_time":"2024-10-16T07:43:35+00:00","twitter_card":"summary_large_image","schema":{"@context":"https:\/\/schema.org","@graph":[{"@type":"WebPage","@id":"https:\/\/www.baier-michels.com\/de\/produkte\/direktverschraubung-in-metalle\/","url":"https:\/\/www.baier-michels.com\/de\/produkte\/direktverschraubung-in-metalle\/","name":"Direktverschraubung in Metalle - b&amp;m Homepage","isPartOf":{"@id":"https:\/\/www.baier-michels.com\/de\/#website"},"datePublished":"2023-07-24T23:00:00+00:00","dateModified":"2024-10-16T07:43:35+00:00","description":"Bei der Direktverschraubung erzeugen die Befestigungselemente spanlos ein Gewinde beim Einschrauben in Metalle. b&m-FORM\u00ae Familie...","breadcrumb":{"@id":"https:\/\/www.baier-michels.com\/de\/produkte\/direktverschraubung-in-metalle\/#breadcrumb"},"inLanguage":"de","potentialAction":[{"@type":"ReadAction","target":["https:\/\/www.baier-michels.com\/de\/produkte\/direktverschraubung-in-metalle\/"]}]},{"@type":"BreadcrumbList","@id":"https:\/\/www.baier-michels.com\/de\/produkte\/direktverschraubung-in-metalle\/#breadcrumb","itemListElement":[{"@type":"ListItem","position":1,"name":"Startseite","item":"https:\/\/www.baier-michels.com\/de\/"},{"@type":"ListItem","position":2,"name":"Produkte","item":"https:\/\/www.baier-michels.com\/de\/produkte\/"},{"@type":"ListItem","position":3,"name":"Direktverschraubung in Metalle"}]},{"@type":"WebSite","@id":"https:\/\/www.baier-michels.com\/de\/#website","url":"https:\/\/www.baier-michels.com\/de\/","name":"b&m","description":"baier&amp;michels Gmbh &amp; Co KG","publisher":{"@id":"https:\/\/www.baier-michels.com\/de\/#organization"},"potentialAction":[{"@type":"SearchAction","target":{"@type":"EntryPoint","urlTemplate":"https:\/\/www.baier-michels.com\/de\/?s={search_term_string}"},"query-input":{"@type":"PropertyValueSpecification","valueRequired":true,"valueName":"search_term_string"}}],"inLanguage":"de"},{"@type":"Organization","@id":"https:\/\/www.baier-michels.com\/de\/#organization","name":"baier & michels GmbH & Co KG","url":"https:\/\/www.baier-michels.com\/de\/","logo":{"@type":"ImageObject","inLanguage":"de","@id":"https:\/\/www.baier-michels.com\/de\/#\/schema\/logo\/image\/","url":"","contentUrl":"","caption":"baier & michels GmbH & Co KG"},"image":{"@id":"https:\/\/www.baier-michels.com\/de\/#\/schema\/logo\/image\/"},"sameAs":["https:\/\/www.linkedin.com\/company\/baier-michels\/?viewAsMember=true","https:\/\/www.youtube.com\/channel\/UCdBWm_HCAtCjxiFZWloFYGw?view_as=subscriber"]}]}},"_links":{"self":[{"href":"https:\/\/www.baier-michels.com\/de\/wp-json\/wp\/v2\/pages\/9599","targetHints":{"allow":["GET"]}}],"collection":[{"href":"https:\/\/www.baier-michels.com\/de\/wp-json\/wp\/v2\/pages"}],"about":[{"href":"https:\/\/www.baier-michels.com\/de\/wp-json\/wp\/v2\/types\/page"}],"author":[{"embeddable":true,"href":"https:\/\/www.baier-michels.com\/de\/wp-json\/wp\/v2\/users\/1"}],"replies":[{"embeddable":true,"href":"https:\/\/www.baier-michels.com\/de\/wp-json\/wp\/v2\/comments?post=9599"}],"version-history":[{"count":0,"href":"https:\/\/www.baier-michels.com\/de\/wp-json\/wp\/v2\/pages\/9599\/revisions"}],"up":[{"embeddable":true,"href":"https:\/\/www.baier-michels.com\/de\/wp-json\/wp\/v2\/pages\/9746"}],"wp:attachment":[{"href":"https:\/\/www.baier-michels.com\/de\/wp-json\/wp\/v2\/media?parent=9599"}],"wp:term":[{"taxonomy":"category","embeddable":true,"href":"https:\/\/www.baier-michels.com\/de\/wp-json\/wp\/v2\/categories?post=9599"}],"curies":[{"name":"wp","href":"https:\/\/api.w.org\/{rel}","templated":true}]}}