{"id":9601,"date":"2023-07-25T00:00:00","date_gmt":"2023-07-24T23:00:00","guid":{"rendered":"http:\/\/bm.baier-michels.local\/produkte\/direktverschraubung-in-unterschiedliche-werkstoffe\/"},"modified":"2024-10-16T08:43:36","modified_gmt":"2024-10-16T07:43:36","slug":"direktverschraubung-in-unterschiedliche-werkstoffe","status":"publish","type":"page","link":"https:\/\/www.baier-michels.com\/de\/produkte\/direktverschraubung-in-unterschiedliche-werkstoffe\/","title":{"rendered":"Direktverschraubung in unterschiedliche Werkstoffe"},"content":{"rendered":"<p>In der Automobilbranche werden zum Verbinden von Bauteilen oft Direktverschraubungssysteme eingesetzt. Die Direktverschraubung bietet Kostenvorteile durch den Entfall des Gewindeschneidens und die direkte Verwendung in gegossenen, gebohrten oder gestanzten L\u00f6chern. Durch den Umformprozess des Gewindefurchens entstehen au\u00dferdem keine st\u00f6renden Sp\u00e4ne.<\/p>\n<p>F\u00fcr unterschiedliche Werkstoffe, wie Kunststoffe und Metalle, werden in der Regel unterschiedliche Schrauben gew\u00e4hlt, die die jeweiligen Anforderungen erf\u00fcllen. Gleichzeitig gewinnt aber das Thema der Standardisierung an Bedeutung. Eine Hybridbauweise mit verschiedenen Werkstoffen wie Aluminium-, Magnesium-, und Zinkdruckguss, sowie thermo- und duroplastischen Kunststoffen kommt dabei immer h\u00e4ufiger vor. Mit Direktverschraubungssystemen, die bei mehreren Werkstoffen einsetzbar sind, k\u00f6nnen bestehende Schrauben ersetzt und somit die Teilevielfalt verringert werden.<\/p>\n","protected":false},"excerpt":{"rendered":"<p>In der Automobilbranche werden zum Verbinden von Bauteilen oft Direktverschraubungssysteme eingesetzt. Die Direktverschraubung bietet Kostenvorteile durch den Entfall des Gewindeschneidens und die direkte Verwendung in gegossenen, gebohrten oder gestanzten L\u00f6chern. Durch den Umformprozess des Gewindefurchens entstehen au\u00dferdem keine st\u00f6renden Sp\u00e4ne. F\u00fcr unterschiedliche Werkstoffe, wie Kunststoffe und Metalle, werden in der Regel unterschiedliche Schrauben gew\u00e4hlt, die [&hellip;]<\/p>\n","protected":false},"author":1,"featured_media":0,"parent":9746,"menu_order":5,"comment_status":"closed","ping_status":"closed","template":"template_page_e2.php","meta":{"_acf_changed":false,"footnotes":""},"categories":[],"class_list":["post-9601","page","type-page","status-publish","hentry"],"acf":[],"yoast_head":"<!-- This site is optimized with the Yoast SEO plugin v27.4 - https:\/\/yoast.com\/product\/yoast-seo-wordpress\/ -->\n<title>Direktverschraubung in unterschiedliche Werkstoffe - b&amp;m Homepage<\/title>\n<meta name=\"description\" content=\"Mit Direktverschraubungssystemen, die bei mehreren Werkstoffen einsetzbar sind, k\u00f6nnen bestehende Schrauben ersetzt und somit die Teilevielfalt verringert..\" \/>\n<meta name=\"robots\" content=\"index, follow, max-snippet:-1, max-image-preview:large, max-video-preview:-1\" \/>\n<link rel=\"canonical\" href=\"https:\/\/www.baier-michels.com\/de\/produkte\/direktverschraubung-in-unterschiedliche-werkstoffe\/\" \/>\n<meta property=\"og:locale\" content=\"de_DE\" \/>\n<meta property=\"og:type\" content=\"article\" \/>\n<meta property=\"og:title\" content=\"Direktverschraubung in unterschiedliche Werkstoffe - b&amp;m Homepage\" \/>\n<meta property=\"og:description\" content=\"Mit Direktverschraubungssystemen, die bei mehreren Werkstoffen einsetzbar sind, k\u00f6nnen bestehende Schrauben ersetzt und somit die Teilevielfalt verringert..\" \/>\n<meta property=\"og:url\" content=\"https:\/\/www.baier-michels.com\/de\/produkte\/direktverschraubung-in-unterschiedliche-werkstoffe\/\" \/>\n<meta property=\"og:site_name\" content=\"b&amp;m Homepage\" \/>\n<meta property=\"article:modified_time\" content=\"2024-10-16T07:43:36+00:00\" \/>\n<meta name=\"twitter:card\" content=\"summary_large_image\" \/>\n<meta name=\"twitter:label1\" content=\"Gesch\u00e4tzte Lesezeit\" \/>\n\t<meta name=\"twitter:data1\" content=\"1\u00a0Minute\" \/>\n<script type=\"application\/ld+json\" class=\"yoast-schema-graph\">{\"@context\":\"https:\\\/\\\/schema.org\",\"@graph\":[{\"@type\":\"WebPage\",\"@id\":\"https:\\\/\\\/www.baier-michels.com\\\/de\\\/produkte\\\/direktverschraubung-in-unterschiedliche-werkstoffe\\\/\",\"url\":\"https:\\\/\\\/www.baier-michels.com\\\/de\\\/produkte\\\/direktverschraubung-in-unterschiedliche-werkstoffe\\\/\",\"name\":\"Direktverschraubung in unterschiedliche Werkstoffe - b&amp;m Homepage\",\"isPartOf\":{\"@id\":\"https:\\\/\\\/www.baier-michels.com\\\/de\\\/#website\"},\"datePublished\":\"2023-07-24T23:00:00+00:00\",\"dateModified\":\"2024-10-16T07:43:36+00:00\",\"description\":\"Mit Direktverschraubungssystemen, die bei mehreren Werkstoffen einsetzbar sind, k\u00f6nnen bestehende Schrauben ersetzt und somit die Teilevielfalt verringert..\",\"breadcrumb\":{\"@id\":\"https:\\\/\\\/www.baier-michels.com\\\/de\\\/produkte\\\/direktverschraubung-in-unterschiedliche-werkstoffe\\\/#breadcrumb\"},\"inLanguage\":\"de\",\"potentialAction\":[{\"@type\":\"ReadAction\",\"target\":[\"https:\\\/\\\/www.baier-michels.com\\\/de\\\/produkte\\\/direktverschraubung-in-unterschiedliche-werkstoffe\\\/\"]}]},{\"@type\":\"BreadcrumbList\",\"@id\":\"https:\\\/\\\/www.baier-michels.com\\\/de\\\/produkte\\\/direktverschraubung-in-unterschiedliche-werkstoffe\\\/#breadcrumb\",\"itemListElement\":[{\"@type\":\"ListItem\",\"position\":1,\"name\":\"Startseite\",\"item\":\"https:\\\/\\\/www.baier-michels.com\\\/de\\\/\"},{\"@type\":\"ListItem\",\"position\":2,\"name\":\"Produkte\",\"item\":\"https:\\\/\\\/www.baier-michels.com\\\/de\\\/produkte\\\/\"},{\"@type\":\"ListItem\",\"position\":3,\"name\":\"Direktverschraubung in unterschiedliche Werkstoffe\"}]},{\"@type\":\"WebSite\",\"@id\":\"https:\\\/\\\/www.baier-michels.com\\\/de\\\/#website\",\"url\":\"https:\\\/\\\/www.baier-michels.com\\\/de\\\/\",\"name\":\"b&m\",\"description\":\"baier&amp;michels Gmbh &amp; Co KG\",\"publisher\":{\"@id\":\"https:\\\/\\\/www.baier-michels.com\\\/de\\\/#organization\"},\"potentialAction\":[{\"@type\":\"SearchAction\",\"target\":{\"@type\":\"EntryPoint\",\"urlTemplate\":\"https:\\\/\\\/www.baier-michels.com\\\/de\\\/?s={search_term_string}\"},\"query-input\":{\"@type\":\"PropertyValueSpecification\",\"valueRequired\":true,\"valueName\":\"search_term_string\"}}],\"inLanguage\":\"de\"},{\"@type\":\"Organization\",\"@id\":\"https:\\\/\\\/www.baier-michels.com\\\/de\\\/#organization\",\"name\":\"baier & michels GmbH & Co KG\",\"url\":\"https:\\\/\\\/www.baier-michels.com\\\/de\\\/\",\"logo\":{\"@type\":\"ImageObject\",\"inLanguage\":\"de\",\"@id\":\"https:\\\/\\\/www.baier-michels.com\\\/de\\\/#\\\/schema\\\/logo\\\/image\\\/\",\"url\":\"\",\"contentUrl\":\"\",\"caption\":\"baier & michels GmbH & Co KG\"},\"image\":{\"@id\":\"https:\\\/\\\/www.baier-michels.com\\\/de\\\/#\\\/schema\\\/logo\\\/image\\\/\"},\"sameAs\":[\"https:\\\/\\\/www.linkedin.com\\\/company\\\/baier-michels\\\/?viewAsMember=true\",\"https:\\\/\\\/www.youtube.com\\\/channel\\\/UCdBWm_HCAtCjxiFZWloFYGw?view_as=subscriber\"]}]}<\/script>\n<!-- \/ Yoast SEO plugin. -->","yoast_head_json":{"title":"Direktverschraubung in unterschiedliche Werkstoffe - b&amp;m Homepage","description":"Mit Direktverschraubungssystemen, die bei mehreren Werkstoffen einsetzbar sind, k\u00f6nnen bestehende Schrauben ersetzt und somit die Teilevielfalt verringert..","robots":{"index":"index","follow":"follow","max-snippet":"max-snippet:-1","max-image-preview":"max-image-preview:large","max-video-preview":"max-video-preview:-1"},"canonical":"https:\/\/www.baier-michels.com\/de\/produkte\/direktverschraubung-in-unterschiedliche-werkstoffe\/","og_locale":"de_DE","og_type":"article","og_title":"Direktverschraubung in unterschiedliche Werkstoffe - b&amp;m Homepage","og_description":"Mit Direktverschraubungssystemen, die bei mehreren Werkstoffen einsetzbar sind, k\u00f6nnen bestehende Schrauben ersetzt und somit die Teilevielfalt verringert..","og_url":"https:\/\/www.baier-michels.com\/de\/produkte\/direktverschraubung-in-unterschiedliche-werkstoffe\/","og_site_name":"b&amp;m Homepage","article_modified_time":"2024-10-16T07:43:36+00:00","twitter_card":"summary_large_image","twitter_misc":{"Gesch\u00e4tzte Lesezeit":"1\u00a0Minute"},"schema":{"@context":"https:\/\/schema.org","@graph":[{"@type":"WebPage","@id":"https:\/\/www.baier-michels.com\/de\/produkte\/direktverschraubung-in-unterschiedliche-werkstoffe\/","url":"https:\/\/www.baier-michels.com\/de\/produkte\/direktverschraubung-in-unterschiedliche-werkstoffe\/","name":"Direktverschraubung in unterschiedliche Werkstoffe - b&amp;m Homepage","isPartOf":{"@id":"https:\/\/www.baier-michels.com\/de\/#website"},"datePublished":"2023-07-24T23:00:00+00:00","dateModified":"2024-10-16T07:43:36+00:00","description":"Mit Direktverschraubungssystemen, die bei mehreren Werkstoffen einsetzbar sind, k\u00f6nnen bestehende Schrauben ersetzt und somit die Teilevielfalt verringert..","breadcrumb":{"@id":"https:\/\/www.baier-michels.com\/de\/produkte\/direktverschraubung-in-unterschiedliche-werkstoffe\/#breadcrumb"},"inLanguage":"de","potentialAction":[{"@type":"ReadAction","target":["https:\/\/www.baier-michels.com\/de\/produkte\/direktverschraubung-in-unterschiedliche-werkstoffe\/"]}]},{"@type":"BreadcrumbList","@id":"https:\/\/www.baier-michels.com\/de\/produkte\/direktverschraubung-in-unterschiedliche-werkstoffe\/#breadcrumb","itemListElement":[{"@type":"ListItem","position":1,"name":"Startseite","item":"https:\/\/www.baier-michels.com\/de\/"},{"@type":"ListItem","position":2,"name":"Produkte","item":"https:\/\/www.baier-michels.com\/de\/produkte\/"},{"@type":"ListItem","position":3,"name":"Direktverschraubung in unterschiedliche Werkstoffe"}]},{"@type":"WebSite","@id":"https:\/\/www.baier-michels.com\/de\/#website","url":"https:\/\/www.baier-michels.com\/de\/","name":"b&m","description":"baier&amp;michels Gmbh &amp; Co KG","publisher":{"@id":"https:\/\/www.baier-michels.com\/de\/#organization"},"potentialAction":[{"@type":"SearchAction","target":{"@type":"EntryPoint","urlTemplate":"https:\/\/www.baier-michels.com\/de\/?s={search_term_string}"},"query-input":{"@type":"PropertyValueSpecification","valueRequired":true,"valueName":"search_term_string"}}],"inLanguage":"de"},{"@type":"Organization","@id":"https:\/\/www.baier-michels.com\/de\/#organization","name":"baier & michels GmbH & Co KG","url":"https:\/\/www.baier-michels.com\/de\/","logo":{"@type":"ImageObject","inLanguage":"de","@id":"https:\/\/www.baier-michels.com\/de\/#\/schema\/logo\/image\/","url":"","contentUrl":"","caption":"baier & michels GmbH & Co KG"},"image":{"@id":"https:\/\/www.baier-michels.com\/de\/#\/schema\/logo\/image\/"},"sameAs":["https:\/\/www.linkedin.com\/company\/baier-michels\/?viewAsMember=true","https:\/\/www.youtube.com\/channel\/UCdBWm_HCAtCjxiFZWloFYGw?view_as=subscriber"]}]}},"_links":{"self":[{"href":"https:\/\/www.baier-michels.com\/de\/wp-json\/wp\/v2\/pages\/9601","targetHints":{"allow":["GET"]}}],"collection":[{"href":"https:\/\/www.baier-michels.com\/de\/wp-json\/wp\/v2\/pages"}],"about":[{"href":"https:\/\/www.baier-michels.com\/de\/wp-json\/wp\/v2\/types\/page"}],"author":[{"embeddable":true,"href":"https:\/\/www.baier-michels.com\/de\/wp-json\/wp\/v2\/users\/1"}],"replies":[{"embeddable":true,"href":"https:\/\/www.baier-michels.com\/de\/wp-json\/wp\/v2\/comments?post=9601"}],"version-history":[{"count":0,"href":"https:\/\/www.baier-michels.com\/de\/wp-json\/wp\/v2\/pages\/9601\/revisions"}],"up":[{"embeddable":true,"href":"https:\/\/www.baier-michels.com\/de\/wp-json\/wp\/v2\/pages\/9746"}],"wp:attachment":[{"href":"https:\/\/www.baier-michels.com\/de\/wp-json\/wp\/v2\/media?parent=9601"}],"wp:term":[{"taxonomy":"category","embeddable":true,"href":"https:\/\/www.baier-michels.com\/de\/wp-json\/wp\/v2\/categories?post=9601"}],"curies":[{"name":"wp","href":"https:\/\/api.w.org\/{rel}","templated":true}]}}