{"id":9602,"date":"2023-07-25T00:00:00","date_gmt":"2023-07-24T23:00:00","guid":{"rendered":"http:\/\/bm.baier-michels.local\/produkte\/direktverschraubung-fuer-cfk\/"},"modified":"2024-10-16T08:43:37","modified_gmt":"2024-10-16T07:43:37","slug":"direktverschraubung-fuer-cfk","status":"publish","type":"page","link":"https:\/\/www.baier-michels.com\/de\/produkte\/direktverschraubung-fuer-cfk\/","title":{"rendered":"Direktverschraubung f\u00fcr CFK"},"content":{"rendered":"<p>\u00dcblicherweise werden beim F\u00fcgen von Faserverbundbauteilen vorwiegend nicht l\u00f6sbare Verbindungstechniken, wie Kleben und Schwei\u00dfen eingesetzt. Alternative Krafteinleitungselemente wie z.B. Klebebolzen erm\u00f6glichen zwar eine l\u00f6sbare Verbindung, jedoch sind diese mit vielen Nachteilen behaftet. So ist z.B. das Einstellen einer Klebefuge, Aush\u00e4rtezeit des Klebstoffs sowie Bauraum und Applikation der Bolzen mit erheblichen Zeit- und Arbeitsaufwand verbunden.<\/p>\n<p>Bei der Direktverschraubung erzeugen die Befestigungselemente (Schrauben) ein Gewinde beim Einschrauben. Das erzeugte Gewinde resultiert aus dem Umformprozess beim Einschrauben in den Polymerwerkstoff. Dieses System hat den Vorteil ohne Gewindeschneiden auszukommen. Somit ist es schnell, effizient, reproduzierbar und kosteng\u00fcnstig.<\/p>\n","protected":false},"excerpt":{"rendered":"<p>\u00dcblicherweise werden beim F\u00fcgen von Faserverbundbauteilen vorwiegend nicht l\u00f6sbare Verbindungstechniken, wie Kleben und Schwei\u00dfen eingesetzt. Alternative Krafteinleitungselemente wie z.B. Klebebolzen erm\u00f6glichen zwar eine l\u00f6sbare Verbindung, jedoch sind diese mit vielen Nachteilen behaftet. So ist z.B. das Einstellen einer Klebefuge, Aush\u00e4rtezeit des Klebstoffs sowie Bauraum und Applikation der Bolzen mit erheblichen Zeit- und Arbeitsaufwand verbunden. Bei [&hellip;]<\/p>\n","protected":false},"author":1,"featured_media":0,"parent":9746,"menu_order":7,"comment_status":"closed","ping_status":"closed","template":"template_page_e2.php","meta":{"_acf_changed":false,"footnotes":""},"categories":[],"class_list":["post-9602","page","type-page","status-publish","hentry"],"acf":[],"yoast_head":"<!-- This site is optimized with the Yoast SEO plugin v27.4 - https:\/\/yoast.com\/product\/yoast-seo-wordpress\/ -->\n<title>Direktverschraubung f\u00fcr CFK - b&amp;m Homepage<\/title>\n<meta name=\"description\" content=\"Die Direktverschraubung von CFK Bauteilen bietet durch die L\u00f6sbarkeit der Verbindung wesentliche wirtschaftliche Vorteile gegen\u00fcber anderen F\u00fcgetechniken\u2026\" \/>\n<meta name=\"robots\" content=\"index, follow, max-snippet:-1, max-image-preview:large, max-video-preview:-1\" \/>\n<link rel=\"canonical\" href=\"https:\/\/www.baier-michels.com\/de\/produkte\/direktverschraubung-fuer-cfk\/\" \/>\n<meta property=\"og:locale\" content=\"de_DE\" \/>\n<meta property=\"og:type\" content=\"article\" \/>\n<meta property=\"og:title\" content=\"Direktverschraubung f\u00fcr CFK - b&amp;m Homepage\" \/>\n<meta property=\"og:description\" content=\"Die Direktverschraubung von CFK Bauteilen bietet durch die L\u00f6sbarkeit der Verbindung wesentliche wirtschaftliche Vorteile gegen\u00fcber anderen F\u00fcgetechniken\u2026\" \/>\n<meta property=\"og:url\" content=\"https:\/\/www.baier-michels.com\/de\/produkte\/direktverschraubung-fuer-cfk\/\" \/>\n<meta property=\"og:site_name\" content=\"b&amp;m Homepage\" \/>\n<meta property=\"article:modified_time\" content=\"2024-10-16T07:43:37+00:00\" \/>\n<meta name=\"twitter:card\" content=\"summary_large_image\" \/>\n<meta name=\"twitter:label1\" content=\"Gesch\u00e4tzte Lesezeit\" \/>\n\t<meta name=\"twitter:data1\" content=\"1\u00a0Minute\" \/>\n<script type=\"application\/ld+json\" class=\"yoast-schema-graph\">{\"@context\":\"https:\\\/\\\/schema.org\",\"@graph\":[{\"@type\":\"WebPage\",\"@id\":\"https:\\\/\\\/www.baier-michels.com\\\/de\\\/produkte\\\/direktverschraubung-fuer-cfk\\\/\",\"url\":\"https:\\\/\\\/www.baier-michels.com\\\/de\\\/produkte\\\/direktverschraubung-fuer-cfk\\\/\",\"name\":\"Direktverschraubung f\u00fcr CFK - b&amp;m Homepage\",\"isPartOf\":{\"@id\":\"https:\\\/\\\/www.baier-michels.com\\\/de\\\/#website\"},\"datePublished\":\"2023-07-24T23:00:00+00:00\",\"dateModified\":\"2024-10-16T07:43:37+00:00\",\"description\":\"Die Direktverschraubung von CFK Bauteilen bietet durch die L\u00f6sbarkeit der Verbindung wesentliche wirtschaftliche Vorteile gegen\u00fcber anderen F\u00fcgetechniken\u2026\",\"breadcrumb\":{\"@id\":\"https:\\\/\\\/www.baier-michels.com\\\/de\\\/produkte\\\/direktverschraubung-fuer-cfk\\\/#breadcrumb\"},\"inLanguage\":\"de\",\"potentialAction\":[{\"@type\":\"ReadAction\",\"target\":[\"https:\\\/\\\/www.baier-michels.com\\\/de\\\/produkte\\\/direktverschraubung-fuer-cfk\\\/\"]}]},{\"@type\":\"BreadcrumbList\",\"@id\":\"https:\\\/\\\/www.baier-michels.com\\\/de\\\/produkte\\\/direktverschraubung-fuer-cfk\\\/#breadcrumb\",\"itemListElement\":[{\"@type\":\"ListItem\",\"position\":1,\"name\":\"Startseite\",\"item\":\"https:\\\/\\\/www.baier-michels.com\\\/de\\\/\"},{\"@type\":\"ListItem\",\"position\":2,\"name\":\"Produkte\",\"item\":\"https:\\\/\\\/www.baier-michels.com\\\/de\\\/produkte\\\/\"},{\"@type\":\"ListItem\",\"position\":3,\"name\":\"Direktverschraubung f\u00fcr CFK\"}]},{\"@type\":\"WebSite\",\"@id\":\"https:\\\/\\\/www.baier-michels.com\\\/de\\\/#website\",\"url\":\"https:\\\/\\\/www.baier-michels.com\\\/de\\\/\",\"name\":\"b&m\",\"description\":\"baier&amp;michels Gmbh &amp; Co KG\",\"publisher\":{\"@id\":\"https:\\\/\\\/www.baier-michels.com\\\/de\\\/#organization\"},\"potentialAction\":[{\"@type\":\"SearchAction\",\"target\":{\"@type\":\"EntryPoint\",\"urlTemplate\":\"https:\\\/\\\/www.baier-michels.com\\\/de\\\/?s={search_term_string}\"},\"query-input\":{\"@type\":\"PropertyValueSpecification\",\"valueRequired\":true,\"valueName\":\"search_term_string\"}}],\"inLanguage\":\"de\"},{\"@type\":\"Organization\",\"@id\":\"https:\\\/\\\/www.baier-michels.com\\\/de\\\/#organization\",\"name\":\"baier & michels GmbH & Co KG\",\"url\":\"https:\\\/\\\/www.baier-michels.com\\\/de\\\/\",\"logo\":{\"@type\":\"ImageObject\",\"inLanguage\":\"de\",\"@id\":\"https:\\\/\\\/www.baier-michels.com\\\/de\\\/#\\\/schema\\\/logo\\\/image\\\/\",\"url\":\"\",\"contentUrl\":\"\",\"caption\":\"baier & michels GmbH & Co KG\"},\"image\":{\"@id\":\"https:\\\/\\\/www.baier-michels.com\\\/de\\\/#\\\/schema\\\/logo\\\/image\\\/\"},\"sameAs\":[\"https:\\\/\\\/www.linkedin.com\\\/company\\\/baier-michels\\\/?viewAsMember=true\",\"https:\\\/\\\/www.youtube.com\\\/channel\\\/UCdBWm_HCAtCjxiFZWloFYGw?view_as=subscriber\"]}]}<\/script>\n<!-- \/ Yoast SEO plugin. -->","yoast_head_json":{"title":"Direktverschraubung f\u00fcr CFK - b&amp;m Homepage","description":"Die Direktverschraubung von CFK Bauteilen bietet durch die L\u00f6sbarkeit der Verbindung wesentliche wirtschaftliche Vorteile gegen\u00fcber anderen F\u00fcgetechniken\u2026","robots":{"index":"index","follow":"follow","max-snippet":"max-snippet:-1","max-image-preview":"max-image-preview:large","max-video-preview":"max-video-preview:-1"},"canonical":"https:\/\/www.baier-michels.com\/de\/produkte\/direktverschraubung-fuer-cfk\/","og_locale":"de_DE","og_type":"article","og_title":"Direktverschraubung f\u00fcr CFK - b&amp;m Homepage","og_description":"Die Direktverschraubung von CFK Bauteilen bietet durch die L\u00f6sbarkeit der Verbindung wesentliche wirtschaftliche Vorteile gegen\u00fcber anderen F\u00fcgetechniken\u2026","og_url":"https:\/\/www.baier-michels.com\/de\/produkte\/direktverschraubung-fuer-cfk\/","og_site_name":"b&amp;m Homepage","article_modified_time":"2024-10-16T07:43:37+00:00","twitter_card":"summary_large_image","twitter_misc":{"Gesch\u00e4tzte Lesezeit":"1\u00a0Minute"},"schema":{"@context":"https:\/\/schema.org","@graph":[{"@type":"WebPage","@id":"https:\/\/www.baier-michels.com\/de\/produkte\/direktverschraubung-fuer-cfk\/","url":"https:\/\/www.baier-michels.com\/de\/produkte\/direktverschraubung-fuer-cfk\/","name":"Direktverschraubung f\u00fcr CFK - b&amp;m Homepage","isPartOf":{"@id":"https:\/\/www.baier-michels.com\/de\/#website"},"datePublished":"2023-07-24T23:00:00+00:00","dateModified":"2024-10-16T07:43:37+00:00","description":"Die Direktverschraubung von CFK Bauteilen bietet durch die L\u00f6sbarkeit der Verbindung wesentliche wirtschaftliche Vorteile gegen\u00fcber anderen F\u00fcgetechniken\u2026","breadcrumb":{"@id":"https:\/\/www.baier-michels.com\/de\/produkte\/direktverschraubung-fuer-cfk\/#breadcrumb"},"inLanguage":"de","potentialAction":[{"@type":"ReadAction","target":["https:\/\/www.baier-michels.com\/de\/produkte\/direktverschraubung-fuer-cfk\/"]}]},{"@type":"BreadcrumbList","@id":"https:\/\/www.baier-michels.com\/de\/produkte\/direktverschraubung-fuer-cfk\/#breadcrumb","itemListElement":[{"@type":"ListItem","position":1,"name":"Startseite","item":"https:\/\/www.baier-michels.com\/de\/"},{"@type":"ListItem","position":2,"name":"Produkte","item":"https:\/\/www.baier-michels.com\/de\/produkte\/"},{"@type":"ListItem","position":3,"name":"Direktverschraubung f\u00fcr CFK"}]},{"@type":"WebSite","@id":"https:\/\/www.baier-michels.com\/de\/#website","url":"https:\/\/www.baier-michels.com\/de\/","name":"b&m","description":"baier&amp;michels Gmbh &amp; Co KG","publisher":{"@id":"https:\/\/www.baier-michels.com\/de\/#organization"},"potentialAction":[{"@type":"SearchAction","target":{"@type":"EntryPoint","urlTemplate":"https:\/\/www.baier-michels.com\/de\/?s={search_term_string}"},"query-input":{"@type":"PropertyValueSpecification","valueRequired":true,"valueName":"search_term_string"}}],"inLanguage":"de"},{"@type":"Organization","@id":"https:\/\/www.baier-michels.com\/de\/#organization","name":"baier & michels GmbH & Co KG","url":"https:\/\/www.baier-michels.com\/de\/","logo":{"@type":"ImageObject","inLanguage":"de","@id":"https:\/\/www.baier-michels.com\/de\/#\/schema\/logo\/image\/","url":"","contentUrl":"","caption":"baier & michels GmbH & Co KG"},"image":{"@id":"https:\/\/www.baier-michels.com\/de\/#\/schema\/logo\/image\/"},"sameAs":["https:\/\/www.linkedin.com\/company\/baier-michels\/?viewAsMember=true","https:\/\/www.youtube.com\/channel\/UCdBWm_HCAtCjxiFZWloFYGw?view_as=subscriber"]}]}},"_links":{"self":[{"href":"https:\/\/www.baier-michels.com\/de\/wp-json\/wp\/v2\/pages\/9602","targetHints":{"allow":["GET"]}}],"collection":[{"href":"https:\/\/www.baier-michels.com\/de\/wp-json\/wp\/v2\/pages"}],"about":[{"href":"https:\/\/www.baier-michels.com\/de\/wp-json\/wp\/v2\/types\/page"}],"author":[{"embeddable":true,"href":"https:\/\/www.baier-michels.com\/de\/wp-json\/wp\/v2\/users\/1"}],"replies":[{"embeddable":true,"href":"https:\/\/www.baier-michels.com\/de\/wp-json\/wp\/v2\/comments?post=9602"}],"version-history":[{"count":0,"href":"https:\/\/www.baier-michels.com\/de\/wp-json\/wp\/v2\/pages\/9602\/revisions"}],"up":[{"embeddable":true,"href":"https:\/\/www.baier-michels.com\/de\/wp-json\/wp\/v2\/pages\/9746"}],"wp:attachment":[{"href":"https:\/\/www.baier-michels.com\/de\/wp-json\/wp\/v2\/media?parent=9602"}],"wp:term":[{"taxonomy":"category","embeddable":true,"href":"https:\/\/www.baier-michels.com\/de\/wp-json\/wp\/v2\/categories?post=9602"}],"curies":[{"name":"wp","href":"https:\/\/api.w.org\/{rel}","templated":true}]}}