{"id":9603,"date":"2023-07-25T00:00:00","date_gmt":"2023-07-24T23:00:00","guid":{"rendered":"http:\/\/bm.baier-michels.local\/produkte\/verbindungsteile-mit-funktionsintegration\/"},"modified":"2024-12-10T11:09:57","modified_gmt":"2024-12-10T10:09:57","slug":"verbindungsteile-mit-funktionsintegration","status":"publish","type":"page","link":"https:\/\/www.baier-michels.com\/de\/produkte\/verbindungsteile-mit-funktionsintegration\/","title":{"rendered":"Verbindungsteile mit Funktionsintegration"},"content":{"rendered":"<p>Durch die zunehmende Komplexit\u00e4t der Bauteile in den produzierenden Industrien werden auch die Anforderungen an die Verbindungsteile immer h\u00f6her. Sie sollen schon l\u00e4ngst nicht mehr nur noch verbinden, sondern auch komplexe Hindernisse in der Anwendung l\u00f6sen.<\/p>\n<p>So k\u00f6nnen Anwendungsprobleme beispielsweise durch verarbeitungsbedingte R\u00fcckst\u00e4nde im Gegenbauteil entstehen. Diese R\u00fcckst\u00e4nde gef\u00e4hrden die sichere Verbindung zwischen dem Verbindungsteil und dem Gegenbauteil. Verbindungsteile mit Funktionsintegration k\u00f6nnen solche Herausforderungen durch ihre speziellen zus\u00e4tzlich integrierten Funktionen \u00fcberwinden.<\/p>\n","protected":false},"excerpt":{"rendered":"<p>Durch die zunehmende Komplexit\u00e4t der Bauteile in den produzierenden Industrien werden auch die Anforderungen an die Verbindungsteile immer h\u00f6her. Sie sollen schon l\u00e4ngst nicht mehr nur noch verbinden, sondern auch komplexe Hindernisse in der Anwendung l\u00f6sen. So k\u00f6nnen Anwendungsprobleme beispielsweise durch verarbeitungsbedingte R\u00fcckst\u00e4nde im Gegenbauteil entstehen. Diese R\u00fcckst\u00e4nde gef\u00e4hrden die sichere Verbindung zwischen dem Verbindungsteil [&hellip;]<\/p>\n","protected":false},"author":1,"featured_media":0,"parent":9746,"menu_order":1,"comment_status":"closed","ping_status":"closed","template":"template_page_e2.php","meta":{"_acf_changed":false,"footnotes":""},"categories":[],"class_list":["post-9603","page","type-page","status-publish","hentry"],"acf":[],"yoast_head":"<!-- This site is optimized with the Yoast SEO plugin v27.3 - https:\/\/yoast.com\/product\/yoast-seo-wordpress\/ -->\n<title>Verbindungsteile mit Funktionsintegration - b&amp;m Homepage<\/title>\n<meta name=\"description\" content=\"Verbindungsteile mit integrierten Zusatzfunktionen zur L\u00f6sung von Anwendungsproblemen. Gewindeformende Mutter b&amp;m-TRIMNUT\u00ae ist nicht nur\u2026\" \/>\n<meta name=\"robots\" content=\"index, follow, max-snippet:-1, max-image-preview:large, max-video-preview:-1\" \/>\n<link rel=\"canonical\" href=\"https:\/\/www.baier-michels.com\/de\/produkte\/verbindungsteile-mit-funktionsintegration\/\" \/>\n<meta property=\"og:locale\" content=\"de_DE\" \/>\n<meta property=\"og:type\" content=\"article\" \/>\n<meta property=\"og:title\" content=\"Verbindungsteile mit Funktionsintegration - b&amp;m Homepage\" \/>\n<meta property=\"og:description\" content=\"Verbindungsteile mit integrierten Zusatzfunktionen zur L\u00f6sung von Anwendungsproblemen. Gewindeformende Mutter b&amp;m-TRIMNUT\u00ae ist nicht nur\u2026\" \/>\n<meta property=\"og:url\" content=\"https:\/\/www.baier-michels.com\/de\/produkte\/verbindungsteile-mit-funktionsintegration\/\" \/>\n<meta property=\"og:site_name\" content=\"b&amp;m Homepage\" \/>\n<meta property=\"article:modified_time\" content=\"2024-12-10T10:09:57+00:00\" \/>\n<meta name=\"twitter:card\" content=\"summary_large_image\" \/>\n<meta name=\"twitter:label1\" content=\"Gesch\u00e4tzte Lesezeit\" \/>\n\t<meta name=\"twitter:data1\" content=\"1\u00a0Minute\" \/>\n<script type=\"application\/ld+json\" class=\"yoast-schema-graph\">{\"@context\":\"https:\\\/\\\/schema.org\",\"@graph\":[{\"@type\":\"WebPage\",\"@id\":\"https:\\\/\\\/www.baier-michels.com\\\/de\\\/produkte\\\/verbindungsteile-mit-funktionsintegration\\\/\",\"url\":\"https:\\\/\\\/www.baier-michels.com\\\/de\\\/produkte\\\/verbindungsteile-mit-funktionsintegration\\\/\",\"name\":\"Verbindungsteile mit Funktionsintegration - b&amp;m Homepage\",\"isPartOf\":{\"@id\":\"https:\\\/\\\/www.baier-michels.com\\\/de\\\/#website\"},\"datePublished\":\"2023-07-24T23:00:00+00:00\",\"dateModified\":\"2024-12-10T10:09:57+00:00\",\"description\":\"Verbindungsteile mit integrierten Zusatzfunktionen zur L\u00f6sung von Anwendungsproblemen. Gewindeformende Mutter b&m-TRIMNUT\u00ae ist nicht nur\u2026\",\"breadcrumb\":{\"@id\":\"https:\\\/\\\/www.baier-michels.com\\\/de\\\/produkte\\\/verbindungsteile-mit-funktionsintegration\\\/#breadcrumb\"},\"inLanguage\":\"de\",\"potentialAction\":[{\"@type\":\"ReadAction\",\"target\":[\"https:\\\/\\\/www.baier-michels.com\\\/de\\\/produkte\\\/verbindungsteile-mit-funktionsintegration\\\/\"]}]},{\"@type\":\"BreadcrumbList\",\"@id\":\"https:\\\/\\\/www.baier-michels.com\\\/de\\\/produkte\\\/verbindungsteile-mit-funktionsintegration\\\/#breadcrumb\",\"itemListElement\":[{\"@type\":\"ListItem\",\"position\":1,\"name\":\"Startseite\",\"item\":\"https:\\\/\\\/www.baier-michels.com\\\/de\\\/\"},{\"@type\":\"ListItem\",\"position\":2,\"name\":\"Produkte\",\"item\":\"https:\\\/\\\/www.baier-michels.com\\\/de\\\/produkte\\\/\"},{\"@type\":\"ListItem\",\"position\":3,\"name\":\"Verbindungsteile mit Funktionsintegration\"}]},{\"@type\":\"WebSite\",\"@id\":\"https:\\\/\\\/www.baier-michels.com\\\/de\\\/#website\",\"url\":\"https:\\\/\\\/www.baier-michels.com\\\/de\\\/\",\"name\":\"b&m\",\"description\":\"baier&amp;michels Gmbh &amp; Co KG\",\"publisher\":{\"@id\":\"https:\\\/\\\/www.baier-michels.com\\\/de\\\/#organization\"},\"potentialAction\":[{\"@type\":\"SearchAction\",\"target\":{\"@type\":\"EntryPoint\",\"urlTemplate\":\"https:\\\/\\\/www.baier-michels.com\\\/de\\\/?s={search_term_string}\"},\"query-input\":{\"@type\":\"PropertyValueSpecification\",\"valueRequired\":true,\"valueName\":\"search_term_string\"}}],\"inLanguage\":\"de\"},{\"@type\":\"Organization\",\"@id\":\"https:\\\/\\\/www.baier-michels.com\\\/de\\\/#organization\",\"name\":\"baier & michels GmbH & Co KG\",\"url\":\"https:\\\/\\\/www.baier-michels.com\\\/de\\\/\",\"logo\":{\"@type\":\"ImageObject\",\"inLanguage\":\"de\",\"@id\":\"https:\\\/\\\/www.baier-michels.com\\\/de\\\/#\\\/schema\\\/logo\\\/image\\\/\",\"url\":\"\",\"contentUrl\":\"\",\"caption\":\"baier & michels GmbH & Co KG\"},\"image\":{\"@id\":\"https:\\\/\\\/www.baier-michels.com\\\/de\\\/#\\\/schema\\\/logo\\\/image\\\/\"},\"sameAs\":[\"https:\\\/\\\/www.linkedin.com\\\/company\\\/baier-michels\\\/?viewAsMember=true\",\"https:\\\/\\\/www.youtube.com\\\/channel\\\/UCdBWm_HCAtCjxiFZWloFYGw?view_as=subscriber\"]}]}<\/script>\n<!-- \/ Yoast SEO plugin. -->","yoast_head_json":{"title":"Verbindungsteile mit Funktionsintegration - b&amp;m Homepage","description":"Verbindungsteile mit integrierten Zusatzfunktionen zur L\u00f6sung von Anwendungsproblemen. Gewindeformende Mutter b&m-TRIMNUT\u00ae ist nicht nur\u2026","robots":{"index":"index","follow":"follow","max-snippet":"max-snippet:-1","max-image-preview":"max-image-preview:large","max-video-preview":"max-video-preview:-1"},"canonical":"https:\/\/www.baier-michels.com\/de\/produkte\/verbindungsteile-mit-funktionsintegration\/","og_locale":"de_DE","og_type":"article","og_title":"Verbindungsteile mit Funktionsintegration - b&amp;m Homepage","og_description":"Verbindungsteile mit integrierten Zusatzfunktionen zur L\u00f6sung von Anwendungsproblemen. Gewindeformende Mutter b&m-TRIMNUT\u00ae ist nicht nur\u2026","og_url":"https:\/\/www.baier-michels.com\/de\/produkte\/verbindungsteile-mit-funktionsintegration\/","og_site_name":"b&amp;m Homepage","article_modified_time":"2024-12-10T10:09:57+00:00","twitter_card":"summary_large_image","twitter_misc":{"Gesch\u00e4tzte Lesezeit":"1\u00a0Minute"},"schema":{"@context":"https:\/\/schema.org","@graph":[{"@type":"WebPage","@id":"https:\/\/www.baier-michels.com\/de\/produkte\/verbindungsteile-mit-funktionsintegration\/","url":"https:\/\/www.baier-michels.com\/de\/produkte\/verbindungsteile-mit-funktionsintegration\/","name":"Verbindungsteile mit Funktionsintegration - b&amp;m Homepage","isPartOf":{"@id":"https:\/\/www.baier-michels.com\/de\/#website"},"datePublished":"2023-07-24T23:00:00+00:00","dateModified":"2024-12-10T10:09:57+00:00","description":"Verbindungsteile mit integrierten Zusatzfunktionen zur L\u00f6sung von Anwendungsproblemen. Gewindeformende Mutter b&m-TRIMNUT\u00ae ist nicht nur\u2026","breadcrumb":{"@id":"https:\/\/www.baier-michels.com\/de\/produkte\/verbindungsteile-mit-funktionsintegration\/#breadcrumb"},"inLanguage":"de","potentialAction":[{"@type":"ReadAction","target":["https:\/\/www.baier-michels.com\/de\/produkte\/verbindungsteile-mit-funktionsintegration\/"]}]},{"@type":"BreadcrumbList","@id":"https:\/\/www.baier-michels.com\/de\/produkte\/verbindungsteile-mit-funktionsintegration\/#breadcrumb","itemListElement":[{"@type":"ListItem","position":1,"name":"Startseite","item":"https:\/\/www.baier-michels.com\/de\/"},{"@type":"ListItem","position":2,"name":"Produkte","item":"https:\/\/www.baier-michels.com\/de\/produkte\/"},{"@type":"ListItem","position":3,"name":"Verbindungsteile mit Funktionsintegration"}]},{"@type":"WebSite","@id":"https:\/\/www.baier-michels.com\/de\/#website","url":"https:\/\/www.baier-michels.com\/de\/","name":"b&m","description":"baier&amp;michels Gmbh &amp; Co KG","publisher":{"@id":"https:\/\/www.baier-michels.com\/de\/#organization"},"potentialAction":[{"@type":"SearchAction","target":{"@type":"EntryPoint","urlTemplate":"https:\/\/www.baier-michels.com\/de\/?s={search_term_string}"},"query-input":{"@type":"PropertyValueSpecification","valueRequired":true,"valueName":"search_term_string"}}],"inLanguage":"de"},{"@type":"Organization","@id":"https:\/\/www.baier-michels.com\/de\/#organization","name":"baier & michels GmbH & Co KG","url":"https:\/\/www.baier-michels.com\/de\/","logo":{"@type":"ImageObject","inLanguage":"de","@id":"https:\/\/www.baier-michels.com\/de\/#\/schema\/logo\/image\/","url":"","contentUrl":"","caption":"baier & michels GmbH & Co KG"},"image":{"@id":"https:\/\/www.baier-michels.com\/de\/#\/schema\/logo\/image\/"},"sameAs":["https:\/\/www.linkedin.com\/company\/baier-michels\/?viewAsMember=true","https:\/\/www.youtube.com\/channel\/UCdBWm_HCAtCjxiFZWloFYGw?view_as=subscriber"]}]}},"_links":{"self":[{"href":"https:\/\/www.baier-michels.com\/de\/wp-json\/wp\/v2\/pages\/9603","targetHints":{"allow":["GET"]}}],"collection":[{"href":"https:\/\/www.baier-michels.com\/de\/wp-json\/wp\/v2\/pages"}],"about":[{"href":"https:\/\/www.baier-michels.com\/de\/wp-json\/wp\/v2\/types\/page"}],"author":[{"embeddable":true,"href":"https:\/\/www.baier-michels.com\/de\/wp-json\/wp\/v2\/users\/1"}],"replies":[{"embeddable":true,"href":"https:\/\/www.baier-michels.com\/de\/wp-json\/wp\/v2\/comments?post=9603"}],"version-history":[{"count":1,"href":"https:\/\/www.baier-michels.com\/de\/wp-json\/wp\/v2\/pages\/9603\/revisions"}],"predecessor-version":[{"id":15287,"href":"https:\/\/www.baier-michels.com\/de\/wp-json\/wp\/v2\/pages\/9603\/revisions\/15287"}],"up":[{"embeddable":true,"href":"https:\/\/www.baier-michels.com\/de\/wp-json\/wp\/v2\/pages\/9746"}],"wp:attachment":[{"href":"https:\/\/www.baier-michels.com\/de\/wp-json\/wp\/v2\/media?parent=9603"}],"wp:term":[{"taxonomy":"category","embeddable":true,"href":"https:\/\/www.baier-michels.com\/de\/wp-json\/wp\/v2\/categories?post=9603"}],"curies":[{"name":"wp","href":"https:\/\/api.w.org\/{rel}","templated":true}]}}