{"id":9605,"date":"2023-07-25T00:00:00","date_gmt":"2023-07-24T23:00:00","guid":{"rendered":"http:\/\/bm.baier-michels.local\/dienstleistungen\/engineering\/"},"modified":"2024-10-16T08:43:10","modified_gmt":"2024-10-16T07:43:10","slug":"engineering","status":"publish","type":"page","link":"https:\/\/www.baier-michels.com\/de\/dienstleistungen\/engineering\/","title":{"rendered":"Engineering"},"content":{"rendered":"<p>Als Entwicklungspartner im Bereich der Verbindungselemente konnte sich baier &#038; michels in der Vergangenheit ein gro\u00dfes Know-how aneignen. Unter Anwendung dieses Fachwissens unterst\u00fctzt die eigene Forschungs- und Entwicklungsabteilung Sie als unseren Kunden von den ersten Ideen, \u00fcber die Konstruktion, bis hin zur Produktion Ihrer Verbindungsteile. <\/p>\n<p>Teil der Entwicklungsabteilung sind die Werkzeugkonstruktion und das Anwendungslabor. Zusammen mit der Vertriebstechnik und der Produktion werden kundenspezifische Anwendungsprobleme betrachtet, Innovationen in der Verbindungstechnik entwickelt und bis zur Marktreife begleitet. Dabei optimieren wir stetig unsere Prozesse auf globaler Ebene. Dar\u00fcber hinaus bieten wir Ihnen die M\u00f6glichkeit, unsere Innovationen nach Ihren W\u00fcnschen anzupassen.<\/p>\n","protected":false},"excerpt":{"rendered":"<p>Als Entwicklungspartner im Bereich der Verbindungselemente konnte sich baier &#038; michels in der Vergangenheit ein gro\u00dfes Know-how aneignen. Unter Anwendung dieses Fachwissens unterst\u00fctzt die eigene Forschungs- und Entwicklungsabteilung Sie als unseren Kunden von den ersten Ideen, \u00fcber die Konstruktion, bis hin zur Produktion Ihrer Verbindungsteile. Teil der Entwicklungsabteilung sind die Werkzeugkonstruktion und das Anwendungslabor. Zusammen [&hellip;]<\/p>\n","protected":false},"author":1,"featured_media":0,"parent":9747,"menu_order":1,"comment_status":"closed","ping_status":"closed","template":"template_page_e2_nolink.php","meta":{"_acf_changed":false,"footnotes":""},"categories":[],"class_list":["post-9605","page","type-page","status-publish","hentry"],"acf":[],"yoast_head":"<!-- This site is optimized with the Yoast SEO plugin v27.4 - https:\/\/yoast.com\/product\/yoast-seo-wordpress\/ -->\n<title>Engineering - b&amp;m Homepage<\/title>\n<meta name=\"description\" content=\"Unsere Forschungs- und Entwicklungsabteilung unterst\u00fctzt Sie von den ersten Ideen, \u00fcber die Konstruktion, bis hin zur Produktion Ihrer Verbindungsteile.\" \/>\n<meta name=\"robots\" content=\"index, follow, max-snippet:-1, max-image-preview:large, max-video-preview:-1\" \/>\n<link rel=\"canonical\" href=\"https:\/\/www.baier-michels.com\/de\/dienstleistungen\/engineering\/\" \/>\n<meta property=\"og:locale\" content=\"de_DE\" \/>\n<meta property=\"og:type\" content=\"article\" \/>\n<meta property=\"og:title\" content=\"Engineering - b&amp;m Homepage\" \/>\n<meta property=\"og:description\" content=\"Unsere Forschungs- und Entwicklungsabteilung unterst\u00fctzt Sie von den ersten Ideen, \u00fcber die Konstruktion, bis hin zur Produktion Ihrer Verbindungsteile.\" \/>\n<meta property=\"og:url\" content=\"https:\/\/www.baier-michels.com\/de\/dienstleistungen\/engineering\/\" \/>\n<meta property=\"og:site_name\" content=\"b&amp;m Homepage\" \/>\n<meta property=\"article:modified_time\" content=\"2024-10-16T07:43:10+00:00\" \/>\n<meta name=\"twitter:card\" content=\"summary_large_image\" \/>\n<meta name=\"twitter:label1\" content=\"Gesch\u00e4tzte Lesezeit\" \/>\n\t<meta name=\"twitter:data1\" content=\"1\u00a0Minute\" \/>\n<script type=\"application\/ld+json\" class=\"yoast-schema-graph\">{\"@context\":\"https:\\\/\\\/schema.org\",\"@graph\":[{\"@type\":\"WebPage\",\"@id\":\"https:\\\/\\\/www.baier-michels.com\\\/de\\\/dienstleistungen\\\/engineering\\\/\",\"url\":\"https:\\\/\\\/www.baier-michels.com\\\/de\\\/dienstleistungen\\\/engineering\\\/\",\"name\":\"Engineering - b&amp;m Homepage\",\"isPartOf\":{\"@id\":\"https:\\\/\\\/www.baier-michels.com\\\/de\\\/#website\"},\"datePublished\":\"2023-07-24T23:00:00+00:00\",\"dateModified\":\"2024-10-16T07:43:10+00:00\",\"description\":\"Unsere Forschungs- und Entwicklungsabteilung unterst\u00fctzt Sie von den ersten Ideen, \u00fcber die Konstruktion, bis hin zur Produktion Ihrer Verbindungsteile.\",\"breadcrumb\":{\"@id\":\"https:\\\/\\\/www.baier-michels.com\\\/de\\\/dienstleistungen\\\/engineering\\\/#breadcrumb\"},\"inLanguage\":\"de\",\"potentialAction\":[{\"@type\":\"ReadAction\",\"target\":[\"https:\\\/\\\/www.baier-michels.com\\\/de\\\/dienstleistungen\\\/engineering\\\/\"]}]},{\"@type\":\"BreadcrumbList\",\"@id\":\"https:\\\/\\\/www.baier-michels.com\\\/de\\\/dienstleistungen\\\/engineering\\\/#breadcrumb\",\"itemListElement\":[{\"@type\":\"ListItem\",\"position\":1,\"name\":\"Startseite\",\"item\":\"https:\\\/\\\/www.baier-michels.com\\\/de\\\/\"},{\"@type\":\"ListItem\",\"position\":2,\"name\":\"Dienstleistungen\",\"item\":\"https:\\\/\\\/www.baier-michels.com\\\/de\\\/dienstleistungen\\\/\"},{\"@type\":\"ListItem\",\"position\":3,\"name\":\"Engineering\"}]},{\"@type\":\"WebSite\",\"@id\":\"https:\\\/\\\/www.baier-michels.com\\\/de\\\/#website\",\"url\":\"https:\\\/\\\/www.baier-michels.com\\\/de\\\/\",\"name\":\"b&m\",\"description\":\"baier&amp;michels Gmbh &amp; Co KG\",\"publisher\":{\"@id\":\"https:\\\/\\\/www.baier-michels.com\\\/de\\\/#organization\"},\"potentialAction\":[{\"@type\":\"SearchAction\",\"target\":{\"@type\":\"EntryPoint\",\"urlTemplate\":\"https:\\\/\\\/www.baier-michels.com\\\/de\\\/?s={search_term_string}\"},\"query-input\":{\"@type\":\"PropertyValueSpecification\",\"valueRequired\":true,\"valueName\":\"search_term_string\"}}],\"inLanguage\":\"de\"},{\"@type\":\"Organization\",\"@id\":\"https:\\\/\\\/www.baier-michels.com\\\/de\\\/#organization\",\"name\":\"baier & michels GmbH & Co KG\",\"url\":\"https:\\\/\\\/www.baier-michels.com\\\/de\\\/\",\"logo\":{\"@type\":\"ImageObject\",\"inLanguage\":\"de\",\"@id\":\"https:\\\/\\\/www.baier-michels.com\\\/de\\\/#\\\/schema\\\/logo\\\/image\\\/\",\"url\":\"\",\"contentUrl\":\"\",\"caption\":\"baier & michels GmbH & Co KG\"},\"image\":{\"@id\":\"https:\\\/\\\/www.baier-michels.com\\\/de\\\/#\\\/schema\\\/logo\\\/image\\\/\"},\"sameAs\":[\"https:\\\/\\\/www.linkedin.com\\\/company\\\/baier-michels\\\/?viewAsMember=true\",\"https:\\\/\\\/www.youtube.com\\\/channel\\\/UCdBWm_HCAtCjxiFZWloFYGw?view_as=subscriber\"]}]}<\/script>\n<!-- \/ Yoast SEO plugin. -->","yoast_head_json":{"title":"Engineering - b&amp;m Homepage","description":"Unsere Forschungs- und Entwicklungsabteilung unterst\u00fctzt Sie von den ersten Ideen, \u00fcber die Konstruktion, bis hin zur Produktion Ihrer Verbindungsteile.","robots":{"index":"index","follow":"follow","max-snippet":"max-snippet:-1","max-image-preview":"max-image-preview:large","max-video-preview":"max-video-preview:-1"},"canonical":"https:\/\/www.baier-michels.com\/de\/dienstleistungen\/engineering\/","og_locale":"de_DE","og_type":"article","og_title":"Engineering - b&amp;m Homepage","og_description":"Unsere Forschungs- und Entwicklungsabteilung unterst\u00fctzt Sie von den ersten Ideen, \u00fcber die Konstruktion, bis hin zur Produktion Ihrer Verbindungsteile.","og_url":"https:\/\/www.baier-michels.com\/de\/dienstleistungen\/engineering\/","og_site_name":"b&amp;m Homepage","article_modified_time":"2024-10-16T07:43:10+00:00","twitter_card":"summary_large_image","twitter_misc":{"Gesch\u00e4tzte Lesezeit":"1\u00a0Minute"},"schema":{"@context":"https:\/\/schema.org","@graph":[{"@type":"WebPage","@id":"https:\/\/www.baier-michels.com\/de\/dienstleistungen\/engineering\/","url":"https:\/\/www.baier-michels.com\/de\/dienstleistungen\/engineering\/","name":"Engineering - b&amp;m Homepage","isPartOf":{"@id":"https:\/\/www.baier-michels.com\/de\/#website"},"datePublished":"2023-07-24T23:00:00+00:00","dateModified":"2024-10-16T07:43:10+00:00","description":"Unsere Forschungs- und Entwicklungsabteilung unterst\u00fctzt Sie von den ersten Ideen, \u00fcber die Konstruktion, bis hin zur Produktion Ihrer Verbindungsteile.","breadcrumb":{"@id":"https:\/\/www.baier-michels.com\/de\/dienstleistungen\/engineering\/#breadcrumb"},"inLanguage":"de","potentialAction":[{"@type":"ReadAction","target":["https:\/\/www.baier-michels.com\/de\/dienstleistungen\/engineering\/"]}]},{"@type":"BreadcrumbList","@id":"https:\/\/www.baier-michels.com\/de\/dienstleistungen\/engineering\/#breadcrumb","itemListElement":[{"@type":"ListItem","position":1,"name":"Startseite","item":"https:\/\/www.baier-michels.com\/de\/"},{"@type":"ListItem","position":2,"name":"Dienstleistungen","item":"https:\/\/www.baier-michels.com\/de\/dienstleistungen\/"},{"@type":"ListItem","position":3,"name":"Engineering"}]},{"@type":"WebSite","@id":"https:\/\/www.baier-michels.com\/de\/#website","url":"https:\/\/www.baier-michels.com\/de\/","name":"b&m","description":"baier&amp;michels Gmbh &amp; Co KG","publisher":{"@id":"https:\/\/www.baier-michels.com\/de\/#organization"},"potentialAction":[{"@type":"SearchAction","target":{"@type":"EntryPoint","urlTemplate":"https:\/\/www.baier-michels.com\/de\/?s={search_term_string}"},"query-input":{"@type":"PropertyValueSpecification","valueRequired":true,"valueName":"search_term_string"}}],"inLanguage":"de"},{"@type":"Organization","@id":"https:\/\/www.baier-michels.com\/de\/#organization","name":"baier & michels GmbH & Co KG","url":"https:\/\/www.baier-michels.com\/de\/","logo":{"@type":"ImageObject","inLanguage":"de","@id":"https:\/\/www.baier-michels.com\/de\/#\/schema\/logo\/image\/","url":"","contentUrl":"","caption":"baier & michels GmbH & Co KG"},"image":{"@id":"https:\/\/www.baier-michels.com\/de\/#\/schema\/logo\/image\/"},"sameAs":["https:\/\/www.linkedin.com\/company\/baier-michels\/?viewAsMember=true","https:\/\/www.youtube.com\/channel\/UCdBWm_HCAtCjxiFZWloFYGw?view_as=subscriber"]}]}},"_links":{"self":[{"href":"https:\/\/www.baier-michels.com\/de\/wp-json\/wp\/v2\/pages\/9605","targetHints":{"allow":["GET"]}}],"collection":[{"href":"https:\/\/www.baier-michels.com\/de\/wp-json\/wp\/v2\/pages"}],"about":[{"href":"https:\/\/www.baier-michels.com\/de\/wp-json\/wp\/v2\/types\/page"}],"author":[{"embeddable":true,"href":"https:\/\/www.baier-michels.com\/de\/wp-json\/wp\/v2\/users\/1"}],"replies":[{"embeddable":true,"href":"https:\/\/www.baier-michels.com\/de\/wp-json\/wp\/v2\/comments?post=9605"}],"version-history":[{"count":0,"href":"https:\/\/www.baier-michels.com\/de\/wp-json\/wp\/v2\/pages\/9605\/revisions"}],"up":[{"embeddable":true,"href":"https:\/\/www.baier-michels.com\/de\/wp-json\/wp\/v2\/pages\/9747"}],"wp:attachment":[{"href":"https:\/\/www.baier-michels.com\/de\/wp-json\/wp\/v2\/media?parent=9605"}],"wp:term":[{"taxonomy":"category","embeddable":true,"href":"https:\/\/www.baier-michels.com\/de\/wp-json\/wp\/v2\/categories?post=9605"}],"curies":[{"name":"wp","href":"https:\/\/api.w.org\/{rel}","templated":true}]}}