{"id":9607,"date":"2023-07-25T00:00:00","date_gmt":"2023-07-24T23:00:00","guid":{"rendered":"http:\/\/bm.baier-michels.local\/dienstleistungen\/produktion\/"},"modified":"2024-10-16T08:43:10","modified_gmt":"2024-10-16T07:43:10","slug":"produktion","status":"publish","type":"page","link":"https:\/\/www.baier-michels.com\/de\/dienstleistungen\/produktion\/","title":{"rendered":"Produktion"},"content":{"rendered":"<p>Als Produzent von Verbindungsteilen setzen wir vor allem in unserer Eigenfertigung auf innovative Entwicklungskompetenz und hohes Produktions-Know-How. Somit k\u00f6nnen wir Ihre individuellen Verbindungsl\u00f6sungen schnell und effizient unter einem Dach entwickeln und fertigen. Mit modernster Technologie produzieren, pr\u00fcfen und verpacken wir Verbindungsteile in der hauseigenen Fertigung.<\/p>\n<p>In Rohrbach wird aus dem Draht eine fertige Schraube. Dabei vereinen wir in unserer Produktion alle n\u00f6tigen Kompetenzen der Umformung und Qualit\u00e4tskontrolle. F\u00fcr weitergehende Behandlungen wie Verg\u00fcten, genauso wie f\u00fcr die Oberfl\u00e4chenbehandlung, arbeiten wir eng mit unseren lokalen Partnern zusammen.<\/p>\n","protected":false},"excerpt":{"rendered":"<p>Als Produzent von Verbindungsteilen setzen wir vor allem in unserer Eigenfertigung auf innovative Entwicklungskompetenz und hohes Produktions-Know-How. Somit k\u00f6nnen wir Ihre individuellen Verbindungsl\u00f6sungen schnell und effizient unter einem Dach entwickeln und fertigen. Mit modernster Technologie produzieren, pr\u00fcfen und verpacken wir Verbindungsteile in der hauseigenen Fertigung. In Rohrbach wird aus dem Draht eine fertige Schraube. Dabei [&hellip;]<\/p>\n","protected":false},"author":1,"featured_media":0,"parent":9747,"menu_order":3,"comment_status":"closed","ping_status":"closed","template":"template_page_e2_nolink.php","meta":{"_acf_changed":false,"footnotes":""},"categories":[],"class_list":["post-9607","page","type-page","status-publish","hentry"],"acf":[],"yoast_head":"<!-- This site is optimized with the Yoast SEO plugin v27.4 - https:\/\/yoast.com\/product\/yoast-seo-wordpress\/ -->\n<title>Produktion - b&amp;m Homepage<\/title>\n<meta name=\"description\" content=\"Unsere eigene Produktion mit Presserei, Walzerei, Sortierungsanlagen sowie Systemen zur Prozess\u00fcberwachung\u2026\" \/>\n<meta name=\"robots\" content=\"index, follow, max-snippet:-1, max-image-preview:large, max-video-preview:-1\" \/>\n<link rel=\"canonical\" href=\"https:\/\/www.baier-michels.com\/de\/dienstleistungen\/produktion\/\" \/>\n<meta property=\"og:locale\" content=\"de_DE\" \/>\n<meta property=\"og:type\" content=\"article\" \/>\n<meta property=\"og:title\" content=\"Produktion - b&amp;m Homepage\" \/>\n<meta property=\"og:description\" content=\"Unsere eigene Produktion mit Presserei, Walzerei, Sortierungsanlagen sowie Systemen zur Prozess\u00fcberwachung\u2026\" \/>\n<meta property=\"og:url\" content=\"https:\/\/www.baier-michels.com\/de\/dienstleistungen\/produktion\/\" \/>\n<meta property=\"og:site_name\" content=\"b&amp;m Homepage\" \/>\n<meta property=\"article:modified_time\" content=\"2024-10-16T07:43:10+00:00\" \/>\n<meta name=\"twitter:card\" content=\"summary_large_image\" \/>\n<meta name=\"twitter:label1\" content=\"Gesch\u00e4tzte Lesezeit\" \/>\n\t<meta name=\"twitter:data1\" content=\"1\u00a0Minute\" \/>\n<script type=\"application\/ld+json\" class=\"yoast-schema-graph\">{\"@context\":\"https:\\\/\\\/schema.org\",\"@graph\":[{\"@type\":\"WebPage\",\"@id\":\"https:\\\/\\\/www.baier-michels.com\\\/de\\\/dienstleistungen\\\/produktion\\\/\",\"url\":\"https:\\\/\\\/www.baier-michels.com\\\/de\\\/dienstleistungen\\\/produktion\\\/\",\"name\":\"Produktion - b&amp;m Homepage\",\"isPartOf\":{\"@id\":\"https:\\\/\\\/www.baier-michels.com\\\/de\\\/#website\"},\"datePublished\":\"2023-07-24T23:00:00+00:00\",\"dateModified\":\"2024-10-16T07:43:10+00:00\",\"description\":\"Unsere eigene Produktion mit Presserei, Walzerei, Sortierungsanlagen sowie Systemen zur Prozess\u00fcberwachung\u2026\",\"breadcrumb\":{\"@id\":\"https:\\\/\\\/www.baier-michels.com\\\/de\\\/dienstleistungen\\\/produktion\\\/#breadcrumb\"},\"inLanguage\":\"de\",\"potentialAction\":[{\"@type\":\"ReadAction\",\"target\":[\"https:\\\/\\\/www.baier-michels.com\\\/de\\\/dienstleistungen\\\/produktion\\\/\"]}]},{\"@type\":\"BreadcrumbList\",\"@id\":\"https:\\\/\\\/www.baier-michels.com\\\/de\\\/dienstleistungen\\\/produktion\\\/#breadcrumb\",\"itemListElement\":[{\"@type\":\"ListItem\",\"position\":1,\"name\":\"Startseite\",\"item\":\"https:\\\/\\\/www.baier-michels.com\\\/de\\\/\"},{\"@type\":\"ListItem\",\"position\":2,\"name\":\"Dienstleistungen\",\"item\":\"https:\\\/\\\/www.baier-michels.com\\\/de\\\/dienstleistungen\\\/\"},{\"@type\":\"ListItem\",\"position\":3,\"name\":\"Produktion\"}]},{\"@type\":\"WebSite\",\"@id\":\"https:\\\/\\\/www.baier-michels.com\\\/de\\\/#website\",\"url\":\"https:\\\/\\\/www.baier-michels.com\\\/de\\\/\",\"name\":\"b&m\",\"description\":\"baier&amp;michels Gmbh &amp; Co KG\",\"publisher\":{\"@id\":\"https:\\\/\\\/www.baier-michels.com\\\/de\\\/#organization\"},\"potentialAction\":[{\"@type\":\"SearchAction\",\"target\":{\"@type\":\"EntryPoint\",\"urlTemplate\":\"https:\\\/\\\/www.baier-michels.com\\\/de\\\/?s={search_term_string}\"},\"query-input\":{\"@type\":\"PropertyValueSpecification\",\"valueRequired\":true,\"valueName\":\"search_term_string\"}}],\"inLanguage\":\"de\"},{\"@type\":\"Organization\",\"@id\":\"https:\\\/\\\/www.baier-michels.com\\\/de\\\/#organization\",\"name\":\"baier & michels GmbH & Co KG\",\"url\":\"https:\\\/\\\/www.baier-michels.com\\\/de\\\/\",\"logo\":{\"@type\":\"ImageObject\",\"inLanguage\":\"de\",\"@id\":\"https:\\\/\\\/www.baier-michels.com\\\/de\\\/#\\\/schema\\\/logo\\\/image\\\/\",\"url\":\"\",\"contentUrl\":\"\",\"caption\":\"baier & michels GmbH & Co KG\"},\"image\":{\"@id\":\"https:\\\/\\\/www.baier-michels.com\\\/de\\\/#\\\/schema\\\/logo\\\/image\\\/\"},\"sameAs\":[\"https:\\\/\\\/www.linkedin.com\\\/company\\\/baier-michels\\\/?viewAsMember=true\",\"https:\\\/\\\/www.youtube.com\\\/channel\\\/UCdBWm_HCAtCjxiFZWloFYGw?view_as=subscriber\"]}]}<\/script>\n<!-- \/ Yoast SEO plugin. -->","yoast_head_json":{"title":"Produktion - b&amp;m Homepage","description":"Unsere eigene Produktion mit Presserei, Walzerei, Sortierungsanlagen sowie Systemen zur Prozess\u00fcberwachung\u2026","robots":{"index":"index","follow":"follow","max-snippet":"max-snippet:-1","max-image-preview":"max-image-preview:large","max-video-preview":"max-video-preview:-1"},"canonical":"https:\/\/www.baier-michels.com\/de\/dienstleistungen\/produktion\/","og_locale":"de_DE","og_type":"article","og_title":"Produktion - b&amp;m Homepage","og_description":"Unsere eigene Produktion mit Presserei, Walzerei, Sortierungsanlagen sowie Systemen zur Prozess\u00fcberwachung\u2026","og_url":"https:\/\/www.baier-michels.com\/de\/dienstleistungen\/produktion\/","og_site_name":"b&amp;m Homepage","article_modified_time":"2024-10-16T07:43:10+00:00","twitter_card":"summary_large_image","twitter_misc":{"Gesch\u00e4tzte Lesezeit":"1\u00a0Minute"},"schema":{"@context":"https:\/\/schema.org","@graph":[{"@type":"WebPage","@id":"https:\/\/www.baier-michels.com\/de\/dienstleistungen\/produktion\/","url":"https:\/\/www.baier-michels.com\/de\/dienstleistungen\/produktion\/","name":"Produktion - b&amp;m Homepage","isPartOf":{"@id":"https:\/\/www.baier-michels.com\/de\/#website"},"datePublished":"2023-07-24T23:00:00+00:00","dateModified":"2024-10-16T07:43:10+00:00","description":"Unsere eigene Produktion mit Presserei, Walzerei, Sortierungsanlagen sowie Systemen zur Prozess\u00fcberwachung\u2026","breadcrumb":{"@id":"https:\/\/www.baier-michels.com\/de\/dienstleistungen\/produktion\/#breadcrumb"},"inLanguage":"de","potentialAction":[{"@type":"ReadAction","target":["https:\/\/www.baier-michels.com\/de\/dienstleistungen\/produktion\/"]}]},{"@type":"BreadcrumbList","@id":"https:\/\/www.baier-michels.com\/de\/dienstleistungen\/produktion\/#breadcrumb","itemListElement":[{"@type":"ListItem","position":1,"name":"Startseite","item":"https:\/\/www.baier-michels.com\/de\/"},{"@type":"ListItem","position":2,"name":"Dienstleistungen","item":"https:\/\/www.baier-michels.com\/de\/dienstleistungen\/"},{"@type":"ListItem","position":3,"name":"Produktion"}]},{"@type":"WebSite","@id":"https:\/\/www.baier-michels.com\/de\/#website","url":"https:\/\/www.baier-michels.com\/de\/","name":"b&m","description":"baier&amp;michels Gmbh &amp; Co KG","publisher":{"@id":"https:\/\/www.baier-michels.com\/de\/#organization"},"potentialAction":[{"@type":"SearchAction","target":{"@type":"EntryPoint","urlTemplate":"https:\/\/www.baier-michels.com\/de\/?s={search_term_string}"},"query-input":{"@type":"PropertyValueSpecification","valueRequired":true,"valueName":"search_term_string"}}],"inLanguage":"de"},{"@type":"Organization","@id":"https:\/\/www.baier-michels.com\/de\/#organization","name":"baier & michels GmbH & Co KG","url":"https:\/\/www.baier-michels.com\/de\/","logo":{"@type":"ImageObject","inLanguage":"de","@id":"https:\/\/www.baier-michels.com\/de\/#\/schema\/logo\/image\/","url":"","contentUrl":"","caption":"baier & michels GmbH & Co KG"},"image":{"@id":"https:\/\/www.baier-michels.com\/de\/#\/schema\/logo\/image\/"},"sameAs":["https:\/\/www.linkedin.com\/company\/baier-michels\/?viewAsMember=true","https:\/\/www.youtube.com\/channel\/UCdBWm_HCAtCjxiFZWloFYGw?view_as=subscriber"]}]}},"_links":{"self":[{"href":"https:\/\/www.baier-michels.com\/de\/wp-json\/wp\/v2\/pages\/9607","targetHints":{"allow":["GET"]}}],"collection":[{"href":"https:\/\/www.baier-michels.com\/de\/wp-json\/wp\/v2\/pages"}],"about":[{"href":"https:\/\/www.baier-michels.com\/de\/wp-json\/wp\/v2\/types\/page"}],"author":[{"embeddable":true,"href":"https:\/\/www.baier-michels.com\/de\/wp-json\/wp\/v2\/users\/1"}],"replies":[{"embeddable":true,"href":"https:\/\/www.baier-michels.com\/de\/wp-json\/wp\/v2\/comments?post=9607"}],"version-history":[{"count":0,"href":"https:\/\/www.baier-michels.com\/de\/wp-json\/wp\/v2\/pages\/9607\/revisions"}],"up":[{"embeddable":true,"href":"https:\/\/www.baier-michels.com\/de\/wp-json\/wp\/v2\/pages\/9747"}],"wp:attachment":[{"href":"https:\/\/www.baier-michels.com\/de\/wp-json\/wp\/v2\/media?parent=9607"}],"wp:term":[{"taxonomy":"category","embeddable":true,"href":"https:\/\/www.baier-michels.com\/de\/wp-json\/wp\/v2\/categories?post=9607"}],"curies":[{"name":"wp","href":"https:\/\/api.w.org\/{rel}","templated":true}]}}