{"id":9669,"date":"2020-12-31T00:00:00","date_gmt":"2020-12-30T23:00:00","guid":{"rendered":"http:\/\/bm.baier-michels.local\/produkte\/direktverschraubung-in-metalle\/bm-form\/"},"modified":"2025-07-17T13:48:31","modified_gmt":"2025-07-17T12:48:31","slug":"bm-form","status":"publish","type":"page","link":"https:\/\/www.baier-michels.com\/de\/produkte\/direktverschraubung-in-metalle\/bm-form\/","title":{"rendered":"b&#038;m-FORM<sup class=\"copyright\">\u00ae<\/sup>"},"content":{"rendered":"<p>Im Gegensatz zu \u201etrilobularen\u201c Schrauben wird die b&#038;m-FORM<sup class=\"copyright\">\u00ae<\/sup> mit einem den<br \/>\ngesamten Gewindebereich betreffenden, kreisrunden Querschnitt versehen. Auch die Furchzone weist vollst\u00e4ndig und spitz ausgepr\u00e4gte Gewindeflanken auf. Die Geometrie des Gewindes garantiert ein sicheres Verschrauben, auch unter ung\u00fcnstigen Bedingungen.<\/p>\n","protected":false},"excerpt":{"rendered":"<p>Im Gegensatz zu \u201etrilobularen\u201c Schrauben wird die b&#038;m-FORM\u00ae mit einem den gesamten Gewindebereich betreffenden, kreisrunden Querschnitt versehen. Auch die Furchzone weist vollst\u00e4ndig und spitz ausgepr\u00e4gte Gewindeflanken auf. Die Geometrie des Gewindes garantiert ein sicheres Verschrauben, auch unter ung\u00fcnstigen Bedingungen.<\/p>\n","protected":false},"author":1,"featured_media":0,"parent":9599,"menu_order":1,"comment_status":"closed","ping_status":"closed","template":"template_brands_new.php","meta":{"_acf_changed":false,"footnotes":""},"categories":[],"class_list":["post-9669","page","type-page","status-publish","hentry"],"acf":[],"yoast_head":"<!-- This site is optimized with the Yoast SEO plugin v27.4 - https:\/\/yoast.com\/product\/yoast-seo-wordpress\/ -->\n<title>b&amp;m-FORM\u00ae - b&amp;m Homepage<\/title>\n<meta name=\"description\" content=\"Universell einsetzbares Direktverschraubungssystem in alle duktilen Metallwerkstoffe\" \/>\n<meta name=\"robots\" content=\"index, follow, max-snippet:-1, max-image-preview:large, max-video-preview:-1\" \/>\n<link rel=\"canonical\" href=\"https:\/\/www.baier-michels.com\/de\/produkte\/direktverschraubung-in-metalle\/bm-form\/\" \/>\n<meta property=\"og:locale\" content=\"de_DE\" \/>\n<meta property=\"og:type\" content=\"article\" \/>\n<meta property=\"og:title\" content=\"b&amp;m-FORM\u00ae - b&amp;m Homepage\" \/>\n<meta property=\"og:description\" content=\"Universell einsetzbares Direktverschraubungssystem in alle duktilen Metallwerkstoffe\" \/>\n<meta property=\"og:url\" content=\"https:\/\/www.baier-michels.com\/de\/produkte\/direktverschraubung-in-metalle\/bm-form\/\" \/>\n<meta property=\"og:site_name\" content=\"b&amp;m Homepage\" \/>\n<meta property=\"article:modified_time\" content=\"2025-07-17T12:48:31+00:00\" \/>\n<meta name=\"twitter:card\" content=\"summary_large_image\" \/>\n<meta name=\"twitter:label1\" content=\"Gesch\u00e4tzte Lesezeit\" \/>\n\t<meta name=\"twitter:data1\" content=\"1\u00a0Minute\" \/>\n<script type=\"application\/ld+json\" class=\"yoast-schema-graph\">{\"@context\":\"https:\\\/\\\/schema.org\",\"@graph\":[{\"@type\":\"WebPage\",\"@id\":\"https:\\\/\\\/www.baier-michels.com\\\/de\\\/produkte\\\/direktverschraubung-in-metalle\\\/bm-form\\\/\",\"url\":\"https:\\\/\\\/www.baier-michels.com\\\/de\\\/produkte\\\/direktverschraubung-in-metalle\\\/bm-form\\\/\",\"name\":\"b&m-FORM\u00ae - b&amp;m Homepage\",\"isPartOf\":{\"@id\":\"https:\\\/\\\/www.baier-michels.com\\\/de\\\/#website\"},\"datePublished\":\"2020-12-30T23:00:00+00:00\",\"dateModified\":\"2025-07-17T12:48:31+00:00\",\"description\":\"Universell einsetzbares Direktverschraubungssystem in alle duktilen Metallwerkstoffe\",\"breadcrumb\":{\"@id\":\"https:\\\/\\\/www.baier-michels.com\\\/de\\\/produkte\\\/direktverschraubung-in-metalle\\\/bm-form\\\/#breadcrumb\"},\"inLanguage\":\"de\",\"potentialAction\":[{\"@type\":\"ReadAction\",\"target\":[\"https:\\\/\\\/www.baier-michels.com\\\/de\\\/produkte\\\/direktverschraubung-in-metalle\\\/bm-form\\\/\"]}]},{\"@type\":\"BreadcrumbList\",\"@id\":\"https:\\\/\\\/www.baier-michels.com\\\/de\\\/produkte\\\/direktverschraubung-in-metalle\\\/bm-form\\\/#breadcrumb\",\"itemListElement\":[{\"@type\":\"ListItem\",\"position\":1,\"name\":\"Startseite\",\"item\":\"https:\\\/\\\/www.baier-michels.com\\\/de\\\/\"},{\"@type\":\"ListItem\",\"position\":2,\"name\":\"Produkte\",\"item\":\"https:\\\/\\\/www.baier-michels.com\\\/de\\\/produkte\\\/\"},{\"@type\":\"ListItem\",\"position\":3,\"name\":\"Direktverschraubung in Metalle\",\"item\":\"https:\\\/\\\/www.baier-michels.com\\\/de\\\/produkte\\\/direktverschraubung-in-metalle\\\/\"},{\"@type\":\"ListItem\",\"position\":4,\"name\":\"b&#038;m-FORM\u00ae\"}]},{\"@type\":\"WebSite\",\"@id\":\"https:\\\/\\\/www.baier-michels.com\\\/de\\\/#website\",\"url\":\"https:\\\/\\\/www.baier-michels.com\\\/de\\\/\",\"name\":\"b&m\",\"description\":\"baier&amp;michels Gmbh &amp; Co KG\",\"publisher\":{\"@id\":\"https:\\\/\\\/www.baier-michels.com\\\/de\\\/#organization\"},\"potentialAction\":[{\"@type\":\"SearchAction\",\"target\":{\"@type\":\"EntryPoint\",\"urlTemplate\":\"https:\\\/\\\/www.baier-michels.com\\\/de\\\/?s={search_term_string}\"},\"query-input\":{\"@type\":\"PropertyValueSpecification\",\"valueRequired\":true,\"valueName\":\"search_term_string\"}}],\"inLanguage\":\"de\"},{\"@type\":\"Organization\",\"@id\":\"https:\\\/\\\/www.baier-michels.com\\\/de\\\/#organization\",\"name\":\"baier & michels GmbH & Co KG\",\"url\":\"https:\\\/\\\/www.baier-michels.com\\\/de\\\/\",\"logo\":{\"@type\":\"ImageObject\",\"inLanguage\":\"de\",\"@id\":\"https:\\\/\\\/www.baier-michels.com\\\/de\\\/#\\\/schema\\\/logo\\\/image\\\/\",\"url\":\"\",\"contentUrl\":\"\",\"caption\":\"baier & michels GmbH & Co KG\"},\"image\":{\"@id\":\"https:\\\/\\\/www.baier-michels.com\\\/de\\\/#\\\/schema\\\/logo\\\/image\\\/\"},\"sameAs\":[\"https:\\\/\\\/www.linkedin.com\\\/company\\\/baier-michels\\\/?viewAsMember=true\",\"https:\\\/\\\/www.youtube.com\\\/channel\\\/UCdBWm_HCAtCjxiFZWloFYGw?view_as=subscriber\"]}]}<\/script>\n<!-- \/ Yoast SEO plugin. -->","yoast_head_json":{"title":"b&m-FORM\u00ae - b&amp;m Homepage","description":"Universell einsetzbares Direktverschraubungssystem in alle duktilen Metallwerkstoffe","robots":{"index":"index","follow":"follow","max-snippet":"max-snippet:-1","max-image-preview":"max-image-preview:large","max-video-preview":"max-video-preview:-1"},"canonical":"https:\/\/www.baier-michels.com\/de\/produkte\/direktverschraubung-in-metalle\/bm-form\/","og_locale":"de_DE","og_type":"article","og_title":"b&m-FORM\u00ae - b&amp;m Homepage","og_description":"Universell einsetzbares Direktverschraubungssystem in alle duktilen Metallwerkstoffe","og_url":"https:\/\/www.baier-michels.com\/de\/produkte\/direktverschraubung-in-metalle\/bm-form\/","og_site_name":"b&amp;m Homepage","article_modified_time":"2025-07-17T12:48:31+00:00","twitter_card":"summary_large_image","twitter_misc":{"Gesch\u00e4tzte Lesezeit":"1\u00a0Minute"},"schema":{"@context":"https:\/\/schema.org","@graph":[{"@type":"WebPage","@id":"https:\/\/www.baier-michels.com\/de\/produkte\/direktverschraubung-in-metalle\/bm-form\/","url":"https:\/\/www.baier-michels.com\/de\/produkte\/direktverschraubung-in-metalle\/bm-form\/","name":"b&m-FORM\u00ae - b&amp;m Homepage","isPartOf":{"@id":"https:\/\/www.baier-michels.com\/de\/#website"},"datePublished":"2020-12-30T23:00:00+00:00","dateModified":"2025-07-17T12:48:31+00:00","description":"Universell einsetzbares Direktverschraubungssystem in alle duktilen Metallwerkstoffe","breadcrumb":{"@id":"https:\/\/www.baier-michels.com\/de\/produkte\/direktverschraubung-in-metalle\/bm-form\/#breadcrumb"},"inLanguage":"de","potentialAction":[{"@type":"ReadAction","target":["https:\/\/www.baier-michels.com\/de\/produkte\/direktverschraubung-in-metalle\/bm-form\/"]}]},{"@type":"BreadcrumbList","@id":"https:\/\/www.baier-michels.com\/de\/produkte\/direktverschraubung-in-metalle\/bm-form\/#breadcrumb","itemListElement":[{"@type":"ListItem","position":1,"name":"Startseite","item":"https:\/\/www.baier-michels.com\/de\/"},{"@type":"ListItem","position":2,"name":"Produkte","item":"https:\/\/www.baier-michels.com\/de\/produkte\/"},{"@type":"ListItem","position":3,"name":"Direktverschraubung in Metalle","item":"https:\/\/www.baier-michels.com\/de\/produkte\/direktverschraubung-in-metalle\/"},{"@type":"ListItem","position":4,"name":"b&#038;m-FORM\u00ae"}]},{"@type":"WebSite","@id":"https:\/\/www.baier-michels.com\/de\/#website","url":"https:\/\/www.baier-michels.com\/de\/","name":"b&m","description":"baier&amp;michels Gmbh &amp; Co KG","publisher":{"@id":"https:\/\/www.baier-michels.com\/de\/#organization"},"potentialAction":[{"@type":"SearchAction","target":{"@type":"EntryPoint","urlTemplate":"https:\/\/www.baier-michels.com\/de\/?s={search_term_string}"},"query-input":{"@type":"PropertyValueSpecification","valueRequired":true,"valueName":"search_term_string"}}],"inLanguage":"de"},{"@type":"Organization","@id":"https:\/\/www.baier-michels.com\/de\/#organization","name":"baier & michels GmbH & Co KG","url":"https:\/\/www.baier-michels.com\/de\/","logo":{"@type":"ImageObject","inLanguage":"de","@id":"https:\/\/www.baier-michels.com\/de\/#\/schema\/logo\/image\/","url":"","contentUrl":"","caption":"baier & michels GmbH & Co KG"},"image":{"@id":"https:\/\/www.baier-michels.com\/de\/#\/schema\/logo\/image\/"},"sameAs":["https:\/\/www.linkedin.com\/company\/baier-michels\/?viewAsMember=true","https:\/\/www.youtube.com\/channel\/UCdBWm_HCAtCjxiFZWloFYGw?view_as=subscriber"]}]}},"_links":{"self":[{"href":"https:\/\/www.baier-michels.com\/de\/wp-json\/wp\/v2\/pages\/9669","targetHints":{"allow":["GET"]}}],"collection":[{"href":"https:\/\/www.baier-michels.com\/de\/wp-json\/wp\/v2\/pages"}],"about":[{"href":"https:\/\/www.baier-michels.com\/de\/wp-json\/wp\/v2\/types\/page"}],"author":[{"embeddable":true,"href":"https:\/\/www.baier-michels.com\/de\/wp-json\/wp\/v2\/users\/1"}],"replies":[{"embeddable":true,"href":"https:\/\/www.baier-michels.com\/de\/wp-json\/wp\/v2\/comments?post=9669"}],"version-history":[{"count":6,"href":"https:\/\/www.baier-michels.com\/de\/wp-json\/wp\/v2\/pages\/9669\/revisions"}],"predecessor-version":[{"id":17338,"href":"https:\/\/www.baier-michels.com\/de\/wp-json\/wp\/v2\/pages\/9669\/revisions\/17338"}],"up":[{"embeddable":true,"href":"https:\/\/www.baier-michels.com\/de\/wp-json\/wp\/v2\/pages\/9599"}],"wp:attachment":[{"href":"https:\/\/www.baier-michels.com\/de\/wp-json\/wp\/v2\/media?parent=9669"}],"wp:term":[{"taxonomy":"category","embeddable":true,"href":"https:\/\/www.baier-michels.com\/de\/wp-json\/wp\/v2\/categories?post=9669"}],"curies":[{"name":"wp","href":"https:\/\/api.w.org\/{rel}","templated":true}]}}