{"id":9673,"date":"2020-12-31T00:00:00","date_gmt":"2020-12-30T23:00:00","guid":{"rendered":"http:\/\/bm.baier-michels.local\/produkte\/blindnietsysteme\/bm-rivcon\/"},"modified":"2025-02-10T13:50:52","modified_gmt":"2025-02-10T12:50:52","slug":"bm-rivcon","status":"publish","type":"page","link":"https:\/\/www.baier-michels.com\/de\/produkte\/blindnietsysteme\/bm-rivcon\/","title":{"rendered":"b&#038;m-RIVCON<sup class=\"copyright\">\u00ae<\/sup>"},"content":{"rendered":"<p>Rein, vernieten, fertig: Durch die plastische Verformung des Niets erzeugt der b&#038;m-RIVCON<sup class=\"copyright\">\u00ae<\/sup> eine formschl\u00fcssige Verbindung zwischen mehreren Komponenten. Er liefert so vibrationsfeste und verzugsfreie Ergebnisse ohne Oberfl\u00e4chenbesch\u00e4digung oder Gef\u00fcge\u00e4nderung. Dabei punktet das Befestigungselement auch an schwer zug\u00e4nglichen Stellen, die der Anwender h\u00e4ufig nur von einer Seite erreicht. Dank einer verfeinerten Technik eignet sich der b&#038;m-RIVCON<sup class=\"copyright\">\u00ae<\/sup> besonders f\u00fcr den Einsatz an sehr flachen Bauteilen, unabh\u00e4ngig von deren Werkstoff \u2013 ob Stahl, Aluminium, Kunststoff oder Textilien. Mit seinen Eigenschaften gem\u00e4\u00df der Norm EN ISO 14588 erweist sich das Blindnietsystem als herausragend vielseitige und wirtschaftliche L\u00f6sung. Denn der b&#038;m-RIVCON<sup class=\"copyright\">\u00ae<\/sup> erm\u00f6glicht Konstrukteuren ein noch flexibleres und schnelleres Planen, zugleich lassen sich die Montageprozesse einfach und automatisiert umsetzen.  <\/p>\n<p>Etabliert hat sich unser Element vor allem bei den Akteuren der Automobilindustrie sowie in den Sektoren Elektro- und Medizintechnik. Das Sortiment des b&#038;m-RIVCON<sup class=\"copyright\">\u00ae<\/sup> zeichnet sich durch eine gro\u00dfe Auswahl der g\u00e4ngigen Materialkombinationen, Kopfformen und Klemml\u00e4ngen aus; dabei sorgt die Edelstahlvariante f\u00fcr eine hohe Korrosionsbest\u00e4ndigkeit der Bauteile. Dar\u00fcber hinaus freuen wir uns darauf, auch individuelle Anforderungen zu ber\u00fccksichtigen \u2013 und den f\u00fcr Ihren Anwendungsfall passenden Blindniet zu entwickeln.<\/p>\n","protected":false},"excerpt":{"rendered":"<p>Rein, vernieten, fertig: Durch die plastische Verformung des Niets erzeugt der b&#038;m-RIVCON\u00ae eine formschl\u00fcssige Verbindung zwischen mehreren Komponenten. Er liefert so vibrationsfeste und verzugsfreie Ergebnisse ohne Oberfl\u00e4chenbesch\u00e4digung oder Gef\u00fcge\u00e4nderung. Dabei punktet das Befestigungselement auch an schwer zug\u00e4nglichen Stellen, die der Anwender h\u00e4ufig nur von einer Seite erreicht. Dank einer verfeinerten Technik eignet sich der b&#038;m-RIVCON\u00ae [&hellip;]<\/p>\n","protected":false},"author":1,"featured_media":0,"parent":9604,"menu_order":1,"comment_status":"closed","ping_status":"closed","template":"template_brands.php","meta":{"_acf_changed":false,"footnotes":""},"categories":[],"class_list":["post-9673","page","type-page","status-publish","hentry"],"acf":[],"yoast_head":"<!-- This site is optimized with the Yoast SEO plugin v27.3 - https:\/\/yoast.com\/product\/yoast-seo-wordpress\/ -->\n<title>b&amp;m-RIVCON\u00ae - b&amp;m Homepage<\/title>\n<meta name=\"description\" content=\"Universelle Blindnietl\u00f6sung zum Verbinden von unterschiedlichen Materialien unabh\u00e4ngig von deren Anwendungsdicke\" \/>\n<meta name=\"robots\" content=\"index, follow, max-snippet:-1, max-image-preview:large, max-video-preview:-1\" \/>\n<link rel=\"canonical\" href=\"https:\/\/www.baier-michels.com\/de\/produkte\/blindnietsysteme\/bm-rivcon\/\" \/>\n<meta property=\"og:locale\" content=\"de_DE\" \/>\n<meta property=\"og:type\" content=\"article\" \/>\n<meta property=\"og:title\" content=\"b&amp;m-RIVCON\u00ae - b&amp;m Homepage\" \/>\n<meta property=\"og:description\" content=\"Universelle Blindnietl\u00f6sung zum Verbinden von unterschiedlichen Materialien unabh\u00e4ngig von deren Anwendungsdicke\" \/>\n<meta property=\"og:url\" content=\"https:\/\/www.baier-michels.com\/de\/produkte\/blindnietsysteme\/bm-rivcon\/\" \/>\n<meta property=\"og:site_name\" content=\"b&amp;m Homepage\" \/>\n<meta property=\"article:modified_time\" content=\"2025-02-10T12:50:52+00:00\" \/>\n<meta name=\"twitter:card\" content=\"summary_large_image\" \/>\n<meta name=\"twitter:label1\" content=\"Gesch\u00e4tzte Lesezeit\" \/>\n\t<meta name=\"twitter:data1\" content=\"1\u00a0Minute\" \/>\n<script type=\"application\/ld+json\" class=\"yoast-schema-graph\">{\"@context\":\"https:\\\/\\\/schema.org\",\"@graph\":[{\"@type\":\"WebPage\",\"@id\":\"https:\\\/\\\/www.baier-michels.com\\\/de\\\/produkte\\\/blindnietsysteme\\\/bm-rivcon\\\/\",\"url\":\"https:\\\/\\\/www.baier-michels.com\\\/de\\\/produkte\\\/blindnietsysteme\\\/bm-rivcon\\\/\",\"name\":\"b&m-RIVCON\u00ae - b&amp;m Homepage\",\"isPartOf\":{\"@id\":\"https:\\\/\\\/www.baier-michels.com\\\/de\\\/#website\"},\"datePublished\":\"2020-12-30T23:00:00+00:00\",\"dateModified\":\"2025-02-10T12:50:52+00:00\",\"description\":\"Universelle Blindnietl\u00f6sung zum Verbinden von unterschiedlichen Materialien unabh\u00e4ngig von deren Anwendungsdicke\",\"breadcrumb\":{\"@id\":\"https:\\\/\\\/www.baier-michels.com\\\/de\\\/produkte\\\/blindnietsysteme\\\/bm-rivcon\\\/#breadcrumb\"},\"inLanguage\":\"de\",\"potentialAction\":[{\"@type\":\"ReadAction\",\"target\":[\"https:\\\/\\\/www.baier-michels.com\\\/de\\\/produkte\\\/blindnietsysteme\\\/bm-rivcon\\\/\"]}]},{\"@type\":\"BreadcrumbList\",\"@id\":\"https:\\\/\\\/www.baier-michels.com\\\/de\\\/produkte\\\/blindnietsysteme\\\/bm-rivcon\\\/#breadcrumb\",\"itemListElement\":[{\"@type\":\"ListItem\",\"position\":1,\"name\":\"Startseite\",\"item\":\"https:\\\/\\\/www.baier-michels.com\\\/de\\\/\"},{\"@type\":\"ListItem\",\"position\":2,\"name\":\"Produkte\",\"item\":\"https:\\\/\\\/www.baier-michels.com\\\/de\\\/produkte\\\/\"},{\"@type\":\"ListItem\",\"position\":3,\"name\":\"Blindnietsysteme\",\"item\":\"https:\\\/\\\/www.baier-michels.com\\\/de\\\/produkte\\\/blindnietsysteme\\\/\"},{\"@type\":\"ListItem\",\"position\":4,\"name\":\"b&#038;m-RIVCON\u00ae\"}]},{\"@type\":\"WebSite\",\"@id\":\"https:\\\/\\\/www.baier-michels.com\\\/de\\\/#website\",\"url\":\"https:\\\/\\\/www.baier-michels.com\\\/de\\\/\",\"name\":\"b&m\",\"description\":\"baier&amp;michels Gmbh &amp; Co KG\",\"publisher\":{\"@id\":\"https:\\\/\\\/www.baier-michels.com\\\/de\\\/#organization\"},\"potentialAction\":[{\"@type\":\"SearchAction\",\"target\":{\"@type\":\"EntryPoint\",\"urlTemplate\":\"https:\\\/\\\/www.baier-michels.com\\\/de\\\/?s={search_term_string}\"},\"query-input\":{\"@type\":\"PropertyValueSpecification\",\"valueRequired\":true,\"valueName\":\"search_term_string\"}}],\"inLanguage\":\"de\"},{\"@type\":\"Organization\",\"@id\":\"https:\\\/\\\/www.baier-michels.com\\\/de\\\/#organization\",\"name\":\"baier & michels GmbH & Co KG\",\"url\":\"https:\\\/\\\/www.baier-michels.com\\\/de\\\/\",\"logo\":{\"@type\":\"ImageObject\",\"inLanguage\":\"de\",\"@id\":\"https:\\\/\\\/www.baier-michels.com\\\/de\\\/#\\\/schema\\\/logo\\\/image\\\/\",\"url\":\"\",\"contentUrl\":\"\",\"caption\":\"baier & michels GmbH & Co KG\"},\"image\":{\"@id\":\"https:\\\/\\\/www.baier-michels.com\\\/de\\\/#\\\/schema\\\/logo\\\/image\\\/\"},\"sameAs\":[\"https:\\\/\\\/www.linkedin.com\\\/company\\\/baier-michels\\\/?viewAsMember=true\",\"https:\\\/\\\/www.youtube.com\\\/channel\\\/UCdBWm_HCAtCjxiFZWloFYGw?view_as=subscriber\"]}]}<\/script>\n<!-- \/ Yoast SEO plugin. -->","yoast_head_json":{"title":"b&m-RIVCON\u00ae - b&amp;m Homepage","description":"Universelle Blindnietl\u00f6sung zum Verbinden von unterschiedlichen Materialien unabh\u00e4ngig von deren Anwendungsdicke","robots":{"index":"index","follow":"follow","max-snippet":"max-snippet:-1","max-image-preview":"max-image-preview:large","max-video-preview":"max-video-preview:-1"},"canonical":"https:\/\/www.baier-michels.com\/de\/produkte\/blindnietsysteme\/bm-rivcon\/","og_locale":"de_DE","og_type":"article","og_title":"b&m-RIVCON\u00ae - b&amp;m Homepage","og_description":"Universelle Blindnietl\u00f6sung zum Verbinden von unterschiedlichen Materialien unabh\u00e4ngig von deren Anwendungsdicke","og_url":"https:\/\/www.baier-michels.com\/de\/produkte\/blindnietsysteme\/bm-rivcon\/","og_site_name":"b&amp;m Homepage","article_modified_time":"2025-02-10T12:50:52+00:00","twitter_card":"summary_large_image","twitter_misc":{"Gesch\u00e4tzte Lesezeit":"1\u00a0Minute"},"schema":{"@context":"https:\/\/schema.org","@graph":[{"@type":"WebPage","@id":"https:\/\/www.baier-michels.com\/de\/produkte\/blindnietsysteme\/bm-rivcon\/","url":"https:\/\/www.baier-michels.com\/de\/produkte\/blindnietsysteme\/bm-rivcon\/","name":"b&m-RIVCON\u00ae - b&amp;m Homepage","isPartOf":{"@id":"https:\/\/www.baier-michels.com\/de\/#website"},"datePublished":"2020-12-30T23:00:00+00:00","dateModified":"2025-02-10T12:50:52+00:00","description":"Universelle Blindnietl\u00f6sung zum Verbinden von unterschiedlichen Materialien unabh\u00e4ngig von deren Anwendungsdicke","breadcrumb":{"@id":"https:\/\/www.baier-michels.com\/de\/produkte\/blindnietsysteme\/bm-rivcon\/#breadcrumb"},"inLanguage":"de","potentialAction":[{"@type":"ReadAction","target":["https:\/\/www.baier-michels.com\/de\/produkte\/blindnietsysteme\/bm-rivcon\/"]}]},{"@type":"BreadcrumbList","@id":"https:\/\/www.baier-michels.com\/de\/produkte\/blindnietsysteme\/bm-rivcon\/#breadcrumb","itemListElement":[{"@type":"ListItem","position":1,"name":"Startseite","item":"https:\/\/www.baier-michels.com\/de\/"},{"@type":"ListItem","position":2,"name":"Produkte","item":"https:\/\/www.baier-michels.com\/de\/produkte\/"},{"@type":"ListItem","position":3,"name":"Blindnietsysteme","item":"https:\/\/www.baier-michels.com\/de\/produkte\/blindnietsysteme\/"},{"@type":"ListItem","position":4,"name":"b&#038;m-RIVCON\u00ae"}]},{"@type":"WebSite","@id":"https:\/\/www.baier-michels.com\/de\/#website","url":"https:\/\/www.baier-michels.com\/de\/","name":"b&m","description":"baier&amp;michels Gmbh &amp; Co KG","publisher":{"@id":"https:\/\/www.baier-michels.com\/de\/#organization"},"potentialAction":[{"@type":"SearchAction","target":{"@type":"EntryPoint","urlTemplate":"https:\/\/www.baier-michels.com\/de\/?s={search_term_string}"},"query-input":{"@type":"PropertyValueSpecification","valueRequired":true,"valueName":"search_term_string"}}],"inLanguage":"de"},{"@type":"Organization","@id":"https:\/\/www.baier-michels.com\/de\/#organization","name":"baier & michels GmbH & Co KG","url":"https:\/\/www.baier-michels.com\/de\/","logo":{"@type":"ImageObject","inLanguage":"de","@id":"https:\/\/www.baier-michels.com\/de\/#\/schema\/logo\/image\/","url":"","contentUrl":"","caption":"baier & michels GmbH & Co KG"},"image":{"@id":"https:\/\/www.baier-michels.com\/de\/#\/schema\/logo\/image\/"},"sameAs":["https:\/\/www.linkedin.com\/company\/baier-michels\/?viewAsMember=true","https:\/\/www.youtube.com\/channel\/UCdBWm_HCAtCjxiFZWloFYGw?view_as=subscriber"]}]}},"_links":{"self":[{"href":"https:\/\/www.baier-michels.com\/de\/wp-json\/wp\/v2\/pages\/9673","targetHints":{"allow":["GET"]}}],"collection":[{"href":"https:\/\/www.baier-michels.com\/de\/wp-json\/wp\/v2\/pages"}],"about":[{"href":"https:\/\/www.baier-michels.com\/de\/wp-json\/wp\/v2\/types\/page"}],"author":[{"embeddable":true,"href":"https:\/\/www.baier-michels.com\/de\/wp-json\/wp\/v2\/users\/1"}],"replies":[{"embeddable":true,"href":"https:\/\/www.baier-michels.com\/de\/wp-json\/wp\/v2\/comments?post=9673"}],"version-history":[{"count":1,"href":"https:\/\/www.baier-michels.com\/de\/wp-json\/wp\/v2\/pages\/9673\/revisions"}],"predecessor-version":[{"id":15713,"href":"https:\/\/www.baier-michels.com\/de\/wp-json\/wp\/v2\/pages\/9673\/revisions\/15713"}],"up":[{"embeddable":true,"href":"https:\/\/www.baier-michels.com\/de\/wp-json\/wp\/v2\/pages\/9604"}],"wp:attachment":[{"href":"https:\/\/www.baier-michels.com\/de\/wp-json\/wp\/v2\/media?parent=9673"}],"wp:term":[{"taxonomy":"category","embeddable":true,"href":"https:\/\/www.baier-michels.com\/de\/wp-json\/wp\/v2\/categories?post=9673"}],"curies":[{"name":"wp","href":"https:\/\/api.w.org\/{rel}","templated":true}]}}