{"id":9674,"date":"2020-12-31T00:00:00","date_gmt":"2020-12-30T23:00:00","guid":{"rendered":"http:\/\/bm.baier-michels.local\/produkte\/blindnietsysteme\/bm-rinu\/"},"modified":"2025-02-10T14:07:59","modified_gmt":"2025-02-10T13:07:59","slug":"bm-rinu","status":"publish","type":"page","link":"https:\/\/www.baier-michels.com\/de\/produkte\/blindnietsysteme\/bm-rinu\/","title":{"rendered":"b&#038;m-RINU<sup class=\"copyright\">\u00ae<\/sup>"},"content":{"rendered":"<p>Durch die Technik der b&#038;m-RINU<sup class=\"copyright\">\u00ae<\/sup> ist es m\u00f6glich, d\u00fcnnwandige Bauteile miteinander zu verbinden und unabh\u00e4ngig von dem Tr\u00e4germaterial der Anwendung ein vollwertiges Gewinde anzubringen. <\/p>\n<p>Nach der Montage steht ein metrisches Gewinde bereit, welches zur Montage weiterer Bauteile genutzt werden kann. Sie ist in verschiedenen Materialien, sowie mit unterschiedlichen Kopfformen und Schaftgeometrien verf\u00fcgbar und somit genau auf die jeweilige Anwendung anpassbar.<br \/>\nAufgrund der hohen Anforderungen und der immer leichter werdende Bauweise konnte die Blindnietmutter sich in der Industrie und Automobilbranche etablieren.<\/p>\n","protected":false},"excerpt":{"rendered":"<p>Durch die Technik der b&#038;m-RINU\u00ae ist es m\u00f6glich, d\u00fcnnwandige Bauteile miteinander zu verbinden und unabh\u00e4ngig von dem Tr\u00e4germaterial der Anwendung ein vollwertiges Gewinde anzubringen. Nach der Montage steht ein metrisches Gewinde bereit, welches zur Montage weiterer Bauteile genutzt werden kann. Sie ist in verschiedenen Materialien, sowie mit unterschiedlichen Kopfformen und Schaftgeometrien verf\u00fcgbar und somit genau [&hellip;]<\/p>\n","protected":false},"author":1,"featured_media":0,"parent":9604,"menu_order":2,"comment_status":"closed","ping_status":"closed","template":"template_brands_new.php","meta":{"_acf_changed":false,"footnotes":""},"categories":[],"class_list":["post-9674","page","type-page","status-publish","hentry"],"acf":[],"yoast_head":"<!-- This site is optimized with the Yoast SEO plugin v27.3 - https:\/\/yoast.com\/product\/yoast-seo-wordpress\/ -->\n<title>b&amp;m-RINU\u00ae - b&amp;m Homepage<\/title>\n<meta name=\"description\" content=\"Blindnietmutter zur Anbringung eines Gewindes in d\u00fcnnwandigen Bauteilen\" \/>\n<meta name=\"robots\" content=\"index, follow, max-snippet:-1, max-image-preview:large, max-video-preview:-1\" \/>\n<link rel=\"canonical\" href=\"https:\/\/www.baier-michels.com\/de\/produkte\/blindnietsysteme\/bm-rinu\/\" \/>\n<meta property=\"og:locale\" content=\"de_DE\" \/>\n<meta property=\"og:type\" content=\"article\" \/>\n<meta property=\"og:title\" content=\"b&amp;m-RINU\u00ae - b&amp;m Homepage\" \/>\n<meta property=\"og:description\" content=\"Blindnietmutter zur Anbringung eines Gewindes in d\u00fcnnwandigen Bauteilen\" \/>\n<meta property=\"og:url\" content=\"https:\/\/www.baier-michels.com\/de\/produkte\/blindnietsysteme\/bm-rinu\/\" \/>\n<meta property=\"og:site_name\" content=\"b&amp;m Homepage\" \/>\n<meta property=\"article:modified_time\" content=\"2025-02-10T13:07:59+00:00\" \/>\n<meta name=\"twitter:card\" content=\"summary_large_image\" \/>\n<meta name=\"twitter:label1\" content=\"Gesch\u00e4tzte Lesezeit\" \/>\n\t<meta name=\"twitter:data1\" content=\"1\u00a0Minute\" \/>\n<script type=\"application\/ld+json\" class=\"yoast-schema-graph\">{\"@context\":\"https:\\\/\\\/schema.org\",\"@graph\":[{\"@type\":\"WebPage\",\"@id\":\"https:\\\/\\\/www.baier-michels.com\\\/de\\\/produkte\\\/blindnietsysteme\\\/bm-rinu\\\/\",\"url\":\"https:\\\/\\\/www.baier-michels.com\\\/de\\\/produkte\\\/blindnietsysteme\\\/bm-rinu\\\/\",\"name\":\"b&m-RINU\u00ae - b&amp;m Homepage\",\"isPartOf\":{\"@id\":\"https:\\\/\\\/www.baier-michels.com\\\/de\\\/#website\"},\"datePublished\":\"2020-12-30T23:00:00+00:00\",\"dateModified\":\"2025-02-10T13:07:59+00:00\",\"description\":\"Blindnietmutter zur Anbringung eines Gewindes in d\u00fcnnwandigen Bauteilen\",\"breadcrumb\":{\"@id\":\"https:\\\/\\\/www.baier-michels.com\\\/de\\\/produkte\\\/blindnietsysteme\\\/bm-rinu\\\/#breadcrumb\"},\"inLanguage\":\"de\",\"potentialAction\":[{\"@type\":\"ReadAction\",\"target\":[\"https:\\\/\\\/www.baier-michels.com\\\/de\\\/produkte\\\/blindnietsysteme\\\/bm-rinu\\\/\"]}]},{\"@type\":\"BreadcrumbList\",\"@id\":\"https:\\\/\\\/www.baier-michels.com\\\/de\\\/produkte\\\/blindnietsysteme\\\/bm-rinu\\\/#breadcrumb\",\"itemListElement\":[{\"@type\":\"ListItem\",\"position\":1,\"name\":\"Startseite\",\"item\":\"https:\\\/\\\/www.baier-michels.com\\\/de\\\/\"},{\"@type\":\"ListItem\",\"position\":2,\"name\":\"Produkte\",\"item\":\"https:\\\/\\\/www.baier-michels.com\\\/de\\\/produkte\\\/\"},{\"@type\":\"ListItem\",\"position\":3,\"name\":\"Blindnietsysteme\",\"item\":\"https:\\\/\\\/www.baier-michels.com\\\/de\\\/produkte\\\/blindnietsysteme\\\/\"},{\"@type\":\"ListItem\",\"position\":4,\"name\":\"b&#038;m-RINU\u00ae\"}]},{\"@type\":\"WebSite\",\"@id\":\"https:\\\/\\\/www.baier-michels.com\\\/de\\\/#website\",\"url\":\"https:\\\/\\\/www.baier-michels.com\\\/de\\\/\",\"name\":\"b&m\",\"description\":\"baier&amp;michels Gmbh &amp; Co KG\",\"publisher\":{\"@id\":\"https:\\\/\\\/www.baier-michels.com\\\/de\\\/#organization\"},\"potentialAction\":[{\"@type\":\"SearchAction\",\"target\":{\"@type\":\"EntryPoint\",\"urlTemplate\":\"https:\\\/\\\/www.baier-michels.com\\\/de\\\/?s={search_term_string}\"},\"query-input\":{\"@type\":\"PropertyValueSpecification\",\"valueRequired\":true,\"valueName\":\"search_term_string\"}}],\"inLanguage\":\"de\"},{\"@type\":\"Organization\",\"@id\":\"https:\\\/\\\/www.baier-michels.com\\\/de\\\/#organization\",\"name\":\"baier & michels GmbH & Co KG\",\"url\":\"https:\\\/\\\/www.baier-michels.com\\\/de\\\/\",\"logo\":{\"@type\":\"ImageObject\",\"inLanguage\":\"de\",\"@id\":\"https:\\\/\\\/www.baier-michels.com\\\/de\\\/#\\\/schema\\\/logo\\\/image\\\/\",\"url\":\"\",\"contentUrl\":\"\",\"caption\":\"baier & michels GmbH & Co KG\"},\"image\":{\"@id\":\"https:\\\/\\\/www.baier-michels.com\\\/de\\\/#\\\/schema\\\/logo\\\/image\\\/\"},\"sameAs\":[\"https:\\\/\\\/www.linkedin.com\\\/company\\\/baier-michels\\\/?viewAsMember=true\",\"https:\\\/\\\/www.youtube.com\\\/channel\\\/UCdBWm_HCAtCjxiFZWloFYGw?view_as=subscriber\"]}]}<\/script>\n<!-- \/ Yoast SEO plugin. -->","yoast_head_json":{"title":"b&m-RINU\u00ae - b&amp;m Homepage","description":"Blindnietmutter zur Anbringung eines Gewindes in d\u00fcnnwandigen Bauteilen","robots":{"index":"index","follow":"follow","max-snippet":"max-snippet:-1","max-image-preview":"max-image-preview:large","max-video-preview":"max-video-preview:-1"},"canonical":"https:\/\/www.baier-michels.com\/de\/produkte\/blindnietsysteme\/bm-rinu\/","og_locale":"de_DE","og_type":"article","og_title":"b&m-RINU\u00ae - b&amp;m Homepage","og_description":"Blindnietmutter zur Anbringung eines Gewindes in d\u00fcnnwandigen Bauteilen","og_url":"https:\/\/www.baier-michels.com\/de\/produkte\/blindnietsysteme\/bm-rinu\/","og_site_name":"b&amp;m Homepage","article_modified_time":"2025-02-10T13:07:59+00:00","twitter_card":"summary_large_image","twitter_misc":{"Gesch\u00e4tzte Lesezeit":"1\u00a0Minute"},"schema":{"@context":"https:\/\/schema.org","@graph":[{"@type":"WebPage","@id":"https:\/\/www.baier-michels.com\/de\/produkte\/blindnietsysteme\/bm-rinu\/","url":"https:\/\/www.baier-michels.com\/de\/produkte\/blindnietsysteme\/bm-rinu\/","name":"b&m-RINU\u00ae - b&amp;m Homepage","isPartOf":{"@id":"https:\/\/www.baier-michels.com\/de\/#website"},"datePublished":"2020-12-30T23:00:00+00:00","dateModified":"2025-02-10T13:07:59+00:00","description":"Blindnietmutter zur Anbringung eines Gewindes in d\u00fcnnwandigen Bauteilen","breadcrumb":{"@id":"https:\/\/www.baier-michels.com\/de\/produkte\/blindnietsysteme\/bm-rinu\/#breadcrumb"},"inLanguage":"de","potentialAction":[{"@type":"ReadAction","target":["https:\/\/www.baier-michels.com\/de\/produkte\/blindnietsysteme\/bm-rinu\/"]}]},{"@type":"BreadcrumbList","@id":"https:\/\/www.baier-michels.com\/de\/produkte\/blindnietsysteme\/bm-rinu\/#breadcrumb","itemListElement":[{"@type":"ListItem","position":1,"name":"Startseite","item":"https:\/\/www.baier-michels.com\/de\/"},{"@type":"ListItem","position":2,"name":"Produkte","item":"https:\/\/www.baier-michels.com\/de\/produkte\/"},{"@type":"ListItem","position":3,"name":"Blindnietsysteme","item":"https:\/\/www.baier-michels.com\/de\/produkte\/blindnietsysteme\/"},{"@type":"ListItem","position":4,"name":"b&#038;m-RINU\u00ae"}]},{"@type":"WebSite","@id":"https:\/\/www.baier-michels.com\/de\/#website","url":"https:\/\/www.baier-michels.com\/de\/","name":"b&m","description":"baier&amp;michels Gmbh &amp; Co KG","publisher":{"@id":"https:\/\/www.baier-michels.com\/de\/#organization"},"potentialAction":[{"@type":"SearchAction","target":{"@type":"EntryPoint","urlTemplate":"https:\/\/www.baier-michels.com\/de\/?s={search_term_string}"},"query-input":{"@type":"PropertyValueSpecification","valueRequired":true,"valueName":"search_term_string"}}],"inLanguage":"de"},{"@type":"Organization","@id":"https:\/\/www.baier-michels.com\/de\/#organization","name":"baier & michels GmbH & Co KG","url":"https:\/\/www.baier-michels.com\/de\/","logo":{"@type":"ImageObject","inLanguage":"de","@id":"https:\/\/www.baier-michels.com\/de\/#\/schema\/logo\/image\/","url":"","contentUrl":"","caption":"baier & michels GmbH & Co KG"},"image":{"@id":"https:\/\/www.baier-michels.com\/de\/#\/schema\/logo\/image\/"},"sameAs":["https:\/\/www.linkedin.com\/company\/baier-michels\/?viewAsMember=true","https:\/\/www.youtube.com\/channel\/UCdBWm_HCAtCjxiFZWloFYGw?view_as=subscriber"]}]}},"_links":{"self":[{"href":"https:\/\/www.baier-michels.com\/de\/wp-json\/wp\/v2\/pages\/9674","targetHints":{"allow":["GET"]}}],"collection":[{"href":"https:\/\/www.baier-michels.com\/de\/wp-json\/wp\/v2\/pages"}],"about":[{"href":"https:\/\/www.baier-michels.com\/de\/wp-json\/wp\/v2\/types\/page"}],"author":[{"embeddable":true,"href":"https:\/\/www.baier-michels.com\/de\/wp-json\/wp\/v2\/users\/1"}],"replies":[{"embeddable":true,"href":"https:\/\/www.baier-michels.com\/de\/wp-json\/wp\/v2\/comments?post=9674"}],"version-history":[{"count":3,"href":"https:\/\/www.baier-michels.com\/de\/wp-json\/wp\/v2\/pages\/9674\/revisions"}],"predecessor-version":[{"id":15722,"href":"https:\/\/www.baier-michels.com\/de\/wp-json\/wp\/v2\/pages\/9674\/revisions\/15722"}],"up":[{"embeddable":true,"href":"https:\/\/www.baier-michels.com\/de\/wp-json\/wp\/v2\/pages\/9604"}],"wp:attachment":[{"href":"https:\/\/www.baier-michels.com\/de\/wp-json\/wp\/v2\/media?parent=9674"}],"wp:term":[{"taxonomy":"category","embeddable":true,"href":"https:\/\/www.baier-michels.com\/de\/wp-json\/wp\/v2\/categories?post=9674"}],"curies":[{"name":"wp","href":"https:\/\/api.w.org\/{rel}","templated":true}]}}