{"id":9677,"date":"2020-12-31T00:00:00","date_gmt":"2020-12-30T23:00:00","guid":{"rendered":"http:\/\/bm.baier-michels.local\/produkte\/gewindeeinsaetze-und-bolzen\/bm-repto-u\/"},"modified":"2025-07-17T13:51:22","modified_gmt":"2025-07-17T12:51:22","slug":"bm-repto-u","status":"publish","type":"page","link":"https:\/\/www.baier-michels.com\/de\/produkte\/gewindeeinsaetze-und-bolzen\/bm-repto-u\/","title":{"rendered":"b&#038;m-REPTO<sup class=\"copyright\">\u00ae<\/sup> U"},"content":{"rendered":"<p>Der b&amp;m-REPTO<sup class=\"copyright\">\u00ae<\/sup> U ist ein Gewindeeinsatz zum Ultraschalleinbetten mit der Funktion, Schrauben mit Kunststoffbauteilen prozesssicher und wiederholbar zu verbinden.<\/p>\n<p>Die Au\u00dfenkontur wird durch R\u00e4ndel und Nuten gepr\u00e4gt, welche optimal f\u00fcr Zug- und Drehmomentbelastungen ausgelegt sind, und sich f\u00fcr die Einbettung mittels Ultraschall eignen. Bei der Montage wird der Kunststoff durch die entstehende Reibung und den axialen Druck an der Oberfl\u00e4che aufgeschmolzen und passt sich dadurch der Au\u00dfenkontur an.<\/p>\n","protected":false},"excerpt":{"rendered":"<p>Der b&amp;m-REPTO\u00ae U ist ein Gewindeeinsatz zum Ultraschalleinbetten mit der Funktion, Schrauben mit Kunststoffbauteilen prozesssicher und wiederholbar zu verbinden. Die Au\u00dfenkontur wird durch R\u00e4ndel und Nuten gepr\u00e4gt, welche optimal f\u00fcr Zug- und Drehmomentbelastungen ausgelegt sind, und sich f\u00fcr die Einbettung mittels Ultraschall eignen. Bei der Montage wird der Kunststoff durch die entstehende Reibung und den [&hellip;]<\/p>\n","protected":false},"author":1,"featured_media":0,"parent":9598,"menu_order":3,"comment_status":"closed","ping_status":"closed","template":"template_brands_new.php","meta":{"_acf_changed":false,"footnotes":""},"categories":[],"class_list":["post-9677","page","type-page","status-publish","hentry"],"acf":[],"yoast_head":"<!-- This site is optimized with the Yoast SEO plugin v27.3 - https:\/\/yoast.com\/product\/yoast-seo-wordpress\/ -->\n<title>b&amp;m-REPTO\u00ae U - b&amp;m Homepage<\/title>\n<meta name=\"description\" content=\"Gewindeeinsatz zum Ultraschalleinbetten in Kunststoffe\" \/>\n<meta name=\"robots\" content=\"index, follow, max-snippet:-1, max-image-preview:large, max-video-preview:-1\" \/>\n<link rel=\"canonical\" href=\"https:\/\/www.baier-michels.com\/de\/produkte\/gewindeeinsaetze-und-bolzen\/bm-repto-u\/\" \/>\n<meta property=\"og:locale\" content=\"de_DE\" \/>\n<meta property=\"og:type\" content=\"article\" \/>\n<meta property=\"og:title\" content=\"b&amp;m-REPTO\u00ae U - b&amp;m Homepage\" \/>\n<meta property=\"og:description\" content=\"Gewindeeinsatz zum Ultraschalleinbetten in Kunststoffe\" \/>\n<meta property=\"og:url\" content=\"https:\/\/www.baier-michels.com\/de\/produkte\/gewindeeinsaetze-und-bolzen\/bm-repto-u\/\" \/>\n<meta property=\"og:site_name\" content=\"b&amp;m Homepage\" \/>\n<meta property=\"article:modified_time\" content=\"2025-07-17T12:51:22+00:00\" \/>\n<meta name=\"twitter:card\" content=\"summary_large_image\" \/>\n<meta name=\"twitter:label1\" content=\"Gesch\u00e4tzte Lesezeit\" \/>\n\t<meta name=\"twitter:data1\" content=\"1\u00a0Minute\" \/>\n<script type=\"application\/ld+json\" class=\"yoast-schema-graph\">{\"@context\":\"https:\\\/\\\/schema.org\",\"@graph\":[{\"@type\":\"WebPage\",\"@id\":\"https:\\\/\\\/www.baier-michels.com\\\/de\\\/produkte\\\/gewindeeinsaetze-und-bolzen\\\/bm-repto-u\\\/\",\"url\":\"https:\\\/\\\/www.baier-michels.com\\\/de\\\/produkte\\\/gewindeeinsaetze-und-bolzen\\\/bm-repto-u\\\/\",\"name\":\"b&m-REPTO\u00ae U - b&amp;m Homepage\",\"isPartOf\":{\"@id\":\"https:\\\/\\\/www.baier-michels.com\\\/de\\\/#website\"},\"datePublished\":\"2020-12-30T23:00:00+00:00\",\"dateModified\":\"2025-07-17T12:51:22+00:00\",\"description\":\"Gewindeeinsatz zum Ultraschalleinbetten in Kunststoffe\",\"breadcrumb\":{\"@id\":\"https:\\\/\\\/www.baier-michels.com\\\/de\\\/produkte\\\/gewindeeinsaetze-und-bolzen\\\/bm-repto-u\\\/#breadcrumb\"},\"inLanguage\":\"de\",\"potentialAction\":[{\"@type\":\"ReadAction\",\"target\":[\"https:\\\/\\\/www.baier-michels.com\\\/de\\\/produkte\\\/gewindeeinsaetze-und-bolzen\\\/bm-repto-u\\\/\"]}]},{\"@type\":\"BreadcrumbList\",\"@id\":\"https:\\\/\\\/www.baier-michels.com\\\/de\\\/produkte\\\/gewindeeinsaetze-und-bolzen\\\/bm-repto-u\\\/#breadcrumb\",\"itemListElement\":[{\"@type\":\"ListItem\",\"position\":1,\"name\":\"Startseite\",\"item\":\"https:\\\/\\\/www.baier-michels.com\\\/de\\\/\"},{\"@type\":\"ListItem\",\"position\":2,\"name\":\"Produkte\",\"item\":\"https:\\\/\\\/www.baier-michels.com\\\/de\\\/produkte\\\/\"},{\"@type\":\"ListItem\",\"position\":3,\"name\":\"Gewindeeins\u00e4tze und -bolzen\",\"item\":\"https:\\\/\\\/www.baier-michels.com\\\/de\\\/produkte\\\/gewindeeinsaetze-und-bolzen\\\/\"},{\"@type\":\"ListItem\",\"position\":4,\"name\":\"b&#038;m-REPTO\u00ae U\"}]},{\"@type\":\"WebSite\",\"@id\":\"https:\\\/\\\/www.baier-michels.com\\\/de\\\/#website\",\"url\":\"https:\\\/\\\/www.baier-michels.com\\\/de\\\/\",\"name\":\"b&m\",\"description\":\"baier&amp;michels Gmbh &amp; Co KG\",\"publisher\":{\"@id\":\"https:\\\/\\\/www.baier-michels.com\\\/de\\\/#organization\"},\"potentialAction\":[{\"@type\":\"SearchAction\",\"target\":{\"@type\":\"EntryPoint\",\"urlTemplate\":\"https:\\\/\\\/www.baier-michels.com\\\/de\\\/?s={search_term_string}\"},\"query-input\":{\"@type\":\"PropertyValueSpecification\",\"valueRequired\":true,\"valueName\":\"search_term_string\"}}],\"inLanguage\":\"de\"},{\"@type\":\"Organization\",\"@id\":\"https:\\\/\\\/www.baier-michels.com\\\/de\\\/#organization\",\"name\":\"baier & michels GmbH & Co KG\",\"url\":\"https:\\\/\\\/www.baier-michels.com\\\/de\\\/\",\"logo\":{\"@type\":\"ImageObject\",\"inLanguage\":\"de\",\"@id\":\"https:\\\/\\\/www.baier-michels.com\\\/de\\\/#\\\/schema\\\/logo\\\/image\\\/\",\"url\":\"\",\"contentUrl\":\"\",\"caption\":\"baier & michels GmbH & Co KG\"},\"image\":{\"@id\":\"https:\\\/\\\/www.baier-michels.com\\\/de\\\/#\\\/schema\\\/logo\\\/image\\\/\"},\"sameAs\":[\"https:\\\/\\\/www.linkedin.com\\\/company\\\/baier-michels\\\/?viewAsMember=true\",\"https:\\\/\\\/www.youtube.com\\\/channel\\\/UCdBWm_HCAtCjxiFZWloFYGw?view_as=subscriber\"]}]}<\/script>\n<!-- \/ Yoast SEO plugin. -->","yoast_head_json":{"title":"b&m-REPTO\u00ae U - b&amp;m Homepage","description":"Gewindeeinsatz zum Ultraschalleinbetten in Kunststoffe","robots":{"index":"index","follow":"follow","max-snippet":"max-snippet:-1","max-image-preview":"max-image-preview:large","max-video-preview":"max-video-preview:-1"},"canonical":"https:\/\/www.baier-michels.com\/de\/produkte\/gewindeeinsaetze-und-bolzen\/bm-repto-u\/","og_locale":"de_DE","og_type":"article","og_title":"b&m-REPTO\u00ae U - b&amp;m Homepage","og_description":"Gewindeeinsatz zum Ultraschalleinbetten in Kunststoffe","og_url":"https:\/\/www.baier-michels.com\/de\/produkte\/gewindeeinsaetze-und-bolzen\/bm-repto-u\/","og_site_name":"b&amp;m Homepage","article_modified_time":"2025-07-17T12:51:22+00:00","twitter_card":"summary_large_image","twitter_misc":{"Gesch\u00e4tzte Lesezeit":"1\u00a0Minute"},"schema":{"@context":"https:\/\/schema.org","@graph":[{"@type":"WebPage","@id":"https:\/\/www.baier-michels.com\/de\/produkte\/gewindeeinsaetze-und-bolzen\/bm-repto-u\/","url":"https:\/\/www.baier-michels.com\/de\/produkte\/gewindeeinsaetze-und-bolzen\/bm-repto-u\/","name":"b&m-REPTO\u00ae U - b&amp;m Homepage","isPartOf":{"@id":"https:\/\/www.baier-michels.com\/de\/#website"},"datePublished":"2020-12-30T23:00:00+00:00","dateModified":"2025-07-17T12:51:22+00:00","description":"Gewindeeinsatz zum Ultraschalleinbetten in Kunststoffe","breadcrumb":{"@id":"https:\/\/www.baier-michels.com\/de\/produkte\/gewindeeinsaetze-und-bolzen\/bm-repto-u\/#breadcrumb"},"inLanguage":"de","potentialAction":[{"@type":"ReadAction","target":["https:\/\/www.baier-michels.com\/de\/produkte\/gewindeeinsaetze-und-bolzen\/bm-repto-u\/"]}]},{"@type":"BreadcrumbList","@id":"https:\/\/www.baier-michels.com\/de\/produkte\/gewindeeinsaetze-und-bolzen\/bm-repto-u\/#breadcrumb","itemListElement":[{"@type":"ListItem","position":1,"name":"Startseite","item":"https:\/\/www.baier-michels.com\/de\/"},{"@type":"ListItem","position":2,"name":"Produkte","item":"https:\/\/www.baier-michels.com\/de\/produkte\/"},{"@type":"ListItem","position":3,"name":"Gewindeeins\u00e4tze und -bolzen","item":"https:\/\/www.baier-michels.com\/de\/produkte\/gewindeeinsaetze-und-bolzen\/"},{"@type":"ListItem","position":4,"name":"b&#038;m-REPTO\u00ae U"}]},{"@type":"WebSite","@id":"https:\/\/www.baier-michels.com\/de\/#website","url":"https:\/\/www.baier-michels.com\/de\/","name":"b&m","description":"baier&amp;michels Gmbh &amp; Co KG","publisher":{"@id":"https:\/\/www.baier-michels.com\/de\/#organization"},"potentialAction":[{"@type":"SearchAction","target":{"@type":"EntryPoint","urlTemplate":"https:\/\/www.baier-michels.com\/de\/?s={search_term_string}"},"query-input":{"@type":"PropertyValueSpecification","valueRequired":true,"valueName":"search_term_string"}}],"inLanguage":"de"},{"@type":"Organization","@id":"https:\/\/www.baier-michels.com\/de\/#organization","name":"baier & michels GmbH & Co KG","url":"https:\/\/www.baier-michels.com\/de\/","logo":{"@type":"ImageObject","inLanguage":"de","@id":"https:\/\/www.baier-michels.com\/de\/#\/schema\/logo\/image\/","url":"","contentUrl":"","caption":"baier & michels GmbH & Co KG"},"image":{"@id":"https:\/\/www.baier-michels.com\/de\/#\/schema\/logo\/image\/"},"sameAs":["https:\/\/www.linkedin.com\/company\/baier-michels\/?viewAsMember=true","https:\/\/www.youtube.com\/channel\/UCdBWm_HCAtCjxiFZWloFYGw?view_as=subscriber"]}]}},"_links":{"self":[{"href":"https:\/\/www.baier-michels.com\/de\/wp-json\/wp\/v2\/pages\/9677","targetHints":{"allow":["GET"]}}],"collection":[{"href":"https:\/\/www.baier-michels.com\/de\/wp-json\/wp\/v2\/pages"}],"about":[{"href":"https:\/\/www.baier-michels.com\/de\/wp-json\/wp\/v2\/types\/page"}],"author":[{"embeddable":true,"href":"https:\/\/www.baier-michels.com\/de\/wp-json\/wp\/v2\/users\/1"}],"replies":[{"embeddable":true,"href":"https:\/\/www.baier-michels.com\/de\/wp-json\/wp\/v2\/comments?post=9677"}],"version-history":[{"count":4,"href":"https:\/\/www.baier-michels.com\/de\/wp-json\/wp\/v2\/pages\/9677\/revisions"}],"predecessor-version":[{"id":17354,"href":"https:\/\/www.baier-michels.com\/de\/wp-json\/wp\/v2\/pages\/9677\/revisions\/17354"}],"up":[{"embeddable":true,"href":"https:\/\/www.baier-michels.com\/de\/wp-json\/wp\/v2\/pages\/9598"}],"wp:attachment":[{"href":"https:\/\/www.baier-michels.com\/de\/wp-json\/wp\/v2\/media?parent=9677"}],"wp:term":[{"taxonomy":"category","embeddable":true,"href":"https:\/\/www.baier-michels.com\/de\/wp-json\/wp\/v2\/categories?post=9677"}],"curies":[{"name":"wp","href":"https:\/\/api.w.org\/{rel}","templated":true}]}}