{"id":9678,"date":"2020-12-31T00:00:00","date_gmt":"2020-12-30T23:00:00","guid":{"rendered":"http:\/\/bm.baier-michels.local\/produkte\/gewindeeinsaetze-und-bolzen\/bm-repto-w\/"},"modified":"2025-07-17T13:52:54","modified_gmt":"2025-07-17T12:52:54","slug":"bm-repto-w","status":"publish","type":"page","link":"https:\/\/www.baier-michels.com\/de\/produkte\/gewindeeinsaetze-und-bolzen\/bm-repto-w\/","title":{"rendered":"b&#038;m-REPTO<sup class=\"copyright\">\u00ae<\/sup> W"},"content":{"rendered":"<p>Der b&amp;m-REPTO<sup class=\"copyright\">\u00ae<\/sup> W ist ein Gewindeeinsatz zum Warmeinbetten mit der Funktion, Schrauben mit Kunststoffbauteilen prozesssicher und wiederholbar zu verbinden.<\/p>\n<p>Die Eins\u00e4tze haben eine konische, ger\u00e4ndelte Au\u00dfenkontur, um im Einbettvorgang eine gro\u00dfe Kontaktfl\u00e4che f\u00fcr die W\u00e4rme\u00fcbertragung zu erm\u00f6glichen. Durch W\u00e4rme und Druck wird der Kunststoff an der Oberfl\u00e4che aufgeschmolzen und passt sich der Au\u00dfenkontur an. Diese wird formschl\u00fcssig von Kunststoff umgeben und kann dadurch sowohl Zug- als auch Drehmomentbelastungen gut aufnehmen.<\/p>\n","protected":false},"excerpt":{"rendered":"<p>Der b&amp;m-REPTO\u00ae W ist ein Gewindeeinsatz zum Warmeinbetten mit der Funktion, Schrauben mit Kunststoffbauteilen prozesssicher und wiederholbar zu verbinden. Die Eins\u00e4tze haben eine konische, ger\u00e4ndelte Au\u00dfenkontur, um im Einbettvorgang eine gro\u00dfe Kontaktfl\u00e4che f\u00fcr die W\u00e4rme\u00fcbertragung zu erm\u00f6glichen. Durch W\u00e4rme und Druck wird der Kunststoff an der Oberfl\u00e4che aufgeschmolzen und passt sich der Au\u00dfenkontur an. Diese [&hellip;]<\/p>\n","protected":false},"author":1,"featured_media":0,"parent":9598,"menu_order":4,"comment_status":"closed","ping_status":"closed","template":"template_brands_new.php","meta":{"_acf_changed":false,"footnotes":""},"categories":[],"class_list":["post-9678","page","type-page","status-publish","hentry"],"acf":[],"yoast_head":"<!-- This site is optimized with the Yoast SEO plugin v27.4 - https:\/\/yoast.com\/product\/yoast-seo-wordpress\/ -->\n<title>b&amp;m-REPTO\u00ae W - b&amp;m Homepage<\/title>\n<meta name=\"description\" content=\"Gewindeeinsatz zum Warmeinbetten in Kunststoffe\" \/>\n<meta name=\"robots\" content=\"index, follow, max-snippet:-1, max-image-preview:large, max-video-preview:-1\" \/>\n<link rel=\"canonical\" href=\"https:\/\/www.baier-michels.com\/de\/produkte\/gewindeeinsaetze-und-bolzen\/bm-repto-w\/\" \/>\n<meta property=\"og:locale\" content=\"de_DE\" \/>\n<meta property=\"og:type\" content=\"article\" \/>\n<meta property=\"og:title\" content=\"b&amp;m-REPTO\u00ae W - b&amp;m Homepage\" \/>\n<meta property=\"og:description\" content=\"Gewindeeinsatz zum Warmeinbetten in Kunststoffe\" \/>\n<meta property=\"og:url\" content=\"https:\/\/www.baier-michels.com\/de\/produkte\/gewindeeinsaetze-und-bolzen\/bm-repto-w\/\" \/>\n<meta property=\"og:site_name\" content=\"b&amp;m Homepage\" \/>\n<meta property=\"article:modified_time\" content=\"2025-07-17T12:52:54+00:00\" \/>\n<meta name=\"twitter:card\" content=\"summary_large_image\" \/>\n<meta name=\"twitter:label1\" content=\"Gesch\u00e4tzte Lesezeit\" \/>\n\t<meta name=\"twitter:data1\" content=\"1\u00a0Minute\" \/>\n<script type=\"application\/ld+json\" class=\"yoast-schema-graph\">{\"@context\":\"https:\\\/\\\/schema.org\",\"@graph\":[{\"@type\":\"WebPage\",\"@id\":\"https:\\\/\\\/www.baier-michels.com\\\/de\\\/produkte\\\/gewindeeinsaetze-und-bolzen\\\/bm-repto-w\\\/\",\"url\":\"https:\\\/\\\/www.baier-michels.com\\\/de\\\/produkte\\\/gewindeeinsaetze-und-bolzen\\\/bm-repto-w\\\/\",\"name\":\"b&m-REPTO\u00ae W - b&amp;m Homepage\",\"isPartOf\":{\"@id\":\"https:\\\/\\\/www.baier-michels.com\\\/de\\\/#website\"},\"datePublished\":\"2020-12-30T23:00:00+00:00\",\"dateModified\":\"2025-07-17T12:52:54+00:00\",\"description\":\"Gewindeeinsatz zum Warmeinbetten in Kunststoffe\",\"breadcrumb\":{\"@id\":\"https:\\\/\\\/www.baier-michels.com\\\/de\\\/produkte\\\/gewindeeinsaetze-und-bolzen\\\/bm-repto-w\\\/#breadcrumb\"},\"inLanguage\":\"de\",\"potentialAction\":[{\"@type\":\"ReadAction\",\"target\":[\"https:\\\/\\\/www.baier-michels.com\\\/de\\\/produkte\\\/gewindeeinsaetze-und-bolzen\\\/bm-repto-w\\\/\"]}]},{\"@type\":\"BreadcrumbList\",\"@id\":\"https:\\\/\\\/www.baier-michels.com\\\/de\\\/produkte\\\/gewindeeinsaetze-und-bolzen\\\/bm-repto-w\\\/#breadcrumb\",\"itemListElement\":[{\"@type\":\"ListItem\",\"position\":1,\"name\":\"Startseite\",\"item\":\"https:\\\/\\\/www.baier-michels.com\\\/de\\\/\"},{\"@type\":\"ListItem\",\"position\":2,\"name\":\"Produkte\",\"item\":\"https:\\\/\\\/www.baier-michels.com\\\/de\\\/produkte\\\/\"},{\"@type\":\"ListItem\",\"position\":3,\"name\":\"Gewindeeins\u00e4tze und -bolzen\",\"item\":\"https:\\\/\\\/www.baier-michels.com\\\/de\\\/produkte\\\/gewindeeinsaetze-und-bolzen\\\/\"},{\"@type\":\"ListItem\",\"position\":4,\"name\":\"b&#038;m-REPTO\u00ae W\"}]},{\"@type\":\"WebSite\",\"@id\":\"https:\\\/\\\/www.baier-michels.com\\\/de\\\/#website\",\"url\":\"https:\\\/\\\/www.baier-michels.com\\\/de\\\/\",\"name\":\"b&m\",\"description\":\"baier&amp;michels Gmbh &amp; Co KG\",\"publisher\":{\"@id\":\"https:\\\/\\\/www.baier-michels.com\\\/de\\\/#organization\"},\"potentialAction\":[{\"@type\":\"SearchAction\",\"target\":{\"@type\":\"EntryPoint\",\"urlTemplate\":\"https:\\\/\\\/www.baier-michels.com\\\/de\\\/?s={search_term_string}\"},\"query-input\":{\"@type\":\"PropertyValueSpecification\",\"valueRequired\":true,\"valueName\":\"search_term_string\"}}],\"inLanguage\":\"de\"},{\"@type\":\"Organization\",\"@id\":\"https:\\\/\\\/www.baier-michels.com\\\/de\\\/#organization\",\"name\":\"baier & michels GmbH & Co KG\",\"url\":\"https:\\\/\\\/www.baier-michels.com\\\/de\\\/\",\"logo\":{\"@type\":\"ImageObject\",\"inLanguage\":\"de\",\"@id\":\"https:\\\/\\\/www.baier-michels.com\\\/de\\\/#\\\/schema\\\/logo\\\/image\\\/\",\"url\":\"\",\"contentUrl\":\"\",\"caption\":\"baier & michels GmbH & Co KG\"},\"image\":{\"@id\":\"https:\\\/\\\/www.baier-michels.com\\\/de\\\/#\\\/schema\\\/logo\\\/image\\\/\"},\"sameAs\":[\"https:\\\/\\\/www.linkedin.com\\\/company\\\/baier-michels\\\/?viewAsMember=true\",\"https:\\\/\\\/www.youtube.com\\\/channel\\\/UCdBWm_HCAtCjxiFZWloFYGw?view_as=subscriber\"]}]}<\/script>\n<!-- \/ Yoast SEO plugin. -->","yoast_head_json":{"title":"b&m-REPTO\u00ae W - b&amp;m Homepage","description":"Gewindeeinsatz zum Warmeinbetten in Kunststoffe","robots":{"index":"index","follow":"follow","max-snippet":"max-snippet:-1","max-image-preview":"max-image-preview:large","max-video-preview":"max-video-preview:-1"},"canonical":"https:\/\/www.baier-michels.com\/de\/produkte\/gewindeeinsaetze-und-bolzen\/bm-repto-w\/","og_locale":"de_DE","og_type":"article","og_title":"b&m-REPTO\u00ae W - b&amp;m Homepage","og_description":"Gewindeeinsatz zum Warmeinbetten in Kunststoffe","og_url":"https:\/\/www.baier-michels.com\/de\/produkte\/gewindeeinsaetze-und-bolzen\/bm-repto-w\/","og_site_name":"b&amp;m Homepage","article_modified_time":"2025-07-17T12:52:54+00:00","twitter_card":"summary_large_image","twitter_misc":{"Gesch\u00e4tzte Lesezeit":"1\u00a0Minute"},"schema":{"@context":"https:\/\/schema.org","@graph":[{"@type":"WebPage","@id":"https:\/\/www.baier-michels.com\/de\/produkte\/gewindeeinsaetze-und-bolzen\/bm-repto-w\/","url":"https:\/\/www.baier-michels.com\/de\/produkte\/gewindeeinsaetze-und-bolzen\/bm-repto-w\/","name":"b&m-REPTO\u00ae W - b&amp;m Homepage","isPartOf":{"@id":"https:\/\/www.baier-michels.com\/de\/#website"},"datePublished":"2020-12-30T23:00:00+00:00","dateModified":"2025-07-17T12:52:54+00:00","description":"Gewindeeinsatz zum Warmeinbetten in Kunststoffe","breadcrumb":{"@id":"https:\/\/www.baier-michels.com\/de\/produkte\/gewindeeinsaetze-und-bolzen\/bm-repto-w\/#breadcrumb"},"inLanguage":"de","potentialAction":[{"@type":"ReadAction","target":["https:\/\/www.baier-michels.com\/de\/produkte\/gewindeeinsaetze-und-bolzen\/bm-repto-w\/"]}]},{"@type":"BreadcrumbList","@id":"https:\/\/www.baier-michels.com\/de\/produkte\/gewindeeinsaetze-und-bolzen\/bm-repto-w\/#breadcrumb","itemListElement":[{"@type":"ListItem","position":1,"name":"Startseite","item":"https:\/\/www.baier-michels.com\/de\/"},{"@type":"ListItem","position":2,"name":"Produkte","item":"https:\/\/www.baier-michels.com\/de\/produkte\/"},{"@type":"ListItem","position":3,"name":"Gewindeeins\u00e4tze und -bolzen","item":"https:\/\/www.baier-michels.com\/de\/produkte\/gewindeeinsaetze-und-bolzen\/"},{"@type":"ListItem","position":4,"name":"b&#038;m-REPTO\u00ae W"}]},{"@type":"WebSite","@id":"https:\/\/www.baier-michels.com\/de\/#website","url":"https:\/\/www.baier-michels.com\/de\/","name":"b&m","description":"baier&amp;michels Gmbh &amp; Co KG","publisher":{"@id":"https:\/\/www.baier-michels.com\/de\/#organization"},"potentialAction":[{"@type":"SearchAction","target":{"@type":"EntryPoint","urlTemplate":"https:\/\/www.baier-michels.com\/de\/?s={search_term_string}"},"query-input":{"@type":"PropertyValueSpecification","valueRequired":true,"valueName":"search_term_string"}}],"inLanguage":"de"},{"@type":"Organization","@id":"https:\/\/www.baier-michels.com\/de\/#organization","name":"baier & michels GmbH & Co KG","url":"https:\/\/www.baier-michels.com\/de\/","logo":{"@type":"ImageObject","inLanguage":"de","@id":"https:\/\/www.baier-michels.com\/de\/#\/schema\/logo\/image\/","url":"","contentUrl":"","caption":"baier & michels GmbH & Co KG"},"image":{"@id":"https:\/\/www.baier-michels.com\/de\/#\/schema\/logo\/image\/"},"sameAs":["https:\/\/www.linkedin.com\/company\/baier-michels\/?viewAsMember=true","https:\/\/www.youtube.com\/channel\/UCdBWm_HCAtCjxiFZWloFYGw?view_as=subscriber"]}]}},"_links":{"self":[{"href":"https:\/\/www.baier-michels.com\/de\/wp-json\/wp\/v2\/pages\/9678","targetHints":{"allow":["GET"]}}],"collection":[{"href":"https:\/\/www.baier-michels.com\/de\/wp-json\/wp\/v2\/pages"}],"about":[{"href":"https:\/\/www.baier-michels.com\/de\/wp-json\/wp\/v2\/types\/page"}],"author":[{"embeddable":true,"href":"https:\/\/www.baier-michels.com\/de\/wp-json\/wp\/v2\/users\/1"}],"replies":[{"embeddable":true,"href":"https:\/\/www.baier-michels.com\/de\/wp-json\/wp\/v2\/comments?post=9678"}],"version-history":[{"count":5,"href":"https:\/\/www.baier-michels.com\/de\/wp-json\/wp\/v2\/pages\/9678\/revisions"}],"predecessor-version":[{"id":17362,"href":"https:\/\/www.baier-michels.com\/de\/wp-json\/wp\/v2\/pages\/9678\/revisions\/17362"}],"up":[{"embeddable":true,"href":"https:\/\/www.baier-michels.com\/de\/wp-json\/wp\/v2\/pages\/9598"}],"wp:attachment":[{"href":"https:\/\/www.baier-michels.com\/de\/wp-json\/wp\/v2\/media?parent=9678"}],"wp:term":[{"taxonomy":"category","embeddable":true,"href":"https:\/\/www.baier-michels.com\/de\/wp-json\/wp\/v2\/categories?post=9678"}],"curies":[{"name":"wp","href":"https:\/\/api.w.org\/{rel}","templated":true}]}}