{"id":9679,"date":"2020-12-31T00:00:00","date_gmt":"2020-12-30T23:00:00","guid":{"rendered":"http:\/\/bm.baier-michels.local\/produkte\/verschluss-und-dichtsysteme\/bm-kl-plug\/"},"modified":"2025-04-15T15:07:07","modified_gmt":"2025-04-15T14:07:07","slug":"bm-kl-plug","status":"publish","type":"page","link":"https:\/\/www.baier-michels.com\/de\/produkte\/verschluss-und-dichtsysteme\/bm-kl-plug\/","title":{"rendered":"b&#038;m-KL PLUG<sup class=\"copyright\">\u00ae<\/sup>"},"content":{"rendered":"<p>Der b&#038;m-KL PLUG<sup class=\"copyright\">\u00ae<\/sup> ist ein einteiliges und universell einsetzbares Verschluss- und Dichtelement f\u00fcr Bohrungen mit und ohne Druckbeanspruchung. Er ist durch die unterschiedlichen Werkstoffe und Durchmesserbereiche an verschiedene Kundenanwendungen anpassbar und kann bis zu 30 bar Betriebsdruck abdichten. Das Element bietet eine einfache und effiziente Montage ohne Abfallerzeugung und bietet auch sonst eine Vielzahl an Vorteilen gegen\u00fcber herk\u00f6mmlichen Verschluss- und Dichtsystemen f\u00fcr Bohrungen.<\/p>\n","protected":false},"excerpt":{"rendered":"<p>Der b&#038;m-KL PLUG\u00ae ist ein einteiliges und universell einsetzbares Verschluss- und Dichtelement f\u00fcr Bohrungen mit und ohne Druckbeanspruchung. Er ist durch die unterschiedlichen Werkstoffe und Durchmesserbereiche an verschiedene Kundenanwendungen anpassbar und kann bis zu 30 bar Betriebsdruck abdichten. Das Element bietet eine einfache und effiziente Montage ohne Abfallerzeugung und bietet auch sonst eine Vielzahl an [&hellip;]<\/p>\n","protected":false},"author":1,"featured_media":0,"parent":9597,"menu_order":1,"comment_status":"closed","ping_status":"closed","template":"template_brands_new.php","meta":{"_acf_changed":false,"footnotes":""},"categories":[],"class_list":["post-9679","page","type-page","status-publish","hentry"],"acf":[],"yoast_head":"<!-- This site is optimized with the Yoast SEO plugin v27.4 - https:\/\/yoast.com\/product\/yoast-seo-wordpress\/ -->\n<title>b&amp;m-KL PLUG\u00ae - b&amp;m Homepage<\/title>\n<meta name=\"description\" content=\"Verschluss- und Dichtsystem f\u00fcr innendruckbeanspruchte Bohrungen\" \/>\n<meta name=\"robots\" content=\"index, follow, max-snippet:-1, max-image-preview:large, max-video-preview:-1\" \/>\n<link rel=\"canonical\" href=\"https:\/\/www.baier-michels.com\/de\/produkte\/verschluss-und-dichtsysteme\/bm-kl-plug\/\" \/>\n<meta property=\"og:locale\" content=\"de_DE\" \/>\n<meta property=\"og:type\" content=\"article\" \/>\n<meta property=\"og:title\" content=\"b&amp;m-KL PLUG\u00ae - b&amp;m Homepage\" \/>\n<meta property=\"og:description\" content=\"Verschluss- und Dichtsystem f\u00fcr innendruckbeanspruchte Bohrungen\" \/>\n<meta property=\"og:url\" content=\"https:\/\/www.baier-michels.com\/de\/produkte\/verschluss-und-dichtsysteme\/bm-kl-plug\/\" \/>\n<meta property=\"og:site_name\" content=\"b&amp;m Homepage\" \/>\n<meta property=\"article:modified_time\" content=\"2025-04-15T14:07:07+00:00\" \/>\n<meta name=\"twitter:card\" content=\"summary_large_image\" \/>\n<meta name=\"twitter:label1\" content=\"Gesch\u00e4tzte Lesezeit\" \/>\n\t<meta name=\"twitter:data1\" content=\"1\u00a0Minute\" \/>\n<script type=\"application\/ld+json\" class=\"yoast-schema-graph\">{\"@context\":\"https:\\\/\\\/schema.org\",\"@graph\":[{\"@type\":\"WebPage\",\"@id\":\"https:\\\/\\\/www.baier-michels.com\\\/de\\\/produkte\\\/verschluss-und-dichtsysteme\\\/bm-kl-plug\\\/\",\"url\":\"https:\\\/\\\/www.baier-michels.com\\\/de\\\/produkte\\\/verschluss-und-dichtsysteme\\\/bm-kl-plug\\\/\",\"name\":\"b&m-KL PLUG\u00ae - b&amp;m Homepage\",\"isPartOf\":{\"@id\":\"https:\\\/\\\/www.baier-michels.com\\\/de\\\/#website\"},\"datePublished\":\"2020-12-30T23:00:00+00:00\",\"dateModified\":\"2025-04-15T14:07:07+00:00\",\"description\":\"Verschluss- und Dichtsystem f\u00fcr innendruckbeanspruchte Bohrungen\",\"breadcrumb\":{\"@id\":\"https:\\\/\\\/www.baier-michels.com\\\/de\\\/produkte\\\/verschluss-und-dichtsysteme\\\/bm-kl-plug\\\/#breadcrumb\"},\"inLanguage\":\"de\",\"potentialAction\":[{\"@type\":\"ReadAction\",\"target\":[\"https:\\\/\\\/www.baier-michels.com\\\/de\\\/produkte\\\/verschluss-und-dichtsysteme\\\/bm-kl-plug\\\/\"]}]},{\"@type\":\"BreadcrumbList\",\"@id\":\"https:\\\/\\\/www.baier-michels.com\\\/de\\\/produkte\\\/verschluss-und-dichtsysteme\\\/bm-kl-plug\\\/#breadcrumb\",\"itemListElement\":[{\"@type\":\"ListItem\",\"position\":1,\"name\":\"Startseite\",\"item\":\"https:\\\/\\\/www.baier-michels.com\\\/de\\\/\"},{\"@type\":\"ListItem\",\"position\":2,\"name\":\"Produkte\",\"item\":\"https:\\\/\\\/www.baier-michels.com\\\/de\\\/produkte\\\/\"},{\"@type\":\"ListItem\",\"position\":3,\"name\":\"Verschluss- und Dichtsysteme\",\"item\":\"https:\\\/\\\/www.baier-michels.com\\\/de\\\/produkte\\\/verschluss-und-dichtsysteme\\\/\"},{\"@type\":\"ListItem\",\"position\":4,\"name\":\"b&#038;m-KL PLUG\u00ae\"}]},{\"@type\":\"WebSite\",\"@id\":\"https:\\\/\\\/www.baier-michels.com\\\/de\\\/#website\",\"url\":\"https:\\\/\\\/www.baier-michels.com\\\/de\\\/\",\"name\":\"b&m\",\"description\":\"baier&amp;michels Gmbh &amp; Co KG\",\"publisher\":{\"@id\":\"https:\\\/\\\/www.baier-michels.com\\\/de\\\/#organization\"},\"potentialAction\":[{\"@type\":\"SearchAction\",\"target\":{\"@type\":\"EntryPoint\",\"urlTemplate\":\"https:\\\/\\\/www.baier-michels.com\\\/de\\\/?s={search_term_string}\"},\"query-input\":{\"@type\":\"PropertyValueSpecification\",\"valueRequired\":true,\"valueName\":\"search_term_string\"}}],\"inLanguage\":\"de\"},{\"@type\":\"Organization\",\"@id\":\"https:\\\/\\\/www.baier-michels.com\\\/de\\\/#organization\",\"name\":\"baier & michels GmbH & Co KG\",\"url\":\"https:\\\/\\\/www.baier-michels.com\\\/de\\\/\",\"logo\":{\"@type\":\"ImageObject\",\"inLanguage\":\"de\",\"@id\":\"https:\\\/\\\/www.baier-michels.com\\\/de\\\/#\\\/schema\\\/logo\\\/image\\\/\",\"url\":\"\",\"contentUrl\":\"\",\"caption\":\"baier & michels GmbH & Co KG\"},\"image\":{\"@id\":\"https:\\\/\\\/www.baier-michels.com\\\/de\\\/#\\\/schema\\\/logo\\\/image\\\/\"},\"sameAs\":[\"https:\\\/\\\/www.linkedin.com\\\/company\\\/baier-michels\\\/?viewAsMember=true\",\"https:\\\/\\\/www.youtube.com\\\/channel\\\/UCdBWm_HCAtCjxiFZWloFYGw?view_as=subscriber\"]}]}<\/script>\n<!-- \/ Yoast SEO plugin. -->","yoast_head_json":{"title":"b&m-KL PLUG\u00ae - b&amp;m Homepage","description":"Verschluss- und Dichtsystem f\u00fcr innendruckbeanspruchte Bohrungen","robots":{"index":"index","follow":"follow","max-snippet":"max-snippet:-1","max-image-preview":"max-image-preview:large","max-video-preview":"max-video-preview:-1"},"canonical":"https:\/\/www.baier-michels.com\/de\/produkte\/verschluss-und-dichtsysteme\/bm-kl-plug\/","og_locale":"de_DE","og_type":"article","og_title":"b&m-KL PLUG\u00ae - b&amp;m Homepage","og_description":"Verschluss- und Dichtsystem f\u00fcr innendruckbeanspruchte Bohrungen","og_url":"https:\/\/www.baier-michels.com\/de\/produkte\/verschluss-und-dichtsysteme\/bm-kl-plug\/","og_site_name":"b&amp;m Homepage","article_modified_time":"2025-04-15T14:07:07+00:00","twitter_card":"summary_large_image","twitter_misc":{"Gesch\u00e4tzte Lesezeit":"1\u00a0Minute"},"schema":{"@context":"https:\/\/schema.org","@graph":[{"@type":"WebPage","@id":"https:\/\/www.baier-michels.com\/de\/produkte\/verschluss-und-dichtsysteme\/bm-kl-plug\/","url":"https:\/\/www.baier-michels.com\/de\/produkte\/verschluss-und-dichtsysteme\/bm-kl-plug\/","name":"b&m-KL PLUG\u00ae - b&amp;m Homepage","isPartOf":{"@id":"https:\/\/www.baier-michels.com\/de\/#website"},"datePublished":"2020-12-30T23:00:00+00:00","dateModified":"2025-04-15T14:07:07+00:00","description":"Verschluss- und Dichtsystem f\u00fcr innendruckbeanspruchte Bohrungen","breadcrumb":{"@id":"https:\/\/www.baier-michels.com\/de\/produkte\/verschluss-und-dichtsysteme\/bm-kl-plug\/#breadcrumb"},"inLanguage":"de","potentialAction":[{"@type":"ReadAction","target":["https:\/\/www.baier-michels.com\/de\/produkte\/verschluss-und-dichtsysteme\/bm-kl-plug\/"]}]},{"@type":"BreadcrumbList","@id":"https:\/\/www.baier-michels.com\/de\/produkte\/verschluss-und-dichtsysteme\/bm-kl-plug\/#breadcrumb","itemListElement":[{"@type":"ListItem","position":1,"name":"Startseite","item":"https:\/\/www.baier-michels.com\/de\/"},{"@type":"ListItem","position":2,"name":"Produkte","item":"https:\/\/www.baier-michels.com\/de\/produkte\/"},{"@type":"ListItem","position":3,"name":"Verschluss- und Dichtsysteme","item":"https:\/\/www.baier-michels.com\/de\/produkte\/verschluss-und-dichtsysteme\/"},{"@type":"ListItem","position":4,"name":"b&#038;m-KL PLUG\u00ae"}]},{"@type":"WebSite","@id":"https:\/\/www.baier-michels.com\/de\/#website","url":"https:\/\/www.baier-michels.com\/de\/","name":"b&m","description":"baier&amp;michels Gmbh &amp; Co KG","publisher":{"@id":"https:\/\/www.baier-michels.com\/de\/#organization"},"potentialAction":[{"@type":"SearchAction","target":{"@type":"EntryPoint","urlTemplate":"https:\/\/www.baier-michels.com\/de\/?s={search_term_string}"},"query-input":{"@type":"PropertyValueSpecification","valueRequired":true,"valueName":"search_term_string"}}],"inLanguage":"de"},{"@type":"Organization","@id":"https:\/\/www.baier-michels.com\/de\/#organization","name":"baier & michels GmbH & Co KG","url":"https:\/\/www.baier-michels.com\/de\/","logo":{"@type":"ImageObject","inLanguage":"de","@id":"https:\/\/www.baier-michels.com\/de\/#\/schema\/logo\/image\/","url":"","contentUrl":"","caption":"baier & michels GmbH & Co KG"},"image":{"@id":"https:\/\/www.baier-michels.com\/de\/#\/schema\/logo\/image\/"},"sameAs":["https:\/\/www.linkedin.com\/company\/baier-michels\/?viewAsMember=true","https:\/\/www.youtube.com\/channel\/UCdBWm_HCAtCjxiFZWloFYGw?view_as=subscriber"]}]}},"_links":{"self":[{"href":"https:\/\/www.baier-michels.com\/de\/wp-json\/wp\/v2\/pages\/9679","targetHints":{"allow":["GET"]}}],"collection":[{"href":"https:\/\/www.baier-michels.com\/de\/wp-json\/wp\/v2\/pages"}],"about":[{"href":"https:\/\/www.baier-michels.com\/de\/wp-json\/wp\/v2\/types\/page"}],"author":[{"embeddable":true,"href":"https:\/\/www.baier-michels.com\/de\/wp-json\/wp\/v2\/users\/1"}],"replies":[{"embeddable":true,"href":"https:\/\/www.baier-michels.com\/de\/wp-json\/wp\/v2\/comments?post=9679"}],"version-history":[{"count":6,"href":"https:\/\/www.baier-michels.com\/de\/wp-json\/wp\/v2\/pages\/9679\/revisions"}],"predecessor-version":[{"id":16337,"href":"https:\/\/www.baier-michels.com\/de\/wp-json\/wp\/v2\/pages\/9679\/revisions\/16337"}],"up":[{"embeddable":true,"href":"https:\/\/www.baier-michels.com\/de\/wp-json\/wp\/v2\/pages\/9597"}],"wp:attachment":[{"href":"https:\/\/www.baier-michels.com\/de\/wp-json\/wp\/v2\/media?parent=9679"}],"wp:term":[{"taxonomy":"category","embeddable":true,"href":"https:\/\/www.baier-michels.com\/de\/wp-json\/wp\/v2\/categories?post=9679"}],"curies":[{"name":"wp","href":"https:\/\/api.w.org\/{rel}","templated":true}]}}