{"id":9680,"date":"2020-12-31T00:00:00","date_gmt":"2020-12-30T23:00:00","guid":{"rendered":"http:\/\/bm.baier-michels.local\/produkte\/direktverschraubung-fuer-cfk\/bm-carbonplast\/"},"modified":"2025-05-14T14:07:19","modified_gmt":"2025-05-14T13:07:19","slug":"bm-carbonplast","status":"publish","type":"page","link":"https:\/\/www.baier-michels.com\/de\/produkte\/direktverschraubung-fuer-cfk\/bm-carbonplast\/","title":{"rendered":"b&#038;m-CARBONPLAST<sup class=\"copyright\">\u00ae<\/sup>"},"content":{"rendered":"<p>Die b&#038;m-CARBONPLAST<sup class=\"copyright\">\u00ae<\/sup> ist f\u00fcr die Direktverschraubung von kohlenstofffaserverst\u00e4rkten Kunststoffen ausgelegt. Durch die Verwendung eines Sonderstahls zur Herstellung der Schraube, ist es m\u00f6glich eine direkte Kontaktierung mit der Kohlenstofffaser zu realisieren, ohne dass es zu einer Korrosionsreaktion kommt. Dar\u00fcber hinaus sind die Gewindespitzen resistent gegen den abrasiven Verschlei\u00df der Fasern. F\u00fcr diesen speziellen Anwendungsfall wurde ebenfalls die Gewindegeometrie angepasst, um den Materialfluss zu beg\u00fcnstigen und Radialspannungen zu vermeiden welche zu Delaminationseffekten f\u00fchren k\u00f6nnen.<\/p>\n","protected":false},"excerpt":{"rendered":"<p>Die b&#038;m-CARBONPLAST\u00ae ist f\u00fcr die Direktverschraubung von kohlenstofffaserverst\u00e4rkten Kunststoffen ausgelegt. Durch die Verwendung eines Sonderstahls zur Herstellung der Schraube, ist es m\u00f6glich eine direkte Kontaktierung mit der Kohlenstofffaser zu realisieren, ohne dass es zu einer Korrosionsreaktion kommt. Dar\u00fcber hinaus sind die Gewindespitzen resistent gegen den abrasiven Verschlei\u00df der Fasern. F\u00fcr diesen speziellen Anwendungsfall wurde ebenfalls [&hellip;]<\/p>\n","protected":false},"author":1,"featured_media":0,"parent":9602,"menu_order":1,"comment_status":"closed","ping_status":"closed","template":"template_brands.php","meta":{"_acf_changed":false,"footnotes":""},"categories":[],"class_list":["post-9680","page","type-page","status-publish","hentry"],"acf":[],"yoast_head":"<!-- This site is optimized with the Yoast SEO plugin v27.4 - https:\/\/yoast.com\/product\/yoast-seo-wordpress\/ -->\n<title>b&amp;m-CARBONPLAST\u00ae - b&amp;m Homepage<\/title>\n<meta name=\"description\" content=\"Gewindeformende Schraube f\u00fcr kohlenstofffaserverst\u00e4rkte Kunststoffe\" \/>\n<meta name=\"robots\" content=\"index, follow, max-snippet:-1, max-image-preview:large, max-video-preview:-1\" \/>\n<link rel=\"canonical\" href=\"https:\/\/www.baier-michels.com\/de\/produkte\/direktverschraubung-fuer-cfk\/bm-carbonplast\/\" \/>\n<meta property=\"og:locale\" content=\"de_DE\" \/>\n<meta property=\"og:type\" content=\"article\" \/>\n<meta property=\"og:title\" content=\"b&amp;m-CARBONPLAST\u00ae - b&amp;m Homepage\" \/>\n<meta property=\"og:description\" content=\"Gewindeformende Schraube f\u00fcr kohlenstofffaserverst\u00e4rkte Kunststoffe\" \/>\n<meta property=\"og:url\" content=\"https:\/\/www.baier-michels.com\/de\/produkte\/direktverschraubung-fuer-cfk\/bm-carbonplast\/\" \/>\n<meta property=\"og:site_name\" content=\"b&amp;m Homepage\" \/>\n<meta property=\"article:modified_time\" content=\"2025-05-14T13:07:19+00:00\" \/>\n<meta name=\"twitter:card\" content=\"summary_large_image\" \/>\n<meta name=\"twitter:label1\" content=\"Gesch\u00e4tzte Lesezeit\" \/>\n\t<meta name=\"twitter:data1\" content=\"1\u00a0Minute\" \/>\n<script type=\"application\/ld+json\" class=\"yoast-schema-graph\">{\"@context\":\"https:\\\/\\\/schema.org\",\"@graph\":[{\"@type\":\"WebPage\",\"@id\":\"https:\\\/\\\/www.baier-michels.com\\\/de\\\/produkte\\\/direktverschraubung-fuer-cfk\\\/bm-carbonplast\\\/\",\"url\":\"https:\\\/\\\/www.baier-michels.com\\\/de\\\/produkte\\\/direktverschraubung-fuer-cfk\\\/bm-carbonplast\\\/\",\"name\":\"b&m-CARBONPLAST\u00ae - b&amp;m Homepage\",\"isPartOf\":{\"@id\":\"https:\\\/\\\/www.baier-michels.com\\\/de\\\/#website\"},\"datePublished\":\"2020-12-30T23:00:00+00:00\",\"dateModified\":\"2025-05-14T13:07:19+00:00\",\"description\":\"Gewindeformende Schraube f\u00fcr kohlenstofffaserverst\u00e4rkte Kunststoffe\",\"breadcrumb\":{\"@id\":\"https:\\\/\\\/www.baier-michels.com\\\/de\\\/produkte\\\/direktverschraubung-fuer-cfk\\\/bm-carbonplast\\\/#breadcrumb\"},\"inLanguage\":\"de\",\"potentialAction\":[{\"@type\":\"ReadAction\",\"target\":[\"https:\\\/\\\/www.baier-michels.com\\\/de\\\/produkte\\\/direktverschraubung-fuer-cfk\\\/bm-carbonplast\\\/\"]}]},{\"@type\":\"BreadcrumbList\",\"@id\":\"https:\\\/\\\/www.baier-michels.com\\\/de\\\/produkte\\\/direktverschraubung-fuer-cfk\\\/bm-carbonplast\\\/#breadcrumb\",\"itemListElement\":[{\"@type\":\"ListItem\",\"position\":1,\"name\":\"Startseite\",\"item\":\"https:\\\/\\\/www.baier-michels.com\\\/de\\\/\"},{\"@type\":\"ListItem\",\"position\":2,\"name\":\"Produkte\",\"item\":\"https:\\\/\\\/www.baier-michels.com\\\/de\\\/produkte\\\/\"},{\"@type\":\"ListItem\",\"position\":3,\"name\":\"Direktverschraubung f\u00fcr CFK\",\"item\":\"https:\\\/\\\/www.baier-michels.com\\\/de\\\/products\\\/direct-screwing-for-cfrp\\\/\"},{\"@type\":\"ListItem\",\"position\":4,\"name\":\"b&#038;m-CARBONPLAST\u00ae\"}]},{\"@type\":\"WebSite\",\"@id\":\"https:\\\/\\\/www.baier-michels.com\\\/de\\\/#website\",\"url\":\"https:\\\/\\\/www.baier-michels.com\\\/de\\\/\",\"name\":\"b&m\",\"description\":\"baier&amp;michels Gmbh &amp; Co KG\",\"publisher\":{\"@id\":\"https:\\\/\\\/www.baier-michels.com\\\/de\\\/#organization\"},\"potentialAction\":[{\"@type\":\"SearchAction\",\"target\":{\"@type\":\"EntryPoint\",\"urlTemplate\":\"https:\\\/\\\/www.baier-michels.com\\\/de\\\/?s={search_term_string}\"},\"query-input\":{\"@type\":\"PropertyValueSpecification\",\"valueRequired\":true,\"valueName\":\"search_term_string\"}}],\"inLanguage\":\"de\"},{\"@type\":\"Organization\",\"@id\":\"https:\\\/\\\/www.baier-michels.com\\\/de\\\/#organization\",\"name\":\"baier & michels GmbH & Co KG\",\"url\":\"https:\\\/\\\/www.baier-michels.com\\\/de\\\/\",\"logo\":{\"@type\":\"ImageObject\",\"inLanguage\":\"de\",\"@id\":\"https:\\\/\\\/www.baier-michels.com\\\/de\\\/#\\\/schema\\\/logo\\\/image\\\/\",\"url\":\"\",\"contentUrl\":\"\",\"caption\":\"baier & michels GmbH & Co KG\"},\"image\":{\"@id\":\"https:\\\/\\\/www.baier-michels.com\\\/de\\\/#\\\/schema\\\/logo\\\/image\\\/\"},\"sameAs\":[\"https:\\\/\\\/www.linkedin.com\\\/company\\\/baier-michels\\\/?viewAsMember=true\",\"https:\\\/\\\/www.youtube.com\\\/channel\\\/UCdBWm_HCAtCjxiFZWloFYGw?view_as=subscriber\"]}]}<\/script>\n<!-- \/ Yoast SEO plugin. -->","yoast_head_json":{"title":"b&m-CARBONPLAST\u00ae - b&amp;m Homepage","description":"Gewindeformende Schraube f\u00fcr kohlenstofffaserverst\u00e4rkte Kunststoffe","robots":{"index":"index","follow":"follow","max-snippet":"max-snippet:-1","max-image-preview":"max-image-preview:large","max-video-preview":"max-video-preview:-1"},"canonical":"https:\/\/www.baier-michels.com\/de\/produkte\/direktverschraubung-fuer-cfk\/bm-carbonplast\/","og_locale":"de_DE","og_type":"article","og_title":"b&m-CARBONPLAST\u00ae - b&amp;m Homepage","og_description":"Gewindeformende Schraube f\u00fcr kohlenstofffaserverst\u00e4rkte Kunststoffe","og_url":"https:\/\/www.baier-michels.com\/de\/produkte\/direktverschraubung-fuer-cfk\/bm-carbonplast\/","og_site_name":"b&amp;m Homepage","article_modified_time":"2025-05-14T13:07:19+00:00","twitter_card":"summary_large_image","twitter_misc":{"Gesch\u00e4tzte Lesezeit":"1\u00a0Minute"},"schema":{"@context":"https:\/\/schema.org","@graph":[{"@type":"WebPage","@id":"https:\/\/www.baier-michels.com\/de\/produkte\/direktverschraubung-fuer-cfk\/bm-carbonplast\/","url":"https:\/\/www.baier-michels.com\/de\/produkte\/direktverschraubung-fuer-cfk\/bm-carbonplast\/","name":"b&m-CARBONPLAST\u00ae - b&amp;m Homepage","isPartOf":{"@id":"https:\/\/www.baier-michels.com\/de\/#website"},"datePublished":"2020-12-30T23:00:00+00:00","dateModified":"2025-05-14T13:07:19+00:00","description":"Gewindeformende Schraube f\u00fcr kohlenstofffaserverst\u00e4rkte Kunststoffe","breadcrumb":{"@id":"https:\/\/www.baier-michels.com\/de\/produkte\/direktverschraubung-fuer-cfk\/bm-carbonplast\/#breadcrumb"},"inLanguage":"de","potentialAction":[{"@type":"ReadAction","target":["https:\/\/www.baier-michels.com\/de\/produkte\/direktverschraubung-fuer-cfk\/bm-carbonplast\/"]}]},{"@type":"BreadcrumbList","@id":"https:\/\/www.baier-michels.com\/de\/produkte\/direktverschraubung-fuer-cfk\/bm-carbonplast\/#breadcrumb","itemListElement":[{"@type":"ListItem","position":1,"name":"Startseite","item":"https:\/\/www.baier-michels.com\/de\/"},{"@type":"ListItem","position":2,"name":"Produkte","item":"https:\/\/www.baier-michels.com\/de\/produkte\/"},{"@type":"ListItem","position":3,"name":"Direktverschraubung f\u00fcr CFK","item":"https:\/\/www.baier-michels.com\/de\/products\/direct-screwing-for-cfrp\/"},{"@type":"ListItem","position":4,"name":"b&#038;m-CARBONPLAST\u00ae"}]},{"@type":"WebSite","@id":"https:\/\/www.baier-michels.com\/de\/#website","url":"https:\/\/www.baier-michels.com\/de\/","name":"b&m","description":"baier&amp;michels Gmbh &amp; Co KG","publisher":{"@id":"https:\/\/www.baier-michels.com\/de\/#organization"},"potentialAction":[{"@type":"SearchAction","target":{"@type":"EntryPoint","urlTemplate":"https:\/\/www.baier-michels.com\/de\/?s={search_term_string}"},"query-input":{"@type":"PropertyValueSpecification","valueRequired":true,"valueName":"search_term_string"}}],"inLanguage":"de"},{"@type":"Organization","@id":"https:\/\/www.baier-michels.com\/de\/#organization","name":"baier & michels GmbH & Co KG","url":"https:\/\/www.baier-michels.com\/de\/","logo":{"@type":"ImageObject","inLanguage":"de","@id":"https:\/\/www.baier-michels.com\/de\/#\/schema\/logo\/image\/","url":"","contentUrl":"","caption":"baier & michels GmbH & Co KG"},"image":{"@id":"https:\/\/www.baier-michels.com\/de\/#\/schema\/logo\/image\/"},"sameAs":["https:\/\/www.linkedin.com\/company\/baier-michels\/?viewAsMember=true","https:\/\/www.youtube.com\/channel\/UCdBWm_HCAtCjxiFZWloFYGw?view_as=subscriber"]}]}},"_links":{"self":[{"href":"https:\/\/www.baier-michels.com\/de\/wp-json\/wp\/v2\/pages\/9680","targetHints":{"allow":["GET"]}}],"collection":[{"href":"https:\/\/www.baier-michels.com\/de\/wp-json\/wp\/v2\/pages"}],"about":[{"href":"https:\/\/www.baier-michels.com\/de\/wp-json\/wp\/v2\/types\/page"}],"author":[{"embeddable":true,"href":"https:\/\/www.baier-michels.com\/de\/wp-json\/wp\/v2\/users\/1"}],"replies":[{"embeddable":true,"href":"https:\/\/www.baier-michels.com\/de\/wp-json\/wp\/v2\/comments?post=9680"}],"version-history":[{"count":1,"href":"https:\/\/www.baier-michels.com\/de\/wp-json\/wp\/v2\/pages\/9680\/revisions"}],"predecessor-version":[{"id":16383,"href":"https:\/\/www.baier-michels.com\/de\/wp-json\/wp\/v2\/pages\/9680\/revisions\/16383"}],"up":[{"embeddable":true,"href":"https:\/\/www.baier-michels.com\/de\/wp-json\/wp\/v2\/pages\/9602"}],"wp:attachment":[{"href":"https:\/\/www.baier-michels.com\/de\/wp-json\/wp\/v2\/media?parent=9680"}],"wp:term":[{"taxonomy":"category","embeddable":true,"href":"https:\/\/www.baier-michels.com\/de\/wp-json\/wp\/v2\/categories?post=9680"}],"curies":[{"name":"wp","href":"https:\/\/api.w.org\/{rel}","templated":true}]}}