{"id":9764,"date":"2023-07-25T00:00:00","date_gmt":"2023-07-24T23:00:00","guid":{"rendered":"http:\/\/bm.baier-michels.local\/branchen\/automobil-und-fahrzeugindustrie\/"},"modified":"2024-10-16T08:43:07","modified_gmt":"2024-10-16T07:43:07","slug":"automobil-und-fahrzeugindustrie","status":"publish","type":"page","link":"https:\/\/www.baier-michels.com\/de\/branchen\/automobil-und-fahrzeugindustrie\/","title":{"rendered":"Automobil- und Fahrzeugindustrie"},"content":{"rendered":"<p>F\u00fcr den Transport von Personen und G\u00fctern kommt eine Vielzahl an verschiedenen Fahrzeugen zum Einsatz. Dazu z\u00e4hlen unter anderem PKW\u2019s, LKW\u2019s, Z\u00fcge und Busse. Durch die Vielzahl an unterschiedlichen Komponenten und Werkstoffen im modernen Fahrzeugbau entstehen komplexe Anforderungen an die eingesetzten Verbindungselemente.<\/p>\n<p>Sie suchen nach der passenden Verbindungsl\u00f6sung f\u00fcr Ihre Anwendung?<br \/>\nKlicken Sie einfach auf die gew\u00fcnschte Applikation, um mehr Informationen zu erhalten.<\/p>\n","protected":false},"excerpt":{"rendered":"<p>F\u00fcr den Transport von Personen und G\u00fctern kommt eine Vielzahl an verschiedenen Fahrzeugen zum Einsatz. Dazu z\u00e4hlen unter anderem PKW\u2019s, LKW\u2019s, Z\u00fcge und Busse. Durch die Vielzahl an unterschiedlichen Komponenten und Werkstoffen im modernen Fahrzeugbau entstehen komplexe Anforderungen an die eingesetzten Verbindungselemente. Sie suchen nach der passenden Verbindungsl\u00f6sung f\u00fcr Ihre Anwendung? Klicken Sie einfach auf [&hellip;]<\/p>\n","protected":false},"author":1,"featured_media":0,"parent":10003,"menu_order":1,"comment_status":"closed","ping_status":"closed","template":"template_page_e2.php","meta":{"_acf_changed":false,"footnotes":""},"categories":[],"class_list":["post-9764","page","type-page","status-publish","hentry"],"acf":[],"yoast_head":"<!-- This site is optimized with the Yoast SEO plugin v27.4 - https:\/\/yoast.com\/product\/yoast-seo-wordpress\/ -->\n<title>Automobil- und Fahrzeugindustrie - b&amp;m Homepage<\/title>\n<meta name=\"description\" content=\"Innovative Verbindungstechnik im Bereich Automobil- und Fahrzeugindustrie\" \/>\n<meta name=\"robots\" content=\"index, follow, max-snippet:-1, max-image-preview:large, max-video-preview:-1\" \/>\n<link rel=\"canonical\" href=\"https:\/\/www.baier-michels.com\/de\/branchen\/automobil-und-fahrzeugindustrie\/\" \/>\n<meta property=\"og:locale\" content=\"de_DE\" \/>\n<meta property=\"og:type\" content=\"article\" \/>\n<meta property=\"og:title\" content=\"Automobil- und Fahrzeugindustrie - b&amp;m Homepage\" \/>\n<meta property=\"og:description\" content=\"Innovative Verbindungstechnik im Bereich Automobil- und Fahrzeugindustrie\" \/>\n<meta property=\"og:url\" content=\"https:\/\/www.baier-michels.com\/de\/branchen\/automobil-und-fahrzeugindustrie\/\" \/>\n<meta property=\"og:site_name\" content=\"b&amp;m Homepage\" \/>\n<meta property=\"article:modified_time\" content=\"2024-10-16T07:43:07+00:00\" \/>\n<meta name=\"twitter:card\" content=\"summary_large_image\" \/>\n<script type=\"application\/ld+json\" class=\"yoast-schema-graph\">{\"@context\":\"https:\\\/\\\/schema.org\",\"@graph\":[{\"@type\":\"WebPage\",\"@id\":\"https:\\\/\\\/www.baier-michels.com\\\/de\\\/branchen\\\/automobil-und-fahrzeugindustrie\\\/\",\"url\":\"https:\\\/\\\/www.baier-michels.com\\\/de\\\/branchen\\\/automobil-und-fahrzeugindustrie\\\/\",\"name\":\"Automobil- und Fahrzeugindustrie - b&amp;m Homepage\",\"isPartOf\":{\"@id\":\"https:\\\/\\\/www.baier-michels.com\\\/de\\\/#website\"},\"datePublished\":\"2023-07-24T23:00:00+00:00\",\"dateModified\":\"2024-10-16T07:43:07+00:00\",\"description\":\"Innovative Verbindungstechnik im Bereich Automobil- und Fahrzeugindustrie\",\"breadcrumb\":{\"@id\":\"https:\\\/\\\/www.baier-michels.com\\\/de\\\/branchen\\\/automobil-und-fahrzeugindustrie\\\/#breadcrumb\"},\"inLanguage\":\"de\",\"potentialAction\":[{\"@type\":\"ReadAction\",\"target\":[\"https:\\\/\\\/www.baier-michels.com\\\/de\\\/branchen\\\/automobil-und-fahrzeugindustrie\\\/\"]}]},{\"@type\":\"BreadcrumbList\",\"@id\":\"https:\\\/\\\/www.baier-michels.com\\\/de\\\/branchen\\\/automobil-und-fahrzeugindustrie\\\/#breadcrumb\",\"itemListElement\":[{\"@type\":\"ListItem\",\"position\":1,\"name\":\"Startseite\",\"item\":\"https:\\\/\\\/www.baier-michels.com\\\/de\\\/\"},{\"@type\":\"ListItem\",\"position\":2,\"name\":\"Branchen\",\"item\":\"https:\\\/\\\/www.baier-michels.com\\\/de\\\/branchen\\\/\"},{\"@type\":\"ListItem\",\"position\":3,\"name\":\"Automobil- und Fahrzeugindustrie\"}]},{\"@type\":\"WebSite\",\"@id\":\"https:\\\/\\\/www.baier-michels.com\\\/de\\\/#website\",\"url\":\"https:\\\/\\\/www.baier-michels.com\\\/de\\\/\",\"name\":\"b&m\",\"description\":\"baier&amp;michels Gmbh &amp; Co KG\",\"publisher\":{\"@id\":\"https:\\\/\\\/www.baier-michels.com\\\/de\\\/#organization\"},\"potentialAction\":[{\"@type\":\"SearchAction\",\"target\":{\"@type\":\"EntryPoint\",\"urlTemplate\":\"https:\\\/\\\/www.baier-michels.com\\\/de\\\/?s={search_term_string}\"},\"query-input\":{\"@type\":\"PropertyValueSpecification\",\"valueRequired\":true,\"valueName\":\"search_term_string\"}}],\"inLanguage\":\"de\"},{\"@type\":\"Organization\",\"@id\":\"https:\\\/\\\/www.baier-michels.com\\\/de\\\/#organization\",\"name\":\"baier & michels GmbH & Co KG\",\"url\":\"https:\\\/\\\/www.baier-michels.com\\\/de\\\/\",\"logo\":{\"@type\":\"ImageObject\",\"inLanguage\":\"de\",\"@id\":\"https:\\\/\\\/www.baier-michels.com\\\/de\\\/#\\\/schema\\\/logo\\\/image\\\/\",\"url\":\"\",\"contentUrl\":\"\",\"caption\":\"baier & michels GmbH & Co KG\"},\"image\":{\"@id\":\"https:\\\/\\\/www.baier-michels.com\\\/de\\\/#\\\/schema\\\/logo\\\/image\\\/\"},\"sameAs\":[\"https:\\\/\\\/www.linkedin.com\\\/company\\\/baier-michels\\\/?viewAsMember=true\",\"https:\\\/\\\/www.youtube.com\\\/channel\\\/UCdBWm_HCAtCjxiFZWloFYGw?view_as=subscriber\"]}]}<\/script>\n<!-- \/ Yoast SEO plugin. -->","yoast_head_json":{"title":"Automobil- und Fahrzeugindustrie - b&amp;m Homepage","description":"Innovative Verbindungstechnik im Bereich Automobil- und Fahrzeugindustrie","robots":{"index":"index","follow":"follow","max-snippet":"max-snippet:-1","max-image-preview":"max-image-preview:large","max-video-preview":"max-video-preview:-1"},"canonical":"https:\/\/www.baier-michels.com\/de\/branchen\/automobil-und-fahrzeugindustrie\/","og_locale":"de_DE","og_type":"article","og_title":"Automobil- und Fahrzeugindustrie - b&amp;m Homepage","og_description":"Innovative Verbindungstechnik im Bereich Automobil- und Fahrzeugindustrie","og_url":"https:\/\/www.baier-michels.com\/de\/branchen\/automobil-und-fahrzeugindustrie\/","og_site_name":"b&amp;m Homepage","article_modified_time":"2024-10-16T07:43:07+00:00","twitter_card":"summary_large_image","schema":{"@context":"https:\/\/schema.org","@graph":[{"@type":"WebPage","@id":"https:\/\/www.baier-michels.com\/de\/branchen\/automobil-und-fahrzeugindustrie\/","url":"https:\/\/www.baier-michels.com\/de\/branchen\/automobil-und-fahrzeugindustrie\/","name":"Automobil- und Fahrzeugindustrie - b&amp;m Homepage","isPartOf":{"@id":"https:\/\/www.baier-michels.com\/de\/#website"},"datePublished":"2023-07-24T23:00:00+00:00","dateModified":"2024-10-16T07:43:07+00:00","description":"Innovative Verbindungstechnik im Bereich Automobil- und Fahrzeugindustrie","breadcrumb":{"@id":"https:\/\/www.baier-michels.com\/de\/branchen\/automobil-und-fahrzeugindustrie\/#breadcrumb"},"inLanguage":"de","potentialAction":[{"@type":"ReadAction","target":["https:\/\/www.baier-michels.com\/de\/branchen\/automobil-und-fahrzeugindustrie\/"]}]},{"@type":"BreadcrumbList","@id":"https:\/\/www.baier-michels.com\/de\/branchen\/automobil-und-fahrzeugindustrie\/#breadcrumb","itemListElement":[{"@type":"ListItem","position":1,"name":"Startseite","item":"https:\/\/www.baier-michels.com\/de\/"},{"@type":"ListItem","position":2,"name":"Branchen","item":"https:\/\/www.baier-michels.com\/de\/branchen\/"},{"@type":"ListItem","position":3,"name":"Automobil- und Fahrzeugindustrie"}]},{"@type":"WebSite","@id":"https:\/\/www.baier-michels.com\/de\/#website","url":"https:\/\/www.baier-michels.com\/de\/","name":"b&m","description":"baier&amp;michels Gmbh &amp; Co KG","publisher":{"@id":"https:\/\/www.baier-michels.com\/de\/#organization"},"potentialAction":[{"@type":"SearchAction","target":{"@type":"EntryPoint","urlTemplate":"https:\/\/www.baier-michels.com\/de\/?s={search_term_string}"},"query-input":{"@type":"PropertyValueSpecification","valueRequired":true,"valueName":"search_term_string"}}],"inLanguage":"de"},{"@type":"Organization","@id":"https:\/\/www.baier-michels.com\/de\/#organization","name":"baier & michels GmbH & Co KG","url":"https:\/\/www.baier-michels.com\/de\/","logo":{"@type":"ImageObject","inLanguage":"de","@id":"https:\/\/www.baier-michels.com\/de\/#\/schema\/logo\/image\/","url":"","contentUrl":"","caption":"baier & michels GmbH & Co KG"},"image":{"@id":"https:\/\/www.baier-michels.com\/de\/#\/schema\/logo\/image\/"},"sameAs":["https:\/\/www.linkedin.com\/company\/baier-michels\/?viewAsMember=true","https:\/\/www.youtube.com\/channel\/UCdBWm_HCAtCjxiFZWloFYGw?view_as=subscriber"]}]}},"_links":{"self":[{"href":"https:\/\/www.baier-michels.com\/de\/wp-json\/wp\/v2\/pages\/9764","targetHints":{"allow":["GET"]}}],"collection":[{"href":"https:\/\/www.baier-michels.com\/de\/wp-json\/wp\/v2\/pages"}],"about":[{"href":"https:\/\/www.baier-michels.com\/de\/wp-json\/wp\/v2\/types\/page"}],"author":[{"embeddable":true,"href":"https:\/\/www.baier-michels.com\/de\/wp-json\/wp\/v2\/users\/1"}],"replies":[{"embeddable":true,"href":"https:\/\/www.baier-michels.com\/de\/wp-json\/wp\/v2\/comments?post=9764"}],"version-history":[{"count":0,"href":"https:\/\/www.baier-michels.com\/de\/wp-json\/wp\/v2\/pages\/9764\/revisions"}],"up":[{"embeddable":true,"href":"https:\/\/www.baier-michels.com\/de\/wp-json\/wp\/v2\/pages\/10003"}],"wp:attachment":[{"href":"https:\/\/www.baier-michels.com\/de\/wp-json\/wp\/v2\/media?parent=9764"}],"wp:term":[{"taxonomy":"category","embeddable":true,"href":"https:\/\/www.baier-michels.com\/de\/wp-json\/wp\/v2\/categories?post=9764"}],"curies":[{"name":"wp","href":"https:\/\/api.w.org\/{rel}","templated":true}]}}