{"id":9785,"date":"2020-12-31T00:00:00","date_gmt":"2020-12-30T23:00:00","guid":{"rendered":"http:\/\/bm.baier-michels.local\/produkte\/blindnietsysteme\/bm-rinu-hex\/"},"modified":"2025-02-10T14:08:06","modified_gmt":"2025-02-10T13:08:06","slug":"bm-rinu-hex","status":"publish","type":"page","link":"https:\/\/www.baier-michels.com\/de\/produkte\/blindnietsysteme\/bm-rinu-hex\/","title":{"rendered":"b&#038;m-RINU<sup class=\"copyright\">\u00ae<\/sup> Hex"},"content":{"rendered":"<p>Durch die Technik der b&#038;m-RINU<sup class=\"copyright\">\u00ae<\/sup> Hex ist es m\u00f6glich, d\u00fcnnwandige Bauteile miteinander zu verbinden und unabh\u00e4ngig von dem Tr\u00e4germaterial der Anwendung ein vollwertiges Gewinde anzubringen. <\/p>\n<p>Im Vergleich zu zylindrischen Blindnietmuttern bietet die b&#038;m-RINU<sup class=\"copyright\">\u00ae<\/sup> Hex mit ihrem Sechskantschaft einen Formschluss in dem vorgesehenen Sechskantloch. Nach der Montage steht ein h\u00f6herwertiges, metrisches Gewinde bereit, welches zur Montage weiterer Bauteile genutzt werden kann. Sie ist in verschiedenen Materialien, sowie mit unterschiedlichen Kopfformen und Schaftgeometrien verf\u00fcgbar und somit genau auf die jeweilige Anwendung anpassbar. Aufgrund der hohen Anforderungen und der immer leichter werdende Bauweise konnte die Blindnietmutter sich in der Industrie und Automobilbranche etablieren.<\/p>\n","protected":false},"excerpt":{"rendered":"<p>Durch die Technik der b&#038;m-RINU\u00ae Hex ist es m\u00f6glich, d\u00fcnnwandige Bauteile miteinander zu verbinden und unabh\u00e4ngig von dem Tr\u00e4germaterial der Anwendung ein vollwertiges Gewinde anzubringen. Im Vergleich zu zylindrischen Blindnietmuttern bietet die b&#038;m-RINU\u00ae Hex mit ihrem Sechskantschaft einen Formschluss in dem vorgesehenen Sechskantloch. Nach der Montage steht ein h\u00f6herwertiges, metrisches Gewinde bereit, welches zur Montage [&hellip;]<\/p>\n","protected":false},"author":1,"featured_media":0,"parent":9604,"menu_order":2,"comment_status":"closed","ping_status":"closed","template":"template_brands_new.php","meta":{"_acf_changed":false,"footnotes":""},"categories":[],"class_list":["post-9785","page","type-page","status-publish","hentry"],"acf":[],"yoast_head":"<!-- This site is optimized with the Yoast SEO plugin v27.3 - https:\/\/yoast.com\/product\/yoast-seo-wordpress\/ -->\n<title>b&amp;m-RINU\u00ae Hex - b&amp;m Homepage<\/title>\n<meta name=\"description\" content=\"Blindnietmutter zur Anbringung eines Gewindes in d\u00fcnnwandigen Bauteilen\" \/>\n<meta name=\"robots\" content=\"index, follow, max-snippet:-1, max-image-preview:large, max-video-preview:-1\" \/>\n<link rel=\"canonical\" href=\"https:\/\/www.baier-michels.com\/de\/produkte\/blindnietsysteme\/bm-rinu-hex\/\" \/>\n<meta property=\"og:locale\" content=\"de_DE\" \/>\n<meta property=\"og:type\" content=\"article\" \/>\n<meta property=\"og:title\" content=\"b&amp;m-RINU\u00ae Hex - b&amp;m Homepage\" \/>\n<meta property=\"og:description\" content=\"Blindnietmutter zur Anbringung eines Gewindes in d\u00fcnnwandigen Bauteilen\" \/>\n<meta property=\"og:url\" content=\"https:\/\/www.baier-michels.com\/de\/produkte\/blindnietsysteme\/bm-rinu-hex\/\" \/>\n<meta property=\"og:site_name\" content=\"b&amp;m Homepage\" \/>\n<meta property=\"article:modified_time\" content=\"2025-02-10T13:08:06+00:00\" \/>\n<meta name=\"twitter:card\" content=\"summary_large_image\" \/>\n<meta name=\"twitter:label1\" content=\"Gesch\u00e4tzte Lesezeit\" \/>\n\t<meta name=\"twitter:data1\" content=\"1\u00a0Minute\" \/>\n<script type=\"application\/ld+json\" class=\"yoast-schema-graph\">{\"@context\":\"https:\\\/\\\/schema.org\",\"@graph\":[{\"@type\":\"WebPage\",\"@id\":\"https:\\\/\\\/www.baier-michels.com\\\/de\\\/produkte\\\/blindnietsysteme\\\/bm-rinu-hex\\\/\",\"url\":\"https:\\\/\\\/www.baier-michels.com\\\/de\\\/produkte\\\/blindnietsysteme\\\/bm-rinu-hex\\\/\",\"name\":\"b&m-RINU\u00ae Hex - b&amp;m Homepage\",\"isPartOf\":{\"@id\":\"https:\\\/\\\/www.baier-michels.com\\\/de\\\/#website\"},\"datePublished\":\"2020-12-30T23:00:00+00:00\",\"dateModified\":\"2025-02-10T13:08:06+00:00\",\"description\":\"Blindnietmutter zur Anbringung eines Gewindes in d\u00fcnnwandigen Bauteilen\",\"breadcrumb\":{\"@id\":\"https:\\\/\\\/www.baier-michels.com\\\/de\\\/produkte\\\/blindnietsysteme\\\/bm-rinu-hex\\\/#breadcrumb\"},\"inLanguage\":\"de\",\"potentialAction\":[{\"@type\":\"ReadAction\",\"target\":[\"https:\\\/\\\/www.baier-michels.com\\\/de\\\/produkte\\\/blindnietsysteme\\\/bm-rinu-hex\\\/\"]}]},{\"@type\":\"BreadcrumbList\",\"@id\":\"https:\\\/\\\/www.baier-michels.com\\\/de\\\/produkte\\\/blindnietsysteme\\\/bm-rinu-hex\\\/#breadcrumb\",\"itemListElement\":[{\"@type\":\"ListItem\",\"position\":1,\"name\":\"Startseite\",\"item\":\"https:\\\/\\\/www.baier-michels.com\\\/de\\\/\"},{\"@type\":\"ListItem\",\"position\":2,\"name\":\"Produkte\",\"item\":\"https:\\\/\\\/www.baier-michels.com\\\/de\\\/produkte\\\/\"},{\"@type\":\"ListItem\",\"position\":3,\"name\":\"Blindnietsysteme\",\"item\":\"https:\\\/\\\/www.baier-michels.com\\\/de\\\/produkte\\\/blindnietsysteme\\\/\"},{\"@type\":\"ListItem\",\"position\":4,\"name\":\"b&#038;m-RINU\u00ae Hex\"}]},{\"@type\":\"WebSite\",\"@id\":\"https:\\\/\\\/www.baier-michels.com\\\/de\\\/#website\",\"url\":\"https:\\\/\\\/www.baier-michels.com\\\/de\\\/\",\"name\":\"b&m\",\"description\":\"baier&amp;michels Gmbh &amp; Co KG\",\"publisher\":{\"@id\":\"https:\\\/\\\/www.baier-michels.com\\\/de\\\/#organization\"},\"potentialAction\":[{\"@type\":\"SearchAction\",\"target\":{\"@type\":\"EntryPoint\",\"urlTemplate\":\"https:\\\/\\\/www.baier-michels.com\\\/de\\\/?s={search_term_string}\"},\"query-input\":{\"@type\":\"PropertyValueSpecification\",\"valueRequired\":true,\"valueName\":\"search_term_string\"}}],\"inLanguage\":\"de\"},{\"@type\":\"Organization\",\"@id\":\"https:\\\/\\\/www.baier-michels.com\\\/de\\\/#organization\",\"name\":\"baier & michels GmbH & Co KG\",\"url\":\"https:\\\/\\\/www.baier-michels.com\\\/de\\\/\",\"logo\":{\"@type\":\"ImageObject\",\"inLanguage\":\"de\",\"@id\":\"https:\\\/\\\/www.baier-michels.com\\\/de\\\/#\\\/schema\\\/logo\\\/image\\\/\",\"url\":\"\",\"contentUrl\":\"\",\"caption\":\"baier & michels GmbH & Co KG\"},\"image\":{\"@id\":\"https:\\\/\\\/www.baier-michels.com\\\/de\\\/#\\\/schema\\\/logo\\\/image\\\/\"},\"sameAs\":[\"https:\\\/\\\/www.linkedin.com\\\/company\\\/baier-michels\\\/?viewAsMember=true\",\"https:\\\/\\\/www.youtube.com\\\/channel\\\/UCdBWm_HCAtCjxiFZWloFYGw?view_as=subscriber\"]}]}<\/script>\n<!-- \/ Yoast SEO plugin. -->","yoast_head_json":{"title":"b&m-RINU\u00ae Hex - b&amp;m Homepage","description":"Blindnietmutter zur Anbringung eines Gewindes in d\u00fcnnwandigen Bauteilen","robots":{"index":"index","follow":"follow","max-snippet":"max-snippet:-1","max-image-preview":"max-image-preview:large","max-video-preview":"max-video-preview:-1"},"canonical":"https:\/\/www.baier-michels.com\/de\/produkte\/blindnietsysteme\/bm-rinu-hex\/","og_locale":"de_DE","og_type":"article","og_title":"b&m-RINU\u00ae Hex - b&amp;m Homepage","og_description":"Blindnietmutter zur Anbringung eines Gewindes in d\u00fcnnwandigen Bauteilen","og_url":"https:\/\/www.baier-michels.com\/de\/produkte\/blindnietsysteme\/bm-rinu-hex\/","og_site_name":"b&amp;m Homepage","article_modified_time":"2025-02-10T13:08:06+00:00","twitter_card":"summary_large_image","twitter_misc":{"Gesch\u00e4tzte Lesezeit":"1\u00a0Minute"},"schema":{"@context":"https:\/\/schema.org","@graph":[{"@type":"WebPage","@id":"https:\/\/www.baier-michels.com\/de\/produkte\/blindnietsysteme\/bm-rinu-hex\/","url":"https:\/\/www.baier-michels.com\/de\/produkte\/blindnietsysteme\/bm-rinu-hex\/","name":"b&m-RINU\u00ae Hex - b&amp;m Homepage","isPartOf":{"@id":"https:\/\/www.baier-michels.com\/de\/#website"},"datePublished":"2020-12-30T23:00:00+00:00","dateModified":"2025-02-10T13:08:06+00:00","description":"Blindnietmutter zur Anbringung eines Gewindes in d\u00fcnnwandigen Bauteilen","breadcrumb":{"@id":"https:\/\/www.baier-michels.com\/de\/produkte\/blindnietsysteme\/bm-rinu-hex\/#breadcrumb"},"inLanguage":"de","potentialAction":[{"@type":"ReadAction","target":["https:\/\/www.baier-michels.com\/de\/produkte\/blindnietsysteme\/bm-rinu-hex\/"]}]},{"@type":"BreadcrumbList","@id":"https:\/\/www.baier-michels.com\/de\/produkte\/blindnietsysteme\/bm-rinu-hex\/#breadcrumb","itemListElement":[{"@type":"ListItem","position":1,"name":"Startseite","item":"https:\/\/www.baier-michels.com\/de\/"},{"@type":"ListItem","position":2,"name":"Produkte","item":"https:\/\/www.baier-michels.com\/de\/produkte\/"},{"@type":"ListItem","position":3,"name":"Blindnietsysteme","item":"https:\/\/www.baier-michels.com\/de\/produkte\/blindnietsysteme\/"},{"@type":"ListItem","position":4,"name":"b&#038;m-RINU\u00ae Hex"}]},{"@type":"WebSite","@id":"https:\/\/www.baier-michels.com\/de\/#website","url":"https:\/\/www.baier-michels.com\/de\/","name":"b&m","description":"baier&amp;michels Gmbh &amp; Co KG","publisher":{"@id":"https:\/\/www.baier-michels.com\/de\/#organization"},"potentialAction":[{"@type":"SearchAction","target":{"@type":"EntryPoint","urlTemplate":"https:\/\/www.baier-michels.com\/de\/?s={search_term_string}"},"query-input":{"@type":"PropertyValueSpecification","valueRequired":true,"valueName":"search_term_string"}}],"inLanguage":"de"},{"@type":"Organization","@id":"https:\/\/www.baier-michels.com\/de\/#organization","name":"baier & michels GmbH & Co KG","url":"https:\/\/www.baier-michels.com\/de\/","logo":{"@type":"ImageObject","inLanguage":"de","@id":"https:\/\/www.baier-michels.com\/de\/#\/schema\/logo\/image\/","url":"","contentUrl":"","caption":"baier & michels GmbH & Co KG"},"image":{"@id":"https:\/\/www.baier-michels.com\/de\/#\/schema\/logo\/image\/"},"sameAs":["https:\/\/www.linkedin.com\/company\/baier-michels\/?viewAsMember=true","https:\/\/www.youtube.com\/channel\/UCdBWm_HCAtCjxiFZWloFYGw?view_as=subscriber"]}]}},"_links":{"self":[{"href":"https:\/\/www.baier-michels.com\/de\/wp-json\/wp\/v2\/pages\/9785","targetHints":{"allow":["GET"]}}],"collection":[{"href":"https:\/\/www.baier-michels.com\/de\/wp-json\/wp\/v2\/pages"}],"about":[{"href":"https:\/\/www.baier-michels.com\/de\/wp-json\/wp\/v2\/types\/page"}],"author":[{"embeddable":true,"href":"https:\/\/www.baier-michels.com\/de\/wp-json\/wp\/v2\/users\/1"}],"replies":[{"embeddable":true,"href":"https:\/\/www.baier-michels.com\/de\/wp-json\/wp\/v2\/comments?post=9785"}],"version-history":[{"count":2,"href":"https:\/\/www.baier-michels.com\/de\/wp-json\/wp\/v2\/pages\/9785\/revisions"}],"predecessor-version":[{"id":15723,"href":"https:\/\/www.baier-michels.com\/de\/wp-json\/wp\/v2\/pages\/9785\/revisions\/15723"}],"up":[{"embeddable":true,"href":"https:\/\/www.baier-michels.com\/de\/wp-json\/wp\/v2\/pages\/9604"}],"wp:attachment":[{"href":"https:\/\/www.baier-michels.com\/de\/wp-json\/wp\/v2\/media?parent=9785"}],"wp:term":[{"taxonomy":"category","embeddable":true,"href":"https:\/\/www.baier-michels.com\/de\/wp-json\/wp\/v2\/categories?post=9785"}],"curies":[{"name":"wp","href":"https:\/\/api.w.org\/{rel}","templated":true}]}}