{"id":9789,"date":"2020-12-31T00:00:00","date_gmt":"2020-12-30T23:00:00","guid":{"rendered":"http:\/\/bm.baier-michels.local\/produkte\/lager-und-daempfer\/bm-vibe\/"},"modified":"2025-02-10T14:03:56","modified_gmt":"2025-02-10T13:03:56","slug":"bm-vibe","status":"publish","type":"page","link":"https:\/\/www.baier-michels.com\/de\/produkte\/lager-und-daempfer\/bm-vibe\/","title":{"rendered":"b&#038;m-VIBE<sup class=\"copyright\">\u00ae<\/sup>"},"content":{"rendered":"<p>Der b&#038;m-VIBE<sup class=\"copyright\">\u00ae<\/sup> ist das perfekte Verbindungselement zur Vermeidung der \u00dcbertragung von auftretenden Schwingungen an angrenzende Bauteile. Mit dem b&#038;m-VIBE<sup class=\"copyright\">\u00ae<\/sup> reagiert b&#038;m auf die unterschiedlichen Herausforderungen des Marktes zur D\u00e4mpfung von Schwingungen und zur Reduzierung von Ger\u00e4uschemissionen.<\/p>\n<p>\u00dcberm\u00e4\u00dfige Ger\u00e4usche und Schwingungen k\u00f6nnen schnell Probleme verursachen. Beide Faktoren k\u00f6nnen sich negativ auf das Produkt auswirken. K\u00fcrzere Produktlebenszeiten, durch mechanisches Versagen, schnellerer Verschlei\u00df oder auch die weniger effiziente Arbeit eines Produktes sind oft die Folgen.<br \/>\nb&#038;m bietet daf\u00fcr eine Vielzahl an Standardl\u00f6sungen \u2013 mit und ohne Innengewinde. Bei speziellen Anforderungen \u00fcberzeugt b&#038;m mit hoher Flexibilit\u00e4t und kurzen Entwicklungszeiten bei Anpassungen auf die spezifischen Kundenanwendungen.<\/p>\n<p>Bei der b&#038;m-VIBE<sup class=\"copyright\">\u00ae<\/sup> Variante mit Gewinde wird ein mit Elastomer umspritzter Gewindeeinsatz verwendet. Im Gegensatz dazu kann der b&#038;m-VIBE<sup class=\"copyright\">\u00ae<\/sup> auch nur mit einer H\u00fclse hergestellt werden. Um die Klemmung zwischen den Bauteilen zu erzeugen, muss in diesem Fall ein Gewinde im Gegenbauteil gegeben sein. Bei beiden Varianten wird durch das Eindrehen einer Schraube das Elastomer zusammengedr\u00fcckt und dadurch eine Wulst ausgebildet, die sich auf das zu befestigende Bauteil legt. Das Ergebnis ist eine sichere und reversible Verbindung mit d\u00e4mpfenden Eigenschaften.<\/p>\n","protected":false},"excerpt":{"rendered":"<p>Der b&#038;m-VIBE\u00ae ist das perfekte Verbindungselement zur Vermeidung der \u00dcbertragung von auftretenden Schwingungen an angrenzende Bauteile. Mit dem b&#038;m-VIBE\u00ae reagiert b&#038;m auf die unterschiedlichen Herausforderungen des Marktes zur D\u00e4mpfung von Schwingungen und zur Reduzierung von Ger\u00e4uschemissionen. \u00dcberm\u00e4\u00dfige Ger\u00e4usche und Schwingungen k\u00f6nnen schnell Probleme verursachen. Beide Faktoren k\u00f6nnen sich negativ auf das Produkt auswirken. K\u00fcrzere Produktlebenszeiten, [&hellip;]<\/p>\n","protected":false},"author":1,"featured_media":0,"parent":9770,"menu_order":1,"comment_status":"closed","ping_status":"closed","template":"template_brands_new.php","meta":{"_acf_changed":false,"footnotes":""},"categories":[],"class_list":["post-9789","page","type-page","status-publish","hentry"],"acf":[],"yoast_head":"<!-- This site is optimized with the Yoast SEO plugin v27.3 - https:\/\/yoast.com\/product\/yoast-seo-wordpress\/ -->\n<title>b&amp;m-VIBE\u00ae - b&amp;m Homepage<\/title>\n<meta name=\"description\" content=\"Entkopplungselement zur Aufnahme und Ableitung von Schwingungen und Ger\u00e4uschen\" \/>\n<meta name=\"robots\" content=\"index, follow, max-snippet:-1, max-image-preview:large, max-video-preview:-1\" \/>\n<link rel=\"canonical\" href=\"https:\/\/www.baier-michels.com\/de\/produkte\/lager-und-daempfer\/bm-vibe\/\" \/>\n<meta property=\"og:locale\" content=\"de_DE\" \/>\n<meta property=\"og:type\" content=\"article\" \/>\n<meta property=\"og:title\" content=\"b&amp;m-VIBE\u00ae - b&amp;m Homepage\" \/>\n<meta property=\"og:description\" content=\"Entkopplungselement zur Aufnahme und Ableitung von Schwingungen und Ger\u00e4uschen\" \/>\n<meta property=\"og:url\" content=\"https:\/\/www.baier-michels.com\/de\/produkte\/lager-und-daempfer\/bm-vibe\/\" \/>\n<meta property=\"og:site_name\" content=\"b&amp;m Homepage\" \/>\n<meta property=\"article:modified_time\" content=\"2025-02-10T13:03:56+00:00\" \/>\n<meta name=\"twitter:card\" content=\"summary_large_image\" \/>\n<meta name=\"twitter:label1\" content=\"Gesch\u00e4tzte Lesezeit\" \/>\n\t<meta name=\"twitter:data1\" content=\"1\u00a0Minute\" \/>\n<script type=\"application\/ld+json\" class=\"yoast-schema-graph\">{\"@context\":\"https:\\\/\\\/schema.org\",\"@graph\":[{\"@type\":\"WebPage\",\"@id\":\"https:\\\/\\\/www.baier-michels.com\\\/de\\\/produkte\\\/lager-und-daempfer\\\/bm-vibe\\\/\",\"url\":\"https:\\\/\\\/www.baier-michels.com\\\/de\\\/produkte\\\/lager-und-daempfer\\\/bm-vibe\\\/\",\"name\":\"b&m-VIBE\u00ae - b&amp;m Homepage\",\"isPartOf\":{\"@id\":\"https:\\\/\\\/www.baier-michels.com\\\/de\\\/#website\"},\"datePublished\":\"2020-12-30T23:00:00+00:00\",\"dateModified\":\"2025-02-10T13:03:56+00:00\",\"description\":\"Entkopplungselement zur Aufnahme und Ableitung von Schwingungen und Ger\u00e4uschen\",\"breadcrumb\":{\"@id\":\"https:\\\/\\\/www.baier-michels.com\\\/de\\\/produkte\\\/lager-und-daempfer\\\/bm-vibe\\\/#breadcrumb\"},\"inLanguage\":\"de\",\"potentialAction\":[{\"@type\":\"ReadAction\",\"target\":[\"https:\\\/\\\/www.baier-michels.com\\\/de\\\/produkte\\\/lager-und-daempfer\\\/bm-vibe\\\/\"]}]},{\"@type\":\"BreadcrumbList\",\"@id\":\"https:\\\/\\\/www.baier-michels.com\\\/de\\\/produkte\\\/lager-und-daempfer\\\/bm-vibe\\\/#breadcrumb\",\"itemListElement\":[{\"@type\":\"ListItem\",\"position\":1,\"name\":\"Startseite\",\"item\":\"https:\\\/\\\/www.baier-michels.com\\\/de\\\/\"},{\"@type\":\"ListItem\",\"position\":2,\"name\":\"Produkte\",\"item\":\"https:\\\/\\\/www.baier-michels.com\\\/de\\\/produkte\\\/\"},{\"@type\":\"ListItem\",\"position\":3,\"name\":\"Lager und D\u00e4mpfer\",\"item\":\"https:\\\/\\\/www.baier-michels.com\\\/de\\\/products\\\/bearings-and-dampers\\\/\"},{\"@type\":\"ListItem\",\"position\":4,\"name\":\"b&#038;m-VIBE\u00ae\"}]},{\"@type\":\"WebSite\",\"@id\":\"https:\\\/\\\/www.baier-michels.com\\\/de\\\/#website\",\"url\":\"https:\\\/\\\/www.baier-michels.com\\\/de\\\/\",\"name\":\"b&m\",\"description\":\"baier&amp;michels Gmbh &amp; Co KG\",\"publisher\":{\"@id\":\"https:\\\/\\\/www.baier-michels.com\\\/de\\\/#organization\"},\"potentialAction\":[{\"@type\":\"SearchAction\",\"target\":{\"@type\":\"EntryPoint\",\"urlTemplate\":\"https:\\\/\\\/www.baier-michels.com\\\/de\\\/?s={search_term_string}\"},\"query-input\":{\"@type\":\"PropertyValueSpecification\",\"valueRequired\":true,\"valueName\":\"search_term_string\"}}],\"inLanguage\":\"de\"},{\"@type\":\"Organization\",\"@id\":\"https:\\\/\\\/www.baier-michels.com\\\/de\\\/#organization\",\"name\":\"baier & michels GmbH & Co KG\",\"url\":\"https:\\\/\\\/www.baier-michels.com\\\/de\\\/\",\"logo\":{\"@type\":\"ImageObject\",\"inLanguage\":\"de\",\"@id\":\"https:\\\/\\\/www.baier-michels.com\\\/de\\\/#\\\/schema\\\/logo\\\/image\\\/\",\"url\":\"\",\"contentUrl\":\"\",\"caption\":\"baier & michels GmbH & Co KG\"},\"image\":{\"@id\":\"https:\\\/\\\/www.baier-michels.com\\\/de\\\/#\\\/schema\\\/logo\\\/image\\\/\"},\"sameAs\":[\"https:\\\/\\\/www.linkedin.com\\\/company\\\/baier-michels\\\/?viewAsMember=true\",\"https:\\\/\\\/www.youtube.com\\\/channel\\\/UCdBWm_HCAtCjxiFZWloFYGw?view_as=subscriber\"]}]}<\/script>\n<!-- \/ Yoast SEO plugin. -->","yoast_head_json":{"title":"b&m-VIBE\u00ae - b&amp;m Homepage","description":"Entkopplungselement zur Aufnahme und Ableitung von Schwingungen und Ger\u00e4uschen","robots":{"index":"index","follow":"follow","max-snippet":"max-snippet:-1","max-image-preview":"max-image-preview:large","max-video-preview":"max-video-preview:-1"},"canonical":"https:\/\/www.baier-michels.com\/de\/produkte\/lager-und-daempfer\/bm-vibe\/","og_locale":"de_DE","og_type":"article","og_title":"b&m-VIBE\u00ae - b&amp;m Homepage","og_description":"Entkopplungselement zur Aufnahme und Ableitung von Schwingungen und Ger\u00e4uschen","og_url":"https:\/\/www.baier-michels.com\/de\/produkte\/lager-und-daempfer\/bm-vibe\/","og_site_name":"b&amp;m Homepage","article_modified_time":"2025-02-10T13:03:56+00:00","twitter_card":"summary_large_image","twitter_misc":{"Gesch\u00e4tzte Lesezeit":"1\u00a0Minute"},"schema":{"@context":"https:\/\/schema.org","@graph":[{"@type":"WebPage","@id":"https:\/\/www.baier-michels.com\/de\/produkte\/lager-und-daempfer\/bm-vibe\/","url":"https:\/\/www.baier-michels.com\/de\/produkte\/lager-und-daempfer\/bm-vibe\/","name":"b&m-VIBE\u00ae - b&amp;m Homepage","isPartOf":{"@id":"https:\/\/www.baier-michels.com\/de\/#website"},"datePublished":"2020-12-30T23:00:00+00:00","dateModified":"2025-02-10T13:03:56+00:00","description":"Entkopplungselement zur Aufnahme und Ableitung von Schwingungen und Ger\u00e4uschen","breadcrumb":{"@id":"https:\/\/www.baier-michels.com\/de\/produkte\/lager-und-daempfer\/bm-vibe\/#breadcrumb"},"inLanguage":"de","potentialAction":[{"@type":"ReadAction","target":["https:\/\/www.baier-michels.com\/de\/produkte\/lager-und-daempfer\/bm-vibe\/"]}]},{"@type":"BreadcrumbList","@id":"https:\/\/www.baier-michels.com\/de\/produkte\/lager-und-daempfer\/bm-vibe\/#breadcrumb","itemListElement":[{"@type":"ListItem","position":1,"name":"Startseite","item":"https:\/\/www.baier-michels.com\/de\/"},{"@type":"ListItem","position":2,"name":"Produkte","item":"https:\/\/www.baier-michels.com\/de\/produkte\/"},{"@type":"ListItem","position":3,"name":"Lager und D\u00e4mpfer","item":"https:\/\/www.baier-michels.com\/de\/products\/bearings-and-dampers\/"},{"@type":"ListItem","position":4,"name":"b&#038;m-VIBE\u00ae"}]},{"@type":"WebSite","@id":"https:\/\/www.baier-michels.com\/de\/#website","url":"https:\/\/www.baier-michels.com\/de\/","name":"b&m","description":"baier&amp;michels Gmbh &amp; Co KG","publisher":{"@id":"https:\/\/www.baier-michels.com\/de\/#organization"},"potentialAction":[{"@type":"SearchAction","target":{"@type":"EntryPoint","urlTemplate":"https:\/\/www.baier-michels.com\/de\/?s={search_term_string}"},"query-input":{"@type":"PropertyValueSpecification","valueRequired":true,"valueName":"search_term_string"}}],"inLanguage":"de"},{"@type":"Organization","@id":"https:\/\/www.baier-michels.com\/de\/#organization","name":"baier & michels GmbH & Co KG","url":"https:\/\/www.baier-michels.com\/de\/","logo":{"@type":"ImageObject","inLanguage":"de","@id":"https:\/\/www.baier-michels.com\/de\/#\/schema\/logo\/image\/","url":"","contentUrl":"","caption":"baier & michels GmbH & Co KG"},"image":{"@id":"https:\/\/www.baier-michels.com\/de\/#\/schema\/logo\/image\/"},"sameAs":["https:\/\/www.linkedin.com\/company\/baier-michels\/?viewAsMember=true","https:\/\/www.youtube.com\/channel\/UCdBWm_HCAtCjxiFZWloFYGw?view_as=subscriber"]}]}},"_links":{"self":[{"href":"https:\/\/www.baier-michels.com\/de\/wp-json\/wp\/v2\/pages\/9789","targetHints":{"allow":["GET"]}}],"collection":[{"href":"https:\/\/www.baier-michels.com\/de\/wp-json\/wp\/v2\/pages"}],"about":[{"href":"https:\/\/www.baier-michels.com\/de\/wp-json\/wp\/v2\/types\/page"}],"author":[{"embeddable":true,"href":"https:\/\/www.baier-michels.com\/de\/wp-json\/wp\/v2\/users\/1"}],"replies":[{"embeddable":true,"href":"https:\/\/www.baier-michels.com\/de\/wp-json\/wp\/v2\/comments?post=9789"}],"version-history":[{"count":5,"href":"https:\/\/www.baier-michels.com\/de\/wp-json\/wp\/v2\/pages\/9789\/revisions"}],"predecessor-version":[{"id":15720,"href":"https:\/\/www.baier-michels.com\/de\/wp-json\/wp\/v2\/pages\/9789\/revisions\/15720"}],"up":[{"embeddable":true,"href":"https:\/\/www.baier-michels.com\/de\/wp-json\/wp\/v2\/pages\/9770"}],"wp:attachment":[{"href":"https:\/\/www.baier-michels.com\/de\/wp-json\/wp\/v2\/media?parent=9789"}],"wp:term":[{"taxonomy":"category","embeddable":true,"href":"https:\/\/www.baier-michels.com\/de\/wp-json\/wp\/v2\/categories?post=9789"}],"curies":[{"name":"wp","href":"https:\/\/api.w.org\/{rel}","templated":true}]}}