{"id":9860,"date":"2021-04-30T00:00:00","date_gmt":"2021-04-29T23:00:00","guid":{"rendered":"http:\/\/bm.baier-michels.local\/branchen\/automobil-und-fahrzeugindustrie\/druckgussbauteile-und-werkzeugbau\/"},"modified":"2024-10-16T08:43:07","modified_gmt":"2024-10-16T07:43:07","slug":"druckgussbauteile-und-werkzeugbau","status":"publish","type":"page","link":"https:\/\/www.baier-michels.com\/de\/branchen\/automobil-und-fahrzeugindustrie\/druckgussbauteile-und-werkzeugbau\/","title":{"rendered":"Druckgussbauteile und Werkzeugbau"},"content":{"rendered":"<p>Aus der Massenfertigung von Fahrzeugen und deren Komponenten sind Druckgussbauteile und der Werkzeugbau nicht mehr wegzudenken. An verschiedensten Stellen kommen hierbei unterschiedlichste Verbindungselemente zu Einsatz. Beispielsweise stellt die Direktverschraubung in Aluminiumdruckguss durch die mechanischen Eigenschaften des Werkstoffs ganz neue Anforderungen an die eingesetzten Schrauben. Des Weiteren sind in vielen Werkzeugen K\u00fchlkan\u00e4le vorhanden, die auch unter hohen Belastungen zuverl\u00e4ssig verschlossen werden m\u00fcssen.<\/p>\n<p>Sie suchen nach einer innovativen Verbindungsl\u00f6sung f\u00fcr Ihre Applikation? Wir haben das passende Verbindungselement f\u00fcr Sie.<\/p>\n","protected":false},"excerpt":{"rendered":"<p>Aus der Massenfertigung von Fahrzeugen und deren Komponenten sind Druckgussbauteile und der Werkzeugbau nicht mehr wegzudenken. An verschiedensten Stellen kommen hierbei unterschiedlichste Verbindungselemente zu Einsatz. Beispielsweise stellt die Direktverschraubung in Aluminiumdruckguss durch die mechanischen Eigenschaften des Werkstoffs ganz neue Anforderungen an die eingesetzten Schrauben. Des Weiteren sind in vielen Werkzeugen K\u00fchlkan\u00e4le vorhanden, die auch unter [&hellip;]<\/p>\n","protected":false},"author":1,"featured_media":0,"parent":9764,"menu_order":2,"comment_status":"closed","ping_status":"closed","template":"template_page_e3.php","meta":{"_acf_changed":false,"footnotes":""},"categories":[120,122,118],"class_list":["post-9860","page","type-page","status-publish","hentry","category-direktverschraubung-in-metalle","category-direktverschraubung-in-unterschiedliche-werkstoffe","category-verschluss-und-dichtsysteme"],"acf":[],"yoast_head":"<!-- This site is optimized with the Yoast SEO plugin v27.4 - https:\/\/yoast.com\/product\/yoast-seo-wordpress\/ -->\n<title>Druckgussbauteile und Werkzeugbau - b&amp;m Homepage<\/title>\n<meta name=\"description\" content=\"Innovative Verbindungstechnik f\u00fcr Druckgussbauteile und Werkzeugbau\" \/>\n<meta name=\"robots\" content=\"index, follow, max-snippet:-1, max-image-preview:large, max-video-preview:-1\" \/>\n<link rel=\"canonical\" href=\"https:\/\/www.baier-michels.com\/de\/branchen\/automobil-und-fahrzeugindustrie\/druckgussbauteile-und-werkzeugbau\/\" \/>\n<meta property=\"og:locale\" content=\"de_DE\" \/>\n<meta property=\"og:type\" content=\"article\" \/>\n<meta property=\"og:title\" content=\"Druckgussbauteile und Werkzeugbau - b&amp;m Homepage\" \/>\n<meta property=\"og:description\" content=\"Innovative Verbindungstechnik f\u00fcr Druckgussbauteile und Werkzeugbau\" \/>\n<meta property=\"og:url\" content=\"https:\/\/www.baier-michels.com\/de\/branchen\/automobil-und-fahrzeugindustrie\/druckgussbauteile-und-werkzeugbau\/\" \/>\n<meta property=\"og:site_name\" content=\"b&amp;m Homepage\" \/>\n<meta property=\"article:modified_time\" content=\"2024-10-16T07:43:07+00:00\" \/>\n<meta name=\"twitter:card\" content=\"summary_large_image\" \/>\n<meta name=\"twitter:label1\" content=\"Gesch\u00e4tzte Lesezeit\" \/>\n\t<meta name=\"twitter:data1\" content=\"1\u00a0Minute\" \/>\n<script type=\"application\/ld+json\" class=\"yoast-schema-graph\">{\"@context\":\"https:\\\/\\\/schema.org\",\"@graph\":[{\"@type\":\"WebPage\",\"@id\":\"https:\\\/\\\/www.baier-michels.com\\\/de\\\/branchen\\\/automobil-und-fahrzeugindustrie\\\/druckgussbauteile-und-werkzeugbau\\\/\",\"url\":\"https:\\\/\\\/www.baier-michels.com\\\/de\\\/branchen\\\/automobil-und-fahrzeugindustrie\\\/druckgussbauteile-und-werkzeugbau\\\/\",\"name\":\"Druckgussbauteile und Werkzeugbau - b&amp;m Homepage\",\"isPartOf\":{\"@id\":\"https:\\\/\\\/www.baier-michels.com\\\/de\\\/#website\"},\"datePublished\":\"2021-04-29T23:00:00+00:00\",\"dateModified\":\"2024-10-16T07:43:07+00:00\",\"description\":\"Innovative Verbindungstechnik f\u00fcr Druckgussbauteile und Werkzeugbau\",\"breadcrumb\":{\"@id\":\"https:\\\/\\\/www.baier-michels.com\\\/de\\\/branchen\\\/automobil-und-fahrzeugindustrie\\\/druckgussbauteile-und-werkzeugbau\\\/#breadcrumb\"},\"inLanguage\":\"de\",\"potentialAction\":[{\"@type\":\"ReadAction\",\"target\":[\"https:\\\/\\\/www.baier-michels.com\\\/de\\\/branchen\\\/automobil-und-fahrzeugindustrie\\\/druckgussbauteile-und-werkzeugbau\\\/\"]}]},{\"@type\":\"BreadcrumbList\",\"@id\":\"https:\\\/\\\/www.baier-michels.com\\\/de\\\/branchen\\\/automobil-und-fahrzeugindustrie\\\/druckgussbauteile-und-werkzeugbau\\\/#breadcrumb\",\"itemListElement\":[{\"@type\":\"ListItem\",\"position\":1,\"name\":\"Startseite\",\"item\":\"https:\\\/\\\/www.baier-michels.com\\\/de\\\/\"},{\"@type\":\"ListItem\",\"position\":2,\"name\":\"Branchen\",\"item\":\"https:\\\/\\\/www.baier-michels.com\\\/de\\\/branchen\\\/\"},{\"@type\":\"ListItem\",\"position\":3,\"name\":\"Automobil- und Fahrzeugindustrie\",\"item\":\"https:\\\/\\\/www.baier-michels.com\\\/de\\\/market-sectors\\\/automotive-and-vehicle-industry\\\/\"},{\"@type\":\"ListItem\",\"position\":4,\"name\":\"Druckgussbauteile und Werkzeugbau\"}]},{\"@type\":\"WebSite\",\"@id\":\"https:\\\/\\\/www.baier-michels.com\\\/de\\\/#website\",\"url\":\"https:\\\/\\\/www.baier-michels.com\\\/de\\\/\",\"name\":\"b&m\",\"description\":\"baier&amp;michels Gmbh &amp; Co KG\",\"publisher\":{\"@id\":\"https:\\\/\\\/www.baier-michels.com\\\/de\\\/#organization\"},\"potentialAction\":[{\"@type\":\"SearchAction\",\"target\":{\"@type\":\"EntryPoint\",\"urlTemplate\":\"https:\\\/\\\/www.baier-michels.com\\\/de\\\/?s={search_term_string}\"},\"query-input\":{\"@type\":\"PropertyValueSpecification\",\"valueRequired\":true,\"valueName\":\"search_term_string\"}}],\"inLanguage\":\"de\"},{\"@type\":\"Organization\",\"@id\":\"https:\\\/\\\/www.baier-michels.com\\\/de\\\/#organization\",\"name\":\"baier & michels GmbH & Co KG\",\"url\":\"https:\\\/\\\/www.baier-michels.com\\\/de\\\/\",\"logo\":{\"@type\":\"ImageObject\",\"inLanguage\":\"de\",\"@id\":\"https:\\\/\\\/www.baier-michels.com\\\/de\\\/#\\\/schema\\\/logo\\\/image\\\/\",\"url\":\"\",\"contentUrl\":\"\",\"caption\":\"baier & michels GmbH & Co KG\"},\"image\":{\"@id\":\"https:\\\/\\\/www.baier-michels.com\\\/de\\\/#\\\/schema\\\/logo\\\/image\\\/\"},\"sameAs\":[\"https:\\\/\\\/www.linkedin.com\\\/company\\\/baier-michels\\\/?viewAsMember=true\",\"https:\\\/\\\/www.youtube.com\\\/channel\\\/UCdBWm_HCAtCjxiFZWloFYGw?view_as=subscriber\"]}]}<\/script>\n<!-- \/ Yoast SEO plugin. -->","yoast_head_json":{"title":"Druckgussbauteile und Werkzeugbau - b&amp;m Homepage","description":"Innovative Verbindungstechnik f\u00fcr Druckgussbauteile und Werkzeugbau","robots":{"index":"index","follow":"follow","max-snippet":"max-snippet:-1","max-image-preview":"max-image-preview:large","max-video-preview":"max-video-preview:-1"},"canonical":"https:\/\/www.baier-michels.com\/de\/branchen\/automobil-und-fahrzeugindustrie\/druckgussbauteile-und-werkzeugbau\/","og_locale":"de_DE","og_type":"article","og_title":"Druckgussbauteile und Werkzeugbau - b&amp;m Homepage","og_description":"Innovative Verbindungstechnik f\u00fcr Druckgussbauteile und Werkzeugbau","og_url":"https:\/\/www.baier-michels.com\/de\/branchen\/automobil-und-fahrzeugindustrie\/druckgussbauteile-und-werkzeugbau\/","og_site_name":"b&amp;m Homepage","article_modified_time":"2024-10-16T07:43:07+00:00","twitter_card":"summary_large_image","twitter_misc":{"Gesch\u00e4tzte Lesezeit":"1\u00a0Minute"},"schema":{"@context":"https:\/\/schema.org","@graph":[{"@type":"WebPage","@id":"https:\/\/www.baier-michels.com\/de\/branchen\/automobil-und-fahrzeugindustrie\/druckgussbauteile-und-werkzeugbau\/","url":"https:\/\/www.baier-michels.com\/de\/branchen\/automobil-und-fahrzeugindustrie\/druckgussbauteile-und-werkzeugbau\/","name":"Druckgussbauteile und Werkzeugbau - b&amp;m Homepage","isPartOf":{"@id":"https:\/\/www.baier-michels.com\/de\/#website"},"datePublished":"2021-04-29T23:00:00+00:00","dateModified":"2024-10-16T07:43:07+00:00","description":"Innovative Verbindungstechnik f\u00fcr Druckgussbauteile und Werkzeugbau","breadcrumb":{"@id":"https:\/\/www.baier-michels.com\/de\/branchen\/automobil-und-fahrzeugindustrie\/druckgussbauteile-und-werkzeugbau\/#breadcrumb"},"inLanguage":"de","potentialAction":[{"@type":"ReadAction","target":["https:\/\/www.baier-michels.com\/de\/branchen\/automobil-und-fahrzeugindustrie\/druckgussbauteile-und-werkzeugbau\/"]}]},{"@type":"BreadcrumbList","@id":"https:\/\/www.baier-michels.com\/de\/branchen\/automobil-und-fahrzeugindustrie\/druckgussbauteile-und-werkzeugbau\/#breadcrumb","itemListElement":[{"@type":"ListItem","position":1,"name":"Startseite","item":"https:\/\/www.baier-michels.com\/de\/"},{"@type":"ListItem","position":2,"name":"Branchen","item":"https:\/\/www.baier-michels.com\/de\/branchen\/"},{"@type":"ListItem","position":3,"name":"Automobil- und Fahrzeugindustrie","item":"https:\/\/www.baier-michels.com\/de\/market-sectors\/automotive-and-vehicle-industry\/"},{"@type":"ListItem","position":4,"name":"Druckgussbauteile und Werkzeugbau"}]},{"@type":"WebSite","@id":"https:\/\/www.baier-michels.com\/de\/#website","url":"https:\/\/www.baier-michels.com\/de\/","name":"b&m","description":"baier&amp;michels Gmbh &amp; Co KG","publisher":{"@id":"https:\/\/www.baier-michels.com\/de\/#organization"},"potentialAction":[{"@type":"SearchAction","target":{"@type":"EntryPoint","urlTemplate":"https:\/\/www.baier-michels.com\/de\/?s={search_term_string}"},"query-input":{"@type":"PropertyValueSpecification","valueRequired":true,"valueName":"search_term_string"}}],"inLanguage":"de"},{"@type":"Organization","@id":"https:\/\/www.baier-michels.com\/de\/#organization","name":"baier & michels GmbH & Co KG","url":"https:\/\/www.baier-michels.com\/de\/","logo":{"@type":"ImageObject","inLanguage":"de","@id":"https:\/\/www.baier-michels.com\/de\/#\/schema\/logo\/image\/","url":"","contentUrl":"","caption":"baier & michels GmbH & Co KG"},"image":{"@id":"https:\/\/www.baier-michels.com\/de\/#\/schema\/logo\/image\/"},"sameAs":["https:\/\/www.linkedin.com\/company\/baier-michels\/?viewAsMember=true","https:\/\/www.youtube.com\/channel\/UCdBWm_HCAtCjxiFZWloFYGw?view_as=subscriber"]}]}},"_links":{"self":[{"href":"https:\/\/www.baier-michels.com\/de\/wp-json\/wp\/v2\/pages\/9860","targetHints":{"allow":["GET"]}}],"collection":[{"href":"https:\/\/www.baier-michels.com\/de\/wp-json\/wp\/v2\/pages"}],"about":[{"href":"https:\/\/www.baier-michels.com\/de\/wp-json\/wp\/v2\/types\/page"}],"author":[{"embeddable":true,"href":"https:\/\/www.baier-michels.com\/de\/wp-json\/wp\/v2\/users\/1"}],"replies":[{"embeddable":true,"href":"https:\/\/www.baier-michels.com\/de\/wp-json\/wp\/v2\/comments?post=9860"}],"version-history":[{"count":0,"href":"https:\/\/www.baier-michels.com\/de\/wp-json\/wp\/v2\/pages\/9860\/revisions"}],"up":[{"embeddable":true,"href":"https:\/\/www.baier-michels.com\/de\/wp-json\/wp\/v2\/pages\/9764"}],"wp:attachment":[{"href":"https:\/\/www.baier-michels.com\/de\/wp-json\/wp\/v2\/media?parent=9860"}],"wp:term":[{"taxonomy":"category","embeddable":true,"href":"https:\/\/www.baier-michels.com\/de\/wp-json\/wp\/v2\/categories?post=9860"}],"curies":[{"name":"wp","href":"https:\/\/api.w.org\/{rel}","templated":true}]}}