{"id":9878,"date":"2021-04-30T00:00:00","date_gmt":"2021-04-29T23:00:00","guid":{"rendered":"http:\/\/bm.baier-michels.local\/branchen\/erneuerbare-energien\/antriebstechnologien\/"},"modified":"2024-10-16T08:43:09","modified_gmt":"2024-10-16T07:43:09","slug":"antriebstechnologien","status":"publish","type":"page","link":"https:\/\/www.baier-michels.com\/de\/branchen\/erneuerbare-energien\/antriebstechnologien\/","title":{"rendered":"Antriebstechnologien"},"content":{"rendered":"<p>Zum Betrieb von Windkraft- und Solaranlagen werden eine Vielzahl von Pumpen und Motoren eingesetzt, was hohe Anspr\u00fcche an die verwendeten Verbindungsteile stellt. Vor allem die Themen Langlebigkeit, Hitzebest\u00e4ndigkeit und technische Sauberkeit spielen hier eine gro\u00dfe Rolle. <\/p>\n<p>Sie suchen nach einer innovativen Verbindungsl\u00f6sung f\u00fcr Ihre Applikation? Wir haben das passende Verbindungselement f\u00fcr Sie.<\/p>\n","protected":false},"excerpt":{"rendered":"<p>Zum Betrieb von Windkraft- und Solaranlagen werden eine Vielzahl von Pumpen und Motoren eingesetzt, was hohe Anspr\u00fcche an die verwendeten Verbindungsteile stellt. Vor allem die Themen Langlebigkeit, Hitzebest\u00e4ndigkeit und technische Sauberkeit spielen hier eine gro\u00dfe Rolle. Sie suchen nach einer innovativen Verbindungsl\u00f6sung f\u00fcr Ihre Applikation? Wir haben das passende Verbindungselement f\u00fcr Sie.<\/p>\n","protected":false},"author":1,"featured_media":0,"parent":9771,"menu_order":1,"comment_status":"closed","ping_status":"closed","template":"template_page_e3.php","meta":{"_acf_changed":false,"footnotes":""},"categories":[121,120,122,118],"class_list":["post-9878","page","type-page","status-publish","hentry","category-direktverschraubung-in-kunststoffe","category-direktverschraubung-in-metalle","category-direktverschraubung-in-unterschiedliche-werkstoffe","category-verschluss-und-dichtsysteme"],"acf":[],"yoast_head":"<!-- This site is optimized with the Yoast SEO plugin v27.4 - https:\/\/yoast.com\/product\/yoast-seo-wordpress\/ -->\n<title>Antriebstechnologien - b&amp;m Homepage<\/title>\n<meta name=\"description\" content=\"Innovative Verbindungsl\u00f6sungen f\u00fcr Antriebstechnologien\" \/>\n<meta name=\"robots\" content=\"index, follow, max-snippet:-1, max-image-preview:large, max-video-preview:-1\" \/>\n<link rel=\"canonical\" href=\"https:\/\/www.baier-michels.com\/de\/branchen\/erneuerbare-energien\/antriebstechnologien\/\" \/>\n<meta property=\"og:locale\" content=\"de_DE\" \/>\n<meta property=\"og:type\" content=\"article\" \/>\n<meta property=\"og:title\" content=\"Antriebstechnologien - b&amp;m Homepage\" \/>\n<meta property=\"og:description\" content=\"Innovative Verbindungsl\u00f6sungen f\u00fcr Antriebstechnologien\" \/>\n<meta property=\"og:url\" content=\"https:\/\/www.baier-michels.com\/de\/branchen\/erneuerbare-energien\/antriebstechnologien\/\" \/>\n<meta property=\"og:site_name\" content=\"b&amp;m Homepage\" \/>\n<meta property=\"article:modified_time\" content=\"2024-10-16T07:43:09+00:00\" \/>\n<meta name=\"twitter:card\" content=\"summary_large_image\" \/>\n<script type=\"application\/ld+json\" class=\"yoast-schema-graph\">{\"@context\":\"https:\\\/\\\/schema.org\",\"@graph\":[{\"@type\":\"WebPage\",\"@id\":\"https:\\\/\\\/www.baier-michels.com\\\/de\\\/branchen\\\/erneuerbare-energien\\\/antriebstechnologien\\\/\",\"url\":\"https:\\\/\\\/www.baier-michels.com\\\/de\\\/branchen\\\/erneuerbare-energien\\\/antriebstechnologien\\\/\",\"name\":\"Antriebstechnologien - b&amp;m Homepage\",\"isPartOf\":{\"@id\":\"https:\\\/\\\/www.baier-michels.com\\\/de\\\/#website\"},\"datePublished\":\"2021-04-29T23:00:00+00:00\",\"dateModified\":\"2024-10-16T07:43:09+00:00\",\"description\":\"Innovative Verbindungsl\u00f6sungen f\u00fcr Antriebstechnologien\",\"breadcrumb\":{\"@id\":\"https:\\\/\\\/www.baier-michels.com\\\/de\\\/branchen\\\/erneuerbare-energien\\\/antriebstechnologien\\\/#breadcrumb\"},\"inLanguage\":\"de\",\"potentialAction\":[{\"@type\":\"ReadAction\",\"target\":[\"https:\\\/\\\/www.baier-michels.com\\\/de\\\/branchen\\\/erneuerbare-energien\\\/antriebstechnologien\\\/\"]}]},{\"@type\":\"BreadcrumbList\",\"@id\":\"https:\\\/\\\/www.baier-michels.com\\\/de\\\/branchen\\\/erneuerbare-energien\\\/antriebstechnologien\\\/#breadcrumb\",\"itemListElement\":[{\"@type\":\"ListItem\",\"position\":1,\"name\":\"Startseite\",\"item\":\"https:\\\/\\\/www.baier-michels.com\\\/de\\\/\"},{\"@type\":\"ListItem\",\"position\":2,\"name\":\"Branchen\",\"item\":\"https:\\\/\\\/www.baier-michels.com\\\/de\\\/branchen\\\/\"},{\"@type\":\"ListItem\",\"position\":3,\"name\":\"Erneuerbare Energien\",\"item\":\"https:\\\/\\\/www.baier-michels.com\\\/de\\\/market-sectors\\\/renewable-energies\\\/\"},{\"@type\":\"ListItem\",\"position\":4,\"name\":\"Antriebstechnologien\"}]},{\"@type\":\"WebSite\",\"@id\":\"https:\\\/\\\/www.baier-michels.com\\\/de\\\/#website\",\"url\":\"https:\\\/\\\/www.baier-michels.com\\\/de\\\/\",\"name\":\"b&m\",\"description\":\"baier&amp;michels Gmbh &amp; Co KG\",\"publisher\":{\"@id\":\"https:\\\/\\\/www.baier-michels.com\\\/de\\\/#organization\"},\"potentialAction\":[{\"@type\":\"SearchAction\",\"target\":{\"@type\":\"EntryPoint\",\"urlTemplate\":\"https:\\\/\\\/www.baier-michels.com\\\/de\\\/?s={search_term_string}\"},\"query-input\":{\"@type\":\"PropertyValueSpecification\",\"valueRequired\":true,\"valueName\":\"search_term_string\"}}],\"inLanguage\":\"de\"},{\"@type\":\"Organization\",\"@id\":\"https:\\\/\\\/www.baier-michels.com\\\/de\\\/#organization\",\"name\":\"baier & michels GmbH & Co KG\",\"url\":\"https:\\\/\\\/www.baier-michels.com\\\/de\\\/\",\"logo\":{\"@type\":\"ImageObject\",\"inLanguage\":\"de\",\"@id\":\"https:\\\/\\\/www.baier-michels.com\\\/de\\\/#\\\/schema\\\/logo\\\/image\\\/\",\"url\":\"\",\"contentUrl\":\"\",\"caption\":\"baier & michels GmbH & Co KG\"},\"image\":{\"@id\":\"https:\\\/\\\/www.baier-michels.com\\\/de\\\/#\\\/schema\\\/logo\\\/image\\\/\"},\"sameAs\":[\"https:\\\/\\\/www.linkedin.com\\\/company\\\/baier-michels\\\/?viewAsMember=true\",\"https:\\\/\\\/www.youtube.com\\\/channel\\\/UCdBWm_HCAtCjxiFZWloFYGw?view_as=subscriber\"]}]}<\/script>\n<!-- \/ Yoast SEO plugin. -->","yoast_head_json":{"title":"Antriebstechnologien - b&amp;m Homepage","description":"Innovative Verbindungsl\u00f6sungen f\u00fcr Antriebstechnologien","robots":{"index":"index","follow":"follow","max-snippet":"max-snippet:-1","max-image-preview":"max-image-preview:large","max-video-preview":"max-video-preview:-1"},"canonical":"https:\/\/www.baier-michels.com\/de\/branchen\/erneuerbare-energien\/antriebstechnologien\/","og_locale":"de_DE","og_type":"article","og_title":"Antriebstechnologien - b&amp;m Homepage","og_description":"Innovative Verbindungsl\u00f6sungen f\u00fcr Antriebstechnologien","og_url":"https:\/\/www.baier-michels.com\/de\/branchen\/erneuerbare-energien\/antriebstechnologien\/","og_site_name":"b&amp;m Homepage","article_modified_time":"2024-10-16T07:43:09+00:00","twitter_card":"summary_large_image","schema":{"@context":"https:\/\/schema.org","@graph":[{"@type":"WebPage","@id":"https:\/\/www.baier-michels.com\/de\/branchen\/erneuerbare-energien\/antriebstechnologien\/","url":"https:\/\/www.baier-michels.com\/de\/branchen\/erneuerbare-energien\/antriebstechnologien\/","name":"Antriebstechnologien - b&amp;m Homepage","isPartOf":{"@id":"https:\/\/www.baier-michels.com\/de\/#website"},"datePublished":"2021-04-29T23:00:00+00:00","dateModified":"2024-10-16T07:43:09+00:00","description":"Innovative Verbindungsl\u00f6sungen f\u00fcr Antriebstechnologien","breadcrumb":{"@id":"https:\/\/www.baier-michels.com\/de\/branchen\/erneuerbare-energien\/antriebstechnologien\/#breadcrumb"},"inLanguage":"de","potentialAction":[{"@type":"ReadAction","target":["https:\/\/www.baier-michels.com\/de\/branchen\/erneuerbare-energien\/antriebstechnologien\/"]}]},{"@type":"BreadcrumbList","@id":"https:\/\/www.baier-michels.com\/de\/branchen\/erneuerbare-energien\/antriebstechnologien\/#breadcrumb","itemListElement":[{"@type":"ListItem","position":1,"name":"Startseite","item":"https:\/\/www.baier-michels.com\/de\/"},{"@type":"ListItem","position":2,"name":"Branchen","item":"https:\/\/www.baier-michels.com\/de\/branchen\/"},{"@type":"ListItem","position":3,"name":"Erneuerbare Energien","item":"https:\/\/www.baier-michels.com\/de\/market-sectors\/renewable-energies\/"},{"@type":"ListItem","position":4,"name":"Antriebstechnologien"}]},{"@type":"WebSite","@id":"https:\/\/www.baier-michels.com\/de\/#website","url":"https:\/\/www.baier-michels.com\/de\/","name":"b&m","description":"baier&amp;michels Gmbh &amp; Co KG","publisher":{"@id":"https:\/\/www.baier-michels.com\/de\/#organization"},"potentialAction":[{"@type":"SearchAction","target":{"@type":"EntryPoint","urlTemplate":"https:\/\/www.baier-michels.com\/de\/?s={search_term_string}"},"query-input":{"@type":"PropertyValueSpecification","valueRequired":true,"valueName":"search_term_string"}}],"inLanguage":"de"},{"@type":"Organization","@id":"https:\/\/www.baier-michels.com\/de\/#organization","name":"baier & michels GmbH & Co KG","url":"https:\/\/www.baier-michels.com\/de\/","logo":{"@type":"ImageObject","inLanguage":"de","@id":"https:\/\/www.baier-michels.com\/de\/#\/schema\/logo\/image\/","url":"","contentUrl":"","caption":"baier & michels GmbH & Co KG"},"image":{"@id":"https:\/\/www.baier-michels.com\/de\/#\/schema\/logo\/image\/"},"sameAs":["https:\/\/www.linkedin.com\/company\/baier-michels\/?viewAsMember=true","https:\/\/www.youtube.com\/channel\/UCdBWm_HCAtCjxiFZWloFYGw?view_as=subscriber"]}]}},"_links":{"self":[{"href":"https:\/\/www.baier-michels.com\/de\/wp-json\/wp\/v2\/pages\/9878","targetHints":{"allow":["GET"]}}],"collection":[{"href":"https:\/\/www.baier-michels.com\/de\/wp-json\/wp\/v2\/pages"}],"about":[{"href":"https:\/\/www.baier-michels.com\/de\/wp-json\/wp\/v2\/types\/page"}],"author":[{"embeddable":true,"href":"https:\/\/www.baier-michels.com\/de\/wp-json\/wp\/v2\/users\/1"}],"replies":[{"embeddable":true,"href":"https:\/\/www.baier-michels.com\/de\/wp-json\/wp\/v2\/comments?post=9878"}],"version-history":[{"count":0,"href":"https:\/\/www.baier-michels.com\/de\/wp-json\/wp\/v2\/pages\/9878\/revisions"}],"up":[{"embeddable":true,"href":"https:\/\/www.baier-michels.com\/de\/wp-json\/wp\/v2\/pages\/9771"}],"wp:attachment":[{"href":"https:\/\/www.baier-michels.com\/de\/wp-json\/wp\/v2\/media?parent=9878"}],"wp:term":[{"taxonomy":"category","embeddable":true,"href":"https:\/\/www.baier-michels.com\/de\/wp-json\/wp\/v2\/categories?post=9878"}],"curies":[{"name":"wp","href":"https:\/\/api.w.org\/{rel}","templated":true}]}}