{"id":10337,"date":"2023-07-25T00:00:00","date_gmt":"2023-07-24T23:00:00","guid":{"rendered":"http:\/\/bm.baier-michels.local\/productos\/verschluss-und-dichtsysteme\/"},"modified":"2024-12-16T13:49:06","modified_gmt":"2024-12-16T12:49:06","slug":"verschluss-und-dichtsysteme","status":"publish","type":"page","link":"https:\/\/www.baier-michels.com\/es\/productos\/verschluss-und-dichtsysteme\/","title":{"rendered":"Sistema de cierre y sellado"},"content":{"rendered":"<p>Generalmente, para cerrar los orificios se utilizan tapones roscados (con o sin junta bajo la cabeza) o elementos de expansi\u00f3n. A diferencia de los tapones roscados, los elementos de expansi\u00f3n no se pueden desmontar de forma no destructiva. Adem\u00e1s, aunque dichos elementos de cierre permiten cerrar los orificios, estos requieren una preparaci\u00f3n compleja. Por ejemplo, cuando se utilizan tapones roscados, se requiere mucho tiempo y esfuerzo para el taladrado, avellanado, corte de rosca y fresado de la superficie de contacto de la cabeza del tap\u00f3n, as\u00ed como para la limpieza de la rosca.<\/p>\n","protected":false},"excerpt":{"rendered":"<p>Generalmente, para cerrar los orificios se utilizan tapones roscados (con o sin junta bajo la cabeza) o elementos de expansi\u00f3n. A diferencia de los tapones roscados, los elementos de expansi\u00f3n no se pueden desmontar de forma no destructiva. Adem\u00e1s, aunque dichos elementos de cierre permiten cerrar los orificios, estos requieren una preparaci\u00f3n compleja. Por ejemplo, [&hellip;]<\/p>\n","protected":false},"author":1,"featured_media":0,"parent":10328,"menu_order":2,"comment_status":"closed","ping_status":"closed","template":"template_page_e2.php","meta":{"_acf_changed":false,"footnotes":""},"categories":[],"class_list":["post-10337","page","type-page","status-publish","hentry"],"acf":[],"yoast_head":"<!-- This site is optimized with the Yoast SEO plugin v27.4 - https:\/\/yoast.com\/product\/yoast-seo-wordpress\/ -->\n<title>Sistema de cierre y sellado - b&amp;m Homepage<\/title>\n<meta name=\"description\" content=\"b&amp;m-KL PLUG\u00ae, das Verschluss- und Dichtsystem f\u00fcr innendruckbeanspruchte Bohrungen...\" \/>\n<meta name=\"robots\" content=\"index, follow, max-snippet:-1, max-image-preview:large, max-video-preview:-1\" \/>\n<link rel=\"canonical\" href=\"https:\/\/www.baier-michels.com\/es\/productos\/verschluss-und-dichtsysteme\/\" \/>\n<meta property=\"og:locale\" content=\"es_ES\" \/>\n<meta property=\"og:type\" content=\"article\" \/>\n<meta property=\"og:title\" content=\"Sistema de cierre y sellado - b&amp;m Homepage\" \/>\n<meta property=\"og:description\" content=\"b&amp;m-KL PLUG\u00ae, das Verschluss- und Dichtsystem f\u00fcr innendruckbeanspruchte Bohrungen...\" \/>\n<meta property=\"og:url\" content=\"https:\/\/www.baier-michels.com\/es\/productos\/verschluss-und-dichtsysteme\/\" \/>\n<meta property=\"og:site_name\" content=\"b&amp;m Homepage\" \/>\n<meta property=\"article:modified_time\" content=\"2024-12-16T12:49:06+00:00\" \/>\n<meta name=\"twitter:card\" content=\"summary_large_image\" \/>\n<meta name=\"twitter:label1\" content=\"Tiempo de lectura\" \/>\n\t<meta name=\"twitter:data1\" content=\"1 minuto\" \/>\n<script type=\"application\/ld+json\" class=\"yoast-schema-graph\">{\"@context\":\"https:\\\/\\\/schema.org\",\"@graph\":[{\"@type\":\"WebPage\",\"@id\":\"https:\\\/\\\/www.baier-michels.com\\\/es\\\/productos\\\/verschluss-und-dichtsysteme\\\/\",\"url\":\"https:\\\/\\\/www.baier-michels.com\\\/es\\\/productos\\\/verschluss-und-dichtsysteme\\\/\",\"name\":\"Sistema de cierre y sellado - b&amp;m Homepage\",\"isPartOf\":{\"@id\":\"https:\\\/\\\/www.baier-michels.com\\\/es\\\/#website\"},\"datePublished\":\"2023-07-24T23:00:00+00:00\",\"dateModified\":\"2024-12-16T12:49:06+00:00\",\"description\":\"b&m-KL PLUG\u00ae, das Verschluss- und Dichtsystem f\u00fcr innendruckbeanspruchte Bohrungen...\",\"breadcrumb\":{\"@id\":\"https:\\\/\\\/www.baier-michels.com\\\/es\\\/productos\\\/verschluss-und-dichtsysteme\\\/#breadcrumb\"},\"inLanguage\":\"es\",\"potentialAction\":[{\"@type\":\"ReadAction\",\"target\":[\"https:\\\/\\\/www.baier-michels.com\\\/es\\\/productos\\\/verschluss-und-dichtsysteme\\\/\"]}]},{\"@type\":\"BreadcrumbList\",\"@id\":\"https:\\\/\\\/www.baier-michels.com\\\/es\\\/productos\\\/verschluss-und-dichtsysteme\\\/#breadcrumb\",\"itemListElement\":[{\"@type\":\"ListItem\",\"position\":1,\"name\":\"Startseite\",\"item\":\"https:\\\/\\\/www.baier-michels.com\\\/es\\\/\"},{\"@type\":\"ListItem\",\"position\":2,\"name\":\"Productos\",\"item\":\"https:\\\/\\\/www.baier-michels.com\\\/es\\\/productos\\\/\"},{\"@type\":\"ListItem\",\"position\":3,\"name\":\"Sistema de cierre y sellado\"}]},{\"@type\":\"WebSite\",\"@id\":\"https:\\\/\\\/www.baier-michels.com\\\/es\\\/#website\",\"url\":\"https:\\\/\\\/www.baier-michels.com\\\/es\\\/\",\"name\":\"b&m\",\"description\":\"baier&amp;michels Gmbh &amp; Co KG\",\"publisher\":{\"@id\":\"https:\\\/\\\/www.baier-michels.com\\\/es\\\/#organization\"},\"potentialAction\":[{\"@type\":\"SearchAction\",\"target\":{\"@type\":\"EntryPoint\",\"urlTemplate\":\"https:\\\/\\\/www.baier-michels.com\\\/es\\\/?s={search_term_string}\"},\"query-input\":{\"@type\":\"PropertyValueSpecification\",\"valueRequired\":true,\"valueName\":\"search_term_string\"}}],\"inLanguage\":\"es\"},{\"@type\":\"Organization\",\"@id\":\"https:\\\/\\\/www.baier-michels.com\\\/es\\\/#organization\",\"name\":\"baier & michels GmbH & Co KG\",\"url\":\"https:\\\/\\\/www.baier-michels.com\\\/es\\\/\",\"logo\":{\"@type\":\"ImageObject\",\"inLanguage\":\"es\",\"@id\":\"https:\\\/\\\/www.baier-michels.com\\\/es\\\/#\\\/schema\\\/logo\\\/image\\\/\",\"url\":\"\",\"contentUrl\":\"\",\"caption\":\"baier & michels GmbH & Co KG\"},\"image\":{\"@id\":\"https:\\\/\\\/www.baier-michels.com\\\/es\\\/#\\\/schema\\\/logo\\\/image\\\/\"},\"sameAs\":[\"https:\\\/\\\/www.linkedin.com\\\/company\\\/baier-michels\\\/?viewAsMember=true\",\"https:\\\/\\\/www.youtube.com\\\/channel\\\/UCdBWm_HCAtCjxiFZWloFYGw?view_as=subscriber\"]}]}<\/script>\n<!-- \/ Yoast SEO plugin. -->","yoast_head_json":{"title":"Sistema de cierre y sellado - b&amp;m Homepage","description":"b&m-KL PLUG\u00ae, das Verschluss- und Dichtsystem f\u00fcr innendruckbeanspruchte Bohrungen...","robots":{"index":"index","follow":"follow","max-snippet":"max-snippet:-1","max-image-preview":"max-image-preview:large","max-video-preview":"max-video-preview:-1"},"canonical":"https:\/\/www.baier-michels.com\/es\/productos\/verschluss-und-dichtsysteme\/","og_locale":"es_ES","og_type":"article","og_title":"Sistema de cierre y sellado - b&amp;m Homepage","og_description":"b&m-KL PLUG\u00ae, das Verschluss- und Dichtsystem f\u00fcr innendruckbeanspruchte Bohrungen...","og_url":"https:\/\/www.baier-michels.com\/es\/productos\/verschluss-und-dichtsysteme\/","og_site_name":"b&amp;m Homepage","article_modified_time":"2024-12-16T12:49:06+00:00","twitter_card":"summary_large_image","twitter_misc":{"Tiempo de lectura":"1 minuto"},"schema":{"@context":"https:\/\/schema.org","@graph":[{"@type":"WebPage","@id":"https:\/\/www.baier-michels.com\/es\/productos\/verschluss-und-dichtsysteme\/","url":"https:\/\/www.baier-michels.com\/es\/productos\/verschluss-und-dichtsysteme\/","name":"Sistema de cierre y sellado - b&amp;m Homepage","isPartOf":{"@id":"https:\/\/www.baier-michels.com\/es\/#website"},"datePublished":"2023-07-24T23:00:00+00:00","dateModified":"2024-12-16T12:49:06+00:00","description":"b&m-KL PLUG\u00ae, das Verschluss- und Dichtsystem f\u00fcr innendruckbeanspruchte Bohrungen...","breadcrumb":{"@id":"https:\/\/www.baier-michels.com\/es\/productos\/verschluss-und-dichtsysteme\/#breadcrumb"},"inLanguage":"es","potentialAction":[{"@type":"ReadAction","target":["https:\/\/www.baier-michels.com\/es\/productos\/verschluss-und-dichtsysteme\/"]}]},{"@type":"BreadcrumbList","@id":"https:\/\/www.baier-michels.com\/es\/productos\/verschluss-und-dichtsysteme\/#breadcrumb","itemListElement":[{"@type":"ListItem","position":1,"name":"Startseite","item":"https:\/\/www.baier-michels.com\/es\/"},{"@type":"ListItem","position":2,"name":"Productos","item":"https:\/\/www.baier-michels.com\/es\/productos\/"},{"@type":"ListItem","position":3,"name":"Sistema de cierre y sellado"}]},{"@type":"WebSite","@id":"https:\/\/www.baier-michels.com\/es\/#website","url":"https:\/\/www.baier-michels.com\/es\/","name":"b&m","description":"baier&amp;michels Gmbh &amp; Co KG","publisher":{"@id":"https:\/\/www.baier-michels.com\/es\/#organization"},"potentialAction":[{"@type":"SearchAction","target":{"@type":"EntryPoint","urlTemplate":"https:\/\/www.baier-michels.com\/es\/?s={search_term_string}"},"query-input":{"@type":"PropertyValueSpecification","valueRequired":true,"valueName":"search_term_string"}}],"inLanguage":"es"},{"@type":"Organization","@id":"https:\/\/www.baier-michels.com\/es\/#organization","name":"baier & michels GmbH & Co KG","url":"https:\/\/www.baier-michels.com\/es\/","logo":{"@type":"ImageObject","inLanguage":"es","@id":"https:\/\/www.baier-michels.com\/es\/#\/schema\/logo\/image\/","url":"","contentUrl":"","caption":"baier & michels GmbH & Co KG"},"image":{"@id":"https:\/\/www.baier-michels.com\/es\/#\/schema\/logo\/image\/"},"sameAs":["https:\/\/www.linkedin.com\/company\/baier-michels\/?viewAsMember=true","https:\/\/www.youtube.com\/channel\/UCdBWm_HCAtCjxiFZWloFYGw?view_as=subscriber"]}]}},"_links":{"self":[{"href":"https:\/\/www.baier-michels.com\/es\/wp-json\/wp\/v2\/pages\/10337","targetHints":{"allow":["GET"]}}],"collection":[{"href":"https:\/\/www.baier-michels.com\/es\/wp-json\/wp\/v2\/pages"}],"about":[{"href":"https:\/\/www.baier-michels.com\/es\/wp-json\/wp\/v2\/types\/page"}],"author":[{"embeddable":true,"href":"https:\/\/www.baier-michels.com\/es\/wp-json\/wp\/v2\/users\/1"}],"replies":[{"embeddable":true,"href":"https:\/\/www.baier-michels.com\/es\/wp-json\/wp\/v2\/comments?post=10337"}],"version-history":[{"count":1,"href":"https:\/\/www.baier-michels.com\/es\/wp-json\/wp\/v2\/pages\/10337\/revisions"}],"predecessor-version":[{"id":15367,"href":"https:\/\/www.baier-michels.com\/es\/wp-json\/wp\/v2\/pages\/10337\/revisions\/15367"}],"up":[{"embeddable":true,"href":"https:\/\/www.baier-michels.com\/es\/wp-json\/wp\/v2\/pages\/10328"}],"wp:attachment":[{"href":"https:\/\/www.baier-michels.com\/es\/wp-json\/wp\/v2\/media?parent=10337"}],"wp:term":[{"taxonomy":"category","embeddable":true,"href":"https:\/\/www.baier-michels.com\/es\/wp-json\/wp\/v2\/categories?post=10337"}],"curies":[{"name":"wp","href":"https:\/\/api.w.org\/{rel}","templated":true}]}}