{"id":10338,"date":"2023-07-25T00:00:00","date_gmt":"2023-07-24T23:00:00","guid":{"rendered":"http:\/\/bm.baier-michels.local\/productos\/gewindeeinsaetze-und-bolzen\/"},"modified":"2024-07-19T09:40:47","modified_gmt":"2024-07-19T08:40:47","slug":"gewindeeinsaetze-und-bolzen","status":"publish","type":"page","link":"https:\/\/www.baier-michels.com\/es\/productos\/gewindeeinsaetze-und-bolzen\/","title":{"rendered":"Insertos roscados y pernos roscados"},"content":{"rendered":"<p>Los insertos roscados y pernos roscados permiten disponer de una rosca met\u00e1lica hembra o macho en componentes de pl\u00e1stico. Para ello, los insertos roscados y los pernos roscados forman una uni\u00f3n continua con el componente de pl\u00e1stico mediante sobreinyecci\u00f3n o incrustaci\u00f3n por ultrasonidos o calor, o bien mediante roscado en el caso de insertos con rosca exterior.<\/p>\n<p>El uso de insertos roscados y pernos roscados garantiza una uni\u00f3n fiable de los componentes de pl\u00e1stico, incluso si es necesario repetir el atornillado varias veces. Dependiendo del proceso de incrustaci\u00f3n, la geometr\u00eda externa se caracterizar\u00e1 por estar moleteada, disponer de ranuras o presentar un contorno hexagonal o roscado; todas estas geometr\u00edas est\u00e1n dise\u00f1adas para soportar las cargas de tracci\u00f3n y par.<\/p>\n","protected":false},"excerpt":{"rendered":"<p>Los insertos roscados y pernos roscados permiten disponer de una rosca met\u00e1lica hembra o macho en componentes de pl\u00e1stico. Para ello, los insertos roscados y los pernos roscados forman una uni\u00f3n continua con el componente de pl\u00e1stico mediante sobreinyecci\u00f3n o incrustaci\u00f3n por ultrasonidos o calor, o bien mediante roscado en el caso de insertos con [&hellip;]<\/p>\n","protected":false},"author":1,"featured_media":0,"parent":10328,"menu_order":6,"comment_status":"closed","ping_status":"closed","template":"template_page_e2.php","meta":{"_acf_changed":false,"footnotes":""},"categories":[],"class_list":["post-10338","page","type-page","status-publish","hentry"],"acf":[],"yoast_head":"<!-- This site is optimized with the Yoast SEO plugin v27.4 - https:\/\/yoast.com\/product\/yoast-seo-wordpress\/ -->\n<title>Insertos roscados y pernos roscados - b&amp;m Homepage<\/title>\n<meta name=\"description\" content=\"Gewindeeins\u00e4tze und Gewindebolzen f\u00fcr Kunststoffe mit unterschiedlichen Verfahren zur Einbettung. Gewindebolzen und Gewindeeins\u00e4tze. b&amp;m-REPTO\u00ae B...\" \/>\n<meta name=\"robots\" content=\"index, follow, max-snippet:-1, max-image-preview:large, max-video-preview:-1\" \/>\n<link rel=\"canonical\" href=\"https:\/\/www.baier-michels.com\/es\/productos\/gewindeeinsaetze-und-bolzen\/\" \/>\n<meta property=\"og:locale\" content=\"es_ES\" \/>\n<meta property=\"og:type\" content=\"article\" \/>\n<meta property=\"og:title\" content=\"Insertos roscados y pernos roscados - b&amp;m Homepage\" \/>\n<meta property=\"og:description\" content=\"Gewindeeins\u00e4tze und Gewindebolzen f\u00fcr Kunststoffe mit unterschiedlichen Verfahren zur Einbettung. Gewindebolzen und Gewindeeins\u00e4tze. b&amp;m-REPTO\u00ae B...\" \/>\n<meta property=\"og:url\" content=\"https:\/\/www.baier-michels.com\/es\/productos\/gewindeeinsaetze-und-bolzen\/\" \/>\n<meta property=\"og:site_name\" content=\"b&amp;m Homepage\" \/>\n<meta property=\"article:modified_time\" content=\"2024-07-19T08:40:47+00:00\" \/>\n<meta name=\"twitter:card\" content=\"summary_large_image\" \/>\n<meta name=\"twitter:label1\" content=\"Tiempo de lectura\" \/>\n\t<meta name=\"twitter:data1\" content=\"1 minuto\" \/>\n<script type=\"application\/ld+json\" class=\"yoast-schema-graph\">{\"@context\":\"https:\\\/\\\/schema.org\",\"@graph\":[{\"@type\":\"WebPage\",\"@id\":\"https:\\\/\\\/www.baier-michels.com\\\/es\\\/productos\\\/gewindeeinsaetze-und-bolzen\\\/\",\"url\":\"https:\\\/\\\/www.baier-michels.com\\\/es\\\/productos\\\/gewindeeinsaetze-und-bolzen\\\/\",\"name\":\"Insertos roscados y pernos roscados - b&amp;m Homepage\",\"isPartOf\":{\"@id\":\"https:\\\/\\\/www.baier-michels.com\\\/es\\\/#website\"},\"datePublished\":\"2023-07-24T23:00:00+00:00\",\"dateModified\":\"2024-07-19T08:40:47+00:00\",\"description\":\"Gewindeeins\u00e4tze und Gewindebolzen f\u00fcr Kunststoffe mit unterschiedlichen Verfahren zur Einbettung. Gewindebolzen und Gewindeeins\u00e4tze. b&m-REPTO\u00ae B...\",\"breadcrumb\":{\"@id\":\"https:\\\/\\\/www.baier-michels.com\\\/es\\\/productos\\\/gewindeeinsaetze-und-bolzen\\\/#breadcrumb\"},\"inLanguage\":\"es\",\"potentialAction\":[{\"@type\":\"ReadAction\",\"target\":[\"https:\\\/\\\/www.baier-michels.com\\\/es\\\/productos\\\/gewindeeinsaetze-und-bolzen\\\/\"]}]},{\"@type\":\"BreadcrumbList\",\"@id\":\"https:\\\/\\\/www.baier-michels.com\\\/es\\\/productos\\\/gewindeeinsaetze-und-bolzen\\\/#breadcrumb\",\"itemListElement\":[{\"@type\":\"ListItem\",\"position\":1,\"name\":\"Startseite\",\"item\":\"https:\\\/\\\/www.baier-michels.com\\\/es\\\/\"},{\"@type\":\"ListItem\",\"position\":2,\"name\":\"Productos\",\"item\":\"https:\\\/\\\/www.baier-michels.com\\\/es\\\/productos\\\/\"},{\"@type\":\"ListItem\",\"position\":3,\"name\":\"Insertos roscados y pernos roscados\"}]},{\"@type\":\"WebSite\",\"@id\":\"https:\\\/\\\/www.baier-michels.com\\\/es\\\/#website\",\"url\":\"https:\\\/\\\/www.baier-michels.com\\\/es\\\/\",\"name\":\"b&m\",\"description\":\"baier&amp;michels Gmbh &amp; Co KG\",\"publisher\":{\"@id\":\"https:\\\/\\\/www.baier-michels.com\\\/es\\\/#organization\"},\"potentialAction\":[{\"@type\":\"SearchAction\",\"target\":{\"@type\":\"EntryPoint\",\"urlTemplate\":\"https:\\\/\\\/www.baier-michels.com\\\/es\\\/?s={search_term_string}\"},\"query-input\":{\"@type\":\"PropertyValueSpecification\",\"valueRequired\":true,\"valueName\":\"search_term_string\"}}],\"inLanguage\":\"es\"},{\"@type\":\"Organization\",\"@id\":\"https:\\\/\\\/www.baier-michels.com\\\/es\\\/#organization\",\"name\":\"baier & michels GmbH & Co KG\",\"url\":\"https:\\\/\\\/www.baier-michels.com\\\/es\\\/\",\"logo\":{\"@type\":\"ImageObject\",\"inLanguage\":\"es\",\"@id\":\"https:\\\/\\\/www.baier-michels.com\\\/es\\\/#\\\/schema\\\/logo\\\/image\\\/\",\"url\":\"\",\"contentUrl\":\"\",\"caption\":\"baier & michels GmbH & Co KG\"},\"image\":{\"@id\":\"https:\\\/\\\/www.baier-michels.com\\\/es\\\/#\\\/schema\\\/logo\\\/image\\\/\"},\"sameAs\":[\"https:\\\/\\\/www.linkedin.com\\\/company\\\/baier-michels\\\/?viewAsMember=true\",\"https:\\\/\\\/www.youtube.com\\\/channel\\\/UCdBWm_HCAtCjxiFZWloFYGw?view_as=subscriber\"]}]}<\/script>\n<!-- \/ Yoast SEO plugin. -->","yoast_head_json":{"title":"Insertos roscados y pernos roscados - b&amp;m Homepage","description":"Gewindeeins\u00e4tze und Gewindebolzen f\u00fcr Kunststoffe mit unterschiedlichen Verfahren zur Einbettung. Gewindebolzen und Gewindeeins\u00e4tze. b&m-REPTO\u00ae B...","robots":{"index":"index","follow":"follow","max-snippet":"max-snippet:-1","max-image-preview":"max-image-preview:large","max-video-preview":"max-video-preview:-1"},"canonical":"https:\/\/www.baier-michels.com\/es\/productos\/gewindeeinsaetze-und-bolzen\/","og_locale":"es_ES","og_type":"article","og_title":"Insertos roscados y pernos roscados - b&amp;m Homepage","og_description":"Gewindeeins\u00e4tze und Gewindebolzen f\u00fcr Kunststoffe mit unterschiedlichen Verfahren zur Einbettung. Gewindebolzen und Gewindeeins\u00e4tze. b&m-REPTO\u00ae B...","og_url":"https:\/\/www.baier-michels.com\/es\/productos\/gewindeeinsaetze-und-bolzen\/","og_site_name":"b&amp;m Homepage","article_modified_time":"2024-07-19T08:40:47+00:00","twitter_card":"summary_large_image","twitter_misc":{"Tiempo de lectura":"1 minuto"},"schema":{"@context":"https:\/\/schema.org","@graph":[{"@type":"WebPage","@id":"https:\/\/www.baier-michels.com\/es\/productos\/gewindeeinsaetze-und-bolzen\/","url":"https:\/\/www.baier-michels.com\/es\/productos\/gewindeeinsaetze-und-bolzen\/","name":"Insertos roscados y pernos roscados - b&amp;m Homepage","isPartOf":{"@id":"https:\/\/www.baier-michels.com\/es\/#website"},"datePublished":"2023-07-24T23:00:00+00:00","dateModified":"2024-07-19T08:40:47+00:00","description":"Gewindeeins\u00e4tze und Gewindebolzen f\u00fcr Kunststoffe mit unterschiedlichen Verfahren zur Einbettung. Gewindebolzen und Gewindeeins\u00e4tze. b&m-REPTO\u00ae B...","breadcrumb":{"@id":"https:\/\/www.baier-michels.com\/es\/productos\/gewindeeinsaetze-und-bolzen\/#breadcrumb"},"inLanguage":"es","potentialAction":[{"@type":"ReadAction","target":["https:\/\/www.baier-michels.com\/es\/productos\/gewindeeinsaetze-und-bolzen\/"]}]},{"@type":"BreadcrumbList","@id":"https:\/\/www.baier-michels.com\/es\/productos\/gewindeeinsaetze-und-bolzen\/#breadcrumb","itemListElement":[{"@type":"ListItem","position":1,"name":"Startseite","item":"https:\/\/www.baier-michels.com\/es\/"},{"@type":"ListItem","position":2,"name":"Productos","item":"https:\/\/www.baier-michels.com\/es\/productos\/"},{"@type":"ListItem","position":3,"name":"Insertos roscados y pernos roscados"}]},{"@type":"WebSite","@id":"https:\/\/www.baier-michels.com\/es\/#website","url":"https:\/\/www.baier-michels.com\/es\/","name":"b&m","description":"baier&amp;michels Gmbh &amp; Co KG","publisher":{"@id":"https:\/\/www.baier-michels.com\/es\/#organization"},"potentialAction":[{"@type":"SearchAction","target":{"@type":"EntryPoint","urlTemplate":"https:\/\/www.baier-michels.com\/es\/?s={search_term_string}"},"query-input":{"@type":"PropertyValueSpecification","valueRequired":true,"valueName":"search_term_string"}}],"inLanguage":"es"},{"@type":"Organization","@id":"https:\/\/www.baier-michels.com\/es\/#organization","name":"baier & michels GmbH & Co KG","url":"https:\/\/www.baier-michels.com\/es\/","logo":{"@type":"ImageObject","inLanguage":"es","@id":"https:\/\/www.baier-michels.com\/es\/#\/schema\/logo\/image\/","url":"","contentUrl":"","caption":"baier & michels GmbH & Co KG"},"image":{"@id":"https:\/\/www.baier-michels.com\/es\/#\/schema\/logo\/image\/"},"sameAs":["https:\/\/www.linkedin.com\/company\/baier-michels\/?viewAsMember=true","https:\/\/www.youtube.com\/channel\/UCdBWm_HCAtCjxiFZWloFYGw?view_as=subscriber"]}]}},"_links":{"self":[{"href":"https:\/\/www.baier-michels.com\/es\/wp-json\/wp\/v2\/pages\/10338","targetHints":{"allow":["GET"]}}],"collection":[{"href":"https:\/\/www.baier-michels.com\/es\/wp-json\/wp\/v2\/pages"}],"about":[{"href":"https:\/\/www.baier-michels.com\/es\/wp-json\/wp\/v2\/types\/page"}],"author":[{"embeddable":true,"href":"https:\/\/www.baier-michels.com\/es\/wp-json\/wp\/v2\/users\/1"}],"replies":[{"embeddable":true,"href":"https:\/\/www.baier-michels.com\/es\/wp-json\/wp\/v2\/comments?post=10338"}],"version-history":[{"count":0,"href":"https:\/\/www.baier-michels.com\/es\/wp-json\/wp\/v2\/pages\/10338\/revisions"}],"up":[{"embeddable":true,"href":"https:\/\/www.baier-michels.com\/es\/wp-json\/wp\/v2\/pages\/10328"}],"wp:attachment":[{"href":"https:\/\/www.baier-michels.com\/es\/wp-json\/wp\/v2\/media?parent=10338"}],"wp:term":[{"taxonomy":"category","embeddable":true,"href":"https:\/\/www.baier-michels.com\/es\/wp-json\/wp\/v2\/categories?post=10338"}],"curies":[{"name":"wp","href":"https:\/\/api.w.org\/{rel}","templated":true}]}}