{"id":10340,"date":"2023-07-25T00:00:00","date_gmt":"2023-07-24T23:00:00","guid":{"rendered":"http:\/\/bm.baier-michels.local\/productos\/direktverschraubung-in-kunststoffe\/"},"modified":"2024-07-19T09:40:49","modified_gmt":"2024-07-19T08:40:49","slug":"direktverschraubung-in-kunststoffe","status":"publish","type":"page","link":"https:\/\/www.baier-michels.com\/es\/productos\/direktverschraubung-in-kunststoffe\/","title":{"rendered":"Atornillado directo en pl\u00e1sticos"},"content":{"rendered":"<p>Gracias a las nuevas posibilidades de aplicaci\u00f3n, el uso de pl\u00e1sticos cobra cada vez mayor importancia. Entre sus ventajas se cuentan la reducci\u00f3n de peso, una mayor resistencia qu\u00edmica y un mejor reciclaje de los componentes por la posibilidad de prescindir de insertos met\u00e1licos. <\/p>\n<p>Gracias a su montaje econ\u00f3mico y a que es posible volver a separar las uniones, el atornillado directo en pl\u00e1sticos ofrece precios de suministro ventajosos frente a otras tecnolog\u00edas de uni\u00f3n. A diferencia de las aplicaciones tradicionales (que tienen un \u00e1ngulo de rosca de 60\u00b0), las geometr\u00edas de rosca b&#038;m presentan valores de \u00e1ngulo de rosca de 30\u00b0 o 25\u00b0 y reducen las tensiones radiales.<br \/>\nAs\u00ed se consigue, por una parte, un llenado \u00f3ptimo del fondo de rosca y, por otra parte, el ahorro de material al dimensionar los tubos de atornillado. El uso de paredes delgadas permite, a su vez, dise\u00f1ar las uniones optimizando su peso y su coste. La mayor cobertura entre los flancos de la rosca y el material aumenta la seguridad del proceso.<\/p>\n","protected":false},"excerpt":{"rendered":"<p>Gracias a las nuevas posibilidades de aplicaci\u00f3n, el uso de pl\u00e1sticos cobra cada vez mayor importancia. Entre sus ventajas se cuentan la reducci\u00f3n de peso, una mayor resistencia qu\u00edmica y un mejor reciclaje de los componentes por la posibilidad de prescindir de insertos met\u00e1licos. Gracias a su montaje econ\u00f3mico y a que es posible volver [&hellip;]<\/p>\n","protected":false},"author":1,"featured_media":0,"parent":10328,"menu_order":4,"comment_status":"closed","ping_status":"closed","template":"template_page_e2.php","meta":{"_acf_changed":false,"footnotes":""},"categories":[],"class_list":["post-10340","page","type-page","status-publish","hentry"],"acf":[],"yoast_head":"<!-- This site is optimized with the Yoast SEO plugin v27.3 - https:\/\/yoast.com\/product\/yoast-seo-wordpress\/ -->\n<title>Atornillado directo en pl\u00e1sticos - b&amp;m Homepage<\/title>\n<meta name=\"description\" content=\"Die Direktverschraubung von Kunststoffen bietet kosteng\u00fcnstige Beschaffungsvorteile gegen\u00fcber anderen F\u00fcgetechniken. b&amp;m-PLAST\u00ae R\u2026\" \/>\n<meta name=\"robots\" content=\"index, follow, max-snippet:-1, max-image-preview:large, max-video-preview:-1\" \/>\n<link rel=\"canonical\" href=\"https:\/\/www.baier-michels.com\/es\/productos\/direktverschraubung-in-kunststoffe\/\" \/>\n<meta property=\"og:locale\" content=\"es_ES\" \/>\n<meta property=\"og:type\" content=\"article\" \/>\n<meta property=\"og:title\" content=\"Atornillado directo en pl\u00e1sticos - b&amp;m Homepage\" \/>\n<meta property=\"og:description\" content=\"Die Direktverschraubung von Kunststoffen bietet kosteng\u00fcnstige Beschaffungsvorteile gegen\u00fcber anderen F\u00fcgetechniken. b&amp;m-PLAST\u00ae R\u2026\" \/>\n<meta property=\"og:url\" content=\"https:\/\/www.baier-michels.com\/es\/productos\/direktverschraubung-in-kunststoffe\/\" \/>\n<meta property=\"og:site_name\" content=\"b&amp;m Homepage\" \/>\n<meta property=\"article:modified_time\" content=\"2024-07-19T08:40:49+00:00\" \/>\n<meta name=\"twitter:card\" content=\"summary_large_image\" \/>\n<meta name=\"twitter:label1\" content=\"Tiempo de lectura\" \/>\n\t<meta name=\"twitter:data1\" content=\"1 minuto\" \/>\n<script type=\"application\/ld+json\" class=\"yoast-schema-graph\">{\"@context\":\"https:\\\/\\\/schema.org\",\"@graph\":[{\"@type\":\"WebPage\",\"@id\":\"https:\\\/\\\/www.baier-michels.com\\\/es\\\/productos\\\/direktverschraubung-in-kunststoffe\\\/\",\"url\":\"https:\\\/\\\/www.baier-michels.com\\\/es\\\/productos\\\/direktverschraubung-in-kunststoffe\\\/\",\"name\":\"Atornillado directo en pl\u00e1sticos - b&amp;m Homepage\",\"isPartOf\":{\"@id\":\"https:\\\/\\\/www.baier-michels.com\\\/es\\\/#website\"},\"datePublished\":\"2023-07-24T23:00:00+00:00\",\"dateModified\":\"2024-07-19T08:40:49+00:00\",\"description\":\"Die Direktverschraubung von Kunststoffen bietet kosteng\u00fcnstige Beschaffungsvorteile gegen\u00fcber anderen F\u00fcgetechniken. b&m-PLAST\u00ae R\u2026\",\"breadcrumb\":{\"@id\":\"https:\\\/\\\/www.baier-michels.com\\\/es\\\/productos\\\/direktverschraubung-in-kunststoffe\\\/#breadcrumb\"},\"inLanguage\":\"es\",\"potentialAction\":[{\"@type\":\"ReadAction\",\"target\":[\"https:\\\/\\\/www.baier-michels.com\\\/es\\\/productos\\\/direktverschraubung-in-kunststoffe\\\/\"]}]},{\"@type\":\"BreadcrumbList\",\"@id\":\"https:\\\/\\\/www.baier-michels.com\\\/es\\\/productos\\\/direktverschraubung-in-kunststoffe\\\/#breadcrumb\",\"itemListElement\":[{\"@type\":\"ListItem\",\"position\":1,\"name\":\"Startseite\",\"item\":\"https:\\\/\\\/www.baier-michels.com\\\/es\\\/\"},{\"@type\":\"ListItem\",\"position\":2,\"name\":\"Productos\",\"item\":\"https:\\\/\\\/www.baier-michels.com\\\/es\\\/productos\\\/\"},{\"@type\":\"ListItem\",\"position\":3,\"name\":\"Atornillado directo en pl\u00e1sticos\"}]},{\"@type\":\"WebSite\",\"@id\":\"https:\\\/\\\/www.baier-michels.com\\\/es\\\/#website\",\"url\":\"https:\\\/\\\/www.baier-michels.com\\\/es\\\/\",\"name\":\"b&m\",\"description\":\"baier&amp;michels Gmbh &amp; Co KG\",\"publisher\":{\"@id\":\"https:\\\/\\\/www.baier-michels.com\\\/es\\\/#organization\"},\"potentialAction\":[{\"@type\":\"SearchAction\",\"target\":{\"@type\":\"EntryPoint\",\"urlTemplate\":\"https:\\\/\\\/www.baier-michels.com\\\/es\\\/?s={search_term_string}\"},\"query-input\":{\"@type\":\"PropertyValueSpecification\",\"valueRequired\":true,\"valueName\":\"search_term_string\"}}],\"inLanguage\":\"es\"},{\"@type\":\"Organization\",\"@id\":\"https:\\\/\\\/www.baier-michels.com\\\/es\\\/#organization\",\"name\":\"baier & michels GmbH & Co KG\",\"url\":\"https:\\\/\\\/www.baier-michels.com\\\/es\\\/\",\"logo\":{\"@type\":\"ImageObject\",\"inLanguage\":\"es\",\"@id\":\"https:\\\/\\\/www.baier-michels.com\\\/es\\\/#\\\/schema\\\/logo\\\/image\\\/\",\"url\":\"\",\"contentUrl\":\"\",\"caption\":\"baier & michels GmbH & Co KG\"},\"image\":{\"@id\":\"https:\\\/\\\/www.baier-michels.com\\\/es\\\/#\\\/schema\\\/logo\\\/image\\\/\"},\"sameAs\":[\"https:\\\/\\\/www.linkedin.com\\\/company\\\/baier-michels\\\/?viewAsMember=true\",\"https:\\\/\\\/www.youtube.com\\\/channel\\\/UCdBWm_HCAtCjxiFZWloFYGw?view_as=subscriber\"]}]}<\/script>\n<!-- \/ Yoast SEO plugin. -->","yoast_head_json":{"title":"Atornillado directo en pl\u00e1sticos - b&amp;m Homepage","description":"Die Direktverschraubung von Kunststoffen bietet kosteng\u00fcnstige Beschaffungsvorteile gegen\u00fcber anderen F\u00fcgetechniken. b&m-PLAST\u00ae R\u2026","robots":{"index":"index","follow":"follow","max-snippet":"max-snippet:-1","max-image-preview":"max-image-preview:large","max-video-preview":"max-video-preview:-1"},"canonical":"https:\/\/www.baier-michels.com\/es\/productos\/direktverschraubung-in-kunststoffe\/","og_locale":"es_ES","og_type":"article","og_title":"Atornillado directo en pl\u00e1sticos - b&amp;m Homepage","og_description":"Die Direktverschraubung von Kunststoffen bietet kosteng\u00fcnstige Beschaffungsvorteile gegen\u00fcber anderen F\u00fcgetechniken. b&m-PLAST\u00ae R\u2026","og_url":"https:\/\/www.baier-michels.com\/es\/productos\/direktverschraubung-in-kunststoffe\/","og_site_name":"b&amp;m Homepage","article_modified_time":"2024-07-19T08:40:49+00:00","twitter_card":"summary_large_image","twitter_misc":{"Tiempo de lectura":"1 minuto"},"schema":{"@context":"https:\/\/schema.org","@graph":[{"@type":"WebPage","@id":"https:\/\/www.baier-michels.com\/es\/productos\/direktverschraubung-in-kunststoffe\/","url":"https:\/\/www.baier-michels.com\/es\/productos\/direktverschraubung-in-kunststoffe\/","name":"Atornillado directo en pl\u00e1sticos - b&amp;m Homepage","isPartOf":{"@id":"https:\/\/www.baier-michels.com\/es\/#website"},"datePublished":"2023-07-24T23:00:00+00:00","dateModified":"2024-07-19T08:40:49+00:00","description":"Die Direktverschraubung von Kunststoffen bietet kosteng\u00fcnstige Beschaffungsvorteile gegen\u00fcber anderen F\u00fcgetechniken. b&m-PLAST\u00ae R\u2026","breadcrumb":{"@id":"https:\/\/www.baier-michels.com\/es\/productos\/direktverschraubung-in-kunststoffe\/#breadcrumb"},"inLanguage":"es","potentialAction":[{"@type":"ReadAction","target":["https:\/\/www.baier-michels.com\/es\/productos\/direktverschraubung-in-kunststoffe\/"]}]},{"@type":"BreadcrumbList","@id":"https:\/\/www.baier-michels.com\/es\/productos\/direktverschraubung-in-kunststoffe\/#breadcrumb","itemListElement":[{"@type":"ListItem","position":1,"name":"Startseite","item":"https:\/\/www.baier-michels.com\/es\/"},{"@type":"ListItem","position":2,"name":"Productos","item":"https:\/\/www.baier-michels.com\/es\/productos\/"},{"@type":"ListItem","position":3,"name":"Atornillado directo en pl\u00e1sticos"}]},{"@type":"WebSite","@id":"https:\/\/www.baier-michels.com\/es\/#website","url":"https:\/\/www.baier-michels.com\/es\/","name":"b&m","description":"baier&amp;michels Gmbh &amp; Co KG","publisher":{"@id":"https:\/\/www.baier-michels.com\/es\/#organization"},"potentialAction":[{"@type":"SearchAction","target":{"@type":"EntryPoint","urlTemplate":"https:\/\/www.baier-michels.com\/es\/?s={search_term_string}"},"query-input":{"@type":"PropertyValueSpecification","valueRequired":true,"valueName":"search_term_string"}}],"inLanguage":"es"},{"@type":"Organization","@id":"https:\/\/www.baier-michels.com\/es\/#organization","name":"baier & michels GmbH & Co KG","url":"https:\/\/www.baier-michels.com\/es\/","logo":{"@type":"ImageObject","inLanguage":"es","@id":"https:\/\/www.baier-michels.com\/es\/#\/schema\/logo\/image\/","url":"","contentUrl":"","caption":"baier & michels GmbH & Co KG"},"image":{"@id":"https:\/\/www.baier-michels.com\/es\/#\/schema\/logo\/image\/"},"sameAs":["https:\/\/www.linkedin.com\/company\/baier-michels\/?viewAsMember=true","https:\/\/www.youtube.com\/channel\/UCdBWm_HCAtCjxiFZWloFYGw?view_as=subscriber"]}]}},"_links":{"self":[{"href":"https:\/\/www.baier-michels.com\/es\/wp-json\/wp\/v2\/pages\/10340","targetHints":{"allow":["GET"]}}],"collection":[{"href":"https:\/\/www.baier-michels.com\/es\/wp-json\/wp\/v2\/pages"}],"about":[{"href":"https:\/\/www.baier-michels.com\/es\/wp-json\/wp\/v2\/types\/page"}],"author":[{"embeddable":true,"href":"https:\/\/www.baier-michels.com\/es\/wp-json\/wp\/v2\/users\/1"}],"replies":[{"embeddable":true,"href":"https:\/\/www.baier-michels.com\/es\/wp-json\/wp\/v2\/comments?post=10340"}],"version-history":[{"count":0,"href":"https:\/\/www.baier-michels.com\/es\/wp-json\/wp\/v2\/pages\/10340\/revisions"}],"up":[{"embeddable":true,"href":"https:\/\/www.baier-michels.com\/es\/wp-json\/wp\/v2\/pages\/10328"}],"wp:attachment":[{"href":"https:\/\/www.baier-michels.com\/es\/wp-json\/wp\/v2\/media?parent=10340"}],"wp:term":[{"taxonomy":"category","embeddable":true,"href":"https:\/\/www.baier-michels.com\/es\/wp-json\/wp\/v2\/categories?post=10340"}],"curies":[{"name":"wp","href":"https:\/\/api.w.org\/{rel}","templated":true}]}}