{"id":10342,"date":"2023-07-25T00:00:00","date_gmt":"2023-07-24T23:00:00","guid":{"rendered":"http:\/\/bm.baier-michels.local\/productos\/direktverschraubung-fuer-cfk\/"},"modified":"2024-07-19T09:40:49","modified_gmt":"2024-07-19T08:40:49","slug":"direktverschraubung-fuer-cfk","status":"publish","type":"page","link":"https:\/\/www.baier-michels.com\/es\/productos\/direktverschraubung-fuer-cfk\/","title":{"rendered":"Atornillado directo en materiales reforzados con fibra de carbono"},"content":{"rendered":"<p>Habitualmente, para unir componentes compuestos de fibras se utilizan sobre todo tecnolog\u00edas de uni\u00f3n no separables, como el pegado y la soldadura. Como alternativa, se usan elementos de transmisi\u00f3n de fuerzas, como los pernos pegados, que, aunque posibilitan una uni\u00f3n separable, conllevan muchas desventajas. Por ejemplo, el ajuste de la junta pegada, el tiempo de curado del adhesivo, el espacio de instalaci\u00f3n y la colocaci\u00f3n de los pernos requiere mucho tiempo y esfuerzo. <\/p>\n<p>En el atornillado directo, son los propios elementos de fijaci\u00f3n (tornillos) los que crean la rosca al ser atornillados. La rosca generada es el resultado del proceso de conformado del material polim\u00e9rico durante el atornillado. Este sistema tiene la ventaja de poder prescindir del proceso de corte de la rosca, lo cual hace que sea r\u00e1pido, eficiente, reproducible y rentable.<\/p>\n","protected":false},"excerpt":{"rendered":"<p>Habitualmente, para unir componentes compuestos de fibras se utilizan sobre todo tecnolog\u00edas de uni\u00f3n no separables, como el pegado y la soldadura. Como alternativa, se usan elementos de transmisi\u00f3n de fuerzas, como los pernos pegados, que, aunque posibilitan una uni\u00f3n separable, conllevan muchas desventajas. Por ejemplo, el ajuste de la junta pegada, el tiempo de [&hellip;]<\/p>\n","protected":false},"author":1,"featured_media":0,"parent":10328,"menu_order":7,"comment_status":"closed","ping_status":"closed","template":"template_page_e2.php","meta":{"_acf_changed":false,"footnotes":""},"categories":[],"class_list":["post-10342","page","type-page","status-publish","hentry"],"acf":[],"yoast_head":"<!-- This site is optimized with the Yoast SEO plugin v27.4 - https:\/\/yoast.com\/product\/yoast-seo-wordpress\/ -->\n<title>Atornillado directo en materiales reforzados con fibra de carbono - b&amp;m Homepage<\/title>\n<meta name=\"description\" content=\"Die Direktverschraubung von CFK Bauteilen bietet durch die L\u00f6sbarkeit der Verbindung wesentliche wirtschaftliche Vorteile gegen\u00fcber anderen F\u00fcgetechniken\u2026\" \/>\n<meta name=\"robots\" content=\"index, follow, max-snippet:-1, max-image-preview:large, max-video-preview:-1\" \/>\n<link rel=\"canonical\" href=\"https:\/\/www.baier-michels.com\/es\/productos\/direktverschraubung-fuer-cfk\/\" \/>\n<meta property=\"og:locale\" content=\"es_ES\" \/>\n<meta property=\"og:type\" content=\"article\" \/>\n<meta property=\"og:title\" content=\"Atornillado directo en materiales reforzados con fibra de carbono - b&amp;m Homepage\" \/>\n<meta property=\"og:description\" content=\"Die Direktverschraubung von CFK Bauteilen bietet durch die L\u00f6sbarkeit der Verbindung wesentliche wirtschaftliche Vorteile gegen\u00fcber anderen F\u00fcgetechniken\u2026\" \/>\n<meta property=\"og:url\" content=\"https:\/\/www.baier-michels.com\/es\/productos\/direktverschraubung-fuer-cfk\/\" \/>\n<meta property=\"og:site_name\" content=\"b&amp;m Homepage\" \/>\n<meta property=\"article:modified_time\" content=\"2024-07-19T08:40:49+00:00\" \/>\n<meta name=\"twitter:card\" content=\"summary_large_image\" \/>\n<meta name=\"twitter:label1\" content=\"Tiempo de lectura\" \/>\n\t<meta name=\"twitter:data1\" content=\"1 minuto\" \/>\n<script type=\"application\/ld+json\" class=\"yoast-schema-graph\">{\"@context\":\"https:\\\/\\\/schema.org\",\"@graph\":[{\"@type\":\"WebPage\",\"@id\":\"https:\\\/\\\/www.baier-michels.com\\\/es\\\/productos\\\/direktverschraubung-fuer-cfk\\\/\",\"url\":\"https:\\\/\\\/www.baier-michels.com\\\/es\\\/productos\\\/direktverschraubung-fuer-cfk\\\/\",\"name\":\"Atornillado directo en materiales reforzados con fibra de carbono - b&amp;m Homepage\",\"isPartOf\":{\"@id\":\"https:\\\/\\\/www.baier-michels.com\\\/es\\\/#website\"},\"datePublished\":\"2023-07-24T23:00:00+00:00\",\"dateModified\":\"2024-07-19T08:40:49+00:00\",\"description\":\"Die Direktverschraubung von CFK Bauteilen bietet durch die L\u00f6sbarkeit der Verbindung wesentliche wirtschaftliche Vorteile gegen\u00fcber anderen F\u00fcgetechniken\u2026\",\"breadcrumb\":{\"@id\":\"https:\\\/\\\/www.baier-michels.com\\\/es\\\/productos\\\/direktverschraubung-fuer-cfk\\\/#breadcrumb\"},\"inLanguage\":\"es\",\"potentialAction\":[{\"@type\":\"ReadAction\",\"target\":[\"https:\\\/\\\/www.baier-michels.com\\\/es\\\/productos\\\/direktverschraubung-fuer-cfk\\\/\"]}]},{\"@type\":\"BreadcrumbList\",\"@id\":\"https:\\\/\\\/www.baier-michels.com\\\/es\\\/productos\\\/direktverschraubung-fuer-cfk\\\/#breadcrumb\",\"itemListElement\":[{\"@type\":\"ListItem\",\"position\":1,\"name\":\"Startseite\",\"item\":\"https:\\\/\\\/www.baier-michels.com\\\/es\\\/\"},{\"@type\":\"ListItem\",\"position\":2,\"name\":\"Productos\",\"item\":\"https:\\\/\\\/www.baier-michels.com\\\/es\\\/productos\\\/\"},{\"@type\":\"ListItem\",\"position\":3,\"name\":\"Atornillado directo en materiales reforzados con fibra de carbono\"}]},{\"@type\":\"WebSite\",\"@id\":\"https:\\\/\\\/www.baier-michels.com\\\/es\\\/#website\",\"url\":\"https:\\\/\\\/www.baier-michels.com\\\/es\\\/\",\"name\":\"b&m\",\"description\":\"baier&amp;michels Gmbh &amp; Co KG\",\"publisher\":{\"@id\":\"https:\\\/\\\/www.baier-michels.com\\\/es\\\/#organization\"},\"potentialAction\":[{\"@type\":\"SearchAction\",\"target\":{\"@type\":\"EntryPoint\",\"urlTemplate\":\"https:\\\/\\\/www.baier-michels.com\\\/es\\\/?s={search_term_string}\"},\"query-input\":{\"@type\":\"PropertyValueSpecification\",\"valueRequired\":true,\"valueName\":\"search_term_string\"}}],\"inLanguage\":\"es\"},{\"@type\":\"Organization\",\"@id\":\"https:\\\/\\\/www.baier-michels.com\\\/es\\\/#organization\",\"name\":\"baier & michels GmbH & Co KG\",\"url\":\"https:\\\/\\\/www.baier-michels.com\\\/es\\\/\",\"logo\":{\"@type\":\"ImageObject\",\"inLanguage\":\"es\",\"@id\":\"https:\\\/\\\/www.baier-michels.com\\\/es\\\/#\\\/schema\\\/logo\\\/image\\\/\",\"url\":\"\",\"contentUrl\":\"\",\"caption\":\"baier & michels GmbH & Co KG\"},\"image\":{\"@id\":\"https:\\\/\\\/www.baier-michels.com\\\/es\\\/#\\\/schema\\\/logo\\\/image\\\/\"},\"sameAs\":[\"https:\\\/\\\/www.linkedin.com\\\/company\\\/baier-michels\\\/?viewAsMember=true\",\"https:\\\/\\\/www.youtube.com\\\/channel\\\/UCdBWm_HCAtCjxiFZWloFYGw?view_as=subscriber\"]}]}<\/script>\n<!-- \/ Yoast SEO plugin. -->","yoast_head_json":{"title":"Atornillado directo en materiales reforzados con fibra de carbono - b&amp;m Homepage","description":"Die Direktverschraubung von CFK Bauteilen bietet durch die L\u00f6sbarkeit der Verbindung wesentliche wirtschaftliche Vorteile gegen\u00fcber anderen F\u00fcgetechniken\u2026","robots":{"index":"index","follow":"follow","max-snippet":"max-snippet:-1","max-image-preview":"max-image-preview:large","max-video-preview":"max-video-preview:-1"},"canonical":"https:\/\/www.baier-michels.com\/es\/productos\/direktverschraubung-fuer-cfk\/","og_locale":"es_ES","og_type":"article","og_title":"Atornillado directo en materiales reforzados con fibra de carbono - b&amp;m Homepage","og_description":"Die Direktverschraubung von CFK Bauteilen bietet durch die L\u00f6sbarkeit der Verbindung wesentliche wirtschaftliche Vorteile gegen\u00fcber anderen F\u00fcgetechniken\u2026","og_url":"https:\/\/www.baier-michels.com\/es\/productos\/direktverschraubung-fuer-cfk\/","og_site_name":"b&amp;m Homepage","article_modified_time":"2024-07-19T08:40:49+00:00","twitter_card":"summary_large_image","twitter_misc":{"Tiempo de lectura":"1 minuto"},"schema":{"@context":"https:\/\/schema.org","@graph":[{"@type":"WebPage","@id":"https:\/\/www.baier-michels.com\/es\/productos\/direktverschraubung-fuer-cfk\/","url":"https:\/\/www.baier-michels.com\/es\/productos\/direktverschraubung-fuer-cfk\/","name":"Atornillado directo en materiales reforzados con fibra de carbono - b&amp;m Homepage","isPartOf":{"@id":"https:\/\/www.baier-michels.com\/es\/#website"},"datePublished":"2023-07-24T23:00:00+00:00","dateModified":"2024-07-19T08:40:49+00:00","description":"Die Direktverschraubung von CFK Bauteilen bietet durch die L\u00f6sbarkeit der Verbindung wesentliche wirtschaftliche Vorteile gegen\u00fcber anderen F\u00fcgetechniken\u2026","breadcrumb":{"@id":"https:\/\/www.baier-michels.com\/es\/productos\/direktverschraubung-fuer-cfk\/#breadcrumb"},"inLanguage":"es","potentialAction":[{"@type":"ReadAction","target":["https:\/\/www.baier-michels.com\/es\/productos\/direktverschraubung-fuer-cfk\/"]}]},{"@type":"BreadcrumbList","@id":"https:\/\/www.baier-michels.com\/es\/productos\/direktverschraubung-fuer-cfk\/#breadcrumb","itemListElement":[{"@type":"ListItem","position":1,"name":"Startseite","item":"https:\/\/www.baier-michels.com\/es\/"},{"@type":"ListItem","position":2,"name":"Productos","item":"https:\/\/www.baier-michels.com\/es\/productos\/"},{"@type":"ListItem","position":3,"name":"Atornillado directo en materiales reforzados con fibra de carbono"}]},{"@type":"WebSite","@id":"https:\/\/www.baier-michels.com\/es\/#website","url":"https:\/\/www.baier-michels.com\/es\/","name":"b&m","description":"baier&amp;michels Gmbh &amp; Co KG","publisher":{"@id":"https:\/\/www.baier-michels.com\/es\/#organization"},"potentialAction":[{"@type":"SearchAction","target":{"@type":"EntryPoint","urlTemplate":"https:\/\/www.baier-michels.com\/es\/?s={search_term_string}"},"query-input":{"@type":"PropertyValueSpecification","valueRequired":true,"valueName":"search_term_string"}}],"inLanguage":"es"},{"@type":"Organization","@id":"https:\/\/www.baier-michels.com\/es\/#organization","name":"baier & michels GmbH & Co KG","url":"https:\/\/www.baier-michels.com\/es\/","logo":{"@type":"ImageObject","inLanguage":"es","@id":"https:\/\/www.baier-michels.com\/es\/#\/schema\/logo\/image\/","url":"","contentUrl":"","caption":"baier & michels GmbH & Co KG"},"image":{"@id":"https:\/\/www.baier-michels.com\/es\/#\/schema\/logo\/image\/"},"sameAs":["https:\/\/www.linkedin.com\/company\/baier-michels\/?viewAsMember=true","https:\/\/www.youtube.com\/channel\/UCdBWm_HCAtCjxiFZWloFYGw?view_as=subscriber"]}]}},"_links":{"self":[{"href":"https:\/\/www.baier-michels.com\/es\/wp-json\/wp\/v2\/pages\/10342","targetHints":{"allow":["GET"]}}],"collection":[{"href":"https:\/\/www.baier-michels.com\/es\/wp-json\/wp\/v2\/pages"}],"about":[{"href":"https:\/\/www.baier-michels.com\/es\/wp-json\/wp\/v2\/types\/page"}],"author":[{"embeddable":true,"href":"https:\/\/www.baier-michels.com\/es\/wp-json\/wp\/v2\/users\/1"}],"replies":[{"embeddable":true,"href":"https:\/\/www.baier-michels.com\/es\/wp-json\/wp\/v2\/comments?post=10342"}],"version-history":[{"count":0,"href":"https:\/\/www.baier-michels.com\/es\/wp-json\/wp\/v2\/pages\/10342\/revisions"}],"up":[{"embeddable":true,"href":"https:\/\/www.baier-michels.com\/es\/wp-json\/wp\/v2\/pages\/10328"}],"wp:attachment":[{"href":"https:\/\/www.baier-michels.com\/es\/wp-json\/wp\/v2\/media?parent=10342"}],"wp:term":[{"taxonomy":"category","embeddable":true,"href":"https:\/\/www.baier-michels.com\/es\/wp-json\/wp\/v2\/categories?post=10342"}],"curies":[{"name":"wp","href":"https:\/\/api.w.org\/{rel}","templated":true}]}}