{"id":10348,"date":"2023-07-25T00:00:00","date_gmt":"2023-07-24T23:00:00","guid":{"rendered":"http:\/\/bm.baier-michels.local\/servicios\/produccion\/"},"modified":"2024-07-19T09:40:52","modified_gmt":"2024-07-19T08:40:52","slug":"produccion","status":"publish","type":"page","link":"https:\/\/www.baier-michels.com\/es\/servicios\/produccion\/","title":{"rendered":"Producci\u00f3n"},"content":{"rendered":"<p>Como fabricantes de elementos de uni\u00f3n, en nuestras instalaciones de fabricaci\u00f3n apostamos especialmente por una innovadora capacidad de desarrollo y por una amplia experiencia en fabricaci\u00f3n. Esto nos permite desarrollar y fabricar \u00edntegramente sus soluciones de uni\u00f3n personalizadas, de manera r\u00e1pida y eficaz. En nuestras propias instalaciones de fabricaci\u00f3n, utilizamos la tecnolog\u00eda m\u00e1s avanzada para producir, probar y empaquetar las piezas de uni\u00f3n.<\/p>\n<p>En Rohrbach convertimos los alambres en tornillos acabados. Para ello, en nuestras instalaciones de producci\u00f3n contamos con todos los conocimientos necesarios en el \u00e1mbito del conformado y el control de calidad. Para la aplicaci\u00f3n de otros tratamientos, como el tratamiento t\u00e9rmico y superficial, colaboramos estrechamente con nuestros socios locales.<\/p>\n","protected":false},"excerpt":{"rendered":"<p>Como fabricantes de elementos de uni\u00f3n, en nuestras instalaciones de fabricaci\u00f3n apostamos especialmente por una innovadora capacidad de desarrollo y por una amplia experiencia en fabricaci\u00f3n. Esto nos permite desarrollar y fabricar \u00edntegramente sus soluciones de uni\u00f3n personalizadas, de manera r\u00e1pida y eficaz. En nuestras propias instalaciones de fabricaci\u00f3n, utilizamos la tecnolog\u00eda m\u00e1s avanzada para [&hellip;]<\/p>\n","protected":false},"author":1,"featured_media":0,"parent":10330,"menu_order":3,"comment_status":"closed","ping_status":"closed","template":"template_page_e2_nolink.php","meta":{"_acf_changed":false,"footnotes":""},"categories":[],"class_list":["post-10348","page","type-page","status-publish","hentry"],"acf":[],"yoast_head":"<!-- This site is optimized with the Yoast SEO plugin v27.4 - https:\/\/yoast.com\/product\/yoast-seo-wordpress\/ -->\n<title>Producci\u00f3n - b&amp;m Homepage<\/title>\n<meta name=\"description\" content=\"Unsere eigene Produktion mit Presserei, Walzerei, Sortierungsanlagen sowie Systemen zur Prozess\u00fcberwachung\u2026\" \/>\n<meta name=\"robots\" content=\"index, follow, max-snippet:-1, max-image-preview:large, max-video-preview:-1\" \/>\n<link rel=\"canonical\" href=\"https:\/\/www.baier-michels.com\/es\/servicios\/produccion\/\" \/>\n<meta property=\"og:locale\" content=\"es_ES\" \/>\n<meta property=\"og:type\" content=\"article\" \/>\n<meta property=\"og:title\" content=\"Producci\u00f3n - b&amp;m Homepage\" \/>\n<meta property=\"og:description\" content=\"Unsere eigene Produktion mit Presserei, Walzerei, Sortierungsanlagen sowie Systemen zur Prozess\u00fcberwachung\u2026\" \/>\n<meta property=\"og:url\" content=\"https:\/\/www.baier-michels.com\/es\/servicios\/produccion\/\" \/>\n<meta property=\"og:site_name\" content=\"b&amp;m Homepage\" \/>\n<meta property=\"article:modified_time\" content=\"2024-07-19T08:40:52+00:00\" \/>\n<meta name=\"twitter:card\" content=\"summary_large_image\" \/>\n<meta name=\"twitter:label1\" content=\"Tiempo de lectura\" \/>\n\t<meta name=\"twitter:data1\" content=\"1 minuto\" \/>\n<script type=\"application\/ld+json\" class=\"yoast-schema-graph\">{\"@context\":\"https:\\\/\\\/schema.org\",\"@graph\":[{\"@type\":\"WebPage\",\"@id\":\"https:\\\/\\\/www.baier-michels.com\\\/es\\\/servicios\\\/produccion\\\/\",\"url\":\"https:\\\/\\\/www.baier-michels.com\\\/es\\\/servicios\\\/produccion\\\/\",\"name\":\"Producci\u00f3n - b&amp;m Homepage\",\"isPartOf\":{\"@id\":\"https:\\\/\\\/www.baier-michels.com\\\/es\\\/#website\"},\"datePublished\":\"2023-07-24T23:00:00+00:00\",\"dateModified\":\"2024-07-19T08:40:52+00:00\",\"description\":\"Unsere eigene Produktion mit Presserei, Walzerei, Sortierungsanlagen sowie Systemen zur Prozess\u00fcberwachung\u2026\",\"breadcrumb\":{\"@id\":\"https:\\\/\\\/www.baier-michels.com\\\/es\\\/servicios\\\/produccion\\\/#breadcrumb\"},\"inLanguage\":\"es\",\"potentialAction\":[{\"@type\":\"ReadAction\",\"target\":[\"https:\\\/\\\/www.baier-michels.com\\\/es\\\/servicios\\\/produccion\\\/\"]}]},{\"@type\":\"BreadcrumbList\",\"@id\":\"https:\\\/\\\/www.baier-michels.com\\\/es\\\/servicios\\\/produccion\\\/#breadcrumb\",\"itemListElement\":[{\"@type\":\"ListItem\",\"position\":1,\"name\":\"Startseite\",\"item\":\"https:\\\/\\\/www.baier-michels.com\\\/es\\\/\"},{\"@type\":\"ListItem\",\"position\":2,\"name\":\"Servicios\",\"item\":\"https:\\\/\\\/www.baier-michels.com\\\/es\\\/servicios\\\/\"},{\"@type\":\"ListItem\",\"position\":3,\"name\":\"Producci\u00f3n\"}]},{\"@type\":\"WebSite\",\"@id\":\"https:\\\/\\\/www.baier-michels.com\\\/es\\\/#website\",\"url\":\"https:\\\/\\\/www.baier-michels.com\\\/es\\\/\",\"name\":\"b&m\",\"description\":\"baier&amp;michels Gmbh &amp; Co KG\",\"publisher\":{\"@id\":\"https:\\\/\\\/www.baier-michels.com\\\/es\\\/#organization\"},\"potentialAction\":[{\"@type\":\"SearchAction\",\"target\":{\"@type\":\"EntryPoint\",\"urlTemplate\":\"https:\\\/\\\/www.baier-michels.com\\\/es\\\/?s={search_term_string}\"},\"query-input\":{\"@type\":\"PropertyValueSpecification\",\"valueRequired\":true,\"valueName\":\"search_term_string\"}}],\"inLanguage\":\"es\"},{\"@type\":\"Organization\",\"@id\":\"https:\\\/\\\/www.baier-michels.com\\\/es\\\/#organization\",\"name\":\"baier & michels GmbH & Co KG\",\"url\":\"https:\\\/\\\/www.baier-michels.com\\\/es\\\/\",\"logo\":{\"@type\":\"ImageObject\",\"inLanguage\":\"es\",\"@id\":\"https:\\\/\\\/www.baier-michels.com\\\/es\\\/#\\\/schema\\\/logo\\\/image\\\/\",\"url\":\"\",\"contentUrl\":\"\",\"caption\":\"baier & michels GmbH & Co KG\"},\"image\":{\"@id\":\"https:\\\/\\\/www.baier-michels.com\\\/es\\\/#\\\/schema\\\/logo\\\/image\\\/\"},\"sameAs\":[\"https:\\\/\\\/www.linkedin.com\\\/company\\\/baier-michels\\\/?viewAsMember=true\",\"https:\\\/\\\/www.youtube.com\\\/channel\\\/UCdBWm_HCAtCjxiFZWloFYGw?view_as=subscriber\"]}]}<\/script>\n<!-- \/ Yoast SEO plugin. -->","yoast_head_json":{"title":"Producci\u00f3n - b&amp;m Homepage","description":"Unsere eigene Produktion mit Presserei, Walzerei, Sortierungsanlagen sowie Systemen zur Prozess\u00fcberwachung\u2026","robots":{"index":"index","follow":"follow","max-snippet":"max-snippet:-1","max-image-preview":"max-image-preview:large","max-video-preview":"max-video-preview:-1"},"canonical":"https:\/\/www.baier-michels.com\/es\/servicios\/produccion\/","og_locale":"es_ES","og_type":"article","og_title":"Producci\u00f3n - b&amp;m Homepage","og_description":"Unsere eigene Produktion mit Presserei, Walzerei, Sortierungsanlagen sowie Systemen zur Prozess\u00fcberwachung\u2026","og_url":"https:\/\/www.baier-michels.com\/es\/servicios\/produccion\/","og_site_name":"b&amp;m Homepage","article_modified_time":"2024-07-19T08:40:52+00:00","twitter_card":"summary_large_image","twitter_misc":{"Tiempo de lectura":"1 minuto"},"schema":{"@context":"https:\/\/schema.org","@graph":[{"@type":"WebPage","@id":"https:\/\/www.baier-michels.com\/es\/servicios\/produccion\/","url":"https:\/\/www.baier-michels.com\/es\/servicios\/produccion\/","name":"Producci\u00f3n - b&amp;m Homepage","isPartOf":{"@id":"https:\/\/www.baier-michels.com\/es\/#website"},"datePublished":"2023-07-24T23:00:00+00:00","dateModified":"2024-07-19T08:40:52+00:00","description":"Unsere eigene Produktion mit Presserei, Walzerei, Sortierungsanlagen sowie Systemen zur Prozess\u00fcberwachung\u2026","breadcrumb":{"@id":"https:\/\/www.baier-michels.com\/es\/servicios\/produccion\/#breadcrumb"},"inLanguage":"es","potentialAction":[{"@type":"ReadAction","target":["https:\/\/www.baier-michels.com\/es\/servicios\/produccion\/"]}]},{"@type":"BreadcrumbList","@id":"https:\/\/www.baier-michels.com\/es\/servicios\/produccion\/#breadcrumb","itemListElement":[{"@type":"ListItem","position":1,"name":"Startseite","item":"https:\/\/www.baier-michels.com\/es\/"},{"@type":"ListItem","position":2,"name":"Servicios","item":"https:\/\/www.baier-michels.com\/es\/servicios\/"},{"@type":"ListItem","position":3,"name":"Producci\u00f3n"}]},{"@type":"WebSite","@id":"https:\/\/www.baier-michels.com\/es\/#website","url":"https:\/\/www.baier-michels.com\/es\/","name":"b&m","description":"baier&amp;michels Gmbh &amp; Co KG","publisher":{"@id":"https:\/\/www.baier-michels.com\/es\/#organization"},"potentialAction":[{"@type":"SearchAction","target":{"@type":"EntryPoint","urlTemplate":"https:\/\/www.baier-michels.com\/es\/?s={search_term_string}"},"query-input":{"@type":"PropertyValueSpecification","valueRequired":true,"valueName":"search_term_string"}}],"inLanguage":"es"},{"@type":"Organization","@id":"https:\/\/www.baier-michels.com\/es\/#organization","name":"baier & michels GmbH & Co KG","url":"https:\/\/www.baier-michels.com\/es\/","logo":{"@type":"ImageObject","inLanguage":"es","@id":"https:\/\/www.baier-michels.com\/es\/#\/schema\/logo\/image\/","url":"","contentUrl":"","caption":"baier & michels GmbH & Co KG"},"image":{"@id":"https:\/\/www.baier-michels.com\/es\/#\/schema\/logo\/image\/"},"sameAs":["https:\/\/www.linkedin.com\/company\/baier-michels\/?viewAsMember=true","https:\/\/www.youtube.com\/channel\/UCdBWm_HCAtCjxiFZWloFYGw?view_as=subscriber"]}]}},"_links":{"self":[{"href":"https:\/\/www.baier-michels.com\/es\/wp-json\/wp\/v2\/pages\/10348","targetHints":{"allow":["GET"]}}],"collection":[{"href":"https:\/\/www.baier-michels.com\/es\/wp-json\/wp\/v2\/pages"}],"about":[{"href":"https:\/\/www.baier-michels.com\/es\/wp-json\/wp\/v2\/types\/page"}],"author":[{"embeddable":true,"href":"https:\/\/www.baier-michels.com\/es\/wp-json\/wp\/v2\/users\/1"}],"replies":[{"embeddable":true,"href":"https:\/\/www.baier-michels.com\/es\/wp-json\/wp\/v2\/comments?post=10348"}],"version-history":[{"count":0,"href":"https:\/\/www.baier-michels.com\/es\/wp-json\/wp\/v2\/pages\/10348\/revisions"}],"up":[{"embeddable":true,"href":"https:\/\/www.baier-michels.com\/es\/wp-json\/wp\/v2\/pages\/10330"}],"wp:attachment":[{"href":"https:\/\/www.baier-michels.com\/es\/wp-json\/wp\/v2\/media?parent=10348"}],"wp:term":[{"taxonomy":"category","embeddable":true,"href":"https:\/\/www.baier-michels.com\/es\/wp-json\/wp\/v2\/categories?post=10348"}],"curies":[{"name":"wp","href":"https:\/\/api.w.org\/{rel}","templated":true}]}}