{"id":10361,"date":"2023-07-25T00:00:00","date_gmt":"2023-07-24T23:00:00","guid":{"rendered":"http:\/\/bm.baier-michels.local\/productos\/direktverschraubung-in-kunststoffe\/bm-plast-r\/"},"modified":"2025-03-24T11:11:03","modified_gmt":"2025-03-24T10:11:03","slug":"bm-plast-r","status":"publish","type":"page","link":"https:\/\/www.baier-michels.com\/es\/productos\/direktverschraubung-in-kunststoffe\/bm-plast-r\/","title":{"rendered":"b&#038;m-PLAST R<sup class=\"copyright\">\u00ae<\/sup>"},"content":{"rendered":"<p>b&#038;m-PLAST R<sup class=\"copyright\">\u00ae<\/sup> es apto para el atornillado directo en pl\u00e1sticos poco o muy reforzados, incluidos los duropl\u00e1sticos.  El \u00e1ngulo de rosca reducido de este tornillo permite minimizar las tensiones radiales en el componente de pl\u00e1stico. Al mismo tiempo, la geometr\u00eda optimizada del fondo de rosca permite un flujo de material homog\u00e9neo. La cobertura de flancos mejorada y el dise\u00f1o optimizado del paso de rosca permiten obtener momentos de apriete y fuerzas de apriete superiores con una mejor capacidad de proceso.<\/p>\n","protected":false},"excerpt":{"rendered":"<p>b&#038;m-PLAST R\u00ae es apto para el atornillado directo en pl\u00e1sticos poco o muy reforzados, incluidos los duropl\u00e1sticos. El \u00e1ngulo de rosca reducido de este tornillo permite minimizar las tensiones radiales en el componente de pl\u00e1stico. Al mismo tiempo, la geometr\u00eda optimizada del fondo de rosca permite un flujo de material homog\u00e9neo. La cobertura de flancos [&hellip;]<\/p>\n","protected":false},"author":1,"featured_media":0,"parent":10340,"menu_order":1,"comment_status":"closed","ping_status":"closed","template":"template_brands_new.php","meta":{"_acf_changed":false,"footnotes":""},"categories":[],"class_list":["post-10361","page","type-page","status-publish","hentry"],"acf":[],"yoast_head":"<!-- This site is optimized with the Yoast SEO plugin v27.4 - https:\/\/yoast.com\/product\/yoast-seo-wordpress\/ -->\n<title>b&amp;m-PLAST R\u00ae - b&amp;m Homepage<\/title>\n<meta name=\"robots\" content=\"index, follow, max-snippet:-1, max-image-preview:large, max-video-preview:-1\" \/>\n<link rel=\"canonical\" href=\"https:\/\/www.baier-michels.com\/es\/productos\/direktverschraubung-in-kunststoffe\/bm-plast-r\/\" \/>\n<meta property=\"og:locale\" content=\"es_ES\" \/>\n<meta property=\"og:type\" content=\"article\" \/>\n<meta property=\"og:title\" content=\"b&amp;m-PLAST R\u00ae - b&amp;m Homepage\" \/>\n<meta property=\"og:description\" content=\"b&#038;m-PLAST R\u00ae es apto para el atornillado directo en pl\u00e1sticos poco o muy reforzados, incluidos los duropl\u00e1sticos. El \u00e1ngulo de rosca reducido de este tornillo permite minimizar las tensiones radiales en el componente de pl\u00e1stico. Al mismo tiempo, la geometr\u00eda optimizada del fondo de rosca permite un flujo de material homog\u00e9neo. La cobertura de flancos [&hellip;]\" \/>\n<meta property=\"og:url\" content=\"https:\/\/www.baier-michels.com\/es\/productos\/direktverschraubung-in-kunststoffe\/bm-plast-r\/\" \/>\n<meta property=\"og:site_name\" content=\"b&amp;m Homepage\" \/>\n<meta property=\"article:modified_time\" content=\"2025-03-24T10:11:03+00:00\" \/>\n<meta name=\"twitter:card\" content=\"summary_large_image\" \/>\n<meta name=\"twitter:label1\" content=\"Tiempo de lectura\" \/>\n\t<meta name=\"twitter:data1\" content=\"1 minuto\" \/>\n<script type=\"application\/ld+json\" class=\"yoast-schema-graph\">{\"@context\":\"https:\\\/\\\/schema.org\",\"@graph\":[{\"@type\":\"WebPage\",\"@id\":\"https:\\\/\\\/www.baier-michels.com\\\/es\\\/productos\\\/direktverschraubung-in-kunststoffe\\\/bm-plast-r\\\/\",\"url\":\"https:\\\/\\\/www.baier-michels.com\\\/es\\\/productos\\\/direktverschraubung-in-kunststoffe\\\/bm-plast-r\\\/\",\"name\":\"b&m-PLAST R\u00ae - b&amp;m Homepage\",\"isPartOf\":{\"@id\":\"https:\\\/\\\/www.baier-michels.com\\\/es\\\/#website\"},\"datePublished\":\"2023-07-24T23:00:00+00:00\",\"dateModified\":\"2025-03-24T10:11:03+00:00\",\"breadcrumb\":{\"@id\":\"https:\\\/\\\/www.baier-michels.com\\\/es\\\/productos\\\/direktverschraubung-in-kunststoffe\\\/bm-plast-r\\\/#breadcrumb\"},\"inLanguage\":\"es\",\"potentialAction\":[{\"@type\":\"ReadAction\",\"target\":[\"https:\\\/\\\/www.baier-michels.com\\\/es\\\/productos\\\/direktverschraubung-in-kunststoffe\\\/bm-plast-r\\\/\"]}]},{\"@type\":\"BreadcrumbList\",\"@id\":\"https:\\\/\\\/www.baier-michels.com\\\/es\\\/productos\\\/direktverschraubung-in-kunststoffe\\\/bm-plast-r\\\/#breadcrumb\",\"itemListElement\":[{\"@type\":\"ListItem\",\"position\":1,\"name\":\"Startseite\",\"item\":\"https:\\\/\\\/www.baier-michels.com\\\/es\\\/\"},{\"@type\":\"ListItem\",\"position\":2,\"name\":\"Productos\",\"item\":\"https:\\\/\\\/www.baier-michels.com\\\/es\\\/productos\\\/\"},{\"@type\":\"ListItem\",\"position\":3,\"name\":\"Atornillado directo en pl\u00e1sticos\",\"item\":\"https:\\\/\\\/www.baier-michels.com\\\/es\\\/productos\\\/direktverschraubung-in-kunststoffe\\\/\"},{\"@type\":\"ListItem\",\"position\":4,\"name\":\"b&#038;m-PLAST R\u00ae\"}]},{\"@type\":\"WebSite\",\"@id\":\"https:\\\/\\\/www.baier-michels.com\\\/es\\\/#website\",\"url\":\"https:\\\/\\\/www.baier-michels.com\\\/es\\\/\",\"name\":\"b&m\",\"description\":\"baier&amp;michels Gmbh &amp; Co KG\",\"publisher\":{\"@id\":\"https:\\\/\\\/www.baier-michels.com\\\/es\\\/#organization\"},\"potentialAction\":[{\"@type\":\"SearchAction\",\"target\":{\"@type\":\"EntryPoint\",\"urlTemplate\":\"https:\\\/\\\/www.baier-michels.com\\\/es\\\/?s={search_term_string}\"},\"query-input\":{\"@type\":\"PropertyValueSpecification\",\"valueRequired\":true,\"valueName\":\"search_term_string\"}}],\"inLanguage\":\"es\"},{\"@type\":\"Organization\",\"@id\":\"https:\\\/\\\/www.baier-michels.com\\\/es\\\/#organization\",\"name\":\"baier & michels GmbH & Co KG\",\"url\":\"https:\\\/\\\/www.baier-michels.com\\\/es\\\/\",\"logo\":{\"@type\":\"ImageObject\",\"inLanguage\":\"es\",\"@id\":\"https:\\\/\\\/www.baier-michels.com\\\/es\\\/#\\\/schema\\\/logo\\\/image\\\/\",\"url\":\"\",\"contentUrl\":\"\",\"caption\":\"baier & michels GmbH & Co KG\"},\"image\":{\"@id\":\"https:\\\/\\\/www.baier-michels.com\\\/es\\\/#\\\/schema\\\/logo\\\/image\\\/\"},\"sameAs\":[\"https:\\\/\\\/www.linkedin.com\\\/company\\\/baier-michels\\\/?viewAsMember=true\",\"https:\\\/\\\/www.youtube.com\\\/channel\\\/UCdBWm_HCAtCjxiFZWloFYGw?view_as=subscriber\"]}]}<\/script>\n<!-- \/ Yoast SEO plugin. -->","yoast_head_json":{"title":"b&m-PLAST R\u00ae - b&amp;m Homepage","robots":{"index":"index","follow":"follow","max-snippet":"max-snippet:-1","max-image-preview":"max-image-preview:large","max-video-preview":"max-video-preview:-1"},"canonical":"https:\/\/www.baier-michels.com\/es\/productos\/direktverschraubung-in-kunststoffe\/bm-plast-r\/","og_locale":"es_ES","og_type":"article","og_title":"b&m-PLAST R\u00ae - b&amp;m Homepage","og_description":"b&#038;m-PLAST R\u00ae es apto para el atornillado directo en pl\u00e1sticos poco o muy reforzados, incluidos los duropl\u00e1sticos. El \u00e1ngulo de rosca reducido de este tornillo permite minimizar las tensiones radiales en el componente de pl\u00e1stico. Al mismo tiempo, la geometr\u00eda optimizada del fondo de rosca permite un flujo de material homog\u00e9neo. La cobertura de flancos [&hellip;]","og_url":"https:\/\/www.baier-michels.com\/es\/productos\/direktverschraubung-in-kunststoffe\/bm-plast-r\/","og_site_name":"b&amp;m Homepage","article_modified_time":"2025-03-24T10:11:03+00:00","twitter_card":"summary_large_image","twitter_misc":{"Tiempo de lectura":"1 minuto"},"schema":{"@context":"https:\/\/schema.org","@graph":[{"@type":"WebPage","@id":"https:\/\/www.baier-michels.com\/es\/productos\/direktverschraubung-in-kunststoffe\/bm-plast-r\/","url":"https:\/\/www.baier-michels.com\/es\/productos\/direktverschraubung-in-kunststoffe\/bm-plast-r\/","name":"b&m-PLAST R\u00ae - b&amp;m Homepage","isPartOf":{"@id":"https:\/\/www.baier-michels.com\/es\/#website"},"datePublished":"2023-07-24T23:00:00+00:00","dateModified":"2025-03-24T10:11:03+00:00","breadcrumb":{"@id":"https:\/\/www.baier-michels.com\/es\/productos\/direktverschraubung-in-kunststoffe\/bm-plast-r\/#breadcrumb"},"inLanguage":"es","potentialAction":[{"@type":"ReadAction","target":["https:\/\/www.baier-michels.com\/es\/productos\/direktverschraubung-in-kunststoffe\/bm-plast-r\/"]}]},{"@type":"BreadcrumbList","@id":"https:\/\/www.baier-michels.com\/es\/productos\/direktverschraubung-in-kunststoffe\/bm-plast-r\/#breadcrumb","itemListElement":[{"@type":"ListItem","position":1,"name":"Startseite","item":"https:\/\/www.baier-michels.com\/es\/"},{"@type":"ListItem","position":2,"name":"Productos","item":"https:\/\/www.baier-michels.com\/es\/productos\/"},{"@type":"ListItem","position":3,"name":"Atornillado directo en pl\u00e1sticos","item":"https:\/\/www.baier-michels.com\/es\/productos\/direktverschraubung-in-kunststoffe\/"},{"@type":"ListItem","position":4,"name":"b&#038;m-PLAST R\u00ae"}]},{"@type":"WebSite","@id":"https:\/\/www.baier-michels.com\/es\/#website","url":"https:\/\/www.baier-michels.com\/es\/","name":"b&m","description":"baier&amp;michels Gmbh &amp; Co KG","publisher":{"@id":"https:\/\/www.baier-michels.com\/es\/#organization"},"potentialAction":[{"@type":"SearchAction","target":{"@type":"EntryPoint","urlTemplate":"https:\/\/www.baier-michels.com\/es\/?s={search_term_string}"},"query-input":{"@type":"PropertyValueSpecification","valueRequired":true,"valueName":"search_term_string"}}],"inLanguage":"es"},{"@type":"Organization","@id":"https:\/\/www.baier-michels.com\/es\/#organization","name":"baier & michels GmbH & Co KG","url":"https:\/\/www.baier-michels.com\/es\/","logo":{"@type":"ImageObject","inLanguage":"es","@id":"https:\/\/www.baier-michels.com\/es\/#\/schema\/logo\/image\/","url":"","contentUrl":"","caption":"baier & michels GmbH & Co KG"},"image":{"@id":"https:\/\/www.baier-michels.com\/es\/#\/schema\/logo\/image\/"},"sameAs":["https:\/\/www.linkedin.com\/company\/baier-michels\/?viewAsMember=true","https:\/\/www.youtube.com\/channel\/UCdBWm_HCAtCjxiFZWloFYGw?view_as=subscriber"]}]}},"_links":{"self":[{"href":"https:\/\/www.baier-michels.com\/es\/wp-json\/wp\/v2\/pages\/10361","targetHints":{"allow":["GET"]}}],"collection":[{"href":"https:\/\/www.baier-michels.com\/es\/wp-json\/wp\/v2\/pages"}],"about":[{"href":"https:\/\/www.baier-michels.com\/es\/wp-json\/wp\/v2\/types\/page"}],"author":[{"embeddable":true,"href":"https:\/\/www.baier-michels.com\/es\/wp-json\/wp\/v2\/users\/1"}],"replies":[{"embeddable":true,"href":"https:\/\/www.baier-michels.com\/es\/wp-json\/wp\/v2\/comments?post=10361"}],"version-history":[{"count":4,"href":"https:\/\/www.baier-michels.com\/es\/wp-json\/wp\/v2\/pages\/10361\/revisions"}],"predecessor-version":[{"id":16077,"href":"https:\/\/www.baier-michels.com\/es\/wp-json\/wp\/v2\/pages\/10361\/revisions\/16077"}],"up":[{"embeddable":true,"href":"https:\/\/www.baier-michels.com\/es\/wp-json\/wp\/v2\/pages\/10340"}],"wp:attachment":[{"href":"https:\/\/www.baier-michels.com\/es\/wp-json\/wp\/v2\/media?parent=10361"}],"wp:term":[{"taxonomy":"category","embeddable":true,"href":"https:\/\/www.baier-michels.com\/es\/wp-json\/wp\/v2\/categories?post=10361"}],"curies":[{"name":"wp","href":"https:\/\/api.w.org\/{rel}","templated":true}]}}