{"id":10370,"date":"2023-07-25T00:00:00","date_gmt":"2023-07-24T23:00:00","guid":{"rendered":"http:\/\/bm.baier-michels.local\/productos\/blindnietsysteme\/bm-rinu-hex\/"},"modified":"2024-11-14T16:26:23","modified_gmt":"2024-11-14T15:26:23","slug":"bm-rinu-hex","status":"publish","type":"page","link":"https:\/\/www.baier-michels.com\/es\/productos\/blindnietsysteme\/bm-rinu-hex\/","title":{"rendered":"b&#038;m-RINU<sup class=\"copyright\">\u00ae<\/sup> Hex"},"content":{"rendered":"<p>La tecnolog\u00eda de b&#038;m-RINU<sup class=\"copyright\">\u00ae<\/sup>\u00a0Hex permite unir entre s\u00ed componentes de paredes finas e instalar una rosca plenamente funcional con independencia del material de soporte de la aplicaci\u00f3n.<\/p>\n<p>En comparaci\u00f3n con las tuercas remachables ciegas cil\u00edndricas, la b&#038;m-RINU<sup class=\"copyright\">\u00ae<\/sup>\u00a0Hex, con su v\u00e1stago hexagonal, ofrece un ajuste de apriete en el agujero hexagonal existente. Tras el montaje, se dispondr\u00e1 de una rosca m\u00e9trica de alta calidad que puede utilizarse para el montaje de otros componentes. Dicha rosca se ofrece en diversos materiales y con distintas formas de cabeza y geometr\u00edas de v\u00e1stago para garantizar un ajuste perfecto a la aplicaci\u00f3n correspondiente. Gracias a sus elevadas prestaciones y a su construcci\u00f3n cada vez m\u00e1s ligera, la tuerca remachable ciega se ha consolidado tanto en la industria como en el sector del autom\u00f3vil.<\/p>\n","protected":false},"excerpt":{"rendered":"<p>La tecnolog\u00eda de b&#038;m-RINU\u00ae\u00a0Hex permite unir entre s\u00ed componentes de paredes finas e instalar una rosca plenamente funcional con independencia del material de soporte de la aplicaci\u00f3n. En comparaci\u00f3n con las tuercas remachables ciegas cil\u00edndricas, la b&#038;m-RINU\u00ae\u00a0Hex, con su v\u00e1stago hexagonal, ofrece un ajuste de apriete en el agujero hexagonal existente. Tras el montaje, se [&hellip;]<\/p>\n","protected":false},"author":1,"featured_media":0,"parent":10344,"menu_order":2,"comment_status":"closed","ping_status":"closed","template":"template_brands_new.php","meta":{"_acf_changed":false,"footnotes":""},"categories":[],"class_list":["post-10370","page","type-page","status-publish","hentry"],"acf":[],"yoast_head":"<!-- This site is optimized with the Yoast SEO plugin v27.3 - https:\/\/yoast.com\/product\/yoast-seo-wordpress\/ -->\n<title>b&amp;m-RINU\u00ae Hex - b&amp;m Homepage<\/title>\n<meta name=\"description\" content=\"Tuerca remachable ciega para incorporar una rosca en componentes de paredes finas\" \/>\n<meta name=\"robots\" content=\"index, follow, max-snippet:-1, max-image-preview:large, max-video-preview:-1\" \/>\n<link rel=\"canonical\" href=\"https:\/\/www.baier-michels.com\/es\/productos\/blindnietsysteme\/bm-rinu-hex\/\" \/>\n<meta property=\"og:locale\" content=\"es_ES\" \/>\n<meta property=\"og:type\" content=\"article\" \/>\n<meta property=\"og:title\" content=\"b&amp;m-RINU\u00ae Hex - b&amp;m Homepage\" \/>\n<meta property=\"og:description\" content=\"Tuerca remachable ciega para incorporar una rosca en componentes de paredes finas\" \/>\n<meta property=\"og:url\" content=\"https:\/\/www.baier-michels.com\/es\/productos\/blindnietsysteme\/bm-rinu-hex\/\" \/>\n<meta property=\"og:site_name\" content=\"b&amp;m Homepage\" \/>\n<meta property=\"article:modified_time\" content=\"2024-11-14T15:26:23+00:00\" \/>\n<meta name=\"twitter:card\" content=\"summary_large_image\" \/>\n<meta name=\"twitter:label1\" content=\"Tiempo de lectura\" \/>\n\t<meta name=\"twitter:data1\" content=\"1 minuto\" \/>\n<script type=\"application\/ld+json\" class=\"yoast-schema-graph\">{\"@context\":\"https:\\\/\\\/schema.org\",\"@graph\":[{\"@type\":\"WebPage\",\"@id\":\"https:\\\/\\\/www.baier-michels.com\\\/es\\\/productos\\\/blindnietsysteme\\\/bm-rinu-hex\\\/\",\"url\":\"https:\\\/\\\/www.baier-michels.com\\\/es\\\/productos\\\/blindnietsysteme\\\/bm-rinu-hex\\\/\",\"name\":\"b&m-RINU\u00ae Hex - b&amp;m Homepage\",\"isPartOf\":{\"@id\":\"https:\\\/\\\/www.baier-michels.com\\\/es\\\/#website\"},\"datePublished\":\"2023-07-24T23:00:00+00:00\",\"dateModified\":\"2024-11-14T15:26:23+00:00\",\"description\":\"Tuerca remachable ciega para incorporar una rosca en componentes de paredes finas\",\"breadcrumb\":{\"@id\":\"https:\\\/\\\/www.baier-michels.com\\\/es\\\/productos\\\/blindnietsysteme\\\/bm-rinu-hex\\\/#breadcrumb\"},\"inLanguage\":\"es\",\"potentialAction\":[{\"@type\":\"ReadAction\",\"target\":[\"https:\\\/\\\/www.baier-michels.com\\\/es\\\/productos\\\/blindnietsysteme\\\/bm-rinu-hex\\\/\"]}]},{\"@type\":\"BreadcrumbList\",\"@id\":\"https:\\\/\\\/www.baier-michels.com\\\/es\\\/productos\\\/blindnietsysteme\\\/bm-rinu-hex\\\/#breadcrumb\",\"itemListElement\":[{\"@type\":\"ListItem\",\"position\":1,\"name\":\"Startseite\",\"item\":\"https:\\\/\\\/www.baier-michels.com\\\/es\\\/\"},{\"@type\":\"ListItem\",\"position\":2,\"name\":\"Productos\",\"item\":\"https:\\\/\\\/www.baier-michels.com\\\/es\\\/productos\\\/\"},{\"@type\":\"ListItem\",\"position\":3,\"name\":\"Sistemas de remaches ciegos\",\"item\":\"https:\\\/\\\/www.baier-michels.com\\\/es\\\/productos\\\/blindnietsysteme\\\/\"},{\"@type\":\"ListItem\",\"position\":4,\"name\":\"b&#038;m-RINU\u00ae Hex\"}]},{\"@type\":\"WebSite\",\"@id\":\"https:\\\/\\\/www.baier-michels.com\\\/es\\\/#website\",\"url\":\"https:\\\/\\\/www.baier-michels.com\\\/es\\\/\",\"name\":\"b&m\",\"description\":\"baier&amp;michels Gmbh &amp; Co KG\",\"publisher\":{\"@id\":\"https:\\\/\\\/www.baier-michels.com\\\/es\\\/#organization\"},\"potentialAction\":[{\"@type\":\"SearchAction\",\"target\":{\"@type\":\"EntryPoint\",\"urlTemplate\":\"https:\\\/\\\/www.baier-michels.com\\\/es\\\/?s={search_term_string}\"},\"query-input\":{\"@type\":\"PropertyValueSpecification\",\"valueRequired\":true,\"valueName\":\"search_term_string\"}}],\"inLanguage\":\"es\"},{\"@type\":\"Organization\",\"@id\":\"https:\\\/\\\/www.baier-michels.com\\\/es\\\/#organization\",\"name\":\"baier & michels GmbH & Co KG\",\"url\":\"https:\\\/\\\/www.baier-michels.com\\\/es\\\/\",\"logo\":{\"@type\":\"ImageObject\",\"inLanguage\":\"es\",\"@id\":\"https:\\\/\\\/www.baier-michels.com\\\/es\\\/#\\\/schema\\\/logo\\\/image\\\/\",\"url\":\"\",\"contentUrl\":\"\",\"caption\":\"baier & michels GmbH & Co KG\"},\"image\":{\"@id\":\"https:\\\/\\\/www.baier-michels.com\\\/es\\\/#\\\/schema\\\/logo\\\/image\\\/\"},\"sameAs\":[\"https:\\\/\\\/www.linkedin.com\\\/company\\\/baier-michels\\\/?viewAsMember=true\",\"https:\\\/\\\/www.youtube.com\\\/channel\\\/UCdBWm_HCAtCjxiFZWloFYGw?view_as=subscriber\"]}]}<\/script>\n<!-- \/ Yoast SEO plugin. -->","yoast_head_json":{"title":"b&m-RINU\u00ae Hex - b&amp;m Homepage","description":"Tuerca remachable ciega para incorporar una rosca en componentes de paredes finas","robots":{"index":"index","follow":"follow","max-snippet":"max-snippet:-1","max-image-preview":"max-image-preview:large","max-video-preview":"max-video-preview:-1"},"canonical":"https:\/\/www.baier-michels.com\/es\/productos\/blindnietsysteme\/bm-rinu-hex\/","og_locale":"es_ES","og_type":"article","og_title":"b&m-RINU\u00ae Hex - b&amp;m Homepage","og_description":"Tuerca remachable ciega para incorporar una rosca en componentes de paredes finas","og_url":"https:\/\/www.baier-michels.com\/es\/productos\/blindnietsysteme\/bm-rinu-hex\/","og_site_name":"b&amp;m Homepage","article_modified_time":"2024-11-14T15:26:23+00:00","twitter_card":"summary_large_image","twitter_misc":{"Tiempo de lectura":"1 minuto"},"schema":{"@context":"https:\/\/schema.org","@graph":[{"@type":"WebPage","@id":"https:\/\/www.baier-michels.com\/es\/productos\/blindnietsysteme\/bm-rinu-hex\/","url":"https:\/\/www.baier-michels.com\/es\/productos\/blindnietsysteme\/bm-rinu-hex\/","name":"b&m-RINU\u00ae Hex - b&amp;m Homepage","isPartOf":{"@id":"https:\/\/www.baier-michels.com\/es\/#website"},"datePublished":"2023-07-24T23:00:00+00:00","dateModified":"2024-11-14T15:26:23+00:00","description":"Tuerca remachable ciega para incorporar una rosca en componentes de paredes finas","breadcrumb":{"@id":"https:\/\/www.baier-michels.com\/es\/productos\/blindnietsysteme\/bm-rinu-hex\/#breadcrumb"},"inLanguage":"es","potentialAction":[{"@type":"ReadAction","target":["https:\/\/www.baier-michels.com\/es\/productos\/blindnietsysteme\/bm-rinu-hex\/"]}]},{"@type":"BreadcrumbList","@id":"https:\/\/www.baier-michels.com\/es\/productos\/blindnietsysteme\/bm-rinu-hex\/#breadcrumb","itemListElement":[{"@type":"ListItem","position":1,"name":"Startseite","item":"https:\/\/www.baier-michels.com\/es\/"},{"@type":"ListItem","position":2,"name":"Productos","item":"https:\/\/www.baier-michels.com\/es\/productos\/"},{"@type":"ListItem","position":3,"name":"Sistemas de remaches ciegos","item":"https:\/\/www.baier-michels.com\/es\/productos\/blindnietsysteme\/"},{"@type":"ListItem","position":4,"name":"b&#038;m-RINU\u00ae Hex"}]},{"@type":"WebSite","@id":"https:\/\/www.baier-michels.com\/es\/#website","url":"https:\/\/www.baier-michels.com\/es\/","name":"b&m","description":"baier&amp;michels Gmbh &amp; Co KG","publisher":{"@id":"https:\/\/www.baier-michels.com\/es\/#organization"},"potentialAction":[{"@type":"SearchAction","target":{"@type":"EntryPoint","urlTemplate":"https:\/\/www.baier-michels.com\/es\/?s={search_term_string}"},"query-input":{"@type":"PropertyValueSpecification","valueRequired":true,"valueName":"search_term_string"}}],"inLanguage":"es"},{"@type":"Organization","@id":"https:\/\/www.baier-michels.com\/es\/#organization","name":"baier & michels GmbH & Co KG","url":"https:\/\/www.baier-michels.com\/es\/","logo":{"@type":"ImageObject","inLanguage":"es","@id":"https:\/\/www.baier-michels.com\/es\/#\/schema\/logo\/image\/","url":"","contentUrl":"","caption":"baier & michels GmbH & Co KG"},"image":{"@id":"https:\/\/www.baier-michels.com\/es\/#\/schema\/logo\/image\/"},"sameAs":["https:\/\/www.linkedin.com\/company\/baier-michels\/?viewAsMember=true","https:\/\/www.youtube.com\/channel\/UCdBWm_HCAtCjxiFZWloFYGw?view_as=subscriber"]}]}},"_links":{"self":[{"href":"https:\/\/www.baier-michels.com\/es\/wp-json\/wp\/v2\/pages\/10370","targetHints":{"allow":["GET"]}}],"collection":[{"href":"https:\/\/www.baier-michels.com\/es\/wp-json\/wp\/v2\/pages"}],"about":[{"href":"https:\/\/www.baier-michels.com\/es\/wp-json\/wp\/v2\/types\/page"}],"author":[{"embeddable":true,"href":"https:\/\/www.baier-michels.com\/es\/wp-json\/wp\/v2\/users\/1"}],"replies":[{"embeddable":true,"href":"https:\/\/www.baier-michels.com\/es\/wp-json\/wp\/v2\/comments?post=10370"}],"version-history":[{"count":2,"href":"https:\/\/www.baier-michels.com\/es\/wp-json\/wp\/v2\/pages\/10370\/revisions"}],"predecessor-version":[{"id":14355,"href":"https:\/\/www.baier-michels.com\/es\/wp-json\/wp\/v2\/pages\/10370\/revisions\/14355"}],"up":[{"embeddable":true,"href":"https:\/\/www.baier-michels.com\/es\/wp-json\/wp\/v2\/pages\/10344"}],"wp:attachment":[{"href":"https:\/\/www.baier-michels.com\/es\/wp-json\/wp\/v2\/media?parent=10370"}],"wp:term":[{"taxonomy":"category","embeddable":true,"href":"https:\/\/www.baier-michels.com\/es\/wp-json\/wp\/v2\/categories?post=10370"}],"curies":[{"name":"wp","href":"https:\/\/api.w.org\/{rel}","templated":true}]}}