{"id":10371,"date":"2023-07-25T00:00:00","date_gmt":"2023-07-24T23:00:00","guid":{"rendered":"http:\/\/bm.baier-michels.local\/productos\/gewindeeinsaetze-und-bolzen\/bm-repto-m\/"},"modified":"2024-12-18T13:18:16","modified_gmt":"2024-12-18T12:18:16","slug":"bm-repto-m","status":"publish","type":"page","link":"https:\/\/www.baier-michels.com\/es\/productos\/gewindeeinsaetze-und-bolzen\/bm-repto-m\/","title":{"rendered":"b&#038;m-REPTO<sup class=\"copyright\">\u00ae<\/sup> M"},"content":{"rendered":"<p>El b&#038;m-REPTO<sup class=\"copyright\">\u00ae<\/sup>\u00a0M es un inserto roscado para sobreinyecci\u00f3n, cuya misi\u00f3n es unir los tornillos con los componentes de pl\u00e1stico de manera fiable y repetible. <\/p>\n<p>El pl\u00e1stico rodea al inserto en ajuste de apriete durante la propia fabricaci\u00f3n del componente. Este proceso permite que la geometr\u00eda exterior est\u00e9 provista de cualquier tipo de destalonado o elemento antirrotaci\u00f3n, cuyo dise\u00f1o atender\u00e1 principalmente a las condiciones de carga en servicio. Con esta geometr\u00eda superficial optimizada, que se fija al pl\u00e1stico en ajuste de apriete durante el moldeo por inyecci\u00f3n, se pueden transmitir fuerzas de gran magnitud.<\/p>\n","protected":false},"excerpt":{"rendered":"<p>El b&#038;m-REPTO\u00ae\u00a0M es un inserto roscado para sobreinyecci\u00f3n, cuya misi\u00f3n es unir los tornillos con los componentes de pl\u00e1stico de manera fiable y repetible. El pl\u00e1stico rodea al inserto en ajuste de apriete durante la propia fabricaci\u00f3n del componente. Este proceso permite que la geometr\u00eda exterior est\u00e9 provista de cualquier tipo de destalonado o elemento [&hellip;]<\/p>\n","protected":false},"author":1,"featured_media":0,"parent":10338,"menu_order":2,"comment_status":"closed","ping_status":"closed","template":"template_brands_new.php","meta":{"_acf_changed":false,"footnotes":""},"categories":[],"class_list":["post-10371","page","type-page","status-publish","hentry"],"acf":[],"yoast_head":"<!-- This site is optimized with the Yoast SEO plugin v27.3 - https:\/\/yoast.com\/product\/yoast-seo-wordpress\/ -->\n<title>b&amp;m-REPTO\u00ae M - b&amp;m Homepage<\/title>\n<meta name=\"robots\" content=\"index, follow, max-snippet:-1, max-image-preview:large, max-video-preview:-1\" \/>\n<link rel=\"canonical\" href=\"https:\/\/www.baier-michels.com\/es\/productos\/gewindeeinsaetze-und-bolzen\/bm-repto-m\/\" \/>\n<meta property=\"og:locale\" content=\"es_ES\" \/>\n<meta property=\"og:type\" content=\"article\" \/>\n<meta property=\"og:title\" content=\"b&amp;m-REPTO\u00ae M - b&amp;m Homepage\" \/>\n<meta property=\"og:description\" content=\"El b&#038;m-REPTO\u00ae\u00a0M es un inserto roscado para sobreinyecci\u00f3n, cuya misi\u00f3n es unir los tornillos con los componentes de pl\u00e1stico de manera fiable y repetible. El pl\u00e1stico rodea al inserto en ajuste de apriete durante la propia fabricaci\u00f3n del componente. Este proceso permite que la geometr\u00eda exterior est\u00e9 provista de cualquier tipo de destalonado o elemento [&hellip;]\" \/>\n<meta property=\"og:url\" content=\"https:\/\/www.baier-michels.com\/es\/productos\/gewindeeinsaetze-und-bolzen\/bm-repto-m\/\" \/>\n<meta property=\"og:site_name\" content=\"b&amp;m Homepage\" \/>\n<meta property=\"article:modified_time\" content=\"2024-12-18T12:18:16+00:00\" \/>\n<meta name=\"twitter:card\" content=\"summary_large_image\" \/>\n<meta name=\"twitter:label1\" content=\"Tiempo de lectura\" \/>\n\t<meta name=\"twitter:data1\" content=\"1 minuto\" \/>\n<script type=\"application\/ld+json\" class=\"yoast-schema-graph\">{\"@context\":\"https:\\\/\\\/schema.org\",\"@graph\":[{\"@type\":\"WebPage\",\"@id\":\"https:\\\/\\\/www.baier-michels.com\\\/es\\\/productos\\\/gewindeeinsaetze-und-bolzen\\\/bm-repto-m\\\/\",\"url\":\"https:\\\/\\\/www.baier-michels.com\\\/es\\\/productos\\\/gewindeeinsaetze-und-bolzen\\\/bm-repto-m\\\/\",\"name\":\"b&m-REPTO\u00ae M - b&amp;m Homepage\",\"isPartOf\":{\"@id\":\"https:\\\/\\\/www.baier-michels.com\\\/es\\\/#website\"},\"datePublished\":\"2023-07-24T23:00:00+00:00\",\"dateModified\":\"2024-12-18T12:18:16+00:00\",\"breadcrumb\":{\"@id\":\"https:\\\/\\\/www.baier-michels.com\\\/es\\\/productos\\\/gewindeeinsaetze-und-bolzen\\\/bm-repto-m\\\/#breadcrumb\"},\"inLanguage\":\"es\",\"potentialAction\":[{\"@type\":\"ReadAction\",\"target\":[\"https:\\\/\\\/www.baier-michels.com\\\/es\\\/productos\\\/gewindeeinsaetze-und-bolzen\\\/bm-repto-m\\\/\"]}]},{\"@type\":\"BreadcrumbList\",\"@id\":\"https:\\\/\\\/www.baier-michels.com\\\/es\\\/productos\\\/gewindeeinsaetze-und-bolzen\\\/bm-repto-m\\\/#breadcrumb\",\"itemListElement\":[{\"@type\":\"ListItem\",\"position\":1,\"name\":\"Startseite\",\"item\":\"https:\\\/\\\/www.baier-michels.com\\\/es\\\/\"},{\"@type\":\"ListItem\",\"position\":2,\"name\":\"Productos\",\"item\":\"https:\\\/\\\/www.baier-michels.com\\\/es\\\/productos\\\/\"},{\"@type\":\"ListItem\",\"position\":3,\"name\":\"Insertos roscados y pernos roscados\",\"item\":\"https:\\\/\\\/www.baier-michels.com\\\/es\\\/productos\\\/gewindeeinsaetze-und-bolzen\\\/\"},{\"@type\":\"ListItem\",\"position\":4,\"name\":\"b&#038;m-REPTO\u00ae M\"}]},{\"@type\":\"WebSite\",\"@id\":\"https:\\\/\\\/www.baier-michels.com\\\/es\\\/#website\",\"url\":\"https:\\\/\\\/www.baier-michels.com\\\/es\\\/\",\"name\":\"b&m\",\"description\":\"baier&amp;michels Gmbh &amp; Co KG\",\"publisher\":{\"@id\":\"https:\\\/\\\/www.baier-michels.com\\\/es\\\/#organization\"},\"potentialAction\":[{\"@type\":\"SearchAction\",\"target\":{\"@type\":\"EntryPoint\",\"urlTemplate\":\"https:\\\/\\\/www.baier-michels.com\\\/es\\\/?s={search_term_string}\"},\"query-input\":{\"@type\":\"PropertyValueSpecification\",\"valueRequired\":true,\"valueName\":\"search_term_string\"}}],\"inLanguage\":\"es\"},{\"@type\":\"Organization\",\"@id\":\"https:\\\/\\\/www.baier-michels.com\\\/es\\\/#organization\",\"name\":\"baier & michels GmbH & Co KG\",\"url\":\"https:\\\/\\\/www.baier-michels.com\\\/es\\\/\",\"logo\":{\"@type\":\"ImageObject\",\"inLanguage\":\"es\",\"@id\":\"https:\\\/\\\/www.baier-michels.com\\\/es\\\/#\\\/schema\\\/logo\\\/image\\\/\",\"url\":\"\",\"contentUrl\":\"\",\"caption\":\"baier & michels GmbH & Co KG\"},\"image\":{\"@id\":\"https:\\\/\\\/www.baier-michels.com\\\/es\\\/#\\\/schema\\\/logo\\\/image\\\/\"},\"sameAs\":[\"https:\\\/\\\/www.linkedin.com\\\/company\\\/baier-michels\\\/?viewAsMember=true\",\"https:\\\/\\\/www.youtube.com\\\/channel\\\/UCdBWm_HCAtCjxiFZWloFYGw?view_as=subscriber\"]}]}<\/script>\n<!-- \/ Yoast SEO plugin. -->","yoast_head_json":{"title":"b&m-REPTO\u00ae M - b&amp;m Homepage","robots":{"index":"index","follow":"follow","max-snippet":"max-snippet:-1","max-image-preview":"max-image-preview:large","max-video-preview":"max-video-preview:-1"},"canonical":"https:\/\/www.baier-michels.com\/es\/productos\/gewindeeinsaetze-und-bolzen\/bm-repto-m\/","og_locale":"es_ES","og_type":"article","og_title":"b&m-REPTO\u00ae M - b&amp;m Homepage","og_description":"El b&#038;m-REPTO\u00ae\u00a0M es un inserto roscado para sobreinyecci\u00f3n, cuya misi\u00f3n es unir los tornillos con los componentes de pl\u00e1stico de manera fiable y repetible. El pl\u00e1stico rodea al inserto en ajuste de apriete durante la propia fabricaci\u00f3n del componente. Este proceso permite que la geometr\u00eda exterior est\u00e9 provista de cualquier tipo de destalonado o elemento [&hellip;]","og_url":"https:\/\/www.baier-michels.com\/es\/productos\/gewindeeinsaetze-und-bolzen\/bm-repto-m\/","og_site_name":"b&amp;m Homepage","article_modified_time":"2024-12-18T12:18:16+00:00","twitter_card":"summary_large_image","twitter_misc":{"Tiempo de lectura":"1 minuto"},"schema":{"@context":"https:\/\/schema.org","@graph":[{"@type":"WebPage","@id":"https:\/\/www.baier-michels.com\/es\/productos\/gewindeeinsaetze-und-bolzen\/bm-repto-m\/","url":"https:\/\/www.baier-michels.com\/es\/productos\/gewindeeinsaetze-und-bolzen\/bm-repto-m\/","name":"b&m-REPTO\u00ae M - b&amp;m Homepage","isPartOf":{"@id":"https:\/\/www.baier-michels.com\/es\/#website"},"datePublished":"2023-07-24T23:00:00+00:00","dateModified":"2024-12-18T12:18:16+00:00","breadcrumb":{"@id":"https:\/\/www.baier-michels.com\/es\/productos\/gewindeeinsaetze-und-bolzen\/bm-repto-m\/#breadcrumb"},"inLanguage":"es","potentialAction":[{"@type":"ReadAction","target":["https:\/\/www.baier-michels.com\/es\/productos\/gewindeeinsaetze-und-bolzen\/bm-repto-m\/"]}]},{"@type":"BreadcrumbList","@id":"https:\/\/www.baier-michels.com\/es\/productos\/gewindeeinsaetze-und-bolzen\/bm-repto-m\/#breadcrumb","itemListElement":[{"@type":"ListItem","position":1,"name":"Startseite","item":"https:\/\/www.baier-michels.com\/es\/"},{"@type":"ListItem","position":2,"name":"Productos","item":"https:\/\/www.baier-michels.com\/es\/productos\/"},{"@type":"ListItem","position":3,"name":"Insertos roscados y pernos roscados","item":"https:\/\/www.baier-michels.com\/es\/productos\/gewindeeinsaetze-und-bolzen\/"},{"@type":"ListItem","position":4,"name":"b&#038;m-REPTO\u00ae M"}]},{"@type":"WebSite","@id":"https:\/\/www.baier-michels.com\/es\/#website","url":"https:\/\/www.baier-michels.com\/es\/","name":"b&m","description":"baier&amp;michels Gmbh &amp; Co KG","publisher":{"@id":"https:\/\/www.baier-michels.com\/es\/#organization"},"potentialAction":[{"@type":"SearchAction","target":{"@type":"EntryPoint","urlTemplate":"https:\/\/www.baier-michels.com\/es\/?s={search_term_string}"},"query-input":{"@type":"PropertyValueSpecification","valueRequired":true,"valueName":"search_term_string"}}],"inLanguage":"es"},{"@type":"Organization","@id":"https:\/\/www.baier-michels.com\/es\/#organization","name":"baier & michels GmbH & Co KG","url":"https:\/\/www.baier-michels.com\/es\/","logo":{"@type":"ImageObject","inLanguage":"es","@id":"https:\/\/www.baier-michels.com\/es\/#\/schema\/logo\/image\/","url":"","contentUrl":"","caption":"baier & michels GmbH & Co KG"},"image":{"@id":"https:\/\/www.baier-michels.com\/es\/#\/schema\/logo\/image\/"},"sameAs":["https:\/\/www.linkedin.com\/company\/baier-michels\/?viewAsMember=true","https:\/\/www.youtube.com\/channel\/UCdBWm_HCAtCjxiFZWloFYGw?view_as=subscriber"]}]}},"_links":{"self":[{"href":"https:\/\/www.baier-michels.com\/es\/wp-json\/wp\/v2\/pages\/10371","targetHints":{"allow":["GET"]}}],"collection":[{"href":"https:\/\/www.baier-michels.com\/es\/wp-json\/wp\/v2\/pages"}],"about":[{"href":"https:\/\/www.baier-michels.com\/es\/wp-json\/wp\/v2\/types\/page"}],"author":[{"embeddable":true,"href":"https:\/\/www.baier-michels.com\/es\/wp-json\/wp\/v2\/users\/1"}],"replies":[{"embeddable":true,"href":"https:\/\/www.baier-michels.com\/es\/wp-json\/wp\/v2\/comments?post=10371"}],"version-history":[{"count":1,"href":"https:\/\/www.baier-michels.com\/es\/wp-json\/wp\/v2\/pages\/10371\/revisions"}],"predecessor-version":[{"id":15466,"href":"https:\/\/www.baier-michels.com\/es\/wp-json\/wp\/v2\/pages\/10371\/revisions\/15466"}],"up":[{"embeddable":true,"href":"https:\/\/www.baier-michels.com\/es\/wp-json\/wp\/v2\/pages\/10338"}],"wp:attachment":[{"href":"https:\/\/www.baier-michels.com\/es\/wp-json\/wp\/v2\/media?parent=10371"}],"wp:term":[{"taxonomy":"category","embeddable":true,"href":"https:\/\/www.baier-michels.com\/es\/wp-json\/wp\/v2\/categories?post=10371"}],"curies":[{"name":"wp","href":"https:\/\/api.w.org\/{rel}","templated":true}]}}