{"id":10376,"date":"2023-07-25T00:00:00","date_gmt":"2023-07-24T23:00:00","guid":{"rendered":"http:\/\/bm.baier-michels.local\/productos\/gewindeeinsaetze-und-bolzen\/bm-repto-e\/"},"modified":"2025-01-02T13:42:41","modified_gmt":"2025-01-02T12:42:41","slug":"bm-repto-e","status":"publish","type":"page","link":"https:\/\/www.baier-michels.com\/es\/productos\/gewindeeinsaetze-und-bolzen\/bm-repto-e\/","title":{"rendered":"b&#038;m-REPTO<sup class=\"copyright\">\u00ae<\/sup> E"},"content":{"rendered":"<p>El b&#038;m-REPTO<sup class=\"copyright\">\u00ae<\/sup>\u00a0E es un inserto roscado para la incrustaci\u00f3n por expansi\u00f3n, cuya misi\u00f3n es permitir que los tornillos se puedan atornillar a los componentes de pl\u00e1stico de manera fiable y repetible. La geometr\u00eda exterior se caracteriza por disponer de un moleteado y una zona de incrustaci\u00f3n ranurada con un dise\u00f1o \u00f3ptimo para soportar cargas de tracci\u00f3n.<\/p>\n<p>Adem\u00e1s, la zona de aplicaci\u00f3n ranurada asegura el bloqueo antiaflojamiento. Al enroscar el tornillo durante el montaje, el inserto roscado se expande y, como consecuencia, el moleteado penetra en el pl\u00e1stico garantizando la fijaci\u00f3n del inserto roscado.<\/p>\n","protected":false},"excerpt":{"rendered":"<p>El b&#038;m-REPTO\u00ae\u00a0E es un inserto roscado para la incrustaci\u00f3n por expansi\u00f3n, cuya misi\u00f3n es permitir que los tornillos se puedan atornillar a los componentes de pl\u00e1stico de manera fiable y repetible. La geometr\u00eda exterior se caracteriza por disponer de un moleteado y una zona de incrustaci\u00f3n ranurada con un dise\u00f1o \u00f3ptimo para soportar cargas de [&hellip;]<\/p>\n","protected":false},"author":1,"featured_media":0,"parent":10338,"menu_order":5,"comment_status":"closed","ping_status":"closed","template":"template_brands_new.php","meta":{"_acf_changed":false,"footnotes":""},"categories":[],"class_list":["post-10376","page","type-page","status-publish","hentry"],"acf":[],"yoast_head":"<!-- This site is optimized with the Yoast SEO plugin v27.4 - https:\/\/yoast.com\/product\/yoast-seo-wordpress\/ -->\n<title>b&amp;m-REPTO\u00ae E - b&amp;m Homepage<\/title>\n<meta name=\"description\" content=\"Inserto roscado para la incrustaci\u00f3n por expansi\u00f3n en pl\u00e1sticos\" \/>\n<meta name=\"robots\" content=\"index, follow, max-snippet:-1, max-image-preview:large, max-video-preview:-1\" \/>\n<link rel=\"canonical\" href=\"https:\/\/www.baier-michels.com\/es\/productos\/gewindeeinsaetze-und-bolzen\/bm-repto-e\/\" \/>\n<meta property=\"og:locale\" content=\"es_ES\" \/>\n<meta property=\"og:type\" content=\"article\" \/>\n<meta property=\"og:title\" content=\"b&amp;m-REPTO\u00ae E - b&amp;m Homepage\" \/>\n<meta property=\"og:description\" content=\"Inserto roscado para la incrustaci\u00f3n por expansi\u00f3n en pl\u00e1sticos\" \/>\n<meta property=\"og:url\" content=\"https:\/\/www.baier-michels.com\/es\/productos\/gewindeeinsaetze-und-bolzen\/bm-repto-e\/\" \/>\n<meta property=\"og:site_name\" content=\"b&amp;m Homepage\" \/>\n<meta property=\"article:modified_time\" content=\"2025-01-02T12:42:41+00:00\" \/>\n<meta name=\"twitter:card\" content=\"summary_large_image\" \/>\n<meta name=\"twitter:label1\" content=\"Tiempo de lectura\" \/>\n\t<meta name=\"twitter:data1\" content=\"1 minuto\" \/>\n<script type=\"application\/ld+json\" class=\"yoast-schema-graph\">{\"@context\":\"https:\\\/\\\/schema.org\",\"@graph\":[{\"@type\":\"WebPage\",\"@id\":\"https:\\\/\\\/www.baier-michels.com\\\/es\\\/productos\\\/gewindeeinsaetze-und-bolzen\\\/bm-repto-e\\\/\",\"url\":\"https:\\\/\\\/www.baier-michels.com\\\/es\\\/productos\\\/gewindeeinsaetze-und-bolzen\\\/bm-repto-e\\\/\",\"name\":\"b&m-REPTO\u00ae E - b&amp;m Homepage\",\"isPartOf\":{\"@id\":\"https:\\\/\\\/www.baier-michels.com\\\/es\\\/#website\"},\"datePublished\":\"2023-07-24T23:00:00+00:00\",\"dateModified\":\"2025-01-02T12:42:41+00:00\",\"description\":\"Inserto roscado para la incrustaci\u00f3n por expansi\u00f3n en pl\u00e1sticos\",\"breadcrumb\":{\"@id\":\"https:\\\/\\\/www.baier-michels.com\\\/es\\\/productos\\\/gewindeeinsaetze-und-bolzen\\\/bm-repto-e\\\/#breadcrumb\"},\"inLanguage\":\"es\",\"potentialAction\":[{\"@type\":\"ReadAction\",\"target\":[\"https:\\\/\\\/www.baier-michels.com\\\/es\\\/productos\\\/gewindeeinsaetze-und-bolzen\\\/bm-repto-e\\\/\"]}]},{\"@type\":\"BreadcrumbList\",\"@id\":\"https:\\\/\\\/www.baier-michels.com\\\/es\\\/productos\\\/gewindeeinsaetze-und-bolzen\\\/bm-repto-e\\\/#breadcrumb\",\"itemListElement\":[{\"@type\":\"ListItem\",\"position\":1,\"name\":\"Startseite\",\"item\":\"https:\\\/\\\/www.baier-michels.com\\\/es\\\/\"},{\"@type\":\"ListItem\",\"position\":2,\"name\":\"Productos\",\"item\":\"https:\\\/\\\/www.baier-michels.com\\\/es\\\/productos\\\/\"},{\"@type\":\"ListItem\",\"position\":3,\"name\":\"Insertos roscados y pernos roscados\",\"item\":\"https:\\\/\\\/www.baier-michels.com\\\/es\\\/productos\\\/gewindeeinsaetze-und-bolzen\\\/\"},{\"@type\":\"ListItem\",\"position\":4,\"name\":\"b&#038;m-REPTO\u00ae E\"}]},{\"@type\":\"WebSite\",\"@id\":\"https:\\\/\\\/www.baier-michels.com\\\/es\\\/#website\",\"url\":\"https:\\\/\\\/www.baier-michels.com\\\/es\\\/\",\"name\":\"b&m\",\"description\":\"baier&amp;michels Gmbh &amp; Co KG\",\"publisher\":{\"@id\":\"https:\\\/\\\/www.baier-michels.com\\\/es\\\/#organization\"},\"potentialAction\":[{\"@type\":\"SearchAction\",\"target\":{\"@type\":\"EntryPoint\",\"urlTemplate\":\"https:\\\/\\\/www.baier-michels.com\\\/es\\\/?s={search_term_string}\"},\"query-input\":{\"@type\":\"PropertyValueSpecification\",\"valueRequired\":true,\"valueName\":\"search_term_string\"}}],\"inLanguage\":\"es\"},{\"@type\":\"Organization\",\"@id\":\"https:\\\/\\\/www.baier-michels.com\\\/es\\\/#organization\",\"name\":\"baier & michels GmbH & Co KG\",\"url\":\"https:\\\/\\\/www.baier-michels.com\\\/es\\\/\",\"logo\":{\"@type\":\"ImageObject\",\"inLanguage\":\"es\",\"@id\":\"https:\\\/\\\/www.baier-michels.com\\\/es\\\/#\\\/schema\\\/logo\\\/image\\\/\",\"url\":\"\",\"contentUrl\":\"\",\"caption\":\"baier & michels GmbH & Co KG\"},\"image\":{\"@id\":\"https:\\\/\\\/www.baier-michels.com\\\/es\\\/#\\\/schema\\\/logo\\\/image\\\/\"},\"sameAs\":[\"https:\\\/\\\/www.linkedin.com\\\/company\\\/baier-michels\\\/?viewAsMember=true\",\"https:\\\/\\\/www.youtube.com\\\/channel\\\/UCdBWm_HCAtCjxiFZWloFYGw?view_as=subscriber\"]}]}<\/script>\n<!-- \/ Yoast SEO plugin. -->","yoast_head_json":{"title":"b&m-REPTO\u00ae E - b&amp;m Homepage","description":"Inserto roscado para la incrustaci\u00f3n por expansi\u00f3n en pl\u00e1sticos","robots":{"index":"index","follow":"follow","max-snippet":"max-snippet:-1","max-image-preview":"max-image-preview:large","max-video-preview":"max-video-preview:-1"},"canonical":"https:\/\/www.baier-michels.com\/es\/productos\/gewindeeinsaetze-und-bolzen\/bm-repto-e\/","og_locale":"es_ES","og_type":"article","og_title":"b&m-REPTO\u00ae E - b&amp;m Homepage","og_description":"Inserto roscado para la incrustaci\u00f3n por expansi\u00f3n en pl\u00e1sticos","og_url":"https:\/\/www.baier-michels.com\/es\/productos\/gewindeeinsaetze-und-bolzen\/bm-repto-e\/","og_site_name":"b&amp;m Homepage","article_modified_time":"2025-01-02T12:42:41+00:00","twitter_card":"summary_large_image","twitter_misc":{"Tiempo de lectura":"1 minuto"},"schema":{"@context":"https:\/\/schema.org","@graph":[{"@type":"WebPage","@id":"https:\/\/www.baier-michels.com\/es\/productos\/gewindeeinsaetze-und-bolzen\/bm-repto-e\/","url":"https:\/\/www.baier-michels.com\/es\/productos\/gewindeeinsaetze-und-bolzen\/bm-repto-e\/","name":"b&m-REPTO\u00ae E - b&amp;m Homepage","isPartOf":{"@id":"https:\/\/www.baier-michels.com\/es\/#website"},"datePublished":"2023-07-24T23:00:00+00:00","dateModified":"2025-01-02T12:42:41+00:00","description":"Inserto roscado para la incrustaci\u00f3n por expansi\u00f3n en pl\u00e1sticos","breadcrumb":{"@id":"https:\/\/www.baier-michels.com\/es\/productos\/gewindeeinsaetze-und-bolzen\/bm-repto-e\/#breadcrumb"},"inLanguage":"es","potentialAction":[{"@type":"ReadAction","target":["https:\/\/www.baier-michels.com\/es\/productos\/gewindeeinsaetze-und-bolzen\/bm-repto-e\/"]}]},{"@type":"BreadcrumbList","@id":"https:\/\/www.baier-michels.com\/es\/productos\/gewindeeinsaetze-und-bolzen\/bm-repto-e\/#breadcrumb","itemListElement":[{"@type":"ListItem","position":1,"name":"Startseite","item":"https:\/\/www.baier-michels.com\/es\/"},{"@type":"ListItem","position":2,"name":"Productos","item":"https:\/\/www.baier-michels.com\/es\/productos\/"},{"@type":"ListItem","position":3,"name":"Insertos roscados y pernos roscados","item":"https:\/\/www.baier-michels.com\/es\/productos\/gewindeeinsaetze-und-bolzen\/"},{"@type":"ListItem","position":4,"name":"b&#038;m-REPTO\u00ae E"}]},{"@type":"WebSite","@id":"https:\/\/www.baier-michels.com\/es\/#website","url":"https:\/\/www.baier-michels.com\/es\/","name":"b&m","description":"baier&amp;michels Gmbh &amp; Co KG","publisher":{"@id":"https:\/\/www.baier-michels.com\/es\/#organization"},"potentialAction":[{"@type":"SearchAction","target":{"@type":"EntryPoint","urlTemplate":"https:\/\/www.baier-michels.com\/es\/?s={search_term_string}"},"query-input":{"@type":"PropertyValueSpecification","valueRequired":true,"valueName":"search_term_string"}}],"inLanguage":"es"},{"@type":"Organization","@id":"https:\/\/www.baier-michels.com\/es\/#organization","name":"baier & michels GmbH & Co KG","url":"https:\/\/www.baier-michels.com\/es\/","logo":{"@type":"ImageObject","inLanguage":"es","@id":"https:\/\/www.baier-michels.com\/es\/#\/schema\/logo\/image\/","url":"","contentUrl":"","caption":"baier & michels GmbH & Co KG"},"image":{"@id":"https:\/\/www.baier-michels.com\/es\/#\/schema\/logo\/image\/"},"sameAs":["https:\/\/www.linkedin.com\/company\/baier-michels\/?viewAsMember=true","https:\/\/www.youtube.com\/channel\/UCdBWm_HCAtCjxiFZWloFYGw?view_as=subscriber"]}]}},"_links":{"self":[{"href":"https:\/\/www.baier-michels.com\/es\/wp-json\/wp\/v2\/pages\/10376","targetHints":{"allow":["GET"]}}],"collection":[{"href":"https:\/\/www.baier-michels.com\/es\/wp-json\/wp\/v2\/pages"}],"about":[{"href":"https:\/\/www.baier-michels.com\/es\/wp-json\/wp\/v2\/types\/page"}],"author":[{"embeddable":true,"href":"https:\/\/www.baier-michels.com\/es\/wp-json\/wp\/v2\/users\/1"}],"replies":[{"embeddable":true,"href":"https:\/\/www.baier-michels.com\/es\/wp-json\/wp\/v2\/comments?post=10376"}],"version-history":[{"count":1,"href":"https:\/\/www.baier-michels.com\/es\/wp-json\/wp\/v2\/pages\/10376\/revisions"}],"predecessor-version":[{"id":15523,"href":"https:\/\/www.baier-michels.com\/es\/wp-json\/wp\/v2\/pages\/10376\/revisions\/15523"}],"up":[{"embeddable":true,"href":"https:\/\/www.baier-michels.com\/es\/wp-json\/wp\/v2\/pages\/10338"}],"wp:attachment":[{"href":"https:\/\/www.baier-michels.com\/es\/wp-json\/wp\/v2\/media?parent=10376"}],"wp:term":[{"taxonomy":"category","embeddable":true,"href":"https:\/\/www.baier-michels.com\/es\/wp-json\/wp\/v2\/categories?post=10376"}],"curies":[{"name":"wp","href":"https:\/\/api.w.org\/{rel}","templated":true}]}}