{"id":10383,"date":"2023-07-25T00:00:00","date_gmt":"2023-07-24T23:00:00","guid":{"rendered":"http:\/\/bm.baier-michels.local\/productos\/lager-und-daempfer\/bm-vibe\/"},"modified":"2024-11-11T14:10:46","modified_gmt":"2024-11-11T13:10:46","slug":"bm-vibe","status":"publish","type":"page","link":"https:\/\/www.baier-michels.com\/es\/productos\/lager-und-daempfer\/bm-vibe\/","title":{"rendered":"b&#038;m-VIBE<sup class=\"copyright\">\u00ae<\/sup>"},"content":{"rendered":"<p>El b&#038;m-VIBE<sup class=\"copyright\">\u00ae<\/sup> es el elemento de uni\u00f3n ideal para evitar la transmisi\u00f3n de posibles vibraciones a los componentes adyacentes. El b&#038;m-VIBE<sup class=\"copyright\">\u00ae<\/sup> es la respuesta de b&#038;m a las diversas exigencias del mercado para amortiguar las vibraciones y reducir la emisi\u00f3n de ruido.<\/p>\n<p>Los ruidos y vibraciones excesivos pueden causar problemas r\u00e1pidamente. Ambos factores pueden afectar negativamente al producto. Entre las posibles consecuencias se encuentran a menudo una menor vida \u00fatil del producto debido a fallos mec\u00e1nicos, un desgaste acelerado o un funcionamiento menos eficiente. Para ello, b&#038;m ofrece multitud de soluciones est\u00e1ndar, con y sin rosca interior. Para los casos con requisitos especiales, b&#038;m destaca por su gran flexibilidad y sus plazos de desarrollo cortos para adaptar sus soluciones a las aplicaciones espec\u00edficas del cliente.<\/p>\n<p>En la variante del b&#038;m-VIBE<sup class=\"copyright\">\u00ae<\/sup> con rosca se utiliza un inserto roscado sobreinyectado con elast\u00f3mero. Como alternativa, el b&#038;m-VIBE<sup class=\"copyright\">\u00ae<\/sup> tambi\u00e9n puede fabricarse simplemente con un manguito. En ese caso, para conseguir la uni\u00f3n entre los componentes, el contracomponente deber\u00e1 disponer de una rosca. En ambas variantes, al enroscar el tornillo se comprime el elast\u00f3mero, y este genera un protuberancia que se apoya sobre el componente que se desea fijar. El resultado es una uni\u00f3n segura y reversible con funciones de amortiguaci\u00f3n.<\/p>\n","protected":false},"excerpt":{"rendered":"<p>El b&#038;m-VIBE\u00ae es el elemento de uni\u00f3n ideal para evitar la transmisi\u00f3n de posibles vibraciones a los componentes adyacentes. El b&#038;m-VIBE\u00ae es la respuesta de b&#038;m a las diversas exigencias del mercado para amortiguar las vibraciones y reducir la emisi\u00f3n de ruido. Los ruidos y vibraciones excesivos pueden causar problemas r\u00e1pidamente. Ambos factores pueden afectar [&hellip;]<\/p>\n","protected":false},"author":1,"featured_media":0,"parent":10345,"menu_order":1,"comment_status":"closed","ping_status":"closed","template":"template_brands_new.php","meta":{"_acf_changed":false,"footnotes":""},"categories":[],"class_list":["post-10383","page","type-page","status-publish","hentry"],"acf":[],"yoast_head":"<!-- This site is optimized with the Yoast SEO plugin v27.3 - https:\/\/yoast.com\/product\/yoast-seo-wordpress\/ -->\n<title>b&amp;m-VIBE\u00ae - b&amp;m Homepage<\/title>\n<meta name=\"description\" content=\"Elemento aislante para absorber y disipar vibraciones y ruidos\" \/>\n<meta name=\"robots\" content=\"index, follow, max-snippet:-1, max-image-preview:large, max-video-preview:-1\" \/>\n<link rel=\"canonical\" href=\"https:\/\/www.baier-michels.com\/es\/productos\/lager-und-daempfer\/bm-vibe\/\" \/>\n<meta property=\"og:locale\" content=\"es_ES\" \/>\n<meta property=\"og:type\" content=\"article\" \/>\n<meta property=\"og:title\" content=\"b&amp;m-VIBE\u00ae - b&amp;m Homepage\" \/>\n<meta property=\"og:description\" content=\"Elemento aislante para absorber y disipar vibraciones y ruidos\" \/>\n<meta property=\"og:url\" content=\"https:\/\/www.baier-michels.com\/es\/productos\/lager-und-daempfer\/bm-vibe\/\" \/>\n<meta property=\"og:site_name\" content=\"b&amp;m Homepage\" \/>\n<meta property=\"article:modified_time\" content=\"2024-11-11T13:10:46+00:00\" \/>\n<meta name=\"twitter:card\" content=\"summary_large_image\" \/>\n<meta name=\"twitter:label1\" content=\"Tiempo de lectura\" \/>\n\t<meta name=\"twitter:data1\" content=\"1 minuto\" \/>\n<script type=\"application\/ld+json\" class=\"yoast-schema-graph\">{\"@context\":\"https:\\\/\\\/schema.org\",\"@graph\":[{\"@type\":\"WebPage\",\"@id\":\"https:\\\/\\\/www.baier-michels.com\\\/es\\\/productos\\\/lager-und-daempfer\\\/bm-vibe\\\/\",\"url\":\"https:\\\/\\\/www.baier-michels.com\\\/es\\\/productos\\\/lager-und-daempfer\\\/bm-vibe\\\/\",\"name\":\"b&m-VIBE\u00ae - b&amp;m Homepage\",\"isPartOf\":{\"@id\":\"https:\\\/\\\/www.baier-michels.com\\\/es\\\/#website\"},\"datePublished\":\"2023-07-24T23:00:00+00:00\",\"dateModified\":\"2024-11-11T13:10:46+00:00\",\"description\":\"Elemento aislante para absorber y disipar vibraciones y ruidos\",\"breadcrumb\":{\"@id\":\"https:\\\/\\\/www.baier-michels.com\\\/es\\\/productos\\\/lager-und-daempfer\\\/bm-vibe\\\/#breadcrumb\"},\"inLanguage\":\"es\",\"potentialAction\":[{\"@type\":\"ReadAction\",\"target\":[\"https:\\\/\\\/www.baier-michels.com\\\/es\\\/productos\\\/lager-und-daempfer\\\/bm-vibe\\\/\"]}]},{\"@type\":\"BreadcrumbList\",\"@id\":\"https:\\\/\\\/www.baier-michels.com\\\/es\\\/productos\\\/lager-und-daempfer\\\/bm-vibe\\\/#breadcrumb\",\"itemListElement\":[{\"@type\":\"ListItem\",\"position\":1,\"name\":\"Startseite\",\"item\":\"https:\\\/\\\/www.baier-michels.com\\\/es\\\/\"},{\"@type\":\"ListItem\",\"position\":2,\"name\":\"Productos\",\"item\":\"https:\\\/\\\/www.baier-michels.com\\\/es\\\/productos\\\/\"},{\"@type\":\"ListItem\",\"position\":3,\"name\":\"Cojinetes y amortiguadores\",\"item\":\"https:\\\/\\\/www.baier-michels.com\\\/es\\\/products\\\/bearings-and-dampers\\\/\"},{\"@type\":\"ListItem\",\"position\":4,\"name\":\"b&#038;m-VIBE\u00ae\"}]},{\"@type\":\"WebSite\",\"@id\":\"https:\\\/\\\/www.baier-michels.com\\\/es\\\/#website\",\"url\":\"https:\\\/\\\/www.baier-michels.com\\\/es\\\/\",\"name\":\"b&m\",\"description\":\"baier&amp;michels Gmbh &amp; Co KG\",\"publisher\":{\"@id\":\"https:\\\/\\\/www.baier-michels.com\\\/es\\\/#organization\"},\"potentialAction\":[{\"@type\":\"SearchAction\",\"target\":{\"@type\":\"EntryPoint\",\"urlTemplate\":\"https:\\\/\\\/www.baier-michels.com\\\/es\\\/?s={search_term_string}\"},\"query-input\":{\"@type\":\"PropertyValueSpecification\",\"valueRequired\":true,\"valueName\":\"search_term_string\"}}],\"inLanguage\":\"es\"},{\"@type\":\"Organization\",\"@id\":\"https:\\\/\\\/www.baier-michels.com\\\/es\\\/#organization\",\"name\":\"baier & michels GmbH & Co KG\",\"url\":\"https:\\\/\\\/www.baier-michels.com\\\/es\\\/\",\"logo\":{\"@type\":\"ImageObject\",\"inLanguage\":\"es\",\"@id\":\"https:\\\/\\\/www.baier-michels.com\\\/es\\\/#\\\/schema\\\/logo\\\/image\\\/\",\"url\":\"\",\"contentUrl\":\"\",\"caption\":\"baier & michels GmbH & Co KG\"},\"image\":{\"@id\":\"https:\\\/\\\/www.baier-michels.com\\\/es\\\/#\\\/schema\\\/logo\\\/image\\\/\"},\"sameAs\":[\"https:\\\/\\\/www.linkedin.com\\\/company\\\/baier-michels\\\/?viewAsMember=true\",\"https:\\\/\\\/www.youtube.com\\\/channel\\\/UCdBWm_HCAtCjxiFZWloFYGw?view_as=subscriber\"]}]}<\/script>\n<!-- \/ Yoast SEO plugin. -->","yoast_head_json":{"title":"b&m-VIBE\u00ae - b&amp;m Homepage","description":"Elemento aislante para absorber y disipar vibraciones y ruidos","robots":{"index":"index","follow":"follow","max-snippet":"max-snippet:-1","max-image-preview":"max-image-preview:large","max-video-preview":"max-video-preview:-1"},"canonical":"https:\/\/www.baier-michels.com\/es\/productos\/lager-und-daempfer\/bm-vibe\/","og_locale":"es_ES","og_type":"article","og_title":"b&m-VIBE\u00ae - b&amp;m Homepage","og_description":"Elemento aislante para absorber y disipar vibraciones y ruidos","og_url":"https:\/\/www.baier-michels.com\/es\/productos\/lager-und-daempfer\/bm-vibe\/","og_site_name":"b&amp;m Homepage","article_modified_time":"2024-11-11T13:10:46+00:00","twitter_card":"summary_large_image","twitter_misc":{"Tiempo de lectura":"1 minuto"},"schema":{"@context":"https:\/\/schema.org","@graph":[{"@type":"WebPage","@id":"https:\/\/www.baier-michels.com\/es\/productos\/lager-und-daempfer\/bm-vibe\/","url":"https:\/\/www.baier-michels.com\/es\/productos\/lager-und-daempfer\/bm-vibe\/","name":"b&m-VIBE\u00ae - b&amp;m Homepage","isPartOf":{"@id":"https:\/\/www.baier-michels.com\/es\/#website"},"datePublished":"2023-07-24T23:00:00+00:00","dateModified":"2024-11-11T13:10:46+00:00","description":"Elemento aislante para absorber y disipar vibraciones y ruidos","breadcrumb":{"@id":"https:\/\/www.baier-michels.com\/es\/productos\/lager-und-daempfer\/bm-vibe\/#breadcrumb"},"inLanguage":"es","potentialAction":[{"@type":"ReadAction","target":["https:\/\/www.baier-michels.com\/es\/productos\/lager-und-daempfer\/bm-vibe\/"]}]},{"@type":"BreadcrumbList","@id":"https:\/\/www.baier-michels.com\/es\/productos\/lager-und-daempfer\/bm-vibe\/#breadcrumb","itemListElement":[{"@type":"ListItem","position":1,"name":"Startseite","item":"https:\/\/www.baier-michels.com\/es\/"},{"@type":"ListItem","position":2,"name":"Productos","item":"https:\/\/www.baier-michels.com\/es\/productos\/"},{"@type":"ListItem","position":3,"name":"Cojinetes y amortiguadores","item":"https:\/\/www.baier-michels.com\/es\/products\/bearings-and-dampers\/"},{"@type":"ListItem","position":4,"name":"b&#038;m-VIBE\u00ae"}]},{"@type":"WebSite","@id":"https:\/\/www.baier-michels.com\/es\/#website","url":"https:\/\/www.baier-michels.com\/es\/","name":"b&m","description":"baier&amp;michels Gmbh &amp; Co KG","publisher":{"@id":"https:\/\/www.baier-michels.com\/es\/#organization"},"potentialAction":[{"@type":"SearchAction","target":{"@type":"EntryPoint","urlTemplate":"https:\/\/www.baier-michels.com\/es\/?s={search_term_string}"},"query-input":{"@type":"PropertyValueSpecification","valueRequired":true,"valueName":"search_term_string"}}],"inLanguage":"es"},{"@type":"Organization","@id":"https:\/\/www.baier-michels.com\/es\/#organization","name":"baier & michels GmbH & Co KG","url":"https:\/\/www.baier-michels.com\/es\/","logo":{"@type":"ImageObject","inLanguage":"es","@id":"https:\/\/www.baier-michels.com\/es\/#\/schema\/logo\/image\/","url":"","contentUrl":"","caption":"baier & michels GmbH & Co KG"},"image":{"@id":"https:\/\/www.baier-michels.com\/es\/#\/schema\/logo\/image\/"},"sameAs":["https:\/\/www.linkedin.com\/company\/baier-michels\/?viewAsMember=true","https:\/\/www.youtube.com\/channel\/UCdBWm_HCAtCjxiFZWloFYGw?view_as=subscriber"]}]}},"_links":{"self":[{"href":"https:\/\/www.baier-michels.com\/es\/wp-json\/wp\/v2\/pages\/10383","targetHints":{"allow":["GET"]}}],"collection":[{"href":"https:\/\/www.baier-michels.com\/es\/wp-json\/wp\/v2\/pages"}],"about":[{"href":"https:\/\/www.baier-michels.com\/es\/wp-json\/wp\/v2\/types\/page"}],"author":[{"embeddable":true,"href":"https:\/\/www.baier-michels.com\/es\/wp-json\/wp\/v2\/users\/1"}],"replies":[{"embeddable":true,"href":"https:\/\/www.baier-michels.com\/es\/wp-json\/wp\/v2\/comments?post=10383"}],"version-history":[{"count":1,"href":"https:\/\/www.baier-michels.com\/es\/wp-json\/wp\/v2\/pages\/10383\/revisions"}],"predecessor-version":[{"id":13754,"href":"https:\/\/www.baier-michels.com\/es\/wp-json\/wp\/v2\/pages\/10383\/revisions\/13754"}],"up":[{"embeddable":true,"href":"https:\/\/www.baier-michels.com\/es\/wp-json\/wp\/v2\/pages\/10345"}],"wp:attachment":[{"href":"https:\/\/www.baier-michels.com\/es\/wp-json\/wp\/v2\/media?parent=10383"}],"wp:term":[{"taxonomy":"category","embeddable":true,"href":"https:\/\/www.baier-michels.com\/es\/wp-json\/wp\/v2\/categories?post=10383"}],"curies":[{"name":"wp","href":"https:\/\/api.w.org\/{rel}","templated":true}]}}