{"id":10385,"date":"2023-07-25T00:00:00","date_gmt":"2023-07-24T23:00:00","guid":{"rendered":"http:\/\/bm.baier-michels.local\/productos\/direktverschraubung-in-unterschiedliche-werkstoffe\/bm-form-lg-vario\/"},"modified":"2024-11-15T11:13:37","modified_gmt":"2024-11-15T10:13:37","slug":"bm-form-lg-vario","status":"publish","type":"page","link":"https:\/\/www.baier-michels.com\/es\/productos\/direktverschraubung-in-unterschiedliche-werkstoffe\/bm-form-lg-vario\/","title":{"rendered":"b&#038;m-FORM LG<sup class=\"copyright\">\u00ae<\/sup> Vario"},"content":{"rendered":"<p>El b&#038;m-FORM LG<sup class=\"copyright\">\u00ae<\/sup> Vario es adecuado para el atornillado en distintos materiales. Puede utilizarse para el atornillado directo tanto en metales como en pl\u00e1sticos. La forma asim\u00e9trica especial de la rosca permite optimizar el tiempo y los procesos de montaje. Por ello, el b&#038;m-FORM LG<sup class=\"copyright\">\u00ae<\/sup> Vario representa una magn\u00edfica soluci\u00f3n para la estandarizaci\u00f3n dentro del montaje con distintas aplicaciones.<\/p>\n","protected":false},"excerpt":{"rendered":"<p>El b&#038;m-FORM LG\u00ae Vario es adecuado para el atornillado en distintos materiales. Puede utilizarse para el atornillado directo tanto en metales como en pl\u00e1sticos. La forma asim\u00e9trica especial de la rosca permite optimizar el tiempo y los procesos de montaje. Por ello, el b&#038;m-FORM LG\u00ae Vario representa una magn\u00edfica soluci\u00f3n para la estandarizaci\u00f3n dentro del [&hellip;]<\/p>\n","protected":false},"author":1,"featured_media":0,"parent":10341,"menu_order":1,"comment_status":"closed","ping_status":"closed","template":"template_brands_new.php","meta":{"_acf_changed":false,"footnotes":""},"categories":[],"class_list":["post-10385","page","type-page","status-publish","hentry"],"acf":[],"yoast_head":"<!-- This site is optimized with the Yoast SEO plugin v27.4 - https:\/\/yoast.com\/product\/yoast-seo-wordpress\/ -->\n<title>b&amp;m-FORM LG\u00ae Vario - b&amp;m Homepage<\/title>\n<meta name=\"robots\" content=\"index, follow, max-snippet:-1, max-image-preview:large, max-video-preview:-1\" \/>\n<link rel=\"canonical\" href=\"https:\/\/www.baier-michels.com\/es\/productos\/direktverschraubung-in-unterschiedliche-werkstoffe\/bm-form-lg-vario\/\" \/>\n<meta property=\"og:locale\" content=\"es_ES\" \/>\n<meta property=\"og:type\" content=\"article\" \/>\n<meta property=\"og:title\" content=\"b&amp;m-FORM LG\u00ae Vario - b&amp;m Homepage\" \/>\n<meta property=\"og:description\" content=\"El b&#038;m-FORM LG\u00ae Vario es adecuado para el atornillado en distintos materiales. Puede utilizarse para el atornillado directo tanto en metales como en pl\u00e1sticos. La forma asim\u00e9trica especial de la rosca permite optimizar el tiempo y los procesos de montaje. Por ello, el b&#038;m-FORM LG\u00ae Vario representa una magn\u00edfica soluci\u00f3n para la estandarizaci\u00f3n dentro del [&hellip;]\" \/>\n<meta property=\"og:url\" content=\"https:\/\/www.baier-michels.com\/es\/productos\/direktverschraubung-in-unterschiedliche-werkstoffe\/bm-form-lg-vario\/\" \/>\n<meta property=\"og:site_name\" content=\"b&amp;m Homepage\" \/>\n<meta property=\"article:modified_time\" content=\"2024-11-15T10:13:37+00:00\" \/>\n<meta name=\"twitter:card\" content=\"summary_large_image\" \/>\n<meta name=\"twitter:label1\" content=\"Tiempo de lectura\" \/>\n\t<meta name=\"twitter:data1\" content=\"1 minuto\" \/>\n<script type=\"application\/ld+json\" class=\"yoast-schema-graph\">{\"@context\":\"https:\\\/\\\/schema.org\",\"@graph\":[{\"@type\":\"WebPage\",\"@id\":\"https:\\\/\\\/www.baier-michels.com\\\/es\\\/productos\\\/direktverschraubung-in-unterschiedliche-werkstoffe\\\/bm-form-lg-vario\\\/\",\"url\":\"https:\\\/\\\/www.baier-michels.com\\\/es\\\/productos\\\/direktverschraubung-in-unterschiedliche-werkstoffe\\\/bm-form-lg-vario\\\/\",\"name\":\"b&m-FORM LG\u00ae Vario - b&amp;m Homepage\",\"isPartOf\":{\"@id\":\"https:\\\/\\\/www.baier-michels.com\\\/es\\\/#website\"},\"datePublished\":\"2023-07-24T23:00:00+00:00\",\"dateModified\":\"2024-11-15T10:13:37+00:00\",\"breadcrumb\":{\"@id\":\"https:\\\/\\\/www.baier-michels.com\\\/es\\\/productos\\\/direktverschraubung-in-unterschiedliche-werkstoffe\\\/bm-form-lg-vario\\\/#breadcrumb\"},\"inLanguage\":\"es\",\"potentialAction\":[{\"@type\":\"ReadAction\",\"target\":[\"https:\\\/\\\/www.baier-michels.com\\\/es\\\/productos\\\/direktverschraubung-in-unterschiedliche-werkstoffe\\\/bm-form-lg-vario\\\/\"]}]},{\"@type\":\"BreadcrumbList\",\"@id\":\"https:\\\/\\\/www.baier-michels.com\\\/es\\\/productos\\\/direktverschraubung-in-unterschiedliche-werkstoffe\\\/bm-form-lg-vario\\\/#breadcrumb\",\"itemListElement\":[{\"@type\":\"ListItem\",\"position\":1,\"name\":\"Startseite\",\"item\":\"https:\\\/\\\/www.baier-michels.com\\\/es\\\/\"},{\"@type\":\"ListItem\",\"position\":2,\"name\":\"Productos\",\"item\":\"https:\\\/\\\/www.baier-michels.com\\\/es\\\/productos\\\/\"},{\"@type\":\"ListItem\",\"position\":3,\"name\":\"Atornillado directo en materiales diferentes\",\"item\":\"https:\\\/\\\/www.baier-michels.com\\\/es\\\/productos\\\/direktverschraubung-in-unterschiedliche-werkstoffe\\\/\"},{\"@type\":\"ListItem\",\"position\":4,\"name\":\"b&#038;m-FORM LG\u00ae Vario\"}]},{\"@type\":\"WebSite\",\"@id\":\"https:\\\/\\\/www.baier-michels.com\\\/es\\\/#website\",\"url\":\"https:\\\/\\\/www.baier-michels.com\\\/es\\\/\",\"name\":\"b&m\",\"description\":\"baier&amp;michels Gmbh &amp; Co KG\",\"publisher\":{\"@id\":\"https:\\\/\\\/www.baier-michels.com\\\/es\\\/#organization\"},\"potentialAction\":[{\"@type\":\"SearchAction\",\"target\":{\"@type\":\"EntryPoint\",\"urlTemplate\":\"https:\\\/\\\/www.baier-michels.com\\\/es\\\/?s={search_term_string}\"},\"query-input\":{\"@type\":\"PropertyValueSpecification\",\"valueRequired\":true,\"valueName\":\"search_term_string\"}}],\"inLanguage\":\"es\"},{\"@type\":\"Organization\",\"@id\":\"https:\\\/\\\/www.baier-michels.com\\\/es\\\/#organization\",\"name\":\"baier & michels GmbH & Co KG\",\"url\":\"https:\\\/\\\/www.baier-michels.com\\\/es\\\/\",\"logo\":{\"@type\":\"ImageObject\",\"inLanguage\":\"es\",\"@id\":\"https:\\\/\\\/www.baier-michels.com\\\/es\\\/#\\\/schema\\\/logo\\\/image\\\/\",\"url\":\"\",\"contentUrl\":\"\",\"caption\":\"baier & michels GmbH & Co KG\"},\"image\":{\"@id\":\"https:\\\/\\\/www.baier-michels.com\\\/es\\\/#\\\/schema\\\/logo\\\/image\\\/\"},\"sameAs\":[\"https:\\\/\\\/www.linkedin.com\\\/company\\\/baier-michels\\\/?viewAsMember=true\",\"https:\\\/\\\/www.youtube.com\\\/channel\\\/UCdBWm_HCAtCjxiFZWloFYGw?view_as=subscriber\"]}]}<\/script>\n<!-- \/ Yoast SEO plugin. -->","yoast_head_json":{"title":"b&m-FORM LG\u00ae Vario - b&amp;m Homepage","robots":{"index":"index","follow":"follow","max-snippet":"max-snippet:-1","max-image-preview":"max-image-preview:large","max-video-preview":"max-video-preview:-1"},"canonical":"https:\/\/www.baier-michels.com\/es\/productos\/direktverschraubung-in-unterschiedliche-werkstoffe\/bm-form-lg-vario\/","og_locale":"es_ES","og_type":"article","og_title":"b&m-FORM LG\u00ae Vario - b&amp;m Homepage","og_description":"El b&#038;m-FORM LG\u00ae Vario es adecuado para el atornillado en distintos materiales. Puede utilizarse para el atornillado directo tanto en metales como en pl\u00e1sticos. La forma asim\u00e9trica especial de la rosca permite optimizar el tiempo y los procesos de montaje. Por ello, el b&#038;m-FORM LG\u00ae Vario representa una magn\u00edfica soluci\u00f3n para la estandarizaci\u00f3n dentro del [&hellip;]","og_url":"https:\/\/www.baier-michels.com\/es\/productos\/direktverschraubung-in-unterschiedliche-werkstoffe\/bm-form-lg-vario\/","og_site_name":"b&amp;m Homepage","article_modified_time":"2024-11-15T10:13:37+00:00","twitter_card":"summary_large_image","twitter_misc":{"Tiempo de lectura":"1 minuto"},"schema":{"@context":"https:\/\/schema.org","@graph":[{"@type":"WebPage","@id":"https:\/\/www.baier-michels.com\/es\/productos\/direktverschraubung-in-unterschiedliche-werkstoffe\/bm-form-lg-vario\/","url":"https:\/\/www.baier-michels.com\/es\/productos\/direktverschraubung-in-unterschiedliche-werkstoffe\/bm-form-lg-vario\/","name":"b&m-FORM LG\u00ae Vario - b&amp;m Homepage","isPartOf":{"@id":"https:\/\/www.baier-michels.com\/es\/#website"},"datePublished":"2023-07-24T23:00:00+00:00","dateModified":"2024-11-15T10:13:37+00:00","breadcrumb":{"@id":"https:\/\/www.baier-michels.com\/es\/productos\/direktverschraubung-in-unterschiedliche-werkstoffe\/bm-form-lg-vario\/#breadcrumb"},"inLanguage":"es","potentialAction":[{"@type":"ReadAction","target":["https:\/\/www.baier-michels.com\/es\/productos\/direktverschraubung-in-unterschiedliche-werkstoffe\/bm-form-lg-vario\/"]}]},{"@type":"BreadcrumbList","@id":"https:\/\/www.baier-michels.com\/es\/productos\/direktverschraubung-in-unterschiedliche-werkstoffe\/bm-form-lg-vario\/#breadcrumb","itemListElement":[{"@type":"ListItem","position":1,"name":"Startseite","item":"https:\/\/www.baier-michels.com\/es\/"},{"@type":"ListItem","position":2,"name":"Productos","item":"https:\/\/www.baier-michels.com\/es\/productos\/"},{"@type":"ListItem","position":3,"name":"Atornillado directo en materiales diferentes","item":"https:\/\/www.baier-michels.com\/es\/productos\/direktverschraubung-in-unterschiedliche-werkstoffe\/"},{"@type":"ListItem","position":4,"name":"b&#038;m-FORM LG\u00ae Vario"}]},{"@type":"WebSite","@id":"https:\/\/www.baier-michels.com\/es\/#website","url":"https:\/\/www.baier-michels.com\/es\/","name":"b&m","description":"baier&amp;michels Gmbh &amp; Co KG","publisher":{"@id":"https:\/\/www.baier-michels.com\/es\/#organization"},"potentialAction":[{"@type":"SearchAction","target":{"@type":"EntryPoint","urlTemplate":"https:\/\/www.baier-michels.com\/es\/?s={search_term_string}"},"query-input":{"@type":"PropertyValueSpecification","valueRequired":true,"valueName":"search_term_string"}}],"inLanguage":"es"},{"@type":"Organization","@id":"https:\/\/www.baier-michels.com\/es\/#organization","name":"baier & michels GmbH & Co KG","url":"https:\/\/www.baier-michels.com\/es\/","logo":{"@type":"ImageObject","inLanguage":"es","@id":"https:\/\/www.baier-michels.com\/es\/#\/schema\/logo\/image\/","url":"","contentUrl":"","caption":"baier & michels GmbH & Co KG"},"image":{"@id":"https:\/\/www.baier-michels.com\/es\/#\/schema\/logo\/image\/"},"sameAs":["https:\/\/www.linkedin.com\/company\/baier-michels\/?viewAsMember=true","https:\/\/www.youtube.com\/channel\/UCdBWm_HCAtCjxiFZWloFYGw?view_as=subscriber"]}]}},"_links":{"self":[{"href":"https:\/\/www.baier-michels.com\/es\/wp-json\/wp\/v2\/pages\/10385","targetHints":{"allow":["GET"]}}],"collection":[{"href":"https:\/\/www.baier-michels.com\/es\/wp-json\/wp\/v2\/pages"}],"about":[{"href":"https:\/\/www.baier-michels.com\/es\/wp-json\/wp\/v2\/types\/page"}],"author":[{"embeddable":true,"href":"https:\/\/www.baier-michels.com\/es\/wp-json\/wp\/v2\/users\/1"}],"replies":[{"embeddable":true,"href":"https:\/\/www.baier-michels.com\/es\/wp-json\/wp\/v2\/comments?post=10385"}],"version-history":[{"count":2,"href":"https:\/\/www.baier-michels.com\/es\/wp-json\/wp\/v2\/pages\/10385\/revisions"}],"predecessor-version":[{"id":14644,"href":"https:\/\/www.baier-michels.com\/es\/wp-json\/wp\/v2\/pages\/10385\/revisions\/14644"}],"up":[{"embeddable":true,"href":"https:\/\/www.baier-michels.com\/es\/wp-json\/wp\/v2\/pages\/10341"}],"wp:attachment":[{"href":"https:\/\/www.baier-michels.com\/es\/wp-json\/wp\/v2\/media?parent=10385"}],"wp:term":[{"taxonomy":"category","embeddable":true,"href":"https:\/\/www.baier-michels.com\/es\/wp-json\/wp\/v2\/categories?post=10385"}],"curies":[{"name":"wp","href":"https:\/\/api.w.org\/{rel}","templated":true}]}}