{"id":10488,"date":"2023-07-25T00:00:00","date_gmt":"2023-07-24T23:00:00","guid":{"rendered":"http:\/\/bm.baier-michels.local\/sobre-nosotros\/die-bm-gruppe\/"},"modified":"2024-11-11T09:53:26","modified_gmt":"2024-11-11T08:53:26","slug":"die-bm-gruppe","status":"publish","type":"page","link":"https:\/\/www.baier-michels.com\/es\/sobre-nosotros\/die-bm-gruppe\/","title":{"rendered":"Visi\u00f3n general"},"content":{"rendered":"<p>Nuestro grupo b&#038;m tiene su sede en Ober-Ramstadt (al sur del estado federado de Hesse) y una vocaci\u00f3n global; y nos hemos construido una s\u00f3lida posici\u00f3n como socio innovador de la industria de producci\u00f3n en el \u00e1mbito del conformado en fr\u00edo. Los fundamentos de este posicionamiento son nuestros elementos de uni\u00f3n y nuestros sistemas de cierre y sellado de alta calidad, desarrollados y fabricados en nuestras propias instalaciones. Entre nuestros clientes hay fabricantes de equipos originales y proveedores del sector automovil\u00edstico, electrot\u00e9cnico y de la ingenier\u00eda m\u00e9dica.<\/p>\n<p>baier\u00a0&#038;\u00a0michels no solo apoya a esas empresas en su calidad de fabricante, sino que tambi\u00e9n les presta asistencia fiable para la resoluci\u00f3n de problemas: adem\u00e1s del asesoramiento t\u00e9cnico y los ensayos de uniones en nuestros laboratorios, ofrecemos formaciones especializadas y una extraordinaria herramienta de estandarizaci\u00f3n que permite a esas empresas reducir considerablemente la diversidad de sus piezas\u00a0C. Nuestros 500 empleados son nuestro bien m\u00e1s preciado. Gracias a sus conocimientos y su experiencia, siempre estamos en condiciones de satisfacer las m\u00e1ximas exigencias de nuestros clientes. \u00a1Aprov\u00e9chese de ello!<\/p>\n","protected":false},"excerpt":{"rendered":"<p>Nuestro grupo b&#038;m tiene su sede en Ober-Ramstadt (al sur del estado federado de Hesse) y una vocaci\u00f3n global; y nos hemos construido una s\u00f3lida posici\u00f3n como socio innovador de la industria de producci\u00f3n en el \u00e1mbito del conformado en fr\u00edo. Los fundamentos de este posicionamiento son nuestros elementos de uni\u00f3n y nuestros sistemas de [&hellip;]<\/p>\n","protected":false},"author":1,"featured_media":0,"parent":10333,"menu_order":1,"comment_status":"closed","ping_status":"closed","template":"template_page_e2.php","meta":{"_acf_changed":false,"footnotes":""},"categories":[],"class_list":["post-10488","page","type-page","status-publish","hentry"],"acf":[],"yoast_head":"<!-- This site is optimized with the Yoast SEO plugin v27.3 - https:\/\/yoast.com\/product\/yoast-seo-wordpress\/ -->\n<title>Visi\u00f3n general - b&amp;m Homepage<\/title>\n<meta name=\"description\" content=\"Die global ausgerichtete b&amp;m-Gruppe mit Hauptsitz im s\u00fcdhessischen Ober-Ramstadt hat sich eine starke Position als innovativer Partner der produzierenden Industrie im Bereich der Kaltumformung aufgebaut.\" \/>\n<meta name=\"robots\" content=\"index, follow, max-snippet:-1, max-image-preview:large, max-video-preview:-1\" \/>\n<link rel=\"canonical\" href=\"https:\/\/www.baier-michels.com\/es\/sobre-nosotros\/die-bm-gruppe\/\" \/>\n<meta property=\"og:locale\" content=\"es_ES\" \/>\n<meta property=\"og:type\" content=\"article\" \/>\n<meta property=\"og:title\" content=\"Visi\u00f3n general - b&amp;m Homepage\" \/>\n<meta property=\"og:description\" content=\"Die global ausgerichtete b&amp;m-Gruppe mit Hauptsitz im s\u00fcdhessischen Ober-Ramstadt hat sich eine starke Position als innovativer Partner der produzierenden Industrie im Bereich der Kaltumformung aufgebaut.\" \/>\n<meta property=\"og:url\" content=\"https:\/\/www.baier-michels.com\/es\/sobre-nosotros\/die-bm-gruppe\/\" \/>\n<meta property=\"og:site_name\" content=\"b&amp;m Homepage\" \/>\n<meta property=\"article:modified_time\" content=\"2024-11-11T08:53:26+00:00\" \/>\n<meta name=\"twitter:card\" content=\"summary_large_image\" \/>\n<meta name=\"twitter:label1\" content=\"Tiempo de lectura\" \/>\n\t<meta name=\"twitter:data1\" content=\"1 minuto\" \/>\n<script type=\"application\/ld+json\" class=\"yoast-schema-graph\">{\"@context\":\"https:\\\/\\\/schema.org\",\"@graph\":[{\"@type\":\"WebPage\",\"@id\":\"https:\\\/\\\/www.baier-michels.com\\\/es\\\/sobre-nosotros\\\/die-bm-gruppe\\\/\",\"url\":\"https:\\\/\\\/www.baier-michels.com\\\/es\\\/sobre-nosotros\\\/die-bm-gruppe\\\/\",\"name\":\"Visi\u00f3n general - b&amp;m Homepage\",\"isPartOf\":{\"@id\":\"https:\\\/\\\/www.baier-michels.com\\\/es\\\/#website\"},\"datePublished\":\"2023-07-24T23:00:00+00:00\",\"dateModified\":\"2024-11-11T08:53:26+00:00\",\"description\":\"Die global ausgerichtete b&m-Gruppe mit Hauptsitz im s\u00fcdhessischen Ober-Ramstadt hat sich eine starke Position als innovativer Partner der produzierenden Industrie im Bereich der Kaltumformung aufgebaut.\",\"breadcrumb\":{\"@id\":\"https:\\\/\\\/www.baier-michels.com\\\/es\\\/sobre-nosotros\\\/die-bm-gruppe\\\/#breadcrumb\"},\"inLanguage\":\"es\",\"potentialAction\":[{\"@type\":\"ReadAction\",\"target\":[\"https:\\\/\\\/www.baier-michels.com\\\/es\\\/sobre-nosotros\\\/die-bm-gruppe\\\/\"]}]},{\"@type\":\"BreadcrumbList\",\"@id\":\"https:\\\/\\\/www.baier-michels.com\\\/es\\\/sobre-nosotros\\\/die-bm-gruppe\\\/#breadcrumb\",\"itemListElement\":[{\"@type\":\"ListItem\",\"position\":1,\"name\":\"Startseite\",\"item\":\"https:\\\/\\\/www.baier-michels.com\\\/es\\\/\"},{\"@type\":\"ListItem\",\"position\":2,\"name\":\"Sobre nosotros\",\"item\":\"https:\\\/\\\/www.baier-michels.com\\\/es\\\/sobre-nosotros\\\/\"},{\"@type\":\"ListItem\",\"position\":3,\"name\":\"Visi\u00f3n general\"}]},{\"@type\":\"WebSite\",\"@id\":\"https:\\\/\\\/www.baier-michels.com\\\/es\\\/#website\",\"url\":\"https:\\\/\\\/www.baier-michels.com\\\/es\\\/\",\"name\":\"b&m\",\"description\":\"baier&amp;michels Gmbh &amp; Co KG\",\"publisher\":{\"@id\":\"https:\\\/\\\/www.baier-michels.com\\\/es\\\/#organization\"},\"potentialAction\":[{\"@type\":\"SearchAction\",\"target\":{\"@type\":\"EntryPoint\",\"urlTemplate\":\"https:\\\/\\\/www.baier-michels.com\\\/es\\\/?s={search_term_string}\"},\"query-input\":{\"@type\":\"PropertyValueSpecification\",\"valueRequired\":true,\"valueName\":\"search_term_string\"}}],\"inLanguage\":\"es\"},{\"@type\":\"Organization\",\"@id\":\"https:\\\/\\\/www.baier-michels.com\\\/es\\\/#organization\",\"name\":\"baier & michels GmbH & Co KG\",\"url\":\"https:\\\/\\\/www.baier-michels.com\\\/es\\\/\",\"logo\":{\"@type\":\"ImageObject\",\"inLanguage\":\"es\",\"@id\":\"https:\\\/\\\/www.baier-michels.com\\\/es\\\/#\\\/schema\\\/logo\\\/image\\\/\",\"url\":\"\",\"contentUrl\":\"\",\"caption\":\"baier & michels GmbH & Co KG\"},\"image\":{\"@id\":\"https:\\\/\\\/www.baier-michels.com\\\/es\\\/#\\\/schema\\\/logo\\\/image\\\/\"},\"sameAs\":[\"https:\\\/\\\/www.linkedin.com\\\/company\\\/baier-michels\\\/?viewAsMember=true\",\"https:\\\/\\\/www.youtube.com\\\/channel\\\/UCdBWm_HCAtCjxiFZWloFYGw?view_as=subscriber\"]}]}<\/script>\n<!-- \/ Yoast SEO plugin. -->","yoast_head_json":{"title":"Visi\u00f3n general - b&amp;m Homepage","description":"Die global ausgerichtete b&m-Gruppe mit Hauptsitz im s\u00fcdhessischen Ober-Ramstadt hat sich eine starke Position als innovativer Partner der produzierenden Industrie im Bereich der Kaltumformung aufgebaut.","robots":{"index":"index","follow":"follow","max-snippet":"max-snippet:-1","max-image-preview":"max-image-preview:large","max-video-preview":"max-video-preview:-1"},"canonical":"https:\/\/www.baier-michels.com\/es\/sobre-nosotros\/die-bm-gruppe\/","og_locale":"es_ES","og_type":"article","og_title":"Visi\u00f3n general - b&amp;m Homepage","og_description":"Die global ausgerichtete b&m-Gruppe mit Hauptsitz im s\u00fcdhessischen Ober-Ramstadt hat sich eine starke Position als innovativer Partner der produzierenden Industrie im Bereich der Kaltumformung aufgebaut.","og_url":"https:\/\/www.baier-michels.com\/es\/sobre-nosotros\/die-bm-gruppe\/","og_site_name":"b&amp;m Homepage","article_modified_time":"2024-11-11T08:53:26+00:00","twitter_card":"summary_large_image","twitter_misc":{"Tiempo de lectura":"1 minuto"},"schema":{"@context":"https:\/\/schema.org","@graph":[{"@type":"WebPage","@id":"https:\/\/www.baier-michels.com\/es\/sobre-nosotros\/die-bm-gruppe\/","url":"https:\/\/www.baier-michels.com\/es\/sobre-nosotros\/die-bm-gruppe\/","name":"Visi\u00f3n general - b&amp;m Homepage","isPartOf":{"@id":"https:\/\/www.baier-michels.com\/es\/#website"},"datePublished":"2023-07-24T23:00:00+00:00","dateModified":"2024-11-11T08:53:26+00:00","description":"Die global ausgerichtete b&m-Gruppe mit Hauptsitz im s\u00fcdhessischen Ober-Ramstadt hat sich eine starke Position als innovativer Partner der produzierenden Industrie im Bereich der Kaltumformung aufgebaut.","breadcrumb":{"@id":"https:\/\/www.baier-michels.com\/es\/sobre-nosotros\/die-bm-gruppe\/#breadcrumb"},"inLanguage":"es","potentialAction":[{"@type":"ReadAction","target":["https:\/\/www.baier-michels.com\/es\/sobre-nosotros\/die-bm-gruppe\/"]}]},{"@type":"BreadcrumbList","@id":"https:\/\/www.baier-michels.com\/es\/sobre-nosotros\/die-bm-gruppe\/#breadcrumb","itemListElement":[{"@type":"ListItem","position":1,"name":"Startseite","item":"https:\/\/www.baier-michels.com\/es\/"},{"@type":"ListItem","position":2,"name":"Sobre nosotros","item":"https:\/\/www.baier-michels.com\/es\/sobre-nosotros\/"},{"@type":"ListItem","position":3,"name":"Visi\u00f3n general"}]},{"@type":"WebSite","@id":"https:\/\/www.baier-michels.com\/es\/#website","url":"https:\/\/www.baier-michels.com\/es\/","name":"b&m","description":"baier&amp;michels Gmbh &amp; Co KG","publisher":{"@id":"https:\/\/www.baier-michels.com\/es\/#organization"},"potentialAction":[{"@type":"SearchAction","target":{"@type":"EntryPoint","urlTemplate":"https:\/\/www.baier-michels.com\/es\/?s={search_term_string}"},"query-input":{"@type":"PropertyValueSpecification","valueRequired":true,"valueName":"search_term_string"}}],"inLanguage":"es"},{"@type":"Organization","@id":"https:\/\/www.baier-michels.com\/es\/#organization","name":"baier & michels GmbH & Co KG","url":"https:\/\/www.baier-michels.com\/es\/","logo":{"@type":"ImageObject","inLanguage":"es","@id":"https:\/\/www.baier-michels.com\/es\/#\/schema\/logo\/image\/","url":"","contentUrl":"","caption":"baier & michels GmbH & Co KG"},"image":{"@id":"https:\/\/www.baier-michels.com\/es\/#\/schema\/logo\/image\/"},"sameAs":["https:\/\/www.linkedin.com\/company\/baier-michels\/?viewAsMember=true","https:\/\/www.youtube.com\/channel\/UCdBWm_HCAtCjxiFZWloFYGw?view_as=subscriber"]}]}},"_links":{"self":[{"href":"https:\/\/www.baier-michels.com\/es\/wp-json\/wp\/v2\/pages\/10488","targetHints":{"allow":["GET"]}}],"collection":[{"href":"https:\/\/www.baier-michels.com\/es\/wp-json\/wp\/v2\/pages"}],"about":[{"href":"https:\/\/www.baier-michels.com\/es\/wp-json\/wp\/v2\/types\/page"}],"author":[{"embeddable":true,"href":"https:\/\/www.baier-michels.com\/es\/wp-json\/wp\/v2\/users\/1"}],"replies":[{"embeddable":true,"href":"https:\/\/www.baier-michels.com\/es\/wp-json\/wp\/v2\/comments?post=10488"}],"version-history":[{"count":1,"href":"https:\/\/www.baier-michels.com\/es\/wp-json\/wp\/v2\/pages\/10488\/revisions"}],"predecessor-version":[{"id":13512,"href":"https:\/\/www.baier-michels.com\/es\/wp-json\/wp\/v2\/pages\/10488\/revisions\/13512"}],"up":[{"embeddable":true,"href":"https:\/\/www.baier-michels.com\/es\/wp-json\/wp\/v2\/pages\/10333"}],"wp:attachment":[{"href":"https:\/\/www.baier-michels.com\/es\/wp-json\/wp\/v2\/media?parent=10488"}],"wp:term":[{"taxonomy":"category","embeddable":true,"href":"https:\/\/www.baier-michels.com\/es\/wp-json\/wp\/v2\/categories?post=10488"}],"curies":[{"name":"wp","href":"https:\/\/api.w.org\/{rel}","templated":true}]}}