{"id":10522,"date":"2023-07-25T00:00:00","date_gmt":"2023-07-24T23:00:00","guid":{"rendered":"http:\/\/bm.baier-michels.local\/productos\/verbindungsteile-mit-funktionsintegration\/bm-trimscrew\/"},"modified":"2025-07-17T10:22:59","modified_gmt":"2025-07-17T09:22:59","slug":"bm-trimscrew","status":"publish","type":"page","link":"https:\/\/www.baier-michels.com\/es\/productos\/verbindungsteile-mit-funktionsintegration\/bm-trimscrew\/","title":{"rendered":"b&amp;m-TRIMSCREW<sup>\u00ae<\/sup>"},"content":{"rendered":"<p>El tornillo b&amp;m-TRIMSCREW<sup class=\"copyright\">\u00ae<\/sup>, desarrollado para eliminar residuos de recubrimiento en las roscas hembra, ofrece una magn\u00edfica alternativa a los tornillos con punta de raspado. Cuenta con tres cavidades que eliminan los restos de pintura de la rosca, evitando as\u00ed problemas durante el atornillado. Adem\u00e1s, la geometr\u00eda de dog-point facilita la localizaci\u00f3n del orificio durante el montaje.<\/p>\n","protected":false},"excerpt":{"rendered":"<p>El tornillo b&amp;m-TRIMSCREW\u00ae, desarrollado para eliminar residuos de recubrimiento en las roscas hembra, ofrece una magn\u00edfica alternativa a los tornillos con punta de raspado. Cuenta con tres cavidades que eliminan los restos de pintura de la rosca, evitando as\u00ed problemas durante el atornillado. Adem\u00e1s, la geometr\u00eda de dog-point facilita la localizaci\u00f3n del orificio durante el [&hellip;]<\/p>\n","protected":false},"author":1,"featured_media":0,"parent":10343,"menu_order":2,"comment_status":"closed","ping_status":"closed","template":"template_brands_new.php","meta":{"_acf_changed":false,"footnotes":""},"categories":[],"class_list":["post-10522","page","type-page","status-publish","hentry"],"acf":[],"yoast_head":"<!-- This site is optimized with the Yoast SEO plugin v27.3 - https:\/\/yoast.com\/product\/yoast-seo-wordpress\/ -->\n<title>b&amp;m-TRIMSCREW\u00ae - b&amp;m Homepage<\/title>\n<meta name=\"robots\" content=\"index, follow, max-snippet:-1, max-image-preview:large, max-video-preview:-1\" \/>\n<link rel=\"canonical\" href=\"https:\/\/www.baier-michels.com\/es\/productos\/verbindungsteile-mit-funktionsintegration\/bm-trimscrew\/\" \/>\n<meta property=\"og:locale\" content=\"es_ES\" \/>\n<meta property=\"og:type\" content=\"article\" \/>\n<meta property=\"og:title\" content=\"b&amp;m-TRIMSCREW\u00ae - b&amp;m Homepage\" \/>\n<meta property=\"og:description\" content=\"El tornillo b&amp;m-TRIMSCREW\u00ae, desarrollado para eliminar residuos de recubrimiento en las roscas hembra, ofrece una magn\u00edfica alternativa a los tornillos con punta de raspado. Cuenta con tres cavidades que eliminan los restos de pintura de la rosca, evitando as\u00ed problemas durante el atornillado. Adem\u00e1s, la geometr\u00eda de dog-point facilita la localizaci\u00f3n del orificio durante el [&hellip;]\" \/>\n<meta property=\"og:url\" content=\"https:\/\/www.baier-michels.com\/es\/productos\/verbindungsteile-mit-funktionsintegration\/bm-trimscrew\/\" \/>\n<meta property=\"og:site_name\" content=\"b&amp;m Homepage\" \/>\n<meta property=\"article:modified_time\" content=\"2025-07-17T09:22:59+00:00\" \/>\n<meta name=\"twitter:card\" content=\"summary_large_image\" \/>\n<script type=\"application\/ld+json\" class=\"yoast-schema-graph\">{\"@context\":\"https:\\\/\\\/schema.org\",\"@graph\":[{\"@type\":\"WebPage\",\"@id\":\"https:\\\/\\\/www.baier-michels.com\\\/es\\\/productos\\\/verbindungsteile-mit-funktionsintegration\\\/bm-trimscrew\\\/\",\"url\":\"https:\\\/\\\/www.baier-michels.com\\\/es\\\/productos\\\/verbindungsteile-mit-funktionsintegration\\\/bm-trimscrew\\\/\",\"name\":\"b&amp;m-TRIMSCREW\u00ae - b&amp;m Homepage\",\"isPartOf\":{\"@id\":\"https:\\\/\\\/www.baier-michels.com\\\/es\\\/#website\"},\"datePublished\":\"2023-07-24T23:00:00+00:00\",\"dateModified\":\"2025-07-17T09:22:59+00:00\",\"breadcrumb\":{\"@id\":\"https:\\\/\\\/www.baier-michels.com\\\/es\\\/productos\\\/verbindungsteile-mit-funktionsintegration\\\/bm-trimscrew\\\/#breadcrumb\"},\"inLanguage\":\"es\",\"potentialAction\":[{\"@type\":\"ReadAction\",\"target\":[\"https:\\\/\\\/www.baier-michels.com\\\/es\\\/productos\\\/verbindungsteile-mit-funktionsintegration\\\/bm-trimscrew\\\/\"]}]},{\"@type\":\"BreadcrumbList\",\"@id\":\"https:\\\/\\\/www.baier-michels.com\\\/es\\\/productos\\\/verbindungsteile-mit-funktionsintegration\\\/bm-trimscrew\\\/#breadcrumb\",\"itemListElement\":[{\"@type\":\"ListItem\",\"position\":1,\"name\":\"Startseite\",\"item\":\"https:\\\/\\\/www.baier-michels.com\\\/es\\\/\"},{\"@type\":\"ListItem\",\"position\":2,\"name\":\"Productos\",\"item\":\"https:\\\/\\\/www.baier-michels.com\\\/es\\\/productos\\\/\"},{\"@type\":\"ListItem\",\"position\":3,\"name\":\"Piezas de uni\u00f3n con funciones adicionales\",\"item\":\"https:\\\/\\\/www.baier-michels.com\\\/es\\\/products\\\/fasteners-with-integrated-functions\\\/\"},{\"@type\":\"ListItem\",\"position\":4,\"name\":\"b&amp;m-TRIMSCREW\u00ae\"}]},{\"@type\":\"WebSite\",\"@id\":\"https:\\\/\\\/www.baier-michels.com\\\/es\\\/#website\",\"url\":\"https:\\\/\\\/www.baier-michels.com\\\/es\\\/\",\"name\":\"b&m\",\"description\":\"baier&amp;michels Gmbh &amp; Co KG\",\"publisher\":{\"@id\":\"https:\\\/\\\/www.baier-michels.com\\\/es\\\/#organization\"},\"potentialAction\":[{\"@type\":\"SearchAction\",\"target\":{\"@type\":\"EntryPoint\",\"urlTemplate\":\"https:\\\/\\\/www.baier-michels.com\\\/es\\\/?s={search_term_string}\"},\"query-input\":{\"@type\":\"PropertyValueSpecification\",\"valueRequired\":true,\"valueName\":\"search_term_string\"}}],\"inLanguage\":\"es\"},{\"@type\":\"Organization\",\"@id\":\"https:\\\/\\\/www.baier-michels.com\\\/es\\\/#organization\",\"name\":\"baier & michels GmbH & Co KG\",\"url\":\"https:\\\/\\\/www.baier-michels.com\\\/es\\\/\",\"logo\":{\"@type\":\"ImageObject\",\"inLanguage\":\"es\",\"@id\":\"https:\\\/\\\/www.baier-michels.com\\\/es\\\/#\\\/schema\\\/logo\\\/image\\\/\",\"url\":\"\",\"contentUrl\":\"\",\"caption\":\"baier & michels GmbH & Co KG\"},\"image\":{\"@id\":\"https:\\\/\\\/www.baier-michels.com\\\/es\\\/#\\\/schema\\\/logo\\\/image\\\/\"},\"sameAs\":[\"https:\\\/\\\/www.linkedin.com\\\/company\\\/baier-michels\\\/?viewAsMember=true\",\"https:\\\/\\\/www.youtube.com\\\/channel\\\/UCdBWm_HCAtCjxiFZWloFYGw?view_as=subscriber\"]}]}<\/script>\n<!-- \/ Yoast SEO plugin. -->","yoast_head_json":{"title":"b&amp;m-TRIMSCREW\u00ae - b&amp;m Homepage","robots":{"index":"index","follow":"follow","max-snippet":"max-snippet:-1","max-image-preview":"max-image-preview:large","max-video-preview":"max-video-preview:-1"},"canonical":"https:\/\/www.baier-michels.com\/es\/productos\/verbindungsteile-mit-funktionsintegration\/bm-trimscrew\/","og_locale":"es_ES","og_type":"article","og_title":"b&amp;m-TRIMSCREW\u00ae - b&amp;m Homepage","og_description":"El tornillo b&amp;m-TRIMSCREW\u00ae, desarrollado para eliminar residuos de recubrimiento en las roscas hembra, ofrece una magn\u00edfica alternativa a los tornillos con punta de raspado. Cuenta con tres cavidades que eliminan los restos de pintura de la rosca, evitando as\u00ed problemas durante el atornillado. Adem\u00e1s, la geometr\u00eda de dog-point facilita la localizaci\u00f3n del orificio durante el [&hellip;]","og_url":"https:\/\/www.baier-michels.com\/es\/productos\/verbindungsteile-mit-funktionsintegration\/bm-trimscrew\/","og_site_name":"b&amp;m Homepage","article_modified_time":"2025-07-17T09:22:59+00:00","twitter_card":"summary_large_image","schema":{"@context":"https:\/\/schema.org","@graph":[{"@type":"WebPage","@id":"https:\/\/www.baier-michels.com\/es\/productos\/verbindungsteile-mit-funktionsintegration\/bm-trimscrew\/","url":"https:\/\/www.baier-michels.com\/es\/productos\/verbindungsteile-mit-funktionsintegration\/bm-trimscrew\/","name":"b&amp;m-TRIMSCREW\u00ae - b&amp;m Homepage","isPartOf":{"@id":"https:\/\/www.baier-michels.com\/es\/#website"},"datePublished":"2023-07-24T23:00:00+00:00","dateModified":"2025-07-17T09:22:59+00:00","breadcrumb":{"@id":"https:\/\/www.baier-michels.com\/es\/productos\/verbindungsteile-mit-funktionsintegration\/bm-trimscrew\/#breadcrumb"},"inLanguage":"es","potentialAction":[{"@type":"ReadAction","target":["https:\/\/www.baier-michels.com\/es\/productos\/verbindungsteile-mit-funktionsintegration\/bm-trimscrew\/"]}]},{"@type":"BreadcrumbList","@id":"https:\/\/www.baier-michels.com\/es\/productos\/verbindungsteile-mit-funktionsintegration\/bm-trimscrew\/#breadcrumb","itemListElement":[{"@type":"ListItem","position":1,"name":"Startseite","item":"https:\/\/www.baier-michels.com\/es\/"},{"@type":"ListItem","position":2,"name":"Productos","item":"https:\/\/www.baier-michels.com\/es\/productos\/"},{"@type":"ListItem","position":3,"name":"Piezas de uni\u00f3n con funciones adicionales","item":"https:\/\/www.baier-michels.com\/es\/products\/fasteners-with-integrated-functions\/"},{"@type":"ListItem","position":4,"name":"b&amp;m-TRIMSCREW\u00ae"}]},{"@type":"WebSite","@id":"https:\/\/www.baier-michels.com\/es\/#website","url":"https:\/\/www.baier-michels.com\/es\/","name":"b&m","description":"baier&amp;michels Gmbh &amp; Co KG","publisher":{"@id":"https:\/\/www.baier-michels.com\/es\/#organization"},"potentialAction":[{"@type":"SearchAction","target":{"@type":"EntryPoint","urlTemplate":"https:\/\/www.baier-michels.com\/es\/?s={search_term_string}"},"query-input":{"@type":"PropertyValueSpecification","valueRequired":true,"valueName":"search_term_string"}}],"inLanguage":"es"},{"@type":"Organization","@id":"https:\/\/www.baier-michels.com\/es\/#organization","name":"baier & michels GmbH & Co KG","url":"https:\/\/www.baier-michels.com\/es\/","logo":{"@type":"ImageObject","inLanguage":"es","@id":"https:\/\/www.baier-michels.com\/es\/#\/schema\/logo\/image\/","url":"","contentUrl":"","caption":"baier & michels GmbH & Co KG"},"image":{"@id":"https:\/\/www.baier-michels.com\/es\/#\/schema\/logo\/image\/"},"sameAs":["https:\/\/www.linkedin.com\/company\/baier-michels\/?viewAsMember=true","https:\/\/www.youtube.com\/channel\/UCdBWm_HCAtCjxiFZWloFYGw?view_as=subscriber"]}]}},"_links":{"self":[{"href":"https:\/\/www.baier-michels.com\/es\/wp-json\/wp\/v2\/pages\/10522","targetHints":{"allow":["GET"]}}],"collection":[{"href":"https:\/\/www.baier-michels.com\/es\/wp-json\/wp\/v2\/pages"}],"about":[{"href":"https:\/\/www.baier-michels.com\/es\/wp-json\/wp\/v2\/types\/page"}],"author":[{"embeddable":true,"href":"https:\/\/www.baier-michels.com\/es\/wp-json\/wp\/v2\/users\/1"}],"replies":[{"embeddable":true,"href":"https:\/\/www.baier-michels.com\/es\/wp-json\/wp\/v2\/comments?post=10522"}],"version-history":[{"count":4,"href":"https:\/\/www.baier-michels.com\/es\/wp-json\/wp\/v2\/pages\/10522\/revisions"}],"predecessor-version":[{"id":17277,"href":"https:\/\/www.baier-michels.com\/es\/wp-json\/wp\/v2\/pages\/10522\/revisions\/17277"}],"up":[{"embeddable":true,"href":"https:\/\/www.baier-michels.com\/es\/wp-json\/wp\/v2\/pages\/10343"}],"wp:attachment":[{"href":"https:\/\/www.baier-michels.com\/es\/wp-json\/wp\/v2\/media?parent=10522"}],"wp:term":[{"taxonomy":"category","embeddable":true,"href":"https:\/\/www.baier-michels.com\/es\/wp-json\/wp\/v2\/categories?post=10522"}],"curies":[{"name":"wp","href":"https:\/\/api.w.org\/{rel}","templated":true}]}}