{"id":10530,"date":"2023-07-25T00:00:00","date_gmt":"2023-07-24T23:00:00","guid":{"rendered":"http:\/\/bm.baier-michels.local\/industrias\/industria-del-automovil\/componentes-fundicion-presion-construccion-herramientas\/"},"modified":"2024-07-19T09:40:43","modified_gmt":"2024-07-19T08:40:43","slug":"componentes-fundicion-presion-construccion-herramientas","status":"publish","type":"page","link":"https:\/\/www.baier-michels.com\/es\/industrias\/industria-del-automovil\/componentes-fundicion-presion-construccion-herramientas\/","title":{"rendered":"Componentes de fundici\u00f3n a presi\u00f3n y construcci\u00f3n de herramientas"},"content":{"rendered":"<p>La fabricaci\u00f3n en serie de veh\u00edculos ser\u00eda inconcebible sin los componentes de fundici\u00f3n a presi\u00f3n y la construcci\u00f3n de herramientas. Se requiere la utilizaci\u00f3n de diversos elementos de uni\u00f3n en diferentes puntos. Por ejemplo, debido a las caracter\u00edsticas mec\u00e1nicas del aluminio, el atornillado directo en componentes de fundici\u00f3n a presi\u00f3n de este material supone exigencias totalmente nuevas para los tornillos empleados. Adem\u00e1s, muchas herramientas cuentan con canales de refrigeraci\u00f3n que deben mantenerse sellados de forma fiable incluso cuando se someten a cargas elevadas.<\/p>\n<p>\u00bfEst\u00e1 buscando una conexi\u00f3n innovadora para su aplicaci\u00f3n? Tenemos el elemento de uni\u00f3n apropiado para usted.<\/p>\n","protected":false},"excerpt":{"rendered":"<p>La fabricaci\u00f3n en serie de veh\u00edculos ser\u00eda inconcebible sin los componentes de fundici\u00f3n a presi\u00f3n y la construcci\u00f3n de herramientas. Se requiere la utilizaci\u00f3n de diversos elementos de uni\u00f3n en diferentes puntos. Por ejemplo, debido a las caracter\u00edsticas mec\u00e1nicas del aluminio, el atornillado directo en componentes de fundici\u00f3n a presi\u00f3n de este material supone exigencias [&hellip;]<\/p>\n","protected":false},"author":1,"featured_media":0,"parent":10507,"menu_order":2,"comment_status":"closed","ping_status":"closed","template":"template_page_e3.php","meta":{"_acf_changed":false,"footnotes":""},"categories":[192,190,188],"class_list":["post-10530","page","type-page","status-publish","hentry","category-atornillado-directo-en-materiales-diferentes","category-atornillado-directo-en-metales","category-sistema-de-cierre-y-sellado"],"acf":[],"yoast_head":"<!-- This site is optimized with the Yoast SEO plugin v27.4 - https:\/\/yoast.com\/product\/yoast-seo-wordpress\/ -->\n<title>Componentes de fundici\u00f3n a presi\u00f3n y construcci\u00f3n de herramientas - b&amp;m Homepage<\/title>\n<meta name=\"robots\" content=\"index, follow, max-snippet:-1, max-image-preview:large, max-video-preview:-1\" \/>\n<link rel=\"canonical\" href=\"https:\/\/www.baier-michels.com\/es\/industrias\/industria-del-automovil\/componentes-fundicion-presion-construccion-herramientas\/\" \/>\n<meta property=\"og:locale\" content=\"es_ES\" \/>\n<meta property=\"og:type\" content=\"article\" \/>\n<meta property=\"og:title\" content=\"Componentes de fundici\u00f3n a presi\u00f3n y construcci\u00f3n de herramientas - b&amp;m Homepage\" \/>\n<meta property=\"og:description\" content=\"La fabricaci\u00f3n en serie de veh\u00edculos ser\u00eda inconcebible sin los componentes de fundici\u00f3n a presi\u00f3n y la construcci\u00f3n de herramientas. Se requiere la utilizaci\u00f3n de diversos elementos de uni\u00f3n en diferentes puntos. Por ejemplo, debido a las caracter\u00edsticas mec\u00e1nicas del aluminio, el atornillado directo en componentes de fundici\u00f3n a presi\u00f3n de este material supone exigencias [&hellip;]\" \/>\n<meta property=\"og:url\" content=\"https:\/\/www.baier-michels.com\/es\/industrias\/industria-del-automovil\/componentes-fundicion-presion-construccion-herramientas\/\" \/>\n<meta property=\"og:site_name\" content=\"b&amp;m Homepage\" \/>\n<meta property=\"article:modified_time\" content=\"2024-07-19T08:40:43+00:00\" \/>\n<meta name=\"twitter:card\" content=\"summary_large_image\" \/>\n<meta name=\"twitter:label1\" content=\"Tiempo de lectura\" \/>\n\t<meta name=\"twitter:data1\" content=\"1 minuto\" \/>\n<script type=\"application\/ld+json\" class=\"yoast-schema-graph\">{\"@context\":\"https:\\\/\\\/schema.org\",\"@graph\":[{\"@type\":\"WebPage\",\"@id\":\"https:\\\/\\\/www.baier-michels.com\\\/es\\\/industrias\\\/industria-del-automovil\\\/componentes-fundicion-presion-construccion-herramientas\\\/\",\"url\":\"https:\\\/\\\/www.baier-michels.com\\\/es\\\/industrias\\\/industria-del-automovil\\\/componentes-fundicion-presion-construccion-herramientas\\\/\",\"name\":\"Componentes de fundici\u00f3n a presi\u00f3n y construcci\u00f3n de herramientas - b&amp;m Homepage\",\"isPartOf\":{\"@id\":\"https:\\\/\\\/www.baier-michels.com\\\/es\\\/#website\"},\"datePublished\":\"2023-07-24T23:00:00+00:00\",\"dateModified\":\"2024-07-19T08:40:43+00:00\",\"breadcrumb\":{\"@id\":\"https:\\\/\\\/www.baier-michels.com\\\/es\\\/industrias\\\/industria-del-automovil\\\/componentes-fundicion-presion-construccion-herramientas\\\/#breadcrumb\"},\"inLanguage\":\"es\",\"potentialAction\":[{\"@type\":\"ReadAction\",\"target\":[\"https:\\\/\\\/www.baier-michels.com\\\/es\\\/industrias\\\/industria-del-automovil\\\/componentes-fundicion-presion-construccion-herramientas\\\/\"]}]},{\"@type\":\"BreadcrumbList\",\"@id\":\"https:\\\/\\\/www.baier-michels.com\\\/es\\\/industrias\\\/industria-del-automovil\\\/componentes-fundicion-presion-construccion-herramientas\\\/#breadcrumb\",\"itemListElement\":[{\"@type\":\"ListItem\",\"position\":1,\"name\":\"Startseite\",\"item\":\"https:\\\/\\\/www.baier-michels.com\\\/es\\\/\"},{\"@type\":\"ListItem\",\"position\":2,\"name\":\"Industrias\",\"item\":\"https:\\\/\\\/www.baier-michels.com\\\/es\\\/industrias\\\/\"},{\"@type\":\"ListItem\",\"position\":3,\"name\":\"Industria del autom\u00f3vil\",\"item\":\"https:\\\/\\\/www.baier-michels.com\\\/es\\\/industrias\\\/industria-del-automovil\\\/\"},{\"@type\":\"ListItem\",\"position\":4,\"name\":\"Componentes de fundici\u00f3n a presi\u00f3n y construcci\u00f3n de herramientas\"}]},{\"@type\":\"WebSite\",\"@id\":\"https:\\\/\\\/www.baier-michels.com\\\/es\\\/#website\",\"url\":\"https:\\\/\\\/www.baier-michels.com\\\/es\\\/\",\"name\":\"b&m\",\"description\":\"baier&amp;michels Gmbh &amp; Co KG\",\"publisher\":{\"@id\":\"https:\\\/\\\/www.baier-michels.com\\\/es\\\/#organization\"},\"potentialAction\":[{\"@type\":\"SearchAction\",\"target\":{\"@type\":\"EntryPoint\",\"urlTemplate\":\"https:\\\/\\\/www.baier-michels.com\\\/es\\\/?s={search_term_string}\"},\"query-input\":{\"@type\":\"PropertyValueSpecification\",\"valueRequired\":true,\"valueName\":\"search_term_string\"}}],\"inLanguage\":\"es\"},{\"@type\":\"Organization\",\"@id\":\"https:\\\/\\\/www.baier-michels.com\\\/es\\\/#organization\",\"name\":\"baier & michels GmbH & Co KG\",\"url\":\"https:\\\/\\\/www.baier-michels.com\\\/es\\\/\",\"logo\":{\"@type\":\"ImageObject\",\"inLanguage\":\"es\",\"@id\":\"https:\\\/\\\/www.baier-michels.com\\\/es\\\/#\\\/schema\\\/logo\\\/image\\\/\",\"url\":\"\",\"contentUrl\":\"\",\"caption\":\"baier & michels GmbH & Co KG\"},\"image\":{\"@id\":\"https:\\\/\\\/www.baier-michels.com\\\/es\\\/#\\\/schema\\\/logo\\\/image\\\/\"},\"sameAs\":[\"https:\\\/\\\/www.linkedin.com\\\/company\\\/baier-michels\\\/?viewAsMember=true\",\"https:\\\/\\\/www.youtube.com\\\/channel\\\/UCdBWm_HCAtCjxiFZWloFYGw?view_as=subscriber\"]}]}<\/script>\n<!-- \/ Yoast SEO plugin. -->","yoast_head_json":{"title":"Componentes de fundici\u00f3n a presi\u00f3n y construcci\u00f3n de herramientas - b&amp;m Homepage","robots":{"index":"index","follow":"follow","max-snippet":"max-snippet:-1","max-image-preview":"max-image-preview:large","max-video-preview":"max-video-preview:-1"},"canonical":"https:\/\/www.baier-michels.com\/es\/industrias\/industria-del-automovil\/componentes-fundicion-presion-construccion-herramientas\/","og_locale":"es_ES","og_type":"article","og_title":"Componentes de fundici\u00f3n a presi\u00f3n y construcci\u00f3n de herramientas - b&amp;m Homepage","og_description":"La fabricaci\u00f3n en serie de veh\u00edculos ser\u00eda inconcebible sin los componentes de fundici\u00f3n a presi\u00f3n y la construcci\u00f3n de herramientas. Se requiere la utilizaci\u00f3n de diversos elementos de uni\u00f3n en diferentes puntos. Por ejemplo, debido a las caracter\u00edsticas mec\u00e1nicas del aluminio, el atornillado directo en componentes de fundici\u00f3n a presi\u00f3n de este material supone exigencias [&hellip;]","og_url":"https:\/\/www.baier-michels.com\/es\/industrias\/industria-del-automovil\/componentes-fundicion-presion-construccion-herramientas\/","og_site_name":"b&amp;m Homepage","article_modified_time":"2024-07-19T08:40:43+00:00","twitter_card":"summary_large_image","twitter_misc":{"Tiempo de lectura":"1 minuto"},"schema":{"@context":"https:\/\/schema.org","@graph":[{"@type":"WebPage","@id":"https:\/\/www.baier-michels.com\/es\/industrias\/industria-del-automovil\/componentes-fundicion-presion-construccion-herramientas\/","url":"https:\/\/www.baier-michels.com\/es\/industrias\/industria-del-automovil\/componentes-fundicion-presion-construccion-herramientas\/","name":"Componentes de fundici\u00f3n a presi\u00f3n y construcci\u00f3n de herramientas - b&amp;m Homepage","isPartOf":{"@id":"https:\/\/www.baier-michels.com\/es\/#website"},"datePublished":"2023-07-24T23:00:00+00:00","dateModified":"2024-07-19T08:40:43+00:00","breadcrumb":{"@id":"https:\/\/www.baier-michels.com\/es\/industrias\/industria-del-automovil\/componentes-fundicion-presion-construccion-herramientas\/#breadcrumb"},"inLanguage":"es","potentialAction":[{"@type":"ReadAction","target":["https:\/\/www.baier-michels.com\/es\/industrias\/industria-del-automovil\/componentes-fundicion-presion-construccion-herramientas\/"]}]},{"@type":"BreadcrumbList","@id":"https:\/\/www.baier-michels.com\/es\/industrias\/industria-del-automovil\/componentes-fundicion-presion-construccion-herramientas\/#breadcrumb","itemListElement":[{"@type":"ListItem","position":1,"name":"Startseite","item":"https:\/\/www.baier-michels.com\/es\/"},{"@type":"ListItem","position":2,"name":"Industrias","item":"https:\/\/www.baier-michels.com\/es\/industrias\/"},{"@type":"ListItem","position":3,"name":"Industria del autom\u00f3vil","item":"https:\/\/www.baier-michels.com\/es\/industrias\/industria-del-automovil\/"},{"@type":"ListItem","position":4,"name":"Componentes de fundici\u00f3n a presi\u00f3n y construcci\u00f3n de herramientas"}]},{"@type":"WebSite","@id":"https:\/\/www.baier-michels.com\/es\/#website","url":"https:\/\/www.baier-michels.com\/es\/","name":"b&m","description":"baier&amp;michels Gmbh &amp; Co KG","publisher":{"@id":"https:\/\/www.baier-michels.com\/es\/#organization"},"potentialAction":[{"@type":"SearchAction","target":{"@type":"EntryPoint","urlTemplate":"https:\/\/www.baier-michels.com\/es\/?s={search_term_string}"},"query-input":{"@type":"PropertyValueSpecification","valueRequired":true,"valueName":"search_term_string"}}],"inLanguage":"es"},{"@type":"Organization","@id":"https:\/\/www.baier-michels.com\/es\/#organization","name":"baier & michels GmbH & Co KG","url":"https:\/\/www.baier-michels.com\/es\/","logo":{"@type":"ImageObject","inLanguage":"es","@id":"https:\/\/www.baier-michels.com\/es\/#\/schema\/logo\/image\/","url":"","contentUrl":"","caption":"baier & michels GmbH & Co KG"},"image":{"@id":"https:\/\/www.baier-michels.com\/es\/#\/schema\/logo\/image\/"},"sameAs":["https:\/\/www.linkedin.com\/company\/baier-michels\/?viewAsMember=true","https:\/\/www.youtube.com\/channel\/UCdBWm_HCAtCjxiFZWloFYGw?view_as=subscriber"]}]}},"_links":{"self":[{"href":"https:\/\/www.baier-michels.com\/es\/wp-json\/wp\/v2\/pages\/10530","targetHints":{"allow":["GET"]}}],"collection":[{"href":"https:\/\/www.baier-michels.com\/es\/wp-json\/wp\/v2\/pages"}],"about":[{"href":"https:\/\/www.baier-michels.com\/es\/wp-json\/wp\/v2\/types\/page"}],"author":[{"embeddable":true,"href":"https:\/\/www.baier-michels.com\/es\/wp-json\/wp\/v2\/users\/1"}],"replies":[{"embeddable":true,"href":"https:\/\/www.baier-michels.com\/es\/wp-json\/wp\/v2\/comments?post=10530"}],"version-history":[{"count":0,"href":"https:\/\/www.baier-michels.com\/es\/wp-json\/wp\/v2\/pages\/10530\/revisions"}],"up":[{"embeddable":true,"href":"https:\/\/www.baier-michels.com\/es\/wp-json\/wp\/v2\/pages\/10507"}],"wp:attachment":[{"href":"https:\/\/www.baier-michels.com\/es\/wp-json\/wp\/v2\/media?parent=10530"}],"wp:term":[{"taxonomy":"category","embeddable":true,"href":"https:\/\/www.baier-michels.com\/es\/wp-json\/wp\/v2\/categories?post=10530"}],"curies":[{"name":"wp","href":"https:\/\/api.w.org\/{rel}","templated":true}]}}