{"id":10545,"date":"2023-07-25T00:00:00","date_gmt":"2023-07-24T23:00:00","guid":{"rendered":"http:\/\/bm.baier-michels.local\/industrias\/industria-electrica\/tecnologia-seguridad\/"},"modified":"2024-07-19T09:40:44","modified_gmt":"2024-07-19T08:40:44","slug":"tecnologia-seguridad","status":"publish","type":"page","link":"https:\/\/www.baier-michels.com\/es\/industrias\/industria-electrica\/tecnologia-seguridad\/","title":{"rendered":"Tecnolog\u00eda de seguridad"},"content":{"rendered":"<p>Tanto en el sector privado como en el comercial se utiliza una amplia variedad de equipos profesionales de protecci\u00f3n contra el robo. Entre ellos se encuentran las c\u00e1maras de vigilancia, los sistemas de alarma y los de cierre.<\/p>\n<p>\u00bfEst\u00e1 buscando una conexi\u00f3n innovadora para su aplicaci\u00f3n? Tenemos el elemento de uni\u00f3n apropiado para usted.<\/p>\n","protected":false},"excerpt":{"rendered":"<p>Tanto en el sector privado como en el comercial se utiliza una amplia variedad de equipos profesionales de protecci\u00f3n contra el robo. Entre ellos se encuentran las c\u00e1maras de vigilancia, los sistemas de alarma y los de cierre. \u00bfEst\u00e1 buscando una conexi\u00f3n innovadora para su aplicaci\u00f3n? Tenemos el elemento de uni\u00f3n apropiado para usted.<\/p>\n","protected":false},"author":1,"featured_media":0,"parent":10509,"menu_order":1,"comment_status":"closed","ping_status":"closed","template":"template_page_e3.php","meta":{"_acf_changed":false,"footnotes":""},"categories":[190,191,189],"class_list":["post-10545","page","type-page","status-publish","hentry","category-atornillado-directo-en-metales","category-atornillado-directo-en-plasticos","category-insertos-roscados-y-pernos-roscados"],"acf":[],"yoast_head":"<!-- This site is optimized with the Yoast SEO plugin v27.4 - https:\/\/yoast.com\/product\/yoast-seo-wordpress\/ -->\n<title>Tecnolog\u00eda de seguridad - b&amp;m Homepage<\/title>\n<meta name=\"robots\" content=\"index, follow, max-snippet:-1, max-image-preview:large, max-video-preview:-1\" \/>\n<link rel=\"canonical\" href=\"https:\/\/www.baier-michels.com\/es\/industrias\/industria-electrica\/tecnologia-seguridad\/\" \/>\n<meta property=\"og:locale\" content=\"es_ES\" \/>\n<meta property=\"og:type\" content=\"article\" \/>\n<meta property=\"og:title\" content=\"Tecnolog\u00eda de seguridad - b&amp;m Homepage\" \/>\n<meta property=\"og:description\" content=\"Tanto en el sector privado como en el comercial se utiliza una amplia variedad de equipos profesionales de protecci\u00f3n contra el robo. Entre ellos se encuentran las c\u00e1maras de vigilancia, los sistemas de alarma y los de cierre. \u00bfEst\u00e1 buscando una conexi\u00f3n innovadora para su aplicaci\u00f3n? Tenemos el elemento de uni\u00f3n apropiado para usted.\" \/>\n<meta property=\"og:url\" content=\"https:\/\/www.baier-michels.com\/es\/industrias\/industria-electrica\/tecnologia-seguridad\/\" \/>\n<meta property=\"og:site_name\" content=\"b&amp;m Homepage\" \/>\n<meta property=\"article:modified_time\" content=\"2024-07-19T08:40:44+00:00\" \/>\n<meta name=\"twitter:card\" content=\"summary_large_image\" \/>\n<script type=\"application\/ld+json\" class=\"yoast-schema-graph\">{\"@context\":\"https:\\\/\\\/schema.org\",\"@graph\":[{\"@type\":\"WebPage\",\"@id\":\"https:\\\/\\\/www.baier-michels.com\\\/es\\\/industrias\\\/industria-electrica\\\/tecnologia-seguridad\\\/\",\"url\":\"https:\\\/\\\/www.baier-michels.com\\\/es\\\/industrias\\\/industria-electrica\\\/tecnologia-seguridad\\\/\",\"name\":\"Tecnolog\u00eda de seguridad - b&amp;m Homepage\",\"isPartOf\":{\"@id\":\"https:\\\/\\\/www.baier-michels.com\\\/es\\\/#website\"},\"datePublished\":\"2023-07-24T23:00:00+00:00\",\"dateModified\":\"2024-07-19T08:40:44+00:00\",\"breadcrumb\":{\"@id\":\"https:\\\/\\\/www.baier-michels.com\\\/es\\\/industrias\\\/industria-electrica\\\/tecnologia-seguridad\\\/#breadcrumb\"},\"inLanguage\":\"es\",\"potentialAction\":[{\"@type\":\"ReadAction\",\"target\":[\"https:\\\/\\\/www.baier-michels.com\\\/es\\\/industrias\\\/industria-electrica\\\/tecnologia-seguridad\\\/\"]}]},{\"@type\":\"BreadcrumbList\",\"@id\":\"https:\\\/\\\/www.baier-michels.com\\\/es\\\/industrias\\\/industria-electrica\\\/tecnologia-seguridad\\\/#breadcrumb\",\"itemListElement\":[{\"@type\":\"ListItem\",\"position\":1,\"name\":\"Startseite\",\"item\":\"https:\\\/\\\/www.baier-michels.com\\\/es\\\/\"},{\"@type\":\"ListItem\",\"position\":2,\"name\":\"Industrias\",\"item\":\"https:\\\/\\\/www.baier-michels.com\\\/es\\\/industrias\\\/\"},{\"@type\":\"ListItem\",\"position\":3,\"name\":\"Industria el\u00e9ctrica\",\"item\":\"https:\\\/\\\/www.baier-michels.com\\\/es\\\/industrias\\\/industria-electrica\\\/\"},{\"@type\":\"ListItem\",\"position\":4,\"name\":\"Tecnolog\u00eda de seguridad\"}]},{\"@type\":\"WebSite\",\"@id\":\"https:\\\/\\\/www.baier-michels.com\\\/es\\\/#website\",\"url\":\"https:\\\/\\\/www.baier-michels.com\\\/es\\\/\",\"name\":\"b&m\",\"description\":\"baier&amp;michels Gmbh &amp; Co KG\",\"publisher\":{\"@id\":\"https:\\\/\\\/www.baier-michels.com\\\/es\\\/#organization\"},\"potentialAction\":[{\"@type\":\"SearchAction\",\"target\":{\"@type\":\"EntryPoint\",\"urlTemplate\":\"https:\\\/\\\/www.baier-michels.com\\\/es\\\/?s={search_term_string}\"},\"query-input\":{\"@type\":\"PropertyValueSpecification\",\"valueRequired\":true,\"valueName\":\"search_term_string\"}}],\"inLanguage\":\"es\"},{\"@type\":\"Organization\",\"@id\":\"https:\\\/\\\/www.baier-michels.com\\\/es\\\/#organization\",\"name\":\"baier & michels GmbH & Co KG\",\"url\":\"https:\\\/\\\/www.baier-michels.com\\\/es\\\/\",\"logo\":{\"@type\":\"ImageObject\",\"inLanguage\":\"es\",\"@id\":\"https:\\\/\\\/www.baier-michels.com\\\/es\\\/#\\\/schema\\\/logo\\\/image\\\/\",\"url\":\"\",\"contentUrl\":\"\",\"caption\":\"baier & michels GmbH & Co KG\"},\"image\":{\"@id\":\"https:\\\/\\\/www.baier-michels.com\\\/es\\\/#\\\/schema\\\/logo\\\/image\\\/\"},\"sameAs\":[\"https:\\\/\\\/www.linkedin.com\\\/company\\\/baier-michels\\\/?viewAsMember=true\",\"https:\\\/\\\/www.youtube.com\\\/channel\\\/UCdBWm_HCAtCjxiFZWloFYGw?view_as=subscriber\"]}]}<\/script>\n<!-- \/ Yoast SEO plugin. -->","yoast_head_json":{"title":"Tecnolog\u00eda de seguridad - b&amp;m Homepage","robots":{"index":"index","follow":"follow","max-snippet":"max-snippet:-1","max-image-preview":"max-image-preview:large","max-video-preview":"max-video-preview:-1"},"canonical":"https:\/\/www.baier-michels.com\/es\/industrias\/industria-electrica\/tecnologia-seguridad\/","og_locale":"es_ES","og_type":"article","og_title":"Tecnolog\u00eda de seguridad - b&amp;m Homepage","og_description":"Tanto en el sector privado como en el comercial se utiliza una amplia variedad de equipos profesionales de protecci\u00f3n contra el robo. Entre ellos se encuentran las c\u00e1maras de vigilancia, los sistemas de alarma y los de cierre. \u00bfEst\u00e1 buscando una conexi\u00f3n innovadora para su aplicaci\u00f3n? Tenemos el elemento de uni\u00f3n apropiado para usted.","og_url":"https:\/\/www.baier-michels.com\/es\/industrias\/industria-electrica\/tecnologia-seguridad\/","og_site_name":"b&amp;m Homepage","article_modified_time":"2024-07-19T08:40:44+00:00","twitter_card":"summary_large_image","schema":{"@context":"https:\/\/schema.org","@graph":[{"@type":"WebPage","@id":"https:\/\/www.baier-michels.com\/es\/industrias\/industria-electrica\/tecnologia-seguridad\/","url":"https:\/\/www.baier-michels.com\/es\/industrias\/industria-electrica\/tecnologia-seguridad\/","name":"Tecnolog\u00eda de seguridad - b&amp;m Homepage","isPartOf":{"@id":"https:\/\/www.baier-michels.com\/es\/#website"},"datePublished":"2023-07-24T23:00:00+00:00","dateModified":"2024-07-19T08:40:44+00:00","breadcrumb":{"@id":"https:\/\/www.baier-michels.com\/es\/industrias\/industria-electrica\/tecnologia-seguridad\/#breadcrumb"},"inLanguage":"es","potentialAction":[{"@type":"ReadAction","target":["https:\/\/www.baier-michels.com\/es\/industrias\/industria-electrica\/tecnologia-seguridad\/"]}]},{"@type":"BreadcrumbList","@id":"https:\/\/www.baier-michels.com\/es\/industrias\/industria-electrica\/tecnologia-seguridad\/#breadcrumb","itemListElement":[{"@type":"ListItem","position":1,"name":"Startseite","item":"https:\/\/www.baier-michels.com\/es\/"},{"@type":"ListItem","position":2,"name":"Industrias","item":"https:\/\/www.baier-michels.com\/es\/industrias\/"},{"@type":"ListItem","position":3,"name":"Industria el\u00e9ctrica","item":"https:\/\/www.baier-michels.com\/es\/industrias\/industria-electrica\/"},{"@type":"ListItem","position":4,"name":"Tecnolog\u00eda de seguridad"}]},{"@type":"WebSite","@id":"https:\/\/www.baier-michels.com\/es\/#website","url":"https:\/\/www.baier-michels.com\/es\/","name":"b&m","description":"baier&amp;michels Gmbh &amp; Co KG","publisher":{"@id":"https:\/\/www.baier-michels.com\/es\/#organization"},"potentialAction":[{"@type":"SearchAction","target":{"@type":"EntryPoint","urlTemplate":"https:\/\/www.baier-michels.com\/es\/?s={search_term_string}"},"query-input":{"@type":"PropertyValueSpecification","valueRequired":true,"valueName":"search_term_string"}}],"inLanguage":"es"},{"@type":"Organization","@id":"https:\/\/www.baier-michels.com\/es\/#organization","name":"baier & michels GmbH & Co KG","url":"https:\/\/www.baier-michels.com\/es\/","logo":{"@type":"ImageObject","inLanguage":"es","@id":"https:\/\/www.baier-michels.com\/es\/#\/schema\/logo\/image\/","url":"","contentUrl":"","caption":"baier & michels GmbH & Co KG"},"image":{"@id":"https:\/\/www.baier-michels.com\/es\/#\/schema\/logo\/image\/"},"sameAs":["https:\/\/www.linkedin.com\/company\/baier-michels\/?viewAsMember=true","https:\/\/www.youtube.com\/channel\/UCdBWm_HCAtCjxiFZWloFYGw?view_as=subscriber"]}]}},"_links":{"self":[{"href":"https:\/\/www.baier-michels.com\/es\/wp-json\/wp\/v2\/pages\/10545","targetHints":{"allow":["GET"]}}],"collection":[{"href":"https:\/\/www.baier-michels.com\/es\/wp-json\/wp\/v2\/pages"}],"about":[{"href":"https:\/\/www.baier-michels.com\/es\/wp-json\/wp\/v2\/types\/page"}],"author":[{"embeddable":true,"href":"https:\/\/www.baier-michels.com\/es\/wp-json\/wp\/v2\/users\/1"}],"replies":[{"embeddable":true,"href":"https:\/\/www.baier-michels.com\/es\/wp-json\/wp\/v2\/comments?post=10545"}],"version-history":[{"count":0,"href":"https:\/\/www.baier-michels.com\/es\/wp-json\/wp\/v2\/pages\/10545\/revisions"}],"up":[{"embeddable":true,"href":"https:\/\/www.baier-michels.com\/es\/wp-json\/wp\/v2\/pages\/10509"}],"wp:attachment":[{"href":"https:\/\/www.baier-michels.com\/es\/wp-json\/wp\/v2\/media?parent=10545"}],"wp:term":[{"taxonomy":"category","embeddable":true,"href":"https:\/\/www.baier-michels.com\/es\/wp-json\/wp\/v2\/categories?post=10545"}],"curies":[{"name":"wp","href":"https:\/\/api.w.org\/{rel}","templated":true}]}}