{"id":10562,"date":"2023-07-25T00:00:00","date_gmt":"2023-07-24T23:00:00","guid":{"rendered":"http:\/\/bm.baier-michels.local\/bm-goes-green\/bm-ecco-tec\/"},"modified":"2025-07-16T12:58:10","modified_gmt":"2025-07-16T11:58:10","slug":"bm-ecco-tec","status":"publish","type":"page","link":"https:\/\/www.baier-michels.com\/es\/tecnologia-de-produccion-de-bm\/bm-ecco-tec\/","title":{"rendered":"b&#038;m-ECCO TEC<sup class=\"copyright\">\u00ae<\/sup>"},"content":{"rendered":"\n<p>Gracias al procedimiento sin residuos, b&amp;m-ECCO TEC\u00ae permite la producci\u00f3n de componentes con simetr\u00eda rotacional con geometr\u00edas exteriores diferentes, no solo de forma precisa y r\u00e1pida, sino tambi\u00e9n con un uso eficiente de recursos y energ\u00eda.<\/p>\n\n\n\n<p>Con esta tecnolog\u00eda, baier &amp; michels aprovecha las ventajas de la conformaci\u00f3n masiva en fr\u00edo. b&amp;m-ECCO TEC\u00ae permite ciclos extremadamente elevados, el aprovechamiento total de la materia prima utilizada y una excelente calidad de la superficie endurecida. A esto se suma un potencial inimaginable para dise\u00f1ar la geometr\u00eda externa: es posible realizar socavones, dentados, rebajes y ranuras, as\u00ed como perfiles complejos y superficies funcionales con tolerancias estrechas.<\/p>\n\n\n\n<p>Al utilizar el principio de conformado en vez de mecanizado, b&amp;m- ECCO TEC\u00ae garantiza tiempos de proceso cortos y una alta producci\u00f3n de piezas mecanizadas. En este sentido, el proceso reduce tanto los costos de producci\u00f3n como el impacto ambiental.<\/p>\n","protected":false},"excerpt":{"rendered":"<p>Gracias al procedimiento sin residuos, b&amp;m-ECCO TEC\u00ae permite la producci\u00f3n de componentes con simetr\u00eda rotacional con geometr\u00edas exteriores diferentes, no solo de forma precisa y r\u00e1pida, sino tambi\u00e9n con un uso eficiente de recursos y energ\u00eda. Con esta tecnolog\u00eda, baier &amp; michels aprovecha las ventajas de la conformaci\u00f3n masiva en fr\u00edo. b&amp;m-ECCO TEC\u00ae permite ciclos [&hellip;]<\/p>\n","protected":false},"author":1,"featured_media":0,"parent":10331,"menu_order":1,"comment_status":"closed","ping_status":"closed","template":"template-fgtechnologien.php","meta":{"_acf_changed":false,"footnotes":""},"categories":[],"class_list":["post-10562","page","type-page","status-publish","hentry"],"acf":[],"yoast_head":"<!-- This site is optimized with the Yoast SEO plugin v27.4 - https:\/\/yoast.com\/product\/yoast-seo-wordpress\/ -->\n<title>b&amp;m-ECCO TEC\u00ae - b&amp;m Homepage<\/title>\n<meta name=\"robots\" content=\"index, follow, max-snippet:-1, max-image-preview:large, max-video-preview:-1\" \/>\n<link rel=\"canonical\" href=\"https:\/\/www.baier-michels.com\/es\/tecnologia-de-produccion-de-bm\/bm-ecco-tec\/\" \/>\n<meta property=\"og:locale\" content=\"es_ES\" \/>\n<meta property=\"og:type\" content=\"article\" \/>\n<meta property=\"og:title\" content=\"b&amp;m-ECCO TEC\u00ae - b&amp;m Homepage\" \/>\n<meta property=\"og:description\" content=\"Gracias al procedimiento sin residuos, b&amp;m-ECCO TEC\u00ae permite la producci\u00f3n de componentes con simetr\u00eda rotacional con geometr\u00edas exteriores diferentes, no solo de forma precisa y r\u00e1pida, sino tambi\u00e9n con un uso eficiente de recursos y energ\u00eda. Con esta tecnolog\u00eda, baier &amp; michels aprovecha las ventajas de la conformaci\u00f3n masiva en fr\u00edo. b&amp;m-ECCO TEC\u00ae permite ciclos [&hellip;]\" \/>\n<meta property=\"og:url\" content=\"https:\/\/www.baier-michels.com\/es\/tecnologia-de-produccion-de-bm\/bm-ecco-tec\/\" \/>\n<meta property=\"og:site_name\" content=\"b&amp;m Homepage\" \/>\n<meta property=\"article:modified_time\" content=\"2025-07-16T11:58:10+00:00\" \/>\n<meta name=\"twitter:card\" content=\"summary_large_image\" \/>\n<meta name=\"twitter:label1\" content=\"Tiempo de lectura\" \/>\n\t<meta name=\"twitter:data1\" content=\"1 minuto\" \/>\n<script type=\"application\/ld+json\" class=\"yoast-schema-graph\">{\"@context\":\"https:\\\/\\\/schema.org\",\"@graph\":[{\"@type\":\"WebPage\",\"@id\":\"https:\\\/\\\/www.baier-michels.com\\\/es\\\/tecnologia-de-produccion-de-bm\\\/bm-ecco-tec\\\/\",\"url\":\"https:\\\/\\\/www.baier-michels.com\\\/es\\\/tecnologia-de-produccion-de-bm\\\/bm-ecco-tec\\\/\",\"name\":\"b&m-ECCO TEC\u00ae - b&amp;m Homepage\",\"isPartOf\":{\"@id\":\"https:\\\/\\\/www.baier-michels.com\\\/es\\\/#website\"},\"datePublished\":\"2023-07-24T23:00:00+00:00\",\"dateModified\":\"2025-07-16T11:58:10+00:00\",\"breadcrumb\":{\"@id\":\"https:\\\/\\\/www.baier-michels.com\\\/es\\\/tecnologia-de-produccion-de-bm\\\/bm-ecco-tec\\\/#breadcrumb\"},\"inLanguage\":\"es\",\"potentialAction\":[{\"@type\":\"ReadAction\",\"target\":[\"https:\\\/\\\/www.baier-michels.com\\\/es\\\/tecnologia-de-produccion-de-bm\\\/bm-ecco-tec\\\/\"]}]},{\"@type\":\"BreadcrumbList\",\"@id\":\"https:\\\/\\\/www.baier-michels.com\\\/es\\\/tecnologia-de-produccion-de-bm\\\/bm-ecco-tec\\\/#breadcrumb\",\"itemListElement\":[{\"@type\":\"ListItem\",\"position\":1,\"name\":\"Startseite\",\"item\":\"https:\\\/\\\/www.baier-michels.com\\\/es\\\/\"},{\"@type\":\"ListItem\",\"position\":2,\"name\":\"Tecnolog\u00eda de producci\u00f3n de b&amp;m\",\"item\":\"https:\\\/\\\/www.baier-michels.com\\\/es\\\/tecnologia-de-produccion-de-bm\\\/\"},{\"@type\":\"ListItem\",\"position\":3,\"name\":\"b&#038;m-ECCO TEC\u00ae\"}]},{\"@type\":\"WebSite\",\"@id\":\"https:\\\/\\\/www.baier-michels.com\\\/es\\\/#website\",\"url\":\"https:\\\/\\\/www.baier-michels.com\\\/es\\\/\",\"name\":\"b&m\",\"description\":\"baier&amp;michels Gmbh &amp; Co KG\",\"publisher\":{\"@id\":\"https:\\\/\\\/www.baier-michels.com\\\/es\\\/#organization\"},\"potentialAction\":[{\"@type\":\"SearchAction\",\"target\":{\"@type\":\"EntryPoint\",\"urlTemplate\":\"https:\\\/\\\/www.baier-michels.com\\\/es\\\/?s={search_term_string}\"},\"query-input\":{\"@type\":\"PropertyValueSpecification\",\"valueRequired\":true,\"valueName\":\"search_term_string\"}}],\"inLanguage\":\"es\"},{\"@type\":\"Organization\",\"@id\":\"https:\\\/\\\/www.baier-michels.com\\\/es\\\/#organization\",\"name\":\"baier & michels GmbH & Co KG\",\"url\":\"https:\\\/\\\/www.baier-michels.com\\\/es\\\/\",\"logo\":{\"@type\":\"ImageObject\",\"inLanguage\":\"es\",\"@id\":\"https:\\\/\\\/www.baier-michels.com\\\/es\\\/#\\\/schema\\\/logo\\\/image\\\/\",\"url\":\"\",\"contentUrl\":\"\",\"caption\":\"baier & michels GmbH & Co KG\"},\"image\":{\"@id\":\"https:\\\/\\\/www.baier-michels.com\\\/es\\\/#\\\/schema\\\/logo\\\/image\\\/\"},\"sameAs\":[\"https:\\\/\\\/www.linkedin.com\\\/company\\\/baier-michels\\\/?viewAsMember=true\",\"https:\\\/\\\/www.youtube.com\\\/channel\\\/UCdBWm_HCAtCjxiFZWloFYGw?view_as=subscriber\"]}]}<\/script>\n<!-- \/ Yoast SEO plugin. -->","yoast_head_json":{"title":"b&m-ECCO TEC\u00ae - b&amp;m Homepage","robots":{"index":"index","follow":"follow","max-snippet":"max-snippet:-1","max-image-preview":"max-image-preview:large","max-video-preview":"max-video-preview:-1"},"canonical":"https:\/\/www.baier-michels.com\/es\/tecnologia-de-produccion-de-bm\/bm-ecco-tec\/","og_locale":"es_ES","og_type":"article","og_title":"b&m-ECCO TEC\u00ae - b&amp;m Homepage","og_description":"Gracias al procedimiento sin residuos, b&amp;m-ECCO TEC\u00ae permite la producci\u00f3n de componentes con simetr\u00eda rotacional con geometr\u00edas exteriores diferentes, no solo de forma precisa y r\u00e1pida, sino tambi\u00e9n con un uso eficiente de recursos y energ\u00eda. Con esta tecnolog\u00eda, baier &amp; michels aprovecha las ventajas de la conformaci\u00f3n masiva en fr\u00edo. b&amp;m-ECCO TEC\u00ae permite ciclos [&hellip;]","og_url":"https:\/\/www.baier-michels.com\/es\/tecnologia-de-produccion-de-bm\/bm-ecco-tec\/","og_site_name":"b&amp;m Homepage","article_modified_time":"2025-07-16T11:58:10+00:00","twitter_card":"summary_large_image","twitter_misc":{"Tiempo de lectura":"1 minuto"},"schema":{"@context":"https:\/\/schema.org","@graph":[{"@type":"WebPage","@id":"https:\/\/www.baier-michels.com\/es\/tecnologia-de-produccion-de-bm\/bm-ecco-tec\/","url":"https:\/\/www.baier-michels.com\/es\/tecnologia-de-produccion-de-bm\/bm-ecco-tec\/","name":"b&m-ECCO TEC\u00ae - b&amp;m Homepage","isPartOf":{"@id":"https:\/\/www.baier-michels.com\/es\/#website"},"datePublished":"2023-07-24T23:00:00+00:00","dateModified":"2025-07-16T11:58:10+00:00","breadcrumb":{"@id":"https:\/\/www.baier-michels.com\/es\/tecnologia-de-produccion-de-bm\/bm-ecco-tec\/#breadcrumb"},"inLanguage":"es","potentialAction":[{"@type":"ReadAction","target":["https:\/\/www.baier-michels.com\/es\/tecnologia-de-produccion-de-bm\/bm-ecco-tec\/"]}]},{"@type":"BreadcrumbList","@id":"https:\/\/www.baier-michels.com\/es\/tecnologia-de-produccion-de-bm\/bm-ecco-tec\/#breadcrumb","itemListElement":[{"@type":"ListItem","position":1,"name":"Startseite","item":"https:\/\/www.baier-michels.com\/es\/"},{"@type":"ListItem","position":2,"name":"Tecnolog\u00eda de producci\u00f3n de b&amp;m","item":"https:\/\/www.baier-michels.com\/es\/tecnologia-de-produccion-de-bm\/"},{"@type":"ListItem","position":3,"name":"b&#038;m-ECCO TEC\u00ae"}]},{"@type":"WebSite","@id":"https:\/\/www.baier-michels.com\/es\/#website","url":"https:\/\/www.baier-michels.com\/es\/","name":"b&m","description":"baier&amp;michels Gmbh &amp; Co KG","publisher":{"@id":"https:\/\/www.baier-michels.com\/es\/#organization"},"potentialAction":[{"@type":"SearchAction","target":{"@type":"EntryPoint","urlTemplate":"https:\/\/www.baier-michels.com\/es\/?s={search_term_string}"},"query-input":{"@type":"PropertyValueSpecification","valueRequired":true,"valueName":"search_term_string"}}],"inLanguage":"es"},{"@type":"Organization","@id":"https:\/\/www.baier-michels.com\/es\/#organization","name":"baier & michels GmbH & Co KG","url":"https:\/\/www.baier-michels.com\/es\/","logo":{"@type":"ImageObject","inLanguage":"es","@id":"https:\/\/www.baier-michels.com\/es\/#\/schema\/logo\/image\/","url":"","contentUrl":"","caption":"baier & michels GmbH & Co KG"},"image":{"@id":"https:\/\/www.baier-michels.com\/es\/#\/schema\/logo\/image\/"},"sameAs":["https:\/\/www.linkedin.com\/company\/baier-michels\/?viewAsMember=true","https:\/\/www.youtube.com\/channel\/UCdBWm_HCAtCjxiFZWloFYGw?view_as=subscriber"]}]}},"_links":{"self":[{"href":"https:\/\/www.baier-michels.com\/es\/wp-json\/wp\/v2\/pages\/10562","targetHints":{"allow":["GET"]}}],"collection":[{"href":"https:\/\/www.baier-michels.com\/es\/wp-json\/wp\/v2\/pages"}],"about":[{"href":"https:\/\/www.baier-michels.com\/es\/wp-json\/wp\/v2\/types\/page"}],"author":[{"embeddable":true,"href":"https:\/\/www.baier-michels.com\/es\/wp-json\/wp\/v2\/users\/1"}],"replies":[{"embeddable":true,"href":"https:\/\/www.baier-michels.com\/es\/wp-json\/wp\/v2\/comments?post=10562"}],"version-history":[{"count":6,"href":"https:\/\/www.baier-michels.com\/es\/wp-json\/wp\/v2\/pages\/10562\/revisions"}],"predecessor-version":[{"id":17252,"href":"https:\/\/www.baier-michels.com\/es\/wp-json\/wp\/v2\/pages\/10562\/revisions\/17252"}],"up":[{"embeddable":true,"href":"https:\/\/www.baier-michels.com\/es\/wp-json\/wp\/v2\/pages\/10331"}],"wp:attachment":[{"href":"https:\/\/www.baier-michels.com\/es\/wp-json\/wp\/v2\/media?parent=10562"}],"wp:term":[{"taxonomy":"category","embeddable":true,"href":"https:\/\/www.baier-michels.com\/es\/wp-json\/wp\/v2\/categories?post=10562"}],"curies":[{"name":"wp","href":"https:\/\/api.w.org\/{rel}","templated":true}]}}