{"id":10572,"date":"2023-07-25T00:00:00","date_gmt":"2023-07-24T23:00:00","guid":{"rendered":"http:\/\/bm.baier-michels.local\/bm-academy\/oferta-formativa\/"},"modified":"2024-07-19T09:40:40","modified_gmt":"2024-07-19T08:40:40","slug":"oferta-formativa","status":"publish","type":"page","link":"https:\/\/www.baier-michels.com\/es\/bm-academy-6\/oferta-formativa\/","title":{"rendered":"Nuestros cursos de formaci\u00f3n"},"content":{"rendered":"<p>La b&#038;m\u00a0Academy se ha marcado como objetivo informar acerca de los fundamentos y las innovaciones de la tecnolog\u00eda de uni\u00f3n a aquellos usuarios que est\u00e9n interesados y poner a su disposici\u00f3n un foro de debate sobre cuestiones pr\u00e1cticas. Nuestra larga experiencia como proveedores en el sector del autom\u00f3vil y como fabricantes de elementos de uni\u00f3n nos ha permitido acumular grandes conocimientos, sobre todo en las \u00e1reas de la tecnolog\u00eda, la log\u00edstica y la calidad.<\/p>\n<p>\u00bfHemos despertado su inter\u00e9s?  <\/p>\n<p>En ese caso, no dude en ponerse en contacto con nosotros, bajo la direcci\u00f3n de correo electr\u00f3nico academy@baier-michels.com. Nos complacer\u00e1 ofrecerle un curso de formaci\u00f3n totalmente adaptado a sus necesidades.<\/p>\n","protected":false},"excerpt":{"rendered":"<p>La b&#038;m\u00a0Academy se ha marcado como objetivo informar acerca de los fundamentos y las innovaciones de la tecnolog\u00eda de uni\u00f3n a aquellos usuarios que est\u00e9n interesados y poner a su disposici\u00f3n un foro de debate sobre cuestiones pr\u00e1cticas. Nuestra larga experiencia como proveedores en el sector del autom\u00f3vil y como fabricantes de elementos de uni\u00f3n [&hellip;]<\/p>\n","protected":false},"author":1,"featured_media":0,"parent":10505,"menu_order":2,"comment_status":"closed","ping_status":"closed","template":"template_page_e2_nolink.php","meta":{"_acf_changed":false,"footnotes":""},"categories":[190,191,161,162,163],"class_list":["post-10572","page","type-page","status-publish","hentry","category-atornillado-directo-en-metales","category-atornillado-directo-en-plasticos","category-fundamentos-de-la-fabricacion-de-tornillos","category-prototipado-4-0","category-soluciones-de-sistemas-logisticos"],"acf":[],"yoast_head":"<!-- This site is optimized with the Yoast SEO plugin v27.3 - https:\/\/yoast.com\/product\/yoast-seo-wordpress\/ -->\n<title>Nuestros cursos de formaci\u00f3n - b&amp;m Homepage<\/title>\n<meta name=\"robots\" content=\"index, follow, max-snippet:-1, max-image-preview:large, max-video-preview:-1\" \/>\n<link rel=\"canonical\" href=\"https:\/\/www.baier-michels.com\/es\/bm-academy-6\/oferta-formativa\/\" \/>\n<meta property=\"og:locale\" content=\"es_ES\" \/>\n<meta property=\"og:type\" content=\"article\" \/>\n<meta property=\"og:title\" content=\"Nuestros cursos de formaci\u00f3n - b&amp;m Homepage\" \/>\n<meta property=\"og:description\" content=\"La b&#038;m\u00a0Academy se ha marcado como objetivo informar acerca de los fundamentos y las innovaciones de la tecnolog\u00eda de uni\u00f3n a aquellos usuarios que est\u00e9n interesados y poner a su disposici\u00f3n un foro de debate sobre cuestiones pr\u00e1cticas. Nuestra larga experiencia como proveedores en el sector del autom\u00f3vil y como fabricantes de elementos de uni\u00f3n [&hellip;]\" \/>\n<meta property=\"og:url\" content=\"https:\/\/www.baier-michels.com\/es\/bm-academy-6\/oferta-formativa\/\" \/>\n<meta property=\"og:site_name\" content=\"b&amp;m Homepage\" \/>\n<meta property=\"article:modified_time\" content=\"2024-07-19T08:40:40+00:00\" \/>\n<meta name=\"twitter:card\" content=\"summary_large_image\" \/>\n<meta name=\"twitter:label1\" content=\"Tiempo de lectura\" \/>\n\t<meta name=\"twitter:data1\" content=\"1 minuto\" \/>\n<script type=\"application\/ld+json\" class=\"yoast-schema-graph\">{\"@context\":\"https:\\\/\\\/schema.org\",\"@graph\":[{\"@type\":\"WebPage\",\"@id\":\"https:\\\/\\\/www.baier-michels.com\\\/es\\\/bm-academy-6\\\/oferta-formativa\\\/\",\"url\":\"https:\\\/\\\/www.baier-michels.com\\\/es\\\/bm-academy-6\\\/oferta-formativa\\\/\",\"name\":\"Nuestros cursos de formaci\u00f3n - b&amp;m Homepage\",\"isPartOf\":{\"@id\":\"https:\\\/\\\/www.baier-michels.com\\\/es\\\/#website\"},\"datePublished\":\"2023-07-24T23:00:00+00:00\",\"dateModified\":\"2024-07-19T08:40:40+00:00\",\"breadcrumb\":{\"@id\":\"https:\\\/\\\/www.baier-michels.com\\\/es\\\/bm-academy-6\\\/oferta-formativa\\\/#breadcrumb\"},\"inLanguage\":\"es\",\"potentialAction\":[{\"@type\":\"ReadAction\",\"target\":[\"https:\\\/\\\/www.baier-michels.com\\\/es\\\/bm-academy-6\\\/oferta-formativa\\\/\"]}]},{\"@type\":\"BreadcrumbList\",\"@id\":\"https:\\\/\\\/www.baier-michels.com\\\/es\\\/bm-academy-6\\\/oferta-formativa\\\/#breadcrumb\",\"itemListElement\":[{\"@type\":\"ListItem\",\"position\":1,\"name\":\"Startseite\",\"item\":\"https:\\\/\\\/www.baier-michels.com\\\/es\\\/\"},{\"@type\":\"ListItem\",\"position\":2,\"name\":\"b&#038;m Academy\",\"item\":\"https:\\\/\\\/www.baier-michels.com\\\/es\\\/bm-academy-6\\\/\"},{\"@type\":\"ListItem\",\"position\":3,\"name\":\"Nuestros cursos de formaci\u00f3n\"}]},{\"@type\":\"WebSite\",\"@id\":\"https:\\\/\\\/www.baier-michels.com\\\/es\\\/#website\",\"url\":\"https:\\\/\\\/www.baier-michels.com\\\/es\\\/\",\"name\":\"b&m\",\"description\":\"baier&amp;michels Gmbh &amp; Co KG\",\"publisher\":{\"@id\":\"https:\\\/\\\/www.baier-michels.com\\\/es\\\/#organization\"},\"potentialAction\":[{\"@type\":\"SearchAction\",\"target\":{\"@type\":\"EntryPoint\",\"urlTemplate\":\"https:\\\/\\\/www.baier-michels.com\\\/es\\\/?s={search_term_string}\"},\"query-input\":{\"@type\":\"PropertyValueSpecification\",\"valueRequired\":true,\"valueName\":\"search_term_string\"}}],\"inLanguage\":\"es\"},{\"@type\":\"Organization\",\"@id\":\"https:\\\/\\\/www.baier-michels.com\\\/es\\\/#organization\",\"name\":\"baier & michels GmbH & Co KG\",\"url\":\"https:\\\/\\\/www.baier-michels.com\\\/es\\\/\",\"logo\":{\"@type\":\"ImageObject\",\"inLanguage\":\"es\",\"@id\":\"https:\\\/\\\/www.baier-michels.com\\\/es\\\/#\\\/schema\\\/logo\\\/image\\\/\",\"url\":\"\",\"contentUrl\":\"\",\"caption\":\"baier & michels GmbH & Co KG\"},\"image\":{\"@id\":\"https:\\\/\\\/www.baier-michels.com\\\/es\\\/#\\\/schema\\\/logo\\\/image\\\/\"},\"sameAs\":[\"https:\\\/\\\/www.linkedin.com\\\/company\\\/baier-michels\\\/?viewAsMember=true\",\"https:\\\/\\\/www.youtube.com\\\/channel\\\/UCdBWm_HCAtCjxiFZWloFYGw?view_as=subscriber\"]}]}<\/script>\n<!-- \/ Yoast SEO plugin. -->","yoast_head_json":{"title":"Nuestros cursos de formaci\u00f3n - b&amp;m Homepage","robots":{"index":"index","follow":"follow","max-snippet":"max-snippet:-1","max-image-preview":"max-image-preview:large","max-video-preview":"max-video-preview:-1"},"canonical":"https:\/\/www.baier-michels.com\/es\/bm-academy-6\/oferta-formativa\/","og_locale":"es_ES","og_type":"article","og_title":"Nuestros cursos de formaci\u00f3n - b&amp;m Homepage","og_description":"La b&#038;m\u00a0Academy se ha marcado como objetivo informar acerca de los fundamentos y las innovaciones de la tecnolog\u00eda de uni\u00f3n a aquellos usuarios que est\u00e9n interesados y poner a su disposici\u00f3n un foro de debate sobre cuestiones pr\u00e1cticas. Nuestra larga experiencia como proveedores en el sector del autom\u00f3vil y como fabricantes de elementos de uni\u00f3n [&hellip;]","og_url":"https:\/\/www.baier-michels.com\/es\/bm-academy-6\/oferta-formativa\/","og_site_name":"b&amp;m Homepage","article_modified_time":"2024-07-19T08:40:40+00:00","twitter_card":"summary_large_image","twitter_misc":{"Tiempo de lectura":"1 minuto"},"schema":{"@context":"https:\/\/schema.org","@graph":[{"@type":"WebPage","@id":"https:\/\/www.baier-michels.com\/es\/bm-academy-6\/oferta-formativa\/","url":"https:\/\/www.baier-michels.com\/es\/bm-academy-6\/oferta-formativa\/","name":"Nuestros cursos de formaci\u00f3n - b&amp;m Homepage","isPartOf":{"@id":"https:\/\/www.baier-michels.com\/es\/#website"},"datePublished":"2023-07-24T23:00:00+00:00","dateModified":"2024-07-19T08:40:40+00:00","breadcrumb":{"@id":"https:\/\/www.baier-michels.com\/es\/bm-academy-6\/oferta-formativa\/#breadcrumb"},"inLanguage":"es","potentialAction":[{"@type":"ReadAction","target":["https:\/\/www.baier-michels.com\/es\/bm-academy-6\/oferta-formativa\/"]}]},{"@type":"BreadcrumbList","@id":"https:\/\/www.baier-michels.com\/es\/bm-academy-6\/oferta-formativa\/#breadcrumb","itemListElement":[{"@type":"ListItem","position":1,"name":"Startseite","item":"https:\/\/www.baier-michels.com\/es\/"},{"@type":"ListItem","position":2,"name":"b&#038;m Academy","item":"https:\/\/www.baier-michels.com\/es\/bm-academy-6\/"},{"@type":"ListItem","position":3,"name":"Nuestros cursos de formaci\u00f3n"}]},{"@type":"WebSite","@id":"https:\/\/www.baier-michels.com\/es\/#website","url":"https:\/\/www.baier-michels.com\/es\/","name":"b&m","description":"baier&amp;michels Gmbh &amp; Co KG","publisher":{"@id":"https:\/\/www.baier-michels.com\/es\/#organization"},"potentialAction":[{"@type":"SearchAction","target":{"@type":"EntryPoint","urlTemplate":"https:\/\/www.baier-michels.com\/es\/?s={search_term_string}"},"query-input":{"@type":"PropertyValueSpecification","valueRequired":true,"valueName":"search_term_string"}}],"inLanguage":"es"},{"@type":"Organization","@id":"https:\/\/www.baier-michels.com\/es\/#organization","name":"baier & michels GmbH & Co KG","url":"https:\/\/www.baier-michels.com\/es\/","logo":{"@type":"ImageObject","inLanguage":"es","@id":"https:\/\/www.baier-michels.com\/es\/#\/schema\/logo\/image\/","url":"","contentUrl":"","caption":"baier & michels GmbH & Co KG"},"image":{"@id":"https:\/\/www.baier-michels.com\/es\/#\/schema\/logo\/image\/"},"sameAs":["https:\/\/www.linkedin.com\/company\/baier-michels\/?viewAsMember=true","https:\/\/www.youtube.com\/channel\/UCdBWm_HCAtCjxiFZWloFYGw?view_as=subscriber"]}]}},"_links":{"self":[{"href":"https:\/\/www.baier-michels.com\/es\/wp-json\/wp\/v2\/pages\/10572","targetHints":{"allow":["GET"]}}],"collection":[{"href":"https:\/\/www.baier-michels.com\/es\/wp-json\/wp\/v2\/pages"}],"about":[{"href":"https:\/\/www.baier-michels.com\/es\/wp-json\/wp\/v2\/types\/page"}],"author":[{"embeddable":true,"href":"https:\/\/www.baier-michels.com\/es\/wp-json\/wp\/v2\/users\/1"}],"replies":[{"embeddable":true,"href":"https:\/\/www.baier-michels.com\/es\/wp-json\/wp\/v2\/comments?post=10572"}],"version-history":[{"count":0,"href":"https:\/\/www.baier-michels.com\/es\/wp-json\/wp\/v2\/pages\/10572\/revisions"}],"up":[{"embeddable":true,"href":"https:\/\/www.baier-michels.com\/es\/wp-json\/wp\/v2\/pages\/10505"}],"wp:attachment":[{"href":"https:\/\/www.baier-michels.com\/es\/wp-json\/wp\/v2\/media?parent=10572"}],"wp:term":[{"taxonomy":"category","embeddable":true,"href":"https:\/\/www.baier-michels.com\/es\/wp-json\/wp\/v2\/categories?post=10572"}],"curies":[{"name":"wp","href":"https:\/\/api.w.org\/{rel}","templated":true}]}}