{"id":10573,"date":"2023-07-25T00:00:00","date_gmt":"2023-07-24T23:00:00","guid":{"rendered":"http:\/\/bm.baier-michels.local\/bm-academy\/bm-techday\/"},"modified":"2024-07-19T09:40:40","modified_gmt":"2024-07-19T08:40:40","slug":"bm-techday","status":"publish","type":"page","link":"https:\/\/www.baier-michels.com\/es\/bm-academy-6\/bm-techday\/","title":{"rendered":"b&#038;m-TECH Day"},"content":{"rendered":"<p>El b&#038;m-TECH Day es un evento de car\u00e1cter informativo o una feria interna sobre la tecnolog\u00eda de uni\u00f3n. Nos desplazamos con nuestro equipo t\u00e9cnico a sus instalaciones y le proporcionamos asesoramiento in situ. Asimismo, estaremos encantados de hacerle una demostraci\u00f3n del uso de las uniones atornilladas, as\u00ed como del montaje y desmontaje de nuestros productos. Se invita a empleados de los m\u00e1s diversos \u00e1mbitos a que se informen sobre temas de actualidad y posibles oportunidades e intercambien conocimientos. Nuestras principales \u00e1reas de especializaci\u00f3n son la tecnolog\u00eda de uni\u00f3n innovadora, la fabricaci\u00f3n de elementos de uni\u00f3n, la estandarizaci\u00f3n de soluciones de uni\u00f3n y los servicios log\u00edsticos conexos.<\/p>\n<p>Usted decide los temas a tratar, fija la fecha y nos facilita una sala, y nosotros nos ocuparemos del resto.<\/p>\n","protected":false},"excerpt":{"rendered":"<p>El b&#038;m-TECH Day es un evento de car\u00e1cter informativo o una feria interna sobre la tecnolog\u00eda de uni\u00f3n. Nos desplazamos con nuestro equipo t\u00e9cnico a sus instalaciones y le proporcionamos asesoramiento in situ. Asimismo, estaremos encantados de hacerle una demostraci\u00f3n del uso de las uniones atornilladas, as\u00ed como del montaje y desmontaje de nuestros productos. [&hellip;]<\/p>\n","protected":false},"author":1,"featured_media":0,"parent":10505,"menu_order":3,"comment_status":"closed","ping_status":"closed","template":"template_page_e2_nolink.php","meta":{"_acf_changed":false,"footnotes":""},"categories":[183,185,184,187,182,186],"class_list":["post-10573","page","type-page","status-publish","hentry","category-cursos-practicos","category-exposicion","category-foro-de-usuarios","category-material-publicitario","category-presentaciones","category-servicios-de-restauracion"],"acf":[],"yoast_head":"<!-- This site is optimized with the Yoast SEO plugin v27.3 - https:\/\/yoast.com\/product\/yoast-seo-wordpress\/ -->\n<title>b&amp;m-TECH Day - b&amp;m Homepage<\/title>\n<meta name=\"robots\" content=\"index, follow, max-snippet:-1, max-image-preview:large, max-video-preview:-1\" \/>\n<link rel=\"canonical\" href=\"https:\/\/www.baier-michels.com\/es\/bm-academy-6\/bm-techday\/\" \/>\n<meta property=\"og:locale\" content=\"es_ES\" \/>\n<meta property=\"og:type\" content=\"article\" \/>\n<meta property=\"og:title\" content=\"b&amp;m-TECH Day - b&amp;m Homepage\" \/>\n<meta property=\"og:description\" content=\"El b&#038;m-TECH Day es un evento de car\u00e1cter informativo o una feria interna sobre la tecnolog\u00eda de uni\u00f3n. Nos desplazamos con nuestro equipo t\u00e9cnico a sus instalaciones y le proporcionamos asesoramiento in situ. Asimismo, estaremos encantados de hacerle una demostraci\u00f3n del uso de las uniones atornilladas, as\u00ed como del montaje y desmontaje de nuestros productos. [&hellip;]\" \/>\n<meta property=\"og:url\" content=\"https:\/\/www.baier-michels.com\/es\/bm-academy-6\/bm-techday\/\" \/>\n<meta property=\"og:site_name\" content=\"b&amp;m Homepage\" \/>\n<meta property=\"article:modified_time\" content=\"2024-07-19T08:40:40+00:00\" \/>\n<meta name=\"twitter:card\" content=\"summary_large_image\" \/>\n<meta name=\"twitter:label1\" content=\"Tiempo de lectura\" \/>\n\t<meta name=\"twitter:data1\" content=\"1 minuto\" \/>\n<script type=\"application\/ld+json\" class=\"yoast-schema-graph\">{\"@context\":\"https:\\\/\\\/schema.org\",\"@graph\":[{\"@type\":\"WebPage\",\"@id\":\"https:\\\/\\\/www.baier-michels.com\\\/es\\\/bm-academy-6\\\/bm-techday\\\/\",\"url\":\"https:\\\/\\\/www.baier-michels.com\\\/es\\\/bm-academy-6\\\/bm-techday\\\/\",\"name\":\"b&m-TECH Day - b&amp;m Homepage\",\"isPartOf\":{\"@id\":\"https:\\\/\\\/www.baier-michels.com\\\/es\\\/#website\"},\"datePublished\":\"2023-07-24T23:00:00+00:00\",\"dateModified\":\"2024-07-19T08:40:40+00:00\",\"breadcrumb\":{\"@id\":\"https:\\\/\\\/www.baier-michels.com\\\/es\\\/bm-academy-6\\\/bm-techday\\\/#breadcrumb\"},\"inLanguage\":\"es\",\"potentialAction\":[{\"@type\":\"ReadAction\",\"target\":[\"https:\\\/\\\/www.baier-michels.com\\\/es\\\/bm-academy-6\\\/bm-techday\\\/\"]}]},{\"@type\":\"BreadcrumbList\",\"@id\":\"https:\\\/\\\/www.baier-michels.com\\\/es\\\/bm-academy-6\\\/bm-techday\\\/#breadcrumb\",\"itemListElement\":[{\"@type\":\"ListItem\",\"position\":1,\"name\":\"Startseite\",\"item\":\"https:\\\/\\\/www.baier-michels.com\\\/es\\\/\"},{\"@type\":\"ListItem\",\"position\":2,\"name\":\"b&#038;m Academy\",\"item\":\"https:\\\/\\\/www.baier-michels.com\\\/es\\\/bm-academy-6\\\/\"},{\"@type\":\"ListItem\",\"position\":3,\"name\":\"b&#038;m-TECH Day\"}]},{\"@type\":\"WebSite\",\"@id\":\"https:\\\/\\\/www.baier-michels.com\\\/es\\\/#website\",\"url\":\"https:\\\/\\\/www.baier-michels.com\\\/es\\\/\",\"name\":\"b&m\",\"description\":\"baier&amp;michels Gmbh &amp; Co KG\",\"publisher\":{\"@id\":\"https:\\\/\\\/www.baier-michels.com\\\/es\\\/#organization\"},\"potentialAction\":[{\"@type\":\"SearchAction\",\"target\":{\"@type\":\"EntryPoint\",\"urlTemplate\":\"https:\\\/\\\/www.baier-michels.com\\\/es\\\/?s={search_term_string}\"},\"query-input\":{\"@type\":\"PropertyValueSpecification\",\"valueRequired\":true,\"valueName\":\"search_term_string\"}}],\"inLanguage\":\"es\"},{\"@type\":\"Organization\",\"@id\":\"https:\\\/\\\/www.baier-michels.com\\\/es\\\/#organization\",\"name\":\"baier & michels GmbH & Co KG\",\"url\":\"https:\\\/\\\/www.baier-michels.com\\\/es\\\/\",\"logo\":{\"@type\":\"ImageObject\",\"inLanguage\":\"es\",\"@id\":\"https:\\\/\\\/www.baier-michels.com\\\/es\\\/#\\\/schema\\\/logo\\\/image\\\/\",\"url\":\"\",\"contentUrl\":\"\",\"caption\":\"baier & michels GmbH & Co KG\"},\"image\":{\"@id\":\"https:\\\/\\\/www.baier-michels.com\\\/es\\\/#\\\/schema\\\/logo\\\/image\\\/\"},\"sameAs\":[\"https:\\\/\\\/www.linkedin.com\\\/company\\\/baier-michels\\\/?viewAsMember=true\",\"https:\\\/\\\/www.youtube.com\\\/channel\\\/UCdBWm_HCAtCjxiFZWloFYGw?view_as=subscriber\"]}]}<\/script>\n<!-- \/ Yoast SEO plugin. -->","yoast_head_json":{"title":"b&m-TECH Day - b&amp;m Homepage","robots":{"index":"index","follow":"follow","max-snippet":"max-snippet:-1","max-image-preview":"max-image-preview:large","max-video-preview":"max-video-preview:-1"},"canonical":"https:\/\/www.baier-michels.com\/es\/bm-academy-6\/bm-techday\/","og_locale":"es_ES","og_type":"article","og_title":"b&m-TECH Day - b&amp;m Homepage","og_description":"El b&#038;m-TECH Day es un evento de car\u00e1cter informativo o una feria interna sobre la tecnolog\u00eda de uni\u00f3n. Nos desplazamos con nuestro equipo t\u00e9cnico a sus instalaciones y le proporcionamos asesoramiento in situ. Asimismo, estaremos encantados de hacerle una demostraci\u00f3n del uso de las uniones atornilladas, as\u00ed como del montaje y desmontaje de nuestros productos. [&hellip;]","og_url":"https:\/\/www.baier-michels.com\/es\/bm-academy-6\/bm-techday\/","og_site_name":"b&amp;m Homepage","article_modified_time":"2024-07-19T08:40:40+00:00","twitter_card":"summary_large_image","twitter_misc":{"Tiempo de lectura":"1 minuto"},"schema":{"@context":"https:\/\/schema.org","@graph":[{"@type":"WebPage","@id":"https:\/\/www.baier-michels.com\/es\/bm-academy-6\/bm-techday\/","url":"https:\/\/www.baier-michels.com\/es\/bm-academy-6\/bm-techday\/","name":"b&m-TECH Day - b&amp;m Homepage","isPartOf":{"@id":"https:\/\/www.baier-michels.com\/es\/#website"},"datePublished":"2023-07-24T23:00:00+00:00","dateModified":"2024-07-19T08:40:40+00:00","breadcrumb":{"@id":"https:\/\/www.baier-michels.com\/es\/bm-academy-6\/bm-techday\/#breadcrumb"},"inLanguage":"es","potentialAction":[{"@type":"ReadAction","target":["https:\/\/www.baier-michels.com\/es\/bm-academy-6\/bm-techday\/"]}]},{"@type":"BreadcrumbList","@id":"https:\/\/www.baier-michels.com\/es\/bm-academy-6\/bm-techday\/#breadcrumb","itemListElement":[{"@type":"ListItem","position":1,"name":"Startseite","item":"https:\/\/www.baier-michels.com\/es\/"},{"@type":"ListItem","position":2,"name":"b&#038;m Academy","item":"https:\/\/www.baier-michels.com\/es\/bm-academy-6\/"},{"@type":"ListItem","position":3,"name":"b&#038;m-TECH Day"}]},{"@type":"WebSite","@id":"https:\/\/www.baier-michels.com\/es\/#website","url":"https:\/\/www.baier-michels.com\/es\/","name":"b&m","description":"baier&amp;michels Gmbh &amp; Co KG","publisher":{"@id":"https:\/\/www.baier-michels.com\/es\/#organization"},"potentialAction":[{"@type":"SearchAction","target":{"@type":"EntryPoint","urlTemplate":"https:\/\/www.baier-michels.com\/es\/?s={search_term_string}"},"query-input":{"@type":"PropertyValueSpecification","valueRequired":true,"valueName":"search_term_string"}}],"inLanguage":"es"},{"@type":"Organization","@id":"https:\/\/www.baier-michels.com\/es\/#organization","name":"baier & michels GmbH & Co KG","url":"https:\/\/www.baier-michels.com\/es\/","logo":{"@type":"ImageObject","inLanguage":"es","@id":"https:\/\/www.baier-michels.com\/es\/#\/schema\/logo\/image\/","url":"","contentUrl":"","caption":"baier & michels GmbH & Co KG"},"image":{"@id":"https:\/\/www.baier-michels.com\/es\/#\/schema\/logo\/image\/"},"sameAs":["https:\/\/www.linkedin.com\/company\/baier-michels\/?viewAsMember=true","https:\/\/www.youtube.com\/channel\/UCdBWm_HCAtCjxiFZWloFYGw?view_as=subscriber"]}]}},"_links":{"self":[{"href":"https:\/\/www.baier-michels.com\/es\/wp-json\/wp\/v2\/pages\/10573","targetHints":{"allow":["GET"]}}],"collection":[{"href":"https:\/\/www.baier-michels.com\/es\/wp-json\/wp\/v2\/pages"}],"about":[{"href":"https:\/\/www.baier-michels.com\/es\/wp-json\/wp\/v2\/types\/page"}],"author":[{"embeddable":true,"href":"https:\/\/www.baier-michels.com\/es\/wp-json\/wp\/v2\/users\/1"}],"replies":[{"embeddable":true,"href":"https:\/\/www.baier-michels.com\/es\/wp-json\/wp\/v2\/comments?post=10573"}],"version-history":[{"count":0,"href":"https:\/\/www.baier-michels.com\/es\/wp-json\/wp\/v2\/pages\/10573\/revisions"}],"up":[{"embeddable":true,"href":"https:\/\/www.baier-michels.com\/es\/wp-json\/wp\/v2\/pages\/10505"}],"wp:attachment":[{"href":"https:\/\/www.baier-michels.com\/es\/wp-json\/wp\/v2\/media?parent=10573"}],"wp:term":[{"taxonomy":"category","embeddable":true,"href":"https:\/\/www.baier-michels.com\/es\/wp-json\/wp\/v2\/categories?post=10573"}],"curies":[{"name":"wp","href":"https:\/\/api.w.org\/{rel}","templated":true}]}}