{"id":17266,"date":"2025-07-16T13:10:04","date_gmt":"2025-07-16T12:10:04","guid":{"rendered":"https:\/\/www.baier-michels.com\/?page_id=17266"},"modified":"2025-07-16T13:10:44","modified_gmt":"2025-07-16T12:10:44","slug":"conformacion-en-frio","status":"publish","type":"page","link":"https:\/\/www.baier-michels.com\/es\/tecnologia-de-produccion-de-bm\/conformacion-en-frio\/","title":{"rendered":"Conformaci\u00f3n en fr\u00edo"},"content":{"rendered":"\n<p>Este concepto permite la fabricaci\u00f3n de elementos de fijaci\u00f3n altamente precisos y resistentes. Adem\u00e1s de la eficiencia del material, las principales ventajas son m\u00e1xima resistencia, precisi\u00f3n dimensional y calidad superficial. Descubra aqu\u00ed nuestras innovadoras soluciones de atornillado directo y elementos de uni\u00f3n con funciones adicionales integradas. Las piezas conformadas en fr\u00edo son \u00abMade in Germany\u00bb: se desarrollan y fabrican en la sede de b&amp;m en Ober-Ramstadt. Nuestros productos se distinguen por ser soluciones individuales dise\u00f1adas para aquellos retos que no pueden superarse con la tecnolog\u00eda convencional del mercado.<\/p>\n","protected":false},"excerpt":{"rendered":"<p>Este concepto permite la fabricaci\u00f3n de elementos de fijaci\u00f3n altamente precisos y resistentes. Adem\u00e1s de la eficiencia del material, las principales ventajas son m\u00e1xima resistencia, precisi\u00f3n dimensional y calidad superficial. Descubra aqu\u00ed nuestras innovadoras soluciones de atornillado directo y elementos de uni\u00f3n con funciones adicionales integradas. Las piezas conformadas en fr\u00edo son \u00abMade in Germany\u00bb: [&hellip;]<\/p>\n","protected":false},"author":7,"featured_media":0,"parent":10331,"menu_order":1,"comment_status":"closed","ping_status":"closed","template":"template_page_e3.php","meta":{"_acf_changed":false,"footnotes":""},"categories":[192,190,191,195],"class_list":["post-17266","page","type-page","status-publish","hentry","category-atornillado-directo-en-materiales-diferentes","category-atornillado-directo-en-metales","category-atornillado-directo-en-plasticos","category-piezas-de-union-con-funciones-adicionales"],"acf":[],"yoast_head":"<!-- This site is optimized with the Yoast SEO plugin v27.3 - https:\/\/yoast.com\/product\/yoast-seo-wordpress\/ -->\n<title>Conformaci\u00f3n en fr\u00edo - b&amp;m Homepage<\/title>\n<meta name=\"robots\" content=\"index, follow, max-snippet:-1, max-image-preview:large, max-video-preview:-1\" \/>\n<link rel=\"canonical\" href=\"https:\/\/www.baier-michels.com\/es\/tecnologia-de-produccion-de-bm\/conformacion-en-frio\/\" \/>\n<meta property=\"og:locale\" content=\"es_ES\" \/>\n<meta property=\"og:type\" content=\"article\" \/>\n<meta property=\"og:title\" content=\"Conformaci\u00f3n en fr\u00edo - b&amp;m Homepage\" \/>\n<meta property=\"og:description\" content=\"Este concepto permite la fabricaci\u00f3n de elementos de fijaci\u00f3n altamente precisos y resistentes. Adem\u00e1s de la eficiencia del material, las principales ventajas son m\u00e1xima resistencia, precisi\u00f3n dimensional y calidad superficial. Descubra aqu\u00ed nuestras innovadoras soluciones de atornillado directo y elementos de uni\u00f3n con funciones adicionales integradas. Las piezas conformadas en fr\u00edo son \u00abMade in Germany\u00bb: [&hellip;]\" \/>\n<meta property=\"og:url\" content=\"https:\/\/www.baier-michels.com\/es\/tecnologia-de-produccion-de-bm\/conformacion-en-frio\/\" \/>\n<meta property=\"og:site_name\" content=\"b&amp;m Homepage\" \/>\n<meta property=\"article:modified_time\" content=\"2025-07-16T12:10:44+00:00\" \/>\n<meta name=\"twitter:card\" content=\"summary_large_image\" \/>\n<meta name=\"twitter:label1\" content=\"Tiempo de lectura\" \/>\n\t<meta name=\"twitter:data1\" content=\"1 minuto\" \/>\n<script type=\"application\/ld+json\" class=\"yoast-schema-graph\">{\"@context\":\"https:\\\/\\\/schema.org\",\"@graph\":[{\"@type\":\"WebPage\",\"@id\":\"https:\\\/\\\/www.baier-michels.com\\\/es\\\/tecnologia-de-produccion-de-bm\\\/conformacion-en-frio\\\/\",\"url\":\"https:\\\/\\\/www.baier-michels.com\\\/es\\\/tecnologia-de-produccion-de-bm\\\/conformacion-en-frio\\\/\",\"name\":\"Conformaci\u00f3n en fr\u00edo - b&amp;m Homepage\",\"isPartOf\":{\"@id\":\"https:\\\/\\\/www.baier-michels.com\\\/es\\\/#website\"},\"datePublished\":\"2025-07-16T12:10:04+00:00\",\"dateModified\":\"2025-07-16T12:10:44+00:00\",\"breadcrumb\":{\"@id\":\"https:\\\/\\\/www.baier-michels.com\\\/es\\\/tecnologia-de-produccion-de-bm\\\/conformacion-en-frio\\\/#breadcrumb\"},\"inLanguage\":\"es\",\"potentialAction\":[{\"@type\":\"ReadAction\",\"target\":[\"https:\\\/\\\/www.baier-michels.com\\\/es\\\/tecnologia-de-produccion-de-bm\\\/conformacion-en-frio\\\/\"]}]},{\"@type\":\"BreadcrumbList\",\"@id\":\"https:\\\/\\\/www.baier-michels.com\\\/es\\\/tecnologia-de-produccion-de-bm\\\/conformacion-en-frio\\\/#breadcrumb\",\"itemListElement\":[{\"@type\":\"ListItem\",\"position\":1,\"name\":\"Startseite\",\"item\":\"https:\\\/\\\/www.baier-michels.com\\\/es\\\/\"},{\"@type\":\"ListItem\",\"position\":2,\"name\":\"Tecnolog\u00eda de producci\u00f3n de b&amp;m\",\"item\":\"https:\\\/\\\/www.baier-michels.com\\\/es\\\/tecnologia-de-produccion-de-bm\\\/\"},{\"@type\":\"ListItem\",\"position\":3,\"name\":\"Conformaci\u00f3n en fr\u00edo\"}]},{\"@type\":\"WebSite\",\"@id\":\"https:\\\/\\\/www.baier-michels.com\\\/es\\\/#website\",\"url\":\"https:\\\/\\\/www.baier-michels.com\\\/es\\\/\",\"name\":\"b&m\",\"description\":\"baier&amp;michels Gmbh &amp; Co KG\",\"publisher\":{\"@id\":\"https:\\\/\\\/www.baier-michels.com\\\/es\\\/#organization\"},\"potentialAction\":[{\"@type\":\"SearchAction\",\"target\":{\"@type\":\"EntryPoint\",\"urlTemplate\":\"https:\\\/\\\/www.baier-michels.com\\\/es\\\/?s={search_term_string}\"},\"query-input\":{\"@type\":\"PropertyValueSpecification\",\"valueRequired\":true,\"valueName\":\"search_term_string\"}}],\"inLanguage\":\"es\"},{\"@type\":\"Organization\",\"@id\":\"https:\\\/\\\/www.baier-michels.com\\\/es\\\/#organization\",\"name\":\"baier & michels GmbH & Co KG\",\"url\":\"https:\\\/\\\/www.baier-michels.com\\\/es\\\/\",\"logo\":{\"@type\":\"ImageObject\",\"inLanguage\":\"es\",\"@id\":\"https:\\\/\\\/www.baier-michels.com\\\/es\\\/#\\\/schema\\\/logo\\\/image\\\/\",\"url\":\"\",\"contentUrl\":\"\",\"caption\":\"baier & michels GmbH & Co KG\"},\"image\":{\"@id\":\"https:\\\/\\\/www.baier-michels.com\\\/es\\\/#\\\/schema\\\/logo\\\/image\\\/\"},\"sameAs\":[\"https:\\\/\\\/www.linkedin.com\\\/company\\\/baier-michels\\\/?viewAsMember=true\",\"https:\\\/\\\/www.youtube.com\\\/channel\\\/UCdBWm_HCAtCjxiFZWloFYGw?view_as=subscriber\"]}]}<\/script>\n<!-- \/ Yoast SEO plugin. -->","yoast_head_json":{"title":"Conformaci\u00f3n en fr\u00edo - b&amp;m Homepage","robots":{"index":"index","follow":"follow","max-snippet":"max-snippet:-1","max-image-preview":"max-image-preview:large","max-video-preview":"max-video-preview:-1"},"canonical":"https:\/\/www.baier-michels.com\/es\/tecnologia-de-produccion-de-bm\/conformacion-en-frio\/","og_locale":"es_ES","og_type":"article","og_title":"Conformaci\u00f3n en fr\u00edo - b&amp;m Homepage","og_description":"Este concepto permite la fabricaci\u00f3n de elementos de fijaci\u00f3n altamente precisos y resistentes. Adem\u00e1s de la eficiencia del material, las principales ventajas son m\u00e1xima resistencia, precisi\u00f3n dimensional y calidad superficial. Descubra aqu\u00ed nuestras innovadoras soluciones de atornillado directo y elementos de uni\u00f3n con funciones adicionales integradas. Las piezas conformadas en fr\u00edo son \u00abMade in Germany\u00bb: [&hellip;]","og_url":"https:\/\/www.baier-michels.com\/es\/tecnologia-de-produccion-de-bm\/conformacion-en-frio\/","og_site_name":"b&amp;m Homepage","article_modified_time":"2025-07-16T12:10:44+00:00","twitter_card":"summary_large_image","twitter_misc":{"Tiempo de lectura":"1 minuto"},"schema":{"@context":"https:\/\/schema.org","@graph":[{"@type":"WebPage","@id":"https:\/\/www.baier-michels.com\/es\/tecnologia-de-produccion-de-bm\/conformacion-en-frio\/","url":"https:\/\/www.baier-michels.com\/es\/tecnologia-de-produccion-de-bm\/conformacion-en-frio\/","name":"Conformaci\u00f3n en fr\u00edo - b&amp;m Homepage","isPartOf":{"@id":"https:\/\/www.baier-michels.com\/es\/#website"},"datePublished":"2025-07-16T12:10:04+00:00","dateModified":"2025-07-16T12:10:44+00:00","breadcrumb":{"@id":"https:\/\/www.baier-michels.com\/es\/tecnologia-de-produccion-de-bm\/conformacion-en-frio\/#breadcrumb"},"inLanguage":"es","potentialAction":[{"@type":"ReadAction","target":["https:\/\/www.baier-michels.com\/es\/tecnologia-de-produccion-de-bm\/conformacion-en-frio\/"]}]},{"@type":"BreadcrumbList","@id":"https:\/\/www.baier-michels.com\/es\/tecnologia-de-produccion-de-bm\/conformacion-en-frio\/#breadcrumb","itemListElement":[{"@type":"ListItem","position":1,"name":"Startseite","item":"https:\/\/www.baier-michels.com\/es\/"},{"@type":"ListItem","position":2,"name":"Tecnolog\u00eda de producci\u00f3n de b&amp;m","item":"https:\/\/www.baier-michels.com\/es\/tecnologia-de-produccion-de-bm\/"},{"@type":"ListItem","position":3,"name":"Conformaci\u00f3n en fr\u00edo"}]},{"@type":"WebSite","@id":"https:\/\/www.baier-michels.com\/es\/#website","url":"https:\/\/www.baier-michels.com\/es\/","name":"b&m","description":"baier&amp;michels Gmbh &amp; Co KG","publisher":{"@id":"https:\/\/www.baier-michels.com\/es\/#organization"},"potentialAction":[{"@type":"SearchAction","target":{"@type":"EntryPoint","urlTemplate":"https:\/\/www.baier-michels.com\/es\/?s={search_term_string}"},"query-input":{"@type":"PropertyValueSpecification","valueRequired":true,"valueName":"search_term_string"}}],"inLanguage":"es"},{"@type":"Organization","@id":"https:\/\/www.baier-michels.com\/es\/#organization","name":"baier & michels GmbH & Co KG","url":"https:\/\/www.baier-michels.com\/es\/","logo":{"@type":"ImageObject","inLanguage":"es","@id":"https:\/\/www.baier-michels.com\/es\/#\/schema\/logo\/image\/","url":"","contentUrl":"","caption":"baier & michels GmbH & Co KG"},"image":{"@id":"https:\/\/www.baier-michels.com\/es\/#\/schema\/logo\/image\/"},"sameAs":["https:\/\/www.linkedin.com\/company\/baier-michels\/?viewAsMember=true","https:\/\/www.youtube.com\/channel\/UCdBWm_HCAtCjxiFZWloFYGw?view_as=subscriber"]}]}},"_links":{"self":[{"href":"https:\/\/www.baier-michels.com\/es\/wp-json\/wp\/v2\/pages\/17266","targetHints":{"allow":["GET"]}}],"collection":[{"href":"https:\/\/www.baier-michels.com\/es\/wp-json\/wp\/v2\/pages"}],"about":[{"href":"https:\/\/www.baier-michels.com\/es\/wp-json\/wp\/v2\/types\/page"}],"author":[{"embeddable":true,"href":"https:\/\/www.baier-michels.com\/es\/wp-json\/wp\/v2\/users\/7"}],"replies":[{"embeddable":true,"href":"https:\/\/www.baier-michels.com\/es\/wp-json\/wp\/v2\/comments?post=17266"}],"version-history":[{"count":2,"href":"https:\/\/www.baier-michels.com\/es\/wp-json\/wp\/v2\/pages\/17266\/revisions"}],"predecessor-version":[{"id":17268,"href":"https:\/\/www.baier-michels.com\/es\/wp-json\/wp\/v2\/pages\/17266\/revisions\/17268"}],"up":[{"embeddable":true,"href":"https:\/\/www.baier-michels.com\/es\/wp-json\/wp\/v2\/pages\/10331"}],"wp:attachment":[{"href":"https:\/\/www.baier-michels.com\/es\/wp-json\/wp\/v2\/media?parent=17266"}],"wp:term":[{"taxonomy":"category","embeddable":true,"href":"https:\/\/www.baier-michels.com\/es\/wp-json\/wp\/v2\/categories?post=17266"}],"curies":[{"name":"wp","href":"https:\/\/api.w.org\/{rel}","templated":true}]}}